{"id":995,"date":"2020-02-24T14:13:01","date_gmt":"2020-02-24T13:13:01","guid":{"rendered":"https:\/\/www.dihdatalife.com\/contrataciones\/"},"modified":"2021-06-15T12:45:26","modified_gmt":"2021-06-15T10:45:26","slug":"contratacions","status":"publish","type":"page","link":"https:\/\/www.dihdatalife.com\/gl\/contratacions\/","title":{"rendered":"Contrataci\u00f3ns"},"content":{"rendered":"<p>[vc_row foundry_background_style=&#8221;bg-primary&#8221;][vc_column][vc_column_text]<\/p>\n<h2>Licitaci\u00f3ns<\/h2>\n<p>[\/vc_column_text][vc_basic_grid post_type=&#8221;tenders&#8221; max_items=&#8221;-1&#8243; show_filter=&#8221;yes&#8221; element_width=&#8221;12&#8243; item=&#8221;676&#8243; grid_id=&#8221;vc_gid:1603810917205-85af5c29-bbc4-7&#8243; filter_source=&#8221;tender_status&#8221;][\/vc_column][\/vc_row][vc_row][vc_column width=&#8221;1\/2&#8243;][vc_column_text]<\/p>\n<h2>Instrucci\u00f3ns de Contrataci\u00f3n<\/h2>\n<p><a class=\"btn\" href=\"\/wp-content\/uploads\/2020\/03\/DATAlife_Instrucciones-Internas-de-Contratacion_V2.pdf\">Descargar<\/a>[\/vc_column_text][\/vc_column][vc_column width=&#8221;1\/2&#8243;][vc_column_text]<\/p>\n<h2>Datos de facturaci\u00f3n<\/h2>\n<h3>Asociaci\u00f3n DIH DATALIFE \u2013 HUB DE INNOVACI\u00d3N DIXITAL DATALIFE<\/h3>\n<p><strong>NIF: <\/strong>G70603063<br \/>\n<strong>Domicilio social:<\/strong> Santiago de Compostela, Avenida do Mestre Mateo, 2, Edificio EMPRENDIA, Campus Vida (A Coru\u00f1a).[\/vc_column_text][\/vc_column][\/vc_row]<\/p>\n","protected":false},"excerpt":{"rendered":"<p>[vc_row foundry_background_style=&#8221;bg-primary&#8221;][vc_column][vc_column_text] Licitaci\u00f3ns [\/vc_column_text][vc_basic_grid post_type=&#8221;tenders&#8221; max_items=&#8221;-1&#8243; show_filter=&#8221;yes&#8221; element_width=&#8221;12&#8243; item=&#8221;676&#8243; grid_id=&#8221;vc_gid:1603810917205-85af5c29-bbc4-7&#8243; filter_source=&#8221;tender_status&#8221;][\/vc_column][\/vc_row][vc_row][vc_column width=&#8221;1\/2&#8243;][vc_column_text] Instrucci\u00f3ns de Contrataci\u00f3n Descargar[\/vc_column_text][\/vc_column][vc_column width=&#8221;1\/2&#8243;][vc_column_text] Datos de facturaci\u00f3n Asociaci\u00f3n&#8230;<\/p>\n","protected":false},"author":1,"featured_media":0,"parent":0,"menu_order":0,"comment_status":"closed","ping_status":"closed","template":"","meta":{"footnotes":"","_links_to":"","_links_to_target":""},"class_list":["post-995","page","type-page","status-publish","hentry"],"yoast_head":"<!-- This site is optimized with the Yoast SEO plugin v21.7 - https:\/\/yoast.com\/wordpress\/plugins\/seo\/ -->\r\n<title>DATAlife &#8212; Contrataci\u00f3ns<\/title>\r\n<meta name=\"description\" content=\"DATAlife \u00e9 o Hub de Innovaci\u00f3n Dixital para aplicar intelixencia artificial e big data en PYMES dos sectores primario, biotecnol\u00f3xico e sa\u00fade galegas.\" \/>\r\n<meta name=\"robots\" content=\"index, follow, max-snippet:-1, max-image-preview:large, max-video-preview:-1\" \/>\r\n<link rel=\"canonical\" href=\"https:\/\/www.dihdatalife.com\/contrataciones\/\" \/>\r\n<meta property=\"og:locale\" content=\"gl_ES\" \/>\r\n<meta property=\"og:type\" content=\"article\" \/>\r\n<meta property=\"og:title\" content=\"DATAlife | Contrataci\u00f3ns\" \/>\r\n<meta property=\"og:description\" content=\"DATAlife \u00e9 o Hub de Innovaci\u00f3n Dixital para aplicar intelixencia artificial e big data en PYMES dos sectores primario, biotecnol\u00f3xico e sa\u00fade galegas.\" \/>\r\n<meta property=\"og:url\" content=\"https:\/\/www.dihdatalife.com\/contrataciones\/\" \/>\r\n<meta property=\"og:site_name\" content=\"DATAlife\" \/>\r\n<meta property=\"article:modified_time\" content=\"2021-06-15T10:45:26+00:00\" \/>\r\n<meta property=\"og:image\" content=\"https:\/\/www.dihdatalife.com\/wp-content\/uploads\/2020\/02\/SEO-FB.png\" \/>\r\n\t<meta property=\"og:image:width\" content=\"2401\" \/>\r\n\t<meta property=\"og:image:height\" content=\"1260\" \/>\r\n\t<meta property=\"og:image:type\" content=\"image\/png\" \/>\r\n<meta name=\"twitter:card\" content=\"summary_large_image\" \/>\r\n<meta name=\"twitter:title\" content=\"DATAlife | Contrataci\u00f3ns\" \/>\r\n<meta name=\"twitter:description\" content=\"DATAlife \u00e9 o Hub de Innovaci\u00f3n Dixital para aplicar intelixencia artificial e big data en PYMES dos sectores primario, biotecnol\u00f3xico e sa\u00fade galegas.\" \/>\r\n<meta name=\"twitter:image\" content=\"https:\/\/www.dihdatalife.com\/wp-content\/uploads\/2020\/02\/SEO-TW.png\" \/>\r\n<meta name=\"twitter:site\" content=\"@DATAlife_DIH\" \/>\r\n<meta name=\"twitter:label1\" content=\"Tempo de lectura\" \/>\n\t<meta name=\"twitter:data1\" content=\"1 minuto\" \/>\r\n<script type=\"application\/ld+json\" class=\"yoast-schema-graph\">{\"@context\":\"https:\/\/schema.org\",\"@graph\":[{\"@type\":\"WebPage\",\"@id\":\"https:\/\/www.dihdatalife.com\/contrataciones\/\",\"url\":\"https:\/\/www.dihdatalife.com\/contrataciones\/\",\"name\":\"DATAlife &#8212; Contrataci\u00f3ns\",\"isPartOf\":{\"@id\":\"https:\/\/www.dihdatalife.com\/#website\"},\"datePublished\":\"2020-02-24T13:13:01+00:00\",\"dateModified\":\"2021-06-15T10:45:26+00:00\",\"description\":\"DATAlife \u00e9 o Hub de Innovaci\u00f3n Dixital para aplicar intelixencia artificial e big data en PYMES dos sectores primario, biotecnol\u00f3xico e sa\u00fade galegas.\",\"breadcrumb\":{\"@id\":\"https:\/\/www.dihdatalife.com\/contrataciones\/#breadcrumb\"},\"inLanguage\":\"gl-ES\",\"potentialAction\":[{\"@type\":\"ReadAction\",\"target\":[\"https:\/\/www.dihdatalife.com\/contrataciones\/\"]}]},{\"@type\":\"BreadcrumbList\",\"@id\":\"https:\/\/www.dihdatalife.com\/contrataciones\/#breadcrumb\",\"itemListElement\":[{\"@type\":\"ListItem\",\"position\":1,\"name\":\"Home\",\"item\":\"https:\/\/www.dihdatalife.com\/gl\/\"},{\"@type\":\"ListItem\",\"position\":2,\"name\":\"Contrataci\u00f3ns\"}]},{\"@type\":\"WebSite\",\"@id\":\"https:\/\/www.dihdatalife.com\/#website\",\"url\":\"https:\/\/www.dihdatalife.com\/\",\"name\":\"DATAlife\",\"description\":\"\",\"publisher\":{\"@id\":\"https:\/\/www.dihdatalife.com\/#organization\"},\"potentialAction\":[{\"@type\":\"SearchAction\",\"target\":{\"@type\":\"EntryPoint\",\"urlTemplate\":\"https:\/\/www.dihdatalife.com\/?s={search_term_string}\"},\"query-input\":\"required name=search_term_string\"}],\"inLanguage\":\"gl-ES\"},{\"@type\":\"Organization\",\"@id\":\"https:\/\/www.dihdatalife.com\/#organization\",\"name\":\"DATAlife\",\"url\":\"https:\/\/www.dihdatalife.com\/\",\"logo\":{\"@type\":\"ImageObject\",\"inLanguage\":\"gl-ES\",\"@id\":\"https:\/\/www.dihdatalife.com\/#\/schema\/logo\/image\/\",\"url\":\"https:\/\/www.dihdatalife.com\/wp-content\/uploads\/2020\/01\/dihdatalife.png\",\"contentUrl\":\"https:\/\/www.dihdatalife.com\/wp-content\/uploads\/2020\/01\/dihdatalife.png\",\"width\":2000,\"height\":400,\"caption\":\"DATAlife\"},\"image\":{\"@id\":\"https:\/\/www.dihdatalife.com\/#\/schema\/logo\/image\/\"},\"sameAs\":[\"https:\/\/twitter.com\/DATAlife_DIH\",\"https:\/\/es.linkedin.com\/in\/datalife-dih\"]}]}<\/script>\r\n<!-- \/ Yoast SEO plugin. -->","yoast_head_json":{"title":"DATAlife &#8212; Contrataci\u00f3ns","description":"DATAlife \u00e9 o Hub de Innovaci\u00f3n Dixital para aplicar intelixencia artificial e big data en PYMES dos sectores primario, biotecnol\u00f3xico e sa\u00fade galegas.","robots":{"index":"index","follow":"follow","max-snippet":"max-snippet:-1","max-image-preview":"max-image-preview:large","max-video-preview":"max-video-preview:-1"},"canonical":"https:\/\/www.dihdatalife.com\/contrataciones\/","og_locale":"gl_ES","og_type":"article","og_title":"DATAlife | Contrataci\u00f3ns","og_description":"DATAlife \u00e9 o Hub de Innovaci\u00f3n Dixital para aplicar intelixencia artificial e big data en PYMES dos sectores primario, biotecnol\u00f3xico e sa\u00fade galegas.","og_url":"https:\/\/www.dihdatalife.com\/contrataciones\/","og_site_name":"DATAlife","article_modified_time":"2021-06-15T10:45:26+00:00","og_image":[{"width":2401,"height":1260,"url":"https:\/\/www.dihdatalife.com\/wp-content\/uploads\/2020\/02\/SEO-FB.png","type":"image\/png"}],"twitter_card":"summary_large_image","twitter_title":"DATAlife | Contrataci\u00f3ns","twitter_description":"DATAlife \u00e9 o Hub de Innovaci\u00f3n Dixital para aplicar intelixencia artificial e big data en PYMES dos sectores primario, biotecnol\u00f3xico e sa\u00fade galegas.","twitter_image":"https:\/\/www.dihdatalife.com\/wp-content\/uploads\/2020\/02\/SEO-TW.png","twitter_site":"@DATAlife_DIH","twitter_misc":{"Tempo de lectura":"1 minuto"},"schema":{"@context":"https:\/\/schema.org","@graph":[{"@type":"WebPage","@id":"https:\/\/www.dihdatalife.com\/contrataciones\/","url":"https:\/\/www.dihdatalife.com\/contrataciones\/","name":"DATAlife &#8212; Contrataci\u00f3ns","isPartOf":{"@id":"https:\/\/www.dihdatalife.com\/#website"},"datePublished":"2020-02-24T13:13:01+00:00","dateModified":"2021-06-15T10:45:26+00:00","description":"DATAlife \u00e9 o Hub de Innovaci\u00f3n Dixital para aplicar intelixencia artificial e big data en PYMES dos sectores primario, biotecnol\u00f3xico e sa\u00fade galegas.","breadcrumb":{"@id":"https:\/\/www.dihdatalife.com\/contrataciones\/#breadcrumb"},"inLanguage":"gl-ES","potentialAction":[{"@type":"ReadAction","target":["https:\/\/www.dihdatalife.com\/contrataciones\/"]}]},{"@type":"BreadcrumbList","@id":"https:\/\/www.dihdatalife.com\/contrataciones\/#breadcrumb","itemListElement":[{"@type":"ListItem","position":1,"name":"Home","item":"https:\/\/www.dihdatalife.com\/gl\/"},{"@type":"ListItem","position":2,"name":"Contrataci\u00f3ns"}]},{"@type":"WebSite","@id":"https:\/\/www.dihdatalife.com\/#website","url":"https:\/\/www.dihdatalife.com\/","name":"DATAlife","description":"","publisher":{"@id":"https:\/\/www.dihdatalife.com\/#organization"},"potentialAction":[{"@type":"SearchAction","target":{"@type":"EntryPoint","urlTemplate":"https:\/\/www.dihdatalife.com\/?s={search_term_string}"},"query-input":"required name=search_term_string"}],"inLanguage":"gl-ES"},{"@type":"Organization","@id":"https:\/\/www.dihdatalife.com\/#organization","name":"DATAlife","url":"https:\/\/www.dihdatalife.com\/","logo":{"@type":"ImageObject","inLanguage":"gl-ES","@id":"https:\/\/www.dihdatalife.com\/#\/schema\/logo\/image\/","url":"https:\/\/www.dihdatalife.com\/wp-content\/uploads\/2020\/01\/dihdatalife.png","contentUrl":"https:\/\/www.dihdatalife.com\/wp-content\/uploads\/2020\/01\/dihdatalife.png","width":2000,"height":400,"caption":"DATAlife"},"image":{"@id":"https:\/\/www.dihdatalife.com\/#\/schema\/logo\/image\/"},"sameAs":["https:\/\/twitter.com\/DATAlife_DIH","https:\/\/es.linkedin.com\/in\/datalife-dih"]}]}},"_links":{"self":[{"href":"https:\/\/www.dihdatalife.com\/gl\/wp-json\/wp\/v2\/pages\/995","targetHints":{"allow":["GET"]}}],"collection":[{"href":"https:\/\/www.dihdatalife.com\/gl\/wp-json\/wp\/v2\/pages"}],"about":[{"href":"https:\/\/www.dihdatalife.com\/gl\/wp-json\/wp\/v2\/types\/page"}],"author":[{"embeddable":true,"href":"https:\/\/www.dihdatalife.com\/gl\/wp-json\/wp\/v2\/users\/1"}],"replies":[{"embeddable":true,"href":"https:\/\/www.dihdatalife.com\/gl\/wp-json\/wp\/v2\/comments?post=995"}],"version-history":[{"count":9,"href":"https:\/\/www.dihdatalife.com\/gl\/wp-json\/wp\/v2\/pages\/995\/revisions"}],"predecessor-version":[{"id":1950,"href":"https:\/\/www.dihdatalife.com\/gl\/wp-json\/wp\/v2\/pages\/995\/revisions\/1950"}],"wp:attachment":[{"href":"https:\/\/www.dihdatalife.com\/gl\/wp-json\/wp\/v2\/media?parent=995"}],"curies":[{"name":"wp","href":"https:\/\/api.w.org\/{rel}","templated":true}]}}