{"id":990,"date":"2020-01-17T09:40:32","date_gmt":"2020-01-17T08:40:32","guid":{"rendered":"https:\/\/www.dihdatalife.com\/servicios\/"},"modified":"2021-06-15T12:53:22","modified_gmt":"2021-06-15T10:53:22","slug":"servizos","status":"publish","type":"page","link":"https:\/\/www.dihdatalife.com\/gl\/servizos\/","title":{"rendered":"Servizos"},"content":{"rendered":"<p>[vc_row el_class=&#8221;servicios&#8221;][vc_column][vc_column_text]<\/p>\n<h2>Servizos<\/h2>\n<p>[\/vc_column_text][\/vc_column][vc_column][vc_single_image image=&#8221;326&#8243; img_size=&#8221;&#8221; alignment=&#8221;center&#8221; el_class=&#8221;title-img&#8221;][vc_column_text el_class=&#8221;title-center&#8221;]<\/p>\n<h3>Innovaci\u00f3n Tecnol\u00f3xica<\/h3>\n<p>[\/vc_column_text][\/vc_column][vc_column width=&#8221;1\/2&#8243; el_class=&#8221;lista&#8221;][vc_column_text]<\/p>\n<ul>\n<li>Valoraci\u00f3n da madurez dixital<\/li>\n<li>Asesoramento en estratexias de innovaci\u00f3n dixital<\/li>\n<li>Vixilancia tecnol\u00f3xica e scouting de innovaci\u00f3n<\/li>\n<li>Servizos de transferencia tecnol\u00f3xica<\/li>\n<li>Acceso a infraestruturas tecnol\u00f3xicas<\/li>\n<\/ul>\n<p>[\/vc_column_text][\/vc_column][vc_column width=&#8221;1\/2&#8243; el_class=&#8221;lista&#8221;][vc_column_text]<\/p>\n<ul>\n<li>Acceso a bancos de probas ou living labs<\/li>\n<li>Proxectos de cooperaci\u00f3n e innovaci\u00f3n aberta<\/li>\n<li>Investigaci\u00f3n baixo demanda<\/li>\n<li>Desenvolvemento de probas conceptuais de novas tecnolox\u00edas<\/li>\n<li>Apoio t\u00e9cnico no escalado de actividades<\/li>\n<li>Consultor\u00eda especializada en protecci\u00f3n de PI e certificaci\u00f3n<\/li>\n<\/ul>\n<p>[\/vc_column_text][\/vc_column][vc_column][vc_single_image image=&#8221;334&#8243; img_size=&#8221;&#8221; alignment=&#8221;center&#8221; el_class=&#8221;title-img&#8221;][vc_column_text el_class=&#8221;title-center&#8221;]<\/p>\n<h3>Formaci\u00f3n e Sensibilizaci\u00f3n<\/h3>\n<p>[\/vc_column_text][\/vc_column][vc_column width=&#8221;1\/2&#8243; el_class=&#8221;lista&#8221;][vc_column_text]<\/p>\n<ul>\n<li>Sensibilizaci\u00f3n en tecnolox\u00edas dixitais<\/li>\n<li>Novos modelos de negocio, baseados en tecnolox\u00edas dixitais<\/li>\n<\/ul>\n<p>[\/vc_column_text][\/vc_column][vc_column width=&#8221;1\/2&#8243; el_class=&#8221;lista&#8221;][vc_column_text]<\/p>\n<ul>\n<li>Formaci\u00f3n en tecnolox\u00edas dixitais<\/li>\n<li>Mentoring de socios<\/li>\n<li>Visibilidade de casos de \u00e9xito de implantaci\u00f3n de tecnolox\u00edas dixitais<\/li>\n<\/ul>\n<p>[\/vc_column_text][\/vc_column][vc_column][vc_single_image image=&#8221;329&#8243; img_size=&#8221;&#8221; alignment=&#8221;center&#8221; el_class=&#8221;title-img&#8221;][vc_column_text el_class=&#8221;title-center&#8221;]<\/p>\n<h3>Desenvolvemento de negocio<\/h3>\n<p>[\/vc_column_text][\/vc_column][vc_column width=&#8221;1\/2&#8243; el_class=&#8221;lista&#8221;][vc_column_text]<\/p>\n<ul>\n<li>Conexi\u00f3n entre oferta e demanda<\/li>\n<li>Apoio na avaliaci\u00f3n da viabilidade econ\u00f3mica, dese\u00f1o e validaci\u00f3n de novos modelos de negocio baseados en tecnolox\u00edas dixitais<\/li>\n<\/ul>\n<p>[\/vc_column_text][\/vc_column][vc_column width=&#8221;1\/2&#8243; el_class=&#8221;lista&#8221;][vc_column_text]<\/p>\n<ul>\n<li>Acceso a financiaci\u00f3n<\/li>\n<li>Servizos de incubaci\u00f3n e aceleraci\u00f3n<\/li>\n<li>Intelixencia de mercado<\/li>\n<\/ul>\n<p>[\/vc_column_text][\/vc_column][\/vc_row][vc_row equal_height=&#8221;yes&#8221; rtl_reverse=&#8221;yes&#8221; foundry_background_style=&#8221;bg-primary&#8221; el_class=&#8221;title-img lista servicios&#8221;][vc_column][vc_column_text]<\/p>\n<h2>Aplicaci\u00f3ns<\/h2>\n<p>[\/vc_column_text][\/vc_column][vc_column el_class=&#8221;title-center&#8221;][vc_single_image image=&#8221;325&#8243; img_size=&#8221;&#8221; alignment=&#8221;center&#8221;][vc_column_text]<\/p>\n<h3>Sector Biotecnol\u00f3xico<\/h3>\n<p>[\/vc_column_text][\/vc_column][vc_column width=&#8221;1\/2&#8243;][vc_column_text]<\/p>\n<ul>\n<li>Procesado de informaci\u00f3n xen\u00f3mica e prote\u00f3mica para dese\u00f1o de novos f\u00e1rmacos<\/li>\n<li>Protecci\u00f3n da informaci\u00f3n xerada, mantendo o anonimato da orixe da mesma, as\u00ed como garantindo a s\u00faa incorruptibilidade e trazabilidade durante a s\u00faa xesti\u00f3n<\/li>\n<li>Xeraci\u00f3n de sistemas de compartici\u00f3n de informaci\u00f3n<\/li>\n<\/ul>\n<p>[\/vc_column_text][\/vc_column][vc_column width=&#8221;1\/2&#8243;][vc_column_text]<\/p>\n<ul>\n<li>Desenvolvemento de sistemas de recuperaci\u00f3n, procesado e an\u00e1lise de informaci\u00f3n quimioinform\u00e1tica para o dese\u00f1o de produtos innovadores en todos os campos de aplicaci\u00f3n da biotecnolox\u00eda<\/li>\n<li>Screening de informaci\u00f3n en repositorios bibliogr\u00e1ficos<\/li>\n<\/ul>\n<p>[\/vc_column_text][\/vc_column][vc_column el_class=&#8221;title-center&#8221;][vc_single_image image=&#8221;333&#8243; img_size=&#8221;&#8221; alignment=&#8221;center&#8221;][vc_column_text]<\/p>\n<h3>Sector Forestal-Madeira<\/h3>\n<p>[\/vc_column_text][\/vc_column][vc_column width=&#8221;1\/2&#8243;][vc_column_text]<\/p>\n<ul>\n<li>Estimaci\u00f3n da produci\u00f3n de biomasa para mellora da xesti\u00f3n forestal, \u00f3 integrar e procesar grandes volumes de datos de diversa natureza<\/li>\n<li>Predici\u00f3n do crecemento en di\u00e1metro das especies forestais<\/li>\n<li>Caracterizaci\u00f3n dos recursos forestais, inclu\u00edndo a estimaci\u00f3n das propiedades de inter\u00e9s das especies en plantaci\u00f3ns<\/li>\n<\/ul>\n<p>[\/vc_column_text][\/vc_column][vc_column width=&#8221;1\/2&#8243;][vc_column_text]<\/p>\n<ul>\n<li>Mellora da planificaci\u00f3n de: operaci\u00f3ns silv\u00edcolas, plans de prevenci\u00f3n e defensa contra incendios forestais<\/li>\n<li>Acceso a informaci\u00f3n complexa, como a xerada no interior das \u00e1rbores<\/li>\n<\/ul>\n<p>[\/vc_column_text][\/vc_column][vc_column el_class=&#8221;title-center&#8221;][vc_single_image image=&#8221;2020&#8243; img_size=&#8221;&#8221; alignment=&#8221;center&#8221;][vc_column_text]<\/p>\n<h3>Sector\u00a0Agro-Mar Alimentaci\u00f3n<\/h3>\n<p>[\/vc_column_text][\/vc_column][vc_column width=&#8221;1\/2&#8243;][vc_column_text]<\/p>\n<ul>\n<li>Xesti\u00f3n m\u00e1is eficiente e optimizada dos recursos pesqueiros, inclu\u00edndo os procesos de pesca, a trav\u00e9s da recolecci\u00f3n de informaci\u00f3n e datos relativos a par\u00e1metros medioambientais, niveles de contaminaci\u00f3n nas augas, alimentaci\u00f3n e composici\u00f3n da alimentaci\u00f3n, niveles de explotaci\u00f3n diarios, etc<\/li>\n<li>Xeraci\u00f3n de predicci\u00f3ns das capturas dunha campa\u00f1a<\/li>\n<li>Maior control sobre a alimentaci\u00f3n, as enfermidades e o crecemento das especies<\/li>\n<li>Xesti\u00f3n optimizada e integral de explotaci\u00f3ns agropecuarias a partir dos datos xerados nas mesmas<\/li>\n<li>Maior control da evoluci\u00f3n de cultivos e da produci\u00f3n gandeira<\/li>\n<\/ul>\n<p>[\/vc_column_text][\/vc_column][vc_column width=&#8221;1\/2&#8243;][vc_column_text]<\/p>\n<ul>\n<li>Aumento da calidade e seguridade alimentaria das especies de cultivo \u00f3 incorporar informaci\u00f3n operative \u00f3s par\u00e1metros referents \u00e1 calidade de produto e a s\u00faa conservaci\u00f3n nas c\u00e1maras dos produtos<\/li>\n<li>Mellora no dise\u00f1o das c\u00e1maras de almacenamento refrixerado<\/li>\n<li>Seguemento en tempo real do estado dos produtos da pesca almacenados<\/li>\n<li>Mellora da predici\u00f3n dos tratamentos fitosanitarios<\/li>\n<li>Mellora na trazabilidade dos produtos (identificaci\u00f3n da orixe e denominaci\u00f3n), e descobremento temper\u00e1n de anomal\u00edas nos sistemas de trazabilidade<\/li>\n<\/ul>\n<p>[\/vc_column_text][\/vc_column][vc_column el_class=&#8221;title-center&#8221;][vc_single_image image=&#8221;339&#8243; img_size=&#8221;&#8221; alignment=&#8221;center&#8221;][vc_column_text]<\/p>\n<h3>Sector Sa\u00fade &#8211; Coidados<\/h3>\n<p>[\/vc_column_text][\/vc_column][vc_column width=&#8221;1\/2&#8243;][vc_column_text]<\/p>\n<ul>\n<li>Reduci\u00f3n de ineficiencias na oferta e prestaci\u00f3n de servicios asistenciais<\/li>\n<li>Reduci\u00f3n de coste sanitaria per capita (especialmente en pacientes cr\u00f3nicos), sobre todo en aquelas \u00e1reas onde se poida aplicar o Big Data e a computaci\u00f3n de altas prestaci\u00f3ns<\/li>\n<li>Aforro na xesti\u00f3n de grandes volumes de datos e mellora das capacidades para o seu procesado<\/li>\n<li>Mellora no acceso a tratamentos personalizados e de maior calidade, sen comprometer os presupostos p\u00fablicos<\/li>\n<\/ul>\n<p>[\/vc_column_text][\/vc_column][vc_column width=&#8221;1\/2&#8243;][vc_column_text]<\/p>\n<ul>\n<li>Desenvolvemento de sistemas de apoio \u00e1 decisi\u00f3n cl\u00ednica que proporcionen informaci\u00f3n relevante no momento oportuno \u00f3s profesionais sanitarios<\/li>\n<li>Desenvolvemento de novos procesos diagn\u00f3sticos a partir de informaci\u00f3n multimodal asociada a sinais fisiol\u00f3xicas<\/li>\n<li>Monitorizaci\u00f3n continua remota de pacientes para seguemento de procesos de rehabilitaci\u00f3n<\/li>\n<\/ul>\n<p>[\/vc_column_text][\/vc_column][vc_column el_class=&#8221;title-center&#8221;][vc_single_image image=&#8221;340&#8243; img_size=&#8221;&#8221; alignment=&#8221;center&#8221;][vc_column_text]<\/p>\n<h3>Transversais<\/h3>\n<p>[\/vc_column_text][\/vc_column][vc_column width=&#8221;1\/2&#8243;][vc_column_text]<\/p>\n<ul>\n<li>Maior eficiencia e control sobre as operaci\u00f3ns mediante a captura e dixitalizaci\u00f3n de datos do proceso extractivo e a integraci\u00f3n de informaci\u00f3n multimodal<\/li>\n<li>Mellora da calidade e maior control sobre a mesma<\/li>\n<li>Optimizaci\u00f3n enerx\u00e9tica dos procesos e sistemas<\/li>\n<\/ul>\n<p>[\/vc_column_text][\/vc_column][vc_column width=&#8221;1\/2&#8243;][vc_column_text]<\/p>\n<ul>\n<li>Mellora da lox\u00edstica dos sistemas de distribuci\u00f3n<\/li>\n<li>Reduci\u00f3n do impacto medioambiental<\/li>\n<li>Optimizaci\u00f3n dos stocks<\/li>\n<li>Xeraci\u00f3n de novos produtos baseados nas materias primas sectoriais e\/ou subprodutos derivados dos procesos produtivos<\/li>\n<\/ul>\n<p>[\/vc_column_text][\/vc_column][\/vc_row]<\/p>\n","protected":false},"excerpt":{"rendered":"<p>[vc_row el_class=&#8221;servicios&#8221;][vc_column][vc_column_text] Servizos [\/vc_column_text][\/vc_column][vc_column][vc_single_image image=&#8221;326&#8243; img_size=&#8221;&#8221; alignment=&#8221;center&#8221; el_class=&#8221;title-img&#8221;][vc_column_text el_class=&#8221;title-center&#8221;] Innovaci\u00f3n Tecnol\u00f3xica [\/vc_column_text][\/vc_column][vc_column width=&#8221;1\/2&#8243; el_class=&#8221;lista&#8221;][vc_column_text] Valoraci\u00f3n da madurez dixital Asesoramento en estratexias&#8230;<\/p>\n","protected":false},"author":1,"featured_media":0,"parent":0,"menu_order":0,"comment_status":"closed","ping_status":"closed","template":"","meta":{"footnotes":"","_links_to":"","_links_to_target":""},"class_list":["post-990","page","type-page","status-publish","hentry"],"yoast_head":"<!-- This site is optimized with the Yoast SEO plugin v21.7 - https:\/\/yoast.com\/wordpress\/plugins\/seo\/ -->\r\n<title>DATAlife &#8212; Servizos<\/title>\r\n<meta name=\"description\" content=\"Co\u00f1ece todos os servizos que ofrece DATAlife sobre innovaci\u00f3n tecnol\u00f3xica, formaci\u00f3n, sensibilizaci\u00f3n e desenrrollo de negocio.\" \/>\r\n<meta name=\"robots\" content=\"index, follow, max-snippet:-1, max-image-preview:large, max-video-preview:-1\" \/>\r\n<link rel=\"canonical\" href=\"https:\/\/www.dihdatalife.com\/gl\/servizos\/\" \/>\r\n<meta property=\"og:locale\" content=\"gl_ES\" \/>\r\n<meta property=\"og:type\" content=\"article\" \/>\r\n<meta property=\"og:title\" content=\"DATAlife | Servizos\" \/>\r\n<meta property=\"og:description\" content=\"Co\u00f1ece todos os servizos que ofrece DATAlife sobre innovaci\u00f3n tecnol\u00f3xica, formaci\u00f3n, sensibilizaci\u00f3n e desenrrollo de negocio.\" \/>\r\n<meta property=\"og:url\" content=\"https:\/\/www.dihdatalife.com\/gl\/servizos\/\" \/>\r\n<meta property=\"og:site_name\" content=\"DATAlife\" \/>\r\n<meta property=\"article:modified_time\" content=\"2021-06-15T10:53:22+00:00\" \/>\r\n<meta property=\"og:image\" content=\"https:\/\/www.dihdatalife.com\/wp-content\/uploads\/2020\/02\/SEO-FB.png\" \/>\r\n\t<meta property=\"og:image:width\" content=\"2401\" \/>\r\n\t<meta property=\"og:image:height\" content=\"1260\" \/>\r\n\t<meta property=\"og:image:type\" content=\"image\/png\" \/>\r\n<meta name=\"twitter:card\" content=\"summary_large_image\" \/>\r\n<meta name=\"twitter:title\" content=\"DATAlife | Servizos\" \/>\r\n<meta name=\"twitter:description\" content=\"Co\u00f1ece todos os servizos que ofrece DATAlife sobre innovaci\u00f3n tecnol\u00f3xica, formaci\u00f3n, sensibilizaci\u00f3n e desenrrollo de negocio.\" \/>\r\n<meta name=\"twitter:image\" content=\"https:\/\/www.dihdatalife.com\/wp-content\/uploads\/2020\/02\/SEO-FB.png\" \/>\r\n<meta name=\"twitter:site\" content=\"@DATAlife_DIH\" \/>\r\n<meta name=\"twitter:label1\" content=\"Tempo de lectura\" \/>\n\t<meta name=\"twitter:data1\" content=\"4 minutos\" \/>\r\n<script type=\"application\/ld+json\" class=\"yoast-schema-graph\">{\"@context\":\"https:\/\/schema.org\",\"@graph\":[{\"@type\":\"WebPage\",\"@id\":\"https:\/\/www.dihdatalife.com\/gl\/servizos\/\",\"url\":\"https:\/\/www.dihdatalife.com\/gl\/servizos\/\",\"name\":\"DATAlife &#8212; Servizos\",\"isPartOf\":{\"@id\":\"https:\/\/www.dihdatalife.com\/#website\"},\"datePublished\":\"2020-01-17T08:40:32+00:00\",\"dateModified\":\"2021-06-15T10:53:22+00:00\",\"description\":\"Co\u00f1ece todos os servizos que ofrece DATAlife sobre innovaci\u00f3n tecnol\u00f3xica, formaci\u00f3n, sensibilizaci\u00f3n e desenrrollo de negocio.\",\"breadcrumb\":{\"@id\":\"https:\/\/www.dihdatalife.com\/gl\/servizos\/#breadcrumb\"},\"inLanguage\":\"gl-ES\",\"potentialAction\":[{\"@type\":\"ReadAction\",\"target\":[\"https:\/\/www.dihdatalife.com\/gl\/servizos\/\"]}]},{\"@type\":\"BreadcrumbList\",\"@id\":\"https:\/\/www.dihdatalife.com\/gl\/servizos\/#breadcrumb\",\"itemListElement\":[{\"@type\":\"ListItem\",\"position\":1,\"name\":\"Home\",\"item\":\"https:\/\/www.dihdatalife.com\/gl\/\"},{\"@type\":\"ListItem\",\"position\":2,\"name\":\"Servizos\"}]},{\"@type\":\"WebSite\",\"@id\":\"https:\/\/www.dihdatalife.com\/#website\",\"url\":\"https:\/\/www.dihdatalife.com\/\",\"name\":\"DATAlife\",\"description\":\"\",\"publisher\":{\"@id\":\"https:\/\/www.dihdatalife.com\/#organization\"},\"potentialAction\":[{\"@type\":\"SearchAction\",\"target\":{\"@type\":\"EntryPoint\",\"urlTemplate\":\"https:\/\/www.dihdatalife.com\/?s={search_term_string}\"},\"query-input\":\"required name=search_term_string\"}],\"inLanguage\":\"gl-ES\"},{\"@type\":\"Organization\",\"@id\":\"https:\/\/www.dihdatalife.com\/#organization\",\"name\":\"DATAlife\",\"url\":\"https:\/\/www.dihdatalife.com\/\",\"logo\":{\"@type\":\"ImageObject\",\"inLanguage\":\"gl-ES\",\"@id\":\"https:\/\/www.dihdatalife.com\/#\/schema\/logo\/image\/\",\"url\":\"https:\/\/www.dihdatalife.com\/wp-content\/uploads\/2020\/01\/dihdatalife.png\",\"contentUrl\":\"https:\/\/www.dihdatalife.com\/wp-content\/uploads\/2020\/01\/dihdatalife.png\",\"width\":2000,\"height\":400,\"caption\":\"DATAlife\"},\"image\":{\"@id\":\"https:\/\/www.dihdatalife.com\/#\/schema\/logo\/image\/\"},\"sameAs\":[\"https:\/\/twitter.com\/DATAlife_DIH\",\"https:\/\/es.linkedin.com\/in\/datalife-dih\"]}]}<\/script>\r\n<!-- \/ Yoast SEO plugin. -->","yoast_head_json":{"title":"DATAlife &#8212; Servizos","description":"Co\u00f1ece todos os servizos que ofrece DATAlife sobre innovaci\u00f3n tecnol\u00f3xica, formaci\u00f3n, sensibilizaci\u00f3n e desenrrollo de negocio.","robots":{"index":"index","follow":"follow","max-snippet":"max-snippet:-1","max-image-preview":"max-image-preview:large","max-video-preview":"max-video-preview:-1"},"canonical":"https:\/\/www.dihdatalife.com\/gl\/servizos\/","og_locale":"gl_ES","og_type":"article","og_title":"DATAlife | Servizos","og_description":"Co\u00f1ece todos os servizos que ofrece DATAlife sobre innovaci\u00f3n tecnol\u00f3xica, formaci\u00f3n, sensibilizaci\u00f3n e desenrrollo de negocio.","og_url":"https:\/\/www.dihdatalife.com\/gl\/servizos\/","og_site_name":"DATAlife","article_modified_time":"2021-06-15T10:53:22+00:00","og_image":[{"width":2401,"height":1260,"url":"https:\/\/www.dihdatalife.com\/wp-content\/uploads\/2020\/02\/SEO-FB.png","type":"image\/png"}],"twitter_card":"summary_large_image","twitter_title":"DATAlife | Servizos","twitter_description":"Co\u00f1ece todos os servizos que ofrece DATAlife sobre innovaci\u00f3n tecnol\u00f3xica, formaci\u00f3n, sensibilizaci\u00f3n e desenrrollo de negocio.","twitter_image":"https:\/\/www.dihdatalife.com\/wp-content\/uploads\/2020\/02\/SEO-FB.png","twitter_site":"@DATAlife_DIH","twitter_misc":{"Tempo de lectura":"4 minutos"},"schema":{"@context":"https:\/\/schema.org","@graph":[{"@type":"WebPage","@id":"https:\/\/www.dihdatalife.com\/gl\/servizos\/","url":"https:\/\/www.dihdatalife.com\/gl\/servizos\/","name":"DATAlife &#8212; Servizos","isPartOf":{"@id":"https:\/\/www.dihdatalife.com\/#website"},"datePublished":"2020-01-17T08:40:32+00:00","dateModified":"2021-06-15T10:53:22+00:00","description":"Co\u00f1ece todos os servizos que ofrece DATAlife sobre innovaci\u00f3n tecnol\u00f3xica, formaci\u00f3n, sensibilizaci\u00f3n e desenrrollo de negocio.","breadcrumb":{"@id":"https:\/\/www.dihdatalife.com\/gl\/servizos\/#breadcrumb"},"inLanguage":"gl-ES","potentialAction":[{"@type":"ReadAction","target":["https:\/\/www.dihdatalife.com\/gl\/servizos\/"]}]},{"@type":"BreadcrumbList","@id":"https:\/\/www.dihdatalife.com\/gl\/servizos\/#breadcrumb","itemListElement":[{"@type":"ListItem","position":1,"name":"Home","item":"https:\/\/www.dihdatalife.com\/gl\/"},{"@type":"ListItem","position":2,"name":"Servizos"}]},{"@type":"WebSite","@id":"https:\/\/www.dihdatalife.com\/#website","url":"https:\/\/www.dihdatalife.com\/","name":"DATAlife","description":"","publisher":{"@id":"https:\/\/www.dihdatalife.com\/#organization"},"potentialAction":[{"@type":"SearchAction","target":{"@type":"EntryPoint","urlTemplate":"https:\/\/www.dihdatalife.com\/?s={search_term_string}"},"query-input":"required name=search_term_string"}],"inLanguage":"gl-ES"},{"@type":"Organization","@id":"https:\/\/www.dihdatalife.com\/#organization","name":"DATAlife","url":"https:\/\/www.dihdatalife.com\/","logo":{"@type":"ImageObject","inLanguage":"gl-ES","@id":"https:\/\/www.dihdatalife.com\/#\/schema\/logo\/image\/","url":"https:\/\/www.dihdatalife.com\/wp-content\/uploads\/2020\/01\/dihdatalife.png","contentUrl":"https:\/\/www.dihdatalife.com\/wp-content\/uploads\/2020\/01\/dihdatalife.png","width":2000,"height":400,"caption":"DATAlife"},"image":{"@id":"https:\/\/www.dihdatalife.com\/#\/schema\/logo\/image\/"},"sameAs":["https:\/\/twitter.com\/DATAlife_DIH","https:\/\/es.linkedin.com\/in\/datalife-dih"]}]}},"_links":{"self":[{"href":"https:\/\/www.dihdatalife.com\/gl\/wp-json\/wp\/v2\/pages\/990","targetHints":{"allow":["GET"]}}],"collection":[{"href":"https:\/\/www.dihdatalife.com\/gl\/wp-json\/wp\/v2\/pages"}],"about":[{"href":"https:\/\/www.dihdatalife.com\/gl\/wp-json\/wp\/v2\/types\/page"}],"author":[{"embeddable":true,"href":"https:\/\/www.dihdatalife.com\/gl\/wp-json\/wp\/v2\/users\/1"}],"replies":[{"embeddable":true,"href":"https:\/\/www.dihdatalife.com\/gl\/wp-json\/wp\/v2\/comments?post=990"}],"version-history":[{"count":8,"href":"https:\/\/www.dihdatalife.com\/gl\/wp-json\/wp\/v2\/pages\/990\/revisions"}],"predecessor-version":[{"id":2485,"href":"https:\/\/www.dihdatalife.com\/gl\/wp-json\/wp\/v2\/pages\/990\/revisions\/2485"}],"wp:attachment":[{"href":"https:\/\/www.dihdatalife.com\/gl\/wp-json\/wp\/v2\/media?parent=990"}],"curies":[{"name":"wp","href":"https:\/\/api.w.org\/{rel}","templated":true}]}}