{"id":963,"date":"2020-01-16T12:59:45","date_gmt":"2020-01-16T11:59:45","guid":{"rendered":"https:\/\/www.dihdatalife.com\/?page_id=963"},"modified":"2023-03-21T13:38:46","modified_gmt":"2023-03-21T12:38:46","slug":"sobre-datalife","status":"publish","type":"page","link":"https:\/\/www.dihdatalife.com\/gl\/sobre-datalife\/","title":{"rendered":"Sobre DATAlife"},"content":{"rendered":"<p>[vc_row][vc_column width=&#8221;1\/2&#8243; el_class=&#8221;box-data mision&#8221;][vc_column_text]<\/p>\n<h2>Misi\u00f3n<\/h2>\n<p>DATAlife ten a misi\u00f3n de facilitar a incorporaci\u00f3n da intelixencia artificial e a anal\u00edtica de datos nas pemes galegas dos sectores ligados \u00e1 Bioeconom\u00eda e a Sa\u00fade.<\/p>\n<p>DATAlife \u00e9 una xanela \u00fanica de aceso a:[\/vc_column_text][vc_row_inner][vc_column_inner width=&#8221;1\/6&#8243;][vc_single_image image=&#8221;290&#8243; img_size=&#8221;&#8221; el_class=&#8221;ico-about&#8221;][\/vc_column_inner][vc_column_inner width=&#8221;5\/6&#8243;][vc_column_text]Servizos especializados e innovadores de car\u00e1cter tecnol\u00f3xico, formative e de desenvolvemento de negocio[\/vc_column_text][\/vc_column_inner][\/vc_row_inner][vc_row_inner][vc_column_inner width=&#8221;1\/6&#8243;][vc_single_image image=&#8221;288&#8243; img_size=&#8221;&#8221; el_class=&#8221;ico-about&#8221;][\/vc_column_inner][vc_column_inner width=&#8221;5\/6&#8243;][vc_column_text]Tecnolox\u00edas e infraestruturas de \u00faltima xeraci\u00f3n de uso compartido a disposici\u00f3n do ecosistema[\/vc_column_text][\/vc_column_inner][\/vc_row_inner][vc_row_inner][vc_column_inner width=&#8221;1\/6&#8243;][vc_single_image image=&#8221;278&#8243; img_size=&#8221;&#8221; el_class=&#8221;ico-about&#8221;][\/vc_column_inner][vc_column_inner width=&#8221;5\/6&#8243;][vc_column_text]Actividades de coordinaci\u00f3n e orquestaci\u00f3n do ecosistema de innovaci\u00f3n \u00f3 redor das tecnolox\u00edas dixitais[\/vc_column_text][\/vc_column_inner][\/vc_row_inner][\/vc_column][vc_column width=&#8221;1\/2&#8243; el_class=&#8221;box-data vision&#8221;][vc_column_text]<\/p>\n<h2>Visi\u00f3n<\/h2>\n<p>DATAlife nace coa visi\u00f3n de converter a Galicia nunha Biorrexi\u00f3n de referencia en Europa mediante a posta en contacto, coordinaci\u00f3n e creaci\u00f3n de sinerxias entre os axentes do ecosistema de innovaci\u00f3n e os sectores produtivos da rexi\u00f3n.[\/vc_column_text][vc_single_image image=&#8221;1063&#8243;][\/vc_column][\/vc_row][vc_row foundry_background_style=&#8221;bg-primary&#8221;][vc_column][vc_column_text]<\/p>\n<h2>Obxectivos<\/h2>\n<p>[\/vc_column_text][\/vc_column][vc_column width=&#8221;1\/2&#8243;][vc_row_inner][vc_column_inner width=&#8221;1\/6&#8243;][vc_single_image image=&#8221;280&#8243; img_size=&#8221;&#8221; el_class=&#8221;ico-about&#8221;][\/vc_column_inner][vc_column_inner width=&#8221;5\/6&#8243;][vc_column_text]<strong>Incrementar a competitividade<\/strong> das empresas mediante a adopci\u00f3n de IA e Big Data[\/vc_column_text][\/vc_column_inner][\/vc_row_inner][vc_row_inner][vc_column_inner width=&#8221;1\/6&#8243;][vc_single_image image=&#8221;290&#8243; img_size=&#8221;&#8221; el_class=&#8221;ico-about&#8221;][\/vc_column_inner][vc_column_inner width=&#8221;5\/6&#8243;][vc_column_text]<strong>Coordinar o ecosistema de innovaci\u00f3n<\/strong> articulando \u00f3s principais actors[\/vc_column_text][\/vc_column_inner][\/vc_row_inner][vc_row_inner][vc_column_inner width=&#8221;1\/6&#8243;][vc_single_image image=&#8221;284&#8243; img_size=&#8221;&#8221; el_class=&#8221;ico-about&#8221;][\/vc_column_inner][vc_column_inner width=&#8221;5\/6&#8243;][vc_column_text]<strong>Fortalecer o ecosistema dixital galego<\/strong> para o desenvolvemento de tecnolox\u00edas IA e Big Data[\/vc_column_text][\/vc_column_inner][\/vc_row_inner][vc_row_inner][vc_column_inner width=&#8221;1\/6&#8243;][vc_single_image image=&#8221;283&#8243; img_size=&#8221;&#8221; el_class=&#8221;ico-about&#8221;][\/vc_column_inner][vc_column_inner width=&#8221;5\/6&#8243;][vc_column_text]<strong>Desenvolver e optimizar<\/strong> a infraestrutura en procesamento de datos e IA[\/vc_column_text][\/vc_column_inner][\/vc_row_inner][\/vc_column][vc_column width=&#8221;1\/2&#8243;][vc_row_inner][vc_column_inner width=&#8221;1\/6&#8243;][vc_single_image image=&#8221;279&#8243; img_size=&#8221;&#8221; el_class=&#8221;ico-about&#8221;][\/vc_column_inner][vc_column_inner width=&#8221;5\/6&#8243;][vc_column_text]<strong>Facilitar a adquisici\u00f3n de competencias<\/strong> dixitais nos sectores foco do Hub[\/vc_column_text][\/vc_column_inner][\/vc_row_inner][vc_row_inner][vc_column_inner width=&#8221;1\/6&#8243;][vc_single_image image=&#8221;289&#8243; img_size=&#8221;&#8221; el_class=&#8221;ico-about&#8221;][\/vc_column_inner][vc_column_inner width=&#8221;5\/6&#8243;][vc_column_text]<strong>Identificar retos de innovaci\u00f3n<\/strong> facilitando o acceso a financiaci\u00f3n e inversi\u00f3n especializadas[\/vc_column_text][\/vc_column_inner][\/vc_row_inner][vc_row_inner][vc_column_inner width=&#8221;1\/6&#8243;][vc_single_image image=&#8221;287&#8243; img_size=&#8221;&#8221; el_class=&#8221;ico-about&#8221;][\/vc_column_inner][vc_column_inner width=&#8221;5\/6&#8243;][vc_column_text]<strong>Crear e executar programas e iniciativas<\/strong> de desenvolvemento de talento e emprendemento[\/vc_column_text][\/vc_column_inner][\/vc_row_inner][\/vc_column][\/vc_row][vc_row css=&#8221;.vc_custom_1579184456542{background-position: center !important;background-repeat: no-repeat !important;background-size: contain !important;}&#8221;][vc_column][vc_column_text]<\/p>\n<h2>Foco Tecnol\u00f3xico<\/h2>\n<p>[\/vc_column_text][\/vc_column][vc_column width=&#8221;1\/2&#8243; offset=&#8221;vc_col-lg-offset-3 vc_col-md-offset-3&#8243; el_class=&#8221;foco-tecnologico&#8221; css=&#8221;.vc_custom_1579276753357{background-position: center !important;background-repeat: no-repeat !important;background-size: contain !important;}&#8221;][vc_empty_space el_class=&#8221;foco-box-top&#8221;][vc_row_inner el_class=&#8221;foco-box-bot&#8221;][vc_column_inner el_class=&#8221;text-foco lista&#8221; width=&#8221;5\/12&#8243;][vc_column_text]<\/p>\n<ul>\n<li><span style=\"font-weight: 300;\">Intelixencia Artificial<\/span> (IA)<\/li>\n<li>Anal\u00edtica de datos (Big Data)<\/li>\n<li><span style=\"font-weight: 300;\">Internet das Cousas (IoT)<\/span><\/li>\n<\/ul>\n<p>[\/vc_column_text][\/vc_column_inner][vc_column_inner el_class=&#8221;text-foco lista&#8221; width=&#8221;5\/12&#8243;][vc_column_text]<\/p>\n<ul>\n<li>Computaci\u00f3n de altas prestaci\u00f3ns<\/li>\n<li>Ciberseguridade<\/li>\n<\/ul>\n<p>[\/vc_column_text][\/vc_column_inner][vc_column_inner el_class=&#8221;foco-img&#8221; width=&#8221;1\/6&#8243;][vc_single_image image=&#8221;70&#8243; img_size=&#8221;&#8221;][\/vc_column_inner][\/vc_row_inner][\/vc_column][\/vc_row][vc_row foundry_background_style=&#8221;bg-secondary&#8221;][vc_column][vc_column_text]<\/p>\n<h2>Cadeas de valor<\/h2>\n<p>[\/vc_column_text][vc_row_inner][vc_column_inner width=&#8221;1\/4&#8243;][vc_single_image image=&#8221;2242&#8243; img_size=&#8221;&#8221; alignment=&#8221;center&#8221; el_class=&#8221;ico&#8221;][vc_column_text]<\/p>\n<p style=\"text-align: center;\">Agro-Mar Alimentaci\u00f3n<\/p>\n<p>[\/vc_column_text][\/vc_column_inner][vc_column_inner width=&#8221;1\/4&#8243;][vc_single_image image=&#8221;297&#8243; img_size=&#8221;&#8221; alignment=&#8221;center&#8221; el_class=&#8221;ico&#8221;][vc_column_text]<\/p>\n<p style=\"text-align: center;\">Biotecnolox\u00eda<\/p>\n<p>[\/vc_column_text][\/vc_column_inner][vc_column_inner width=&#8221;1\/4&#8243;][vc_single_image image=&#8221;299&#8243; img_size=&#8221;&#8221; alignment=&#8221;center&#8221; el_class=&#8221;ico&#8221;][vc_column_text]<\/p>\n<p style=\"text-align: center;\">Forestal &#8211; Madeira<\/p>\n<p>[\/vc_column_text][\/vc_column_inner][vc_column_inner width=&#8221;1\/4&#8243;][vc_single_image image=&#8221;2370&#8243; img_size=&#8221;&#8221; alignment=&#8221;center&#8221; el_class=&#8221;ico&#8221;][vc_column_text]<\/p>\n<p style=\"text-align: center;\">Sa\u00fade &#8211; Coidados<\/p>\n<p>[\/vc_column_text][\/vc_column_inner][\/vc_row_inner][\/vc_column][\/vc_row][vc_row][vc_column][vc_column_text]<\/p>\n<h2>Indicadores<\/h2>\n<p>[\/vc_column_text][vc_row_inner][vc_column_inner el_class=&#8221;ico-img&#8221; width=&#8221;1\/4&#8243; offset=&#8221;vc_col-lg-offset-1 vc_col-lg-3 vc_col-md-offset-1 vc_col-md-3 vc_col-sm-offset-3 vc_col-xs-offset-3 vc_col-xs-6&#8243;][vc_column_text]<span class=\"indicadores-cuenta\">18<\/span>[\/vc_column_text][vc_raw_html el_class=&#8221;mancha hidden-xs&#8221;]JTNDaW1nJTIwc3JjJTNEJTIyJTJGd3AtY29udGVudCUyRnVwbG9hZHMlMkYyMDIwJTJGMDElMkZkYXRhLWZvbmRvLXdoaXRlLnN2ZyUyMiUzRQ==[\/vc_raw_html][vc_column_text]<span class=\"indicadores-descripcion\">Socios fundadores[\/vc_column_text][\/vc_column_inner][vc_column_inner el_class=&#8221;ico-img&#8221; width=&#8221;1\/4&#8243; offset=&#8221;vc_col-lg-offset-0 vc_col-md-offset-0 vc_col-sm-offset-3 vc_col-xs-offset-3 vc_col-xs-6&#8243;][vc_column_text]<span class=\"indicadores-cuenta\">5<\/span>[\/vc_column_text][vc_raw_html el_class=&#8221;mancha hidden-xs&#8221;]JTNDaW1nJTIwc3JjJTNEJTIyJTJGd3AtY29udGVudCUyRnVwbG9hZHMlMkYyMDIwJTJGMDElMkZkYXRhLWZvbmRvLXdoaXRlLnN2ZyUyMiUzRQ==[\/vc_raw_html][vc_column_text]<span class=\"indicadores-descripcion\">Cl\u00fasteres empresariais<\/span>[\/vc_column_text][\/vc_column_inner][vc_column_inner el_class=&#8221;ico-img&#8221; width=&#8221;1\/4&#8243; offset=&#8221;vc_col-lg-offset-0 vc_col-lg-3 vc_col-md-offset-0 vc_col-sm-offset-3 vc_col-xs-offset-3 vc_col-xs-6&#8243;][vc_column_text]<span class=\"indicadores-cuenta\">5<\/span>[\/vc_column_text][vc_raw_html el_class=&#8221;mancha hidden-xs&#8221;]JTNDaW1nJTIwc3JjJTNEJTIyJTJGd3AtY29udGVudCUyRnVwbG9hZHMlMkYyMDIwJTJGMDElMkZkYXRhLWZvbmRvLXdoaXRlLnN2ZyUyMiUzRQ==[\/vc_raw_html][vc_column_text]<span class=\"indicadores-descripcion\">Cadeas de valor<\/span>[\/vc_column_text][\/vc_column_inner][\/vc_row_inner][vc_row_inner][vc_column_inner el_class=&#8221;ico-img&#8221; width=&#8221;1\/4&#8243; offset=&#8221;vc_col-lg-offset-1 vc_col-lg-3 vc_col-md-offset-1 vc_col-md-3 vc_col-sm-offset-3 vc_col-xs-offset-3 vc_col-xs-6&#8243;][vc_column_text]<span class=\"indicadores-cuenta\">3.754 <\/span>[\/vc_column_text][vc_raw_html el_class=&#8221;mancha hidden-xs&#8221;]JTNDaW1nJTIwc3JjJTNEJTIyJTJGd3AtY29udGVudCUyRnVwbG9hZHMlMkYyMDIwJTJGMDElMkZkYXRhLWZvbmRvLXdoaXRlLnN2ZyUyMiUzRQ==[\/vc_raw_html][vc_column_text]<span class=\"indicadores-descripcion\">Empresas[\/vc_column_text][\/vc_column_inner][vc_column_inner el_class=&#8221;ico-img&#8221; width=&#8221;1\/4&#8243; offset=&#8221;vc_col-lg-offset-0 vc_col-lg-3 vc_col-md-offset-0 vc_col-sm-offset-3 vc_col-xs-offset-3 vc_col-xs-6&#8243;][vc_column_text]<span class=\"indicadores-cuenta\">70.500<\/span>[\/vc_column_text][vc_raw_html el_class=&#8221;mancha hidden-xs&#8221;]JTNDaW1nJTIwc3JjJTNEJTIyJTJGd3AtY29udGVudCUyRnVwbG9hZHMlMkYyMDIwJTJGMDElMkZkYXRhLWZvbmRvLXdoaXRlLnN2ZyUyMiUzRQ==[\/vc_raw_html][vc_column_text]<span class=\"indicadores-descripcion\">Empregos<\/span>[\/vc_column_text][\/vc_column_inner][vc_column_inner el_class=&#8221;ico-img&#8221; width=&#8221;1\/4&#8243; offset=&#8221;vc_col-lg-offset-0 vc_col-lg-3 vc_col-md-offset-0 vc_col-sm-offset-3 vc_col-xs-offset-3 vc_col-xs-6&#8243;][vc_column_text]<span class=\"indicadores-cuenta\">19,4% <\/span>[\/vc_column_text][vc_raw_html el_class=&#8221;mancha hidden-xs&#8221;]JTNDaW1nJTIwc3JjJTNEJTIyJTJGd3AtY29udGVudCUyRnVwbG9hZHMlMkYyMDIwJTJGMDElMkZkYXRhLWZvbmRvLXdoaXRlLnN2ZyUyMiUzRQ==[\/vc_raw_html][vc_column_text]<span class=\"indicadores-descripcion\">VEB Galego<\/span>[\/vc_column_text][\/vc_column_inner][\/vc_row_inner][\/vc_column][\/vc_row][vc_row foundry_background_style=&#8221;bg-primary&#8221; el_class=&#8221;ris3-block&#8221;][vc_column][vc_column_text]\u00a0<\/span><\/span><\/p>\n<h2>Alineamento coa RIS3 de Galicia<\/h2>\n<p>[\/vc_column_text][vc_row_inner equal_height=&#8221;yes&#8221; el_class=&#8221;ris3-selector&#8221;][vc_column_inner width=&#8221;1\/3&#8243;][vc_btn title=&#8221;Xesti\u00f3n e produci\u00f3n sostible dos biorrecursos&#8221; align=&#8221;center&#8221; button_block=&#8221;true&#8221; el_class=&#8221;selector-1&#8243;][\/vc_column_inner][vc_column_inner el_class=&#8221;buttom-ajust&#8221; width=&#8221;1\/3&#8243;][vc_btn title=&#8221;Alimentaci\u00f3n segura e de calidade&#8221; align=&#8221;center&#8221; button_block=&#8221;true&#8221; el_class=&#8221;selector-2&#8243;][\/vc_column_inner][vc_column_inner width=&#8221;1\/3&#8243;][vc_btn title=&#8221;Protecci\u00f3n da sa\u00fade, envellecemento activo e benestar&#8221; align=&#8221;center&#8221; button_block=&#8221;true&#8221; el_class=&#8221;selector-3&#8243;][\/vc_column_inner][\/vc_row_inner][vc_row_inner el_class=&#8221;ris3-img&#8221;][vc_column_inner el_class=&#8221;ris3-img-bot-float&#8221; width=&#8221;1\/4&#8243;][vc_single_image image=&#8221;2253&#8243; img_size=&#8221;&#8221; alignment=&#8221;center&#8221; el_class=&#8221;img-hover selection-1 selection-2 selection-3&#8243;][\/vc_column_inner][vc_column_inner el_class=&#8221;ris3-img-bot-float&#8221; width=&#8221;1\/4&#8243;][vc_single_image image=&#8221;2382&#8243; img_size=&#8221;&#8221; alignment=&#8221;center&#8221; el_class=&#8221;img-hover selection-1 selection-2 selection-3&#8243;][\/vc_column_inner][vc_column_inner el_class=&#8221;ris3-img-bot-float&#8221; width=&#8221;1\/4&#8243;][vc_single_image image=&#8221;2377&#8243; img_size=&#8221;&#8221; alignment=&#8221;center&#8221; el_class=&#8221;img-hover selection-1&#8243;][\/vc_column_inner][vc_column_inner el_class=&#8221;ris3-img-bot-float&#8221; width=&#8221;1\/4&#8243;][vc_single_image image=&#8221;292&#8243; img_size=&#8221;&#8221; alignment=&#8221;center&#8221; el_class=&#8221;img-hover selection-2 selection-3&#8243;][\/vc_column_inner][\/vc_row_inner][\/vc_column][\/vc_row]<\/p>\n","protected":false},"excerpt":{"rendered":"<p>[vc_row][vc_column width=&#8221;1\/2&#8243; el_class=&#8221;box-data mision&#8221;][vc_column_text] Misi\u00f3n DATAlife ten a misi\u00f3n de facilitar a incorporaci\u00f3n da intelixencia artificial e a anal\u00edtica de datos&#8230;<\/p>\n","protected":false},"author":1,"featured_media":0,"parent":0,"menu_order":0,"comment_status":"closed","ping_status":"closed","template":"","meta":{"footnotes":"","_links_to":"","_links_to_target":""},"class_list":["post-963","page","type-page","status-publish","hentry"],"yoast_head":"<!-- This site is optimized with the Yoast SEO plugin v21.7 - https:\/\/yoast.com\/wordpress\/plugins\/seo\/ -->\r\n<title>DATAlife &#8212; Sobre DATAlife<\/title>\r\n<meta name=\"description\" content=\"DATAlife \u00e9 o Hub de Innovaci\u00f3n Dixital para aplicar intelixencia artificial e big data en PYMES dos sectores primario, biotecnol\u00f3xico e sa\u00fade galegas.\" \/>\r\n<meta name=\"robots\" content=\"index, follow, max-snippet:-1, max-image-preview:large, max-video-preview:-1\" \/>\r\n<link rel=\"canonical\" href=\"https:\/\/www.dihdatalife.com\/gl\/sobre-datalife\/\" \/>\r\n<meta property=\"og:locale\" content=\"gl_ES\" \/>\r\n<meta property=\"og:type\" content=\"article\" \/>\r\n<meta property=\"og:title\" content=\"DATAlife | Sobre DATAlife\" \/>\r\n<meta property=\"og:description\" content=\"DATAlife \u00e9 o Hub de Innovaci\u00f3n Dixital para aplicar intelixencia artificial e big data en PYMES dos sectores primario, biotecnol\u00f3xico e sa\u00fade galegas.\" \/>\r\n<meta property=\"og:url\" content=\"https:\/\/www.dihdatalife.com\/gl\/sobre-datalife\/\" \/>\r\n<meta property=\"og:site_name\" content=\"DATAlife\" \/>\r\n<meta property=\"article:modified_time\" content=\"2023-03-21T12:38:46+00:00\" \/>\r\n<meta property=\"og:image\" content=\"https:\/\/www.dihdatalife.com\/wp-content\/uploads\/2020\/02\/SEO-FB.png\" \/>\r\n\t<meta property=\"og:image:width\" content=\"2401\" \/>\r\n\t<meta property=\"og:image:height\" content=\"1260\" \/>\r\n\t<meta property=\"og:image:type\" content=\"image\/png\" \/>\r\n<meta name=\"twitter:card\" content=\"summary_large_image\" \/>\r\n<meta name=\"twitter:title\" content=\"DATAlife | Sobre DATAlife\" \/>\r\n<meta name=\"twitter:description\" content=\"DATAlife \u00e9 o Hub de Innovaci\u00f3n Dixital para aplicar intelixencia artificial e big data en PYMES dos sectores primario, biotecnol\u00f3xico e sa\u00fade galegas.\" \/>\r\n<meta name=\"twitter:image\" content=\"https:\/\/www.dihdatalife.com\/wp-content\/uploads\/2020\/02\/SEO-TW.png\" \/>\r\n<meta name=\"twitter:site\" content=\"@DATAlife_DIH\" \/>\r\n<meta name=\"twitter:label1\" content=\"Tempo de lectura\" \/>\n\t<meta name=\"twitter:data1\" content=\"3 minutos\" \/>\r\n<script type=\"application\/ld+json\" class=\"yoast-schema-graph\">{\"@context\":\"https:\/\/schema.org\",\"@graph\":[{\"@type\":\"WebPage\",\"@id\":\"https:\/\/www.dihdatalife.com\/gl\/sobre-datalife\/\",\"url\":\"https:\/\/www.dihdatalife.com\/gl\/sobre-datalife\/\",\"name\":\"DATAlife &#8212; Sobre DATAlife\",\"isPartOf\":{\"@id\":\"https:\/\/www.dihdatalife.com\/#website\"},\"datePublished\":\"2020-01-16T11:59:45+00:00\",\"dateModified\":\"2023-03-21T12:38:46+00:00\",\"description\":\"DATAlife \u00e9 o Hub de Innovaci\u00f3n Dixital para aplicar intelixencia artificial e big data en PYMES dos sectores primario, biotecnol\u00f3xico e sa\u00fade galegas.\",\"breadcrumb\":{\"@id\":\"https:\/\/www.dihdatalife.com\/gl\/sobre-datalife\/#breadcrumb\"},\"inLanguage\":\"gl-ES\",\"potentialAction\":[{\"@type\":\"ReadAction\",\"target\":[\"https:\/\/www.dihdatalife.com\/gl\/sobre-datalife\/\"]}]},{\"@type\":\"BreadcrumbList\",\"@id\":\"https:\/\/www.dihdatalife.com\/gl\/sobre-datalife\/#breadcrumb\",\"itemListElement\":[{\"@type\":\"ListItem\",\"position\":1,\"name\":\"Home\",\"item\":\"https:\/\/www.dihdatalife.com\/gl\/\"},{\"@type\":\"ListItem\",\"position\":2,\"name\":\"Sobre DATAlife\"}]},{\"@type\":\"WebSite\",\"@id\":\"https:\/\/www.dihdatalife.com\/#website\",\"url\":\"https:\/\/www.dihdatalife.com\/\",\"name\":\"DATAlife\",\"description\":\"\",\"publisher\":{\"@id\":\"https:\/\/www.dihdatalife.com\/#organization\"},\"potentialAction\":[{\"@type\":\"SearchAction\",\"target\":{\"@type\":\"EntryPoint\",\"urlTemplate\":\"https:\/\/www.dihdatalife.com\/?s={search_term_string}\"},\"query-input\":\"required name=search_term_string\"}],\"inLanguage\":\"gl-ES\"},{\"@type\":\"Organization\",\"@id\":\"https:\/\/www.dihdatalife.com\/#organization\",\"name\":\"DATAlife\",\"url\":\"https:\/\/www.dihdatalife.com\/\",\"logo\":{\"@type\":\"ImageObject\",\"inLanguage\":\"gl-ES\",\"@id\":\"https:\/\/www.dihdatalife.com\/#\/schema\/logo\/image\/\",\"url\":\"https:\/\/www.dihdatalife.com\/wp-content\/uploads\/2020\/01\/dihdatalife.png\",\"contentUrl\":\"https:\/\/www.dihdatalife.com\/wp-content\/uploads\/2020\/01\/dihdatalife.png\",\"width\":2000,\"height\":400,\"caption\":\"DATAlife\"},\"image\":{\"@id\":\"https:\/\/www.dihdatalife.com\/#\/schema\/logo\/image\/\"},\"sameAs\":[\"https:\/\/twitter.com\/DATAlife_DIH\",\"https:\/\/es.linkedin.com\/in\/datalife-dih\"]}]}<\/script>\r\n<!-- \/ Yoast SEO plugin. -->","yoast_head_json":{"title":"DATAlife &#8212; Sobre DATAlife","description":"DATAlife \u00e9 o Hub de Innovaci\u00f3n Dixital para aplicar intelixencia artificial e big data en PYMES dos sectores primario, biotecnol\u00f3xico e sa\u00fade galegas.","robots":{"index":"index","follow":"follow","max-snippet":"max-snippet:-1","max-image-preview":"max-image-preview:large","max-video-preview":"max-video-preview:-1"},"canonical":"https:\/\/www.dihdatalife.com\/gl\/sobre-datalife\/","og_locale":"gl_ES","og_type":"article","og_title":"DATAlife | Sobre DATAlife","og_description":"DATAlife \u00e9 o Hub de Innovaci\u00f3n Dixital para aplicar intelixencia artificial e big data en PYMES dos sectores primario, biotecnol\u00f3xico e sa\u00fade galegas.","og_url":"https:\/\/www.dihdatalife.com\/gl\/sobre-datalife\/","og_site_name":"DATAlife","article_modified_time":"2023-03-21T12:38:46+00:00","og_image":[{"width":2401,"height":1260,"url":"https:\/\/www.dihdatalife.com\/wp-content\/uploads\/2020\/02\/SEO-FB.png","type":"image\/png"}],"twitter_card":"summary_large_image","twitter_title":"DATAlife | Sobre DATAlife","twitter_description":"DATAlife \u00e9 o Hub de Innovaci\u00f3n Dixital para aplicar intelixencia artificial e big data en PYMES dos sectores primario, biotecnol\u00f3xico e sa\u00fade galegas.","twitter_image":"https:\/\/www.dihdatalife.com\/wp-content\/uploads\/2020\/02\/SEO-TW.png","twitter_site":"@DATAlife_DIH","twitter_misc":{"Tempo de lectura":"3 minutos"},"schema":{"@context":"https:\/\/schema.org","@graph":[{"@type":"WebPage","@id":"https:\/\/www.dihdatalife.com\/gl\/sobre-datalife\/","url":"https:\/\/www.dihdatalife.com\/gl\/sobre-datalife\/","name":"DATAlife &#8212; Sobre DATAlife","isPartOf":{"@id":"https:\/\/www.dihdatalife.com\/#website"},"datePublished":"2020-01-16T11:59:45+00:00","dateModified":"2023-03-21T12:38:46+00:00","description":"DATAlife \u00e9 o Hub de Innovaci\u00f3n Dixital para aplicar intelixencia artificial e big data en PYMES dos sectores primario, biotecnol\u00f3xico e sa\u00fade galegas.","breadcrumb":{"@id":"https:\/\/www.dihdatalife.com\/gl\/sobre-datalife\/#breadcrumb"},"inLanguage":"gl-ES","potentialAction":[{"@type":"ReadAction","target":["https:\/\/www.dihdatalife.com\/gl\/sobre-datalife\/"]}]},{"@type":"BreadcrumbList","@id":"https:\/\/www.dihdatalife.com\/gl\/sobre-datalife\/#breadcrumb","itemListElement":[{"@type":"ListItem","position":1,"name":"Home","item":"https:\/\/www.dihdatalife.com\/gl\/"},{"@type":"ListItem","position":2,"name":"Sobre DATAlife"}]},{"@type":"WebSite","@id":"https:\/\/www.dihdatalife.com\/#website","url":"https:\/\/www.dihdatalife.com\/","name":"DATAlife","description":"","publisher":{"@id":"https:\/\/www.dihdatalife.com\/#organization"},"potentialAction":[{"@type":"SearchAction","target":{"@type":"EntryPoint","urlTemplate":"https:\/\/www.dihdatalife.com\/?s={search_term_string}"},"query-input":"required name=search_term_string"}],"inLanguage":"gl-ES"},{"@type":"Organization","@id":"https:\/\/www.dihdatalife.com\/#organization","name":"DATAlife","url":"https:\/\/www.dihdatalife.com\/","logo":{"@type":"ImageObject","inLanguage":"gl-ES","@id":"https:\/\/www.dihdatalife.com\/#\/schema\/logo\/image\/","url":"https:\/\/www.dihdatalife.com\/wp-content\/uploads\/2020\/01\/dihdatalife.png","contentUrl":"https:\/\/www.dihdatalife.com\/wp-content\/uploads\/2020\/01\/dihdatalife.png","width":2000,"height":400,"caption":"DATAlife"},"image":{"@id":"https:\/\/www.dihdatalife.com\/#\/schema\/logo\/image\/"},"sameAs":["https:\/\/twitter.com\/DATAlife_DIH","https:\/\/es.linkedin.com\/in\/datalife-dih"]}]}},"_links":{"self":[{"href":"https:\/\/www.dihdatalife.com\/gl\/wp-json\/wp\/v2\/pages\/963","targetHints":{"allow":["GET"]}}],"collection":[{"href":"https:\/\/www.dihdatalife.com\/gl\/wp-json\/wp\/v2\/pages"}],"about":[{"href":"https:\/\/www.dihdatalife.com\/gl\/wp-json\/wp\/v2\/types\/page"}],"author":[{"embeddable":true,"href":"https:\/\/www.dihdatalife.com\/gl\/wp-json\/wp\/v2\/users\/1"}],"replies":[{"embeddable":true,"href":"https:\/\/www.dihdatalife.com\/gl\/wp-json\/wp\/v2\/comments?post=963"}],"version-history":[{"count":18,"href":"https:\/\/www.dihdatalife.com\/gl\/wp-json\/wp\/v2\/pages\/963\/revisions"}],"predecessor-version":[{"id":8207,"href":"https:\/\/www.dihdatalife.com\/gl\/wp-json\/wp\/v2\/pages\/963\/revisions\/8207"}],"wp:attachment":[{"href":"https:\/\/www.dihdatalife.com\/gl\/wp-json\/wp\/v2\/media?parent=963"}],"curies":[{"name":"wp","href":"https:\/\/api.w.org\/{rel}","templated":true}]}}