{"id":955,"date":"2020-01-22T13:43:30","date_gmt":"2020-01-22T12:43:30","guid":{"rendered":"https:\/\/www.dihdatalife.com\/home\/"},"modified":"2025-06-09T12:11:02","modified_gmt":"2025-06-09T10:11:02","slug":"home","status":"publish","type":"page","link":"https:\/\/www.dihdatalife.com\/gl\/","title":{"rendered":"Inicio"},"content":{"rendered":"<p>[vc_row full_width=&#8221;stretch_row_content_no_spaces&#8221; foundry_padding=&#8221;pt0 pb0&#8243; foundry_parallax=&#8221;not-parallax&#8221; css=&#8221;.vc_custom_1580813790675{background-image: url(https:\/\/www.dihdatalife.com\/wp-content\/uploads\/2020\/01\/fondo-cabecera.svg?id=152) !important;background-position: center !important;background-repeat: no-repeat !important;background-size: contain !important;}&#8221; el_class=&#8221;page-title home-title&#8221;][vc_column width=&#8221;1\/2&#8243; offset=&#8221;vc_col-lg-offset-6 vc_col-lg-6 vc_col-md-offset-6 vc_col-md-6 vc_col-sm-offset-6 vc_col-xs-offset-6 vc_col-xs-6&#8243;][vc_single_image image=&#8221;1063&#8243;][\/vc_column][\/vc_row][vc_row css=&#8221;.vc_custom_1678797632539{margin-top: 40px !important;margin-right: 40px !important;margin-bottom: 40px !important;margin-left: 40px !important;padding-top: 40px !important;padding-right: 40px !important;padding-bottom: 40px !important;padding-left: 40px !important;}&#8221;][vc_column][vc_column_text el_class=&#8221;data-title&#8221;]<\/p>\n<h1><strong>DATAl<em>i<\/em>fe<\/strong><\/h1>\n<p>[\/vc_column_text][vc_row_inner equal_height=&#8221;yes&#8221;][vc_column_inner el_class=&#8221;col-retos&#8221; width=&#8221;2\/3&#8243;][vc_column_text]<\/p>\n<h3>Biorrecursos \u2013 Sostibilidade \u2013 Sa\u00fade<\/h3>\n<p>[\/vc_column_text][vc_column_text]DIH DATAlife \u00e9 o Hub de Innovaci\u00f3n Dixital para as Ciencias da Vida de Galicia. Ten como misi\u00f3n principal acelerar a transformaci\u00f3n dixital das entidades que se atopan dentro dos seus sectores estrat\u00e9xicos.<\/p>\n<p>Co dato como eixe principal, axudamos \u00e1s empresas a introducir tecnolox\u00edas disruptivas como a Intelixencia Artificial, Internet das Cousas, Computaci\u00f3n de Altas Prestaci\u00f3ns e Ciberseguridade.<\/p>\n<p>A trav\u00e9s dos nosos servizos facilitamos o acceso \u00e1 financiaci\u00f3n, a probas de concepto e conectamos a oferta e a demanda.[\/vc_column_text][\/vc_column_inner][vc_column_inner el_class=&#8221;col-retos&#8221; width=&#8221;1\/3&#8243;][vc_column_text]<\/p>\n<h3 style=\"text-align: center;\">Cadeas de valor<\/h3>\n<p>[\/vc_column_text][vc_single_image image=&#8221;8159&#8243; img_size=&#8221;medium&#8221;][\/vc_column_inner][\/vc_row_inner][vc_row_inner][vc_column_inner el_class=&#8221;col-retos&#8221;][vc_column_text]<\/p>\n<h3 style=\"text-align: center;\">Se queres recibir os servizos que ofrece DATAlife&#8230;<\/h3>\n<p style=\"text-align: center;\"><a class=\"btn\" href=\"https:\/\/www.dihdatalife.com\/gl\/formulario-servizos-edih-datalife\/\">cubre o formulario!<\/a><\/p>\n<p>[\/vc_column_text][\/vc_column_inner][\/vc_row_inner][\/vc_column][\/vc_row][vc_row foundry_background_style=&#8221;bg-primary&#8221; css=&#8221;.vc_custom_1678798032179{margin-top: 40px !important;margin-right: 40px !important;margin-bottom: 40px !important;margin-left: 40px !important;padding-top: 40px !important;padding-right: 40px !important;padding-bottom: 40px !important;padding-left: 40px !important;background-position: center !important;background-repeat: no-repeat !important;background-size: contain !important;}&#8221;][vc_column][vc_column_text]<\/p>\n<h2>Proxectos<\/h2>\n<p>[\/vc_column_text][vc_row_inner equal_height=&#8221;yes&#8221;][vc_column_inner el_class=&#8221;col-retos&#8221; width=&#8221;1\/4&#8243;][vc_single_image image=&#8221;7522&#8243; img_size=&#8221;medium&#8221;][vc_column_text]<\/p>\n<h3 style=\"text-align: center;\">EDIH DATAlife<\/h3>\n<p>[\/vc_column_text][vc_empty_space height=&#8221;12px&#8221;][vc_column_text]<\/p>\n<p style=\"text-align: center;\">Implementaci\u00f3n de tecnolox\u00edas disruptivas en empresas e administraci\u00f3n p\u00fablica<\/p>\n<p>[\/vc_column_text][vc_empty_space height=&#8221;18px&#8221;][vc_column_text]<\/p>\n<p style=\"text-align: center;\"><a class=\"btn\" href=\"https:\/\/www.dihdatalife.com\/gl\/edih\/\">M\u00e1is informaci\u00f3n<\/a><\/p>\n<p>[\/vc_column_text][\/vc_column_inner][vc_column_inner el_class=&#8221;col-retos&#8221; width=&#8221;1\/4&#8243;][vc_single_image image=&#8221;14404&#8243; img_size=&#8221;medium&#8221;][vc_column_text]<\/p>\n<h3 style=\"text-align: center;\">SOSFood<\/h3>\n<p>[\/vc_column_text][vc_empty_space height=&#8221;22px&#8221;][vc_column_text]<\/p>\n<p style=\"text-align: center;\">Optimizaci\u00f3n da sostibilidade para sistemas alimentarios seguros<\/p>\n<p>[\/vc_column_text][vc_empty_space height=&#8221;28px&#8221;][vc_column_text]<\/p>\n<p style=\"text-align: center;\"><a class=\"btn\" href=\"https:\/\/www.dihdatalife.com\/sosfood\/\">M\u00e1is informaci\u00f3n<\/a><\/p>\n<p>[\/vc_column_text][\/vc_column_inner][vc_column_inner el_class=&#8221;col-retos&#8221; width=&#8221;1\/4&#8243;][vc_single_image image=&#8221;14408&#8243; img_size=&#8221;medium&#8221;][vc_column_text]<\/p>\n<h3 style=\"text-align: center;\">HIBA+<\/h3>\n<p>[\/vc_column_text][vc_column_text]<\/p>\n<p style=\"text-align: center;\">Consolidaci\u00f3n e fortalecemento da Rede HIBA para a sostibilidade e transformaci\u00f3n dixital da cadea de agroalimentaci\u00f3n<\/p>\n<p>[\/vc_column_text][vc_column_text]<\/p>\n<p style=\"text-align: center;\"><a class=\"btn\" href=\"https:\/\/www.dihdatalife.com\/proyecto-hiba-hub-iberia-agrotech\/\">M\u00e1is informaci\u00f3n<\/a><\/p>\n<p>[\/vc_column_text][\/vc_column_inner][vc_column_inner el_class=&#8221;col-retos&#8221; width=&#8221;1\/4&#8243;][vc_single_image image=&#8221;14628&#8243; img_size=&#8221;medium&#8221;][vc_column_text]<\/p>\n<h3 style=\"text-align: center;\">AgrifoodTEF<\/h3>\n<p>[\/vc_column_text][vc_empty_space height=&#8221;12px&#8221;][vc_column_text]<\/p>\n<p style=\"text-align: center;\">Instalaci\u00f3ns europeas de ensaio e experimentaci\u00f3n para a innovaci\u00f3n agroalimentaria<\/p>\n<p>[\/vc_column_text][vc_empty_space height=&#8221;18px&#8221;][vc_column_text]<\/p>\n<p style=\"text-align: center;\"><a class=\"btn\" href=\"https:\/\/www.dihdatalife.com\/agrifoodtef\/\">M\u00e1is informaci\u00f3n<\/a><\/p>\n<p>[\/vc_column_text][\/vc_column_inner][\/vc_row_inner][\/vc_column][\/vc_row][vc_row css=&#8221;.vc_custom_1678798207916{margin-top: 40px !important;margin-right: 40px !important;margin-bottom: 40px !important;margin-left: 40px !important;padding-top: 40px !important;padding-right: 40px !important;padding-bottom: 40px !important;padding-left: 40px !important;}&#8221;][vc_column][vc_column_text]<\/p>\n<h2>Servizos<\/h2>\n<p>[\/vc_column_text][vc_column_text]<\/p>\n<h3>DATAlife ofrece tres tipos de servizos:<\/h3>\n<p>[\/vc_column_text][vc_row_inner][vc_column_inner width=&#8221;1\/3&#8243;][vc_single_image image=&#8221;336&#8243; alignment=&#8221;center&#8221;][vc_column_text]<\/p>\n<h4 style=\"text-align: center;\">Innovaci\u00f3n tecnol\u00f3xica<\/h4>\n<p>[\/vc_column_text][\/vc_column_inner][vc_column_inner width=&#8221;1\/3&#8243;][vc_single_image image=&#8221;329&#8243; alignment=&#8221;center&#8221;][vc_column_text]<\/p>\n<h4 style=\"text-align: center;\">Desenvolvemento de negocio<\/h4>\n<p>[\/vc_column_text][\/vc_column_inner][vc_column_inner width=&#8221;1\/3&#8243;][vc_single_image image=&#8221;334&#8243; alignment=&#8221;center&#8221;][vc_column_text]<\/p>\n<h4 style=\"text-align: center;\">Formaci\u00f3n e sensibilizaci\u00f3n<\/h4>\n<p>[\/vc_column_text][\/vc_column_inner][\/vc_row_inner][vc_row_inner][vc_column_inner][vc_column_text]<\/p>\n<h3>Con aplicaci\u00f3ns en todas as cadeas de valor:<\/h3>\n<p>[\/vc_column_text][\/vc_column_inner][vc_column_inner el_class=&#8221;lista&#8221; width=&#8221;1\/2&#8243;][vc_column_text]<\/p>\n<ul>\n<li>Estimaci\u00f3n da produci\u00f3n alimentaria e agr\u00edcola<\/li>\n<li>Predici\u00f3n de tratamentos fitosanitarios<\/li>\n<li>Mellora da trazabilidade de produtos pesqueiros<\/li>\n<li>Tratamentos m\u00e9dicos personalizados<\/li>\n<\/ul>\n<p>[\/vc_column_text][\/vc_column_inner][vc_column_inner el_class=&#8221;lista&#8221; width=&#8221;1\/2&#8243;][vc_column_text]<\/p>\n<ul>\n<li>Reduci\u00f3n de coste sanitario per c\u00e1pita<\/li>\n<li>Reduci\u00f3n de impacto ambiental<\/li>\n<li>Proteci\u00f3n da informaci\u00f3n, anonimizaci\u00f3n de datos<\/li>\n<li>B\u00fasqueda de informaci\u00f3n en repositorios bibliogr\u00e1ficos<\/li>\n<\/ul>\n<p>[\/vc_column_text][\/vc_column_inner][\/vc_row_inner][vc_column_text]<\/p>\n<p style=\"text-align: center;\"><a class=\"btn\" href=\"\/?page_id=108\">M\u00e1is info<\/a><\/p>\n<p>[\/vc_column_text][\/vc_column][\/vc_row][vc_row css=&#8221;.vc_custom_1749463163761{margin-top: 5px !important;margin-right: 5px !important;margin-bottom: 5px !important;margin-left: 5px !important;padding-top: 5px !important;padding-right: 5px !important;padding-bottom: 5px !important;padding-left: 5px !important;}&#8221;][vc_column][vc_separator color=&#8221;custom&#8221; border_width=&#8221;2&#8243; accent_color=&#8221;#00a79d&#8221;][\/vc_column][\/vc_row][vc_row css=&#8221;.vc_custom_1749463607445{margin-top: 40px !important;margin-right: 40px !important;margin-bottom: 40px !important;margin-left: 40px !important;padding-top: 40px !important;padding-right: 40px !important;padding-bottom: 40px !important;padding-left: 40px !important;}&#8221;][vc_column][vc_column_text]<\/p>\n<h2>Actualidade<\/h2>\n<p>[\/vc_column_text][vc_basic_grid post_type=&#8221;post&#8221; max_items=&#8221;3&#8243; item=&#8221;1342&#8243; grid_id=&#8221;vc_gid:1749463784365-d3787cdc-f361-10&#8243;][vc_column_text]<\/p>\n<p style=\"text-align: center;\"><a class=\"btn\" href=\"https:\/\/www.dihdatalife.com\/actualidad\/\">Ver m\u00e1is<\/a><\/p>\n<p>[\/vc_column_text][\/vc_column][\/vc_row][vc_column][\/vc_column]<\/p>\n","protected":false},"excerpt":{"rendered":"<p>[vc_row full_width=&#8221;stretch_row_content_no_spaces&#8221; foundry_padding=&#8221;pt0 pb0&#8243; foundry_parallax=&#8221;not-parallax&#8221; css=&#8221;.vc_custom_1580813790675{background-image: url(https:\/\/www.dihdatalife.com\/wp-content\/uploads\/2020\/01\/fondo-cabecera.svg?id=152) !important;background-position: center !important;background-repeat: no-repeat !important;background-size: contain !important;}&#8221; el_class=&#8221;page-title home-title&#8221;][vc_column width=&#8221;1\/2&#8243; offset=&#8221;vc_col-lg-offset-6 vc_col-lg-6 vc_col-md-offset-6 vc_col-md-6&#8230;<\/p>\n","protected":false},"author":1,"featured_media":0,"parent":0,"menu_order":0,"comment_status":"closed","ping_status":"closed","template":"","meta":{"footnotes":"","_links_to":"","_links_to_target":""},"class_list":["post-955","page","type-page","status-publish","hentry"],"yoast_head":"<!-- This site is optimized with the Yoast SEO plugin v21.7 - https:\/\/yoast.com\/wordpress\/plugins\/seo\/ -->\r\n<title>DATAlife DIH &#8212; Hub de Innovaci\u00f3n Dixital das PEMEs de Galicia<\/title>\r\n<meta name=\"description\" content=\"DATAlife DIH \u00e9 o Hub de Innovaci\u00f3n Dixital para aplicar intelixencia artificial e big data en PEMEs dos sectores primario, biotecnol\u00f3xico e sa\u00fade\" \/>\r\n<meta name=\"robots\" content=\"index, follow, max-snippet:-1, max-image-preview:large, max-video-preview:-1\" \/>\r\n<link rel=\"canonical\" href=\"https:\/\/www.dihdatalife.com\/gl\/\" \/>\r\n<meta property=\"og:locale\" content=\"gl_ES\" \/>\r\n<meta property=\"og:type\" content=\"article\" \/>\r\n<meta property=\"og:title\" content=\"DATAlife DIH | Hub de Innovaci\u00f3n Dixital das PEMEs de Galicia\" \/>\r\n<meta property=\"og:description\" content=\"DATAlife DIH \u00e9 o Hub de Innovaci\u00f3n Dixital para aplicar intelixencia artificial e big data en PEMEs dos sectores primario, biotecnol\u00f3xico e sa\u00fade.\" \/>\r\n<meta property=\"og:url\" content=\"https:\/\/www.dihdatalife.com\/gl\/\" \/>\r\n<meta property=\"og:site_name\" content=\"DATAlife\" \/>\r\n<meta property=\"article:modified_time\" content=\"2025-06-09T10:11:02+00:00\" \/>\r\n<meta property=\"og:image\" content=\"https:\/\/www.dihdatalife.com\/wp-content\/uploads\/2020\/02\/SEO-FB.png\" \/>\r\n\t<meta property=\"og:image:width\" content=\"2401\" \/>\r\n\t<meta property=\"og:image:height\" content=\"1260\" \/>\r\n\t<meta property=\"og:image:type\" content=\"image\/png\" \/>\r\n<meta name=\"twitter:card\" content=\"summary_large_image\" \/>\r\n<meta name=\"twitter:title\" content=\"DATAlife DIH | Hub de Innovaci\u00f3n Dixital das PEMEs de Galicia\" \/>\r\n<meta name=\"twitter:description\" content=\"DATAlife DIH \u00e9 o Hub de Innovaci\u00f3n Dixital para aplicar intelixencia artificial e big data en PEMEs dos sectores primario, biotecnol\u00f3xico e sa\u00fade.\" \/>\r\n<meta name=\"twitter:image\" content=\"https:\/\/www.dihdatalife.com\/wp-content\/uploads\/2020\/02\/SEO-TW.png\" \/>\r\n<meta name=\"twitter:site\" content=\"@DATAlife_DIH\" \/>\r\n<meta name=\"twitter:label1\" content=\"Tempo de lectura\" \/>\n\t<meta name=\"twitter:data1\" content=\"4 minutos\" \/>\r\n<script type=\"application\/ld+json\" class=\"yoast-schema-graph\">{\"@context\":\"https:\/\/schema.org\",\"@graph\":[{\"@type\":\"WebPage\",\"@id\":\"https:\/\/www.dihdatalife.com\/gl\/\",\"url\":\"https:\/\/www.dihdatalife.com\/gl\/\",\"name\":\"DATAlife DIH &#8212; Hub de Innovaci\u00f3n Dixital das PEMEs de Galicia\",\"isPartOf\":{\"@id\":\"https:\/\/www.dihdatalife.com\/#website\"},\"datePublished\":\"2020-01-22T12:43:30+00:00\",\"dateModified\":\"2025-06-09T10:11:02+00:00\",\"description\":\"DATAlife DIH \u00e9 o Hub de Innovaci\u00f3n Dixital para aplicar intelixencia artificial e big data en PEMEs dos sectores primario, biotecnol\u00f3xico e sa\u00fade\",\"breadcrumb\":{\"@id\":\"https:\/\/www.dihdatalife.com\/gl\/#breadcrumb\"},\"inLanguage\":\"gl-ES\",\"potentialAction\":[{\"@type\":\"ReadAction\",\"target\":[\"https:\/\/www.dihdatalife.com\/gl\/\"]}]},{\"@type\":\"BreadcrumbList\",\"@id\":\"https:\/\/www.dihdatalife.com\/gl\/#breadcrumb\",\"itemListElement\":[{\"@type\":\"ListItem\",\"position\":1,\"name\":\"Home\",\"item\":\"https:\/\/www.dihdatalife.com\/gl\/\"},{\"@type\":\"ListItem\",\"position\":2,\"name\":\"Inicio\"}]},{\"@type\":\"WebSite\",\"@id\":\"https:\/\/www.dihdatalife.com\/#website\",\"url\":\"https:\/\/www.dihdatalife.com\/\",\"name\":\"DATAlife\",\"description\":\"\",\"publisher\":{\"@id\":\"https:\/\/www.dihdatalife.com\/#organization\"},\"potentialAction\":[{\"@type\":\"SearchAction\",\"target\":{\"@type\":\"EntryPoint\",\"urlTemplate\":\"https:\/\/www.dihdatalife.com\/?s={search_term_string}\"},\"query-input\":\"required name=search_term_string\"}],\"inLanguage\":\"gl-ES\"},{\"@type\":\"Organization\",\"@id\":\"https:\/\/www.dihdatalife.com\/#organization\",\"name\":\"DATAlife\",\"url\":\"https:\/\/www.dihdatalife.com\/\",\"logo\":{\"@type\":\"ImageObject\",\"inLanguage\":\"gl-ES\",\"@id\":\"https:\/\/www.dihdatalife.com\/#\/schema\/logo\/image\/\",\"url\":\"https:\/\/www.dihdatalife.com\/wp-content\/uploads\/2020\/01\/dihdatalife.png\",\"contentUrl\":\"https:\/\/www.dihdatalife.com\/wp-content\/uploads\/2020\/01\/dihdatalife.png\",\"width\":2000,\"height\":400,\"caption\":\"DATAlife\"},\"image\":{\"@id\":\"https:\/\/www.dihdatalife.com\/#\/schema\/logo\/image\/\"},\"sameAs\":[\"https:\/\/twitter.com\/DATAlife_DIH\",\"https:\/\/es.linkedin.com\/in\/datalife-dih\"]}]}<\/script>\r\n<!-- \/ Yoast SEO plugin. -->","yoast_head_json":{"title":"DATAlife DIH &#8212; Hub de Innovaci\u00f3n Dixital das PEMEs de Galicia","description":"DATAlife DIH \u00e9 o Hub de Innovaci\u00f3n Dixital para aplicar intelixencia artificial e big data en PEMEs dos sectores primario, biotecnol\u00f3xico e sa\u00fade","robots":{"index":"index","follow":"follow","max-snippet":"max-snippet:-1","max-image-preview":"max-image-preview:large","max-video-preview":"max-video-preview:-1"},"canonical":"https:\/\/www.dihdatalife.com\/gl\/","og_locale":"gl_ES","og_type":"article","og_title":"DATAlife DIH | Hub de Innovaci\u00f3n Dixital das PEMEs de Galicia","og_description":"DATAlife DIH \u00e9 o Hub de Innovaci\u00f3n Dixital para aplicar intelixencia artificial e big data en PEMEs dos sectores primario, biotecnol\u00f3xico e sa\u00fade.","og_url":"https:\/\/www.dihdatalife.com\/gl\/","og_site_name":"DATAlife","article_modified_time":"2025-06-09T10:11:02+00:00","og_image":[{"width":2401,"height":1260,"url":"https:\/\/www.dihdatalife.com\/wp-content\/uploads\/2020\/02\/SEO-FB.png","type":"image\/png"}],"twitter_card":"summary_large_image","twitter_title":"DATAlife DIH | Hub de Innovaci\u00f3n Dixital das PEMEs de Galicia","twitter_description":"DATAlife DIH \u00e9 o Hub de Innovaci\u00f3n Dixital para aplicar intelixencia artificial e big data en PEMEs dos sectores primario, biotecnol\u00f3xico e sa\u00fade.","twitter_image":"https:\/\/www.dihdatalife.com\/wp-content\/uploads\/2020\/02\/SEO-TW.png","twitter_site":"@DATAlife_DIH","twitter_misc":{"Tempo de lectura":"4 minutos"},"schema":{"@context":"https:\/\/schema.org","@graph":[{"@type":"WebPage","@id":"https:\/\/www.dihdatalife.com\/gl\/","url":"https:\/\/www.dihdatalife.com\/gl\/","name":"DATAlife DIH &#8212; Hub de Innovaci\u00f3n Dixital das PEMEs de Galicia","isPartOf":{"@id":"https:\/\/www.dihdatalife.com\/#website"},"datePublished":"2020-01-22T12:43:30+00:00","dateModified":"2025-06-09T10:11:02+00:00","description":"DATAlife DIH \u00e9 o Hub de Innovaci\u00f3n Dixital para aplicar intelixencia artificial e big data en PEMEs dos sectores primario, biotecnol\u00f3xico e sa\u00fade","breadcrumb":{"@id":"https:\/\/www.dihdatalife.com\/gl\/#breadcrumb"},"inLanguage":"gl-ES","potentialAction":[{"@type":"ReadAction","target":["https:\/\/www.dihdatalife.com\/gl\/"]}]},{"@type":"BreadcrumbList","@id":"https:\/\/www.dihdatalife.com\/gl\/#breadcrumb","itemListElement":[{"@type":"ListItem","position":1,"name":"Home","item":"https:\/\/www.dihdatalife.com\/gl\/"},{"@type":"ListItem","position":2,"name":"Inicio"}]},{"@type":"WebSite","@id":"https:\/\/www.dihdatalife.com\/#website","url":"https:\/\/www.dihdatalife.com\/","name":"DATAlife","description":"","publisher":{"@id":"https:\/\/www.dihdatalife.com\/#organization"},"potentialAction":[{"@type":"SearchAction","target":{"@type":"EntryPoint","urlTemplate":"https:\/\/www.dihdatalife.com\/?s={search_term_string}"},"query-input":"required name=search_term_string"}],"inLanguage":"gl-ES"},{"@type":"Organization","@id":"https:\/\/www.dihdatalife.com\/#organization","name":"DATAlife","url":"https:\/\/www.dihdatalife.com\/","logo":{"@type":"ImageObject","inLanguage":"gl-ES","@id":"https:\/\/www.dihdatalife.com\/#\/schema\/logo\/image\/","url":"https:\/\/www.dihdatalife.com\/wp-content\/uploads\/2020\/01\/dihdatalife.png","contentUrl":"https:\/\/www.dihdatalife.com\/wp-content\/uploads\/2020\/01\/dihdatalife.png","width":2000,"height":400,"caption":"DATAlife"},"image":{"@id":"https:\/\/www.dihdatalife.com\/#\/schema\/logo\/image\/"},"sameAs":["https:\/\/twitter.com\/DATAlife_DIH","https:\/\/es.linkedin.com\/in\/datalife-dih"]}]}},"_links":{"self":[{"href":"https:\/\/www.dihdatalife.com\/gl\/wp-json\/wp\/v2\/pages\/955","targetHints":{"allow":["GET"]}}],"collection":[{"href":"https:\/\/www.dihdatalife.com\/gl\/wp-json\/wp\/v2\/pages"}],"about":[{"href":"https:\/\/www.dihdatalife.com\/gl\/wp-json\/wp\/v2\/types\/page"}],"author":[{"embeddable":true,"href":"https:\/\/www.dihdatalife.com\/gl\/wp-json\/wp\/v2\/users\/1"}],"replies":[{"embeddable":true,"href":"https:\/\/www.dihdatalife.com\/gl\/wp-json\/wp\/v2\/comments?post=955"}],"version-history":[{"count":37,"href":"https:\/\/www.dihdatalife.com\/gl\/wp-json\/wp\/v2\/pages\/955\/revisions"}],"predecessor-version":[{"id":17994,"href":"https:\/\/www.dihdatalife.com\/gl\/wp-json\/wp\/v2\/pages\/955\/revisions\/17994"}],"wp:attachment":[{"href":"https:\/\/www.dihdatalife.com\/gl\/wp-json\/wp\/v2\/media?parent=955"}],"curies":[{"name":"wp","href":"https:\/\/api.w.org\/{rel}","templated":true}]}}