{"id":8268,"date":"2023-04-10T14:22:24","date_gmt":"2023-04-10T12:22:24","guid":{"rendered":"https:\/\/www.dihdatalife.com\/?page_id=8268"},"modified":"2025-09-29T10:46:18","modified_gmt":"2025-09-29T08:46:18","slug":"edih","status":"publish","type":"page","link":"https:\/\/www.dihdatalife.com\/gl\/edih\/","title":{"rendered":"Proxecto EDIH DATAlife"},"content":{"rendered":"<p>[vc_row full_width=&#8221;stretch_row&#8221; full_height=&#8221;yes&#8221; columns_placement=&#8221;top&#8221; foundry_padding=&#8221;pb0&#8243;][vc_column]<section class=\"image-bg fullscreen overlay bg-dark vid-bg local\">\n\t\t<div class=\"background-image-holder\">\n\t        \n\t    <\/div>\n\t\n\t\t\t<div class=\"fs-vid-background\">\n\t\t        <video autoplay muted loop playsinline>\n\t\t            <source src=\"\" type=\"video\/webm\">\n\t\t            <source src=\"https:\/\/www.dihdatalife.com\/wp-content\/uploads\/2022\/11\/eu-color.mov\" type=\"video\/mp4\">\n\t\t            <source src=\"\" type=\"video\/ogg\">\t\n\t\t        <\/video>\n\t\t    <\/div>\n\t\t    \n\t\t    <div class=\"container v-align-transform\">\n\t\t        <div class=\"row\">\n\t\t            <div class=\"col-sm-10 col-sm-offset-1\"><\/p>\n<h1 style=\"text-align: center;\"><\/h1>\n<h1 style=\"text-align: center;\"><img loading=\"lazy\" decoding=\"async\" class=\" wp-image-7941 aligncenter\" style=\"margin-top: 0.857143rem; margin-bottom: 0.857143rem;\" role=\"img\" src=\"https:\/\/www.dihdatalife.com\/wp-content\/uploads\/2023\/02\/EDIH-Logo-White.svg\" alt=\"\" width=\"543\" height=\"104\" \/><\/h1>\n<h2 style=\"text-align: center;\"><strong>DATAl<em>i<\/em>fe: <\/strong>European Digital Innovation Hub<\/h2>\n<p>\n<\/div>\n\t\t        <\/div>\n\t\t    <\/div>\n\t\t    \n\t\t<\/section>\n\t[\/vc_column][\/vc_row][vc_row css=&#8221;.vc_custom_1678703212216{margin-top: 5px !important;margin-right: 5px !important;margin-bottom: 5px !important;margin-left: 5px !important;padding-top: 5px !important;padding-right: 5px !important;padding-bottom: 5px !important;padding-left: 5px !important;}&#8221;][vc_column][vc_column_text]<\/p>\n<h2>Contacta co equipo<\/h2>\n<p>[\/vc_column_text][vc_row_inner][vc_column_inner width=&#8221;1\/3&#8243;][vc_single_image image=&#8221;10692&#8243; img_size=&#8221;medium&#8221;][\/vc_column_inner][vc_column_inner el_class=&#8221;col-retos&#8221; width=&#8221;1\/3&#8243;][vc_column_text]<\/p>\n<p style=\"text-align: justify;\">Se queres recibir os servizos que ofrecemos dende o <strong>proxecto EDIH DATAlife<\/strong>, <strong>cubre o formulario<\/strong> para participar. Unha vez te\u00f1amos a informaci\u00f3n b\u00e1sica da entidade, po\u00f1er\u00e9monos en contacto para realizar a primeira reuni\u00f3n.<\/p>\n<p>[\/vc_column_text][vc_column_text]<\/p>\n<p style=\"text-align: center;\"><a class=\"btn\" href=\"https:\/\/www.dihdatalife.com\/gl\/formulario-servizos-edih-datalife\/\">Cubre o formulario<\/a><\/p>\n<p>[\/vc_column_text][\/vc_column_inner][vc_column_inner el_class=&#8221;col-retos&#8221; width=&#8221;1\/3&#8243;][vc_column_text]<\/p>\n<p style=\"text-align: justify;\">Se eres unha <strong>peme<\/strong>, unha <strong>micdap<\/strong>, unha <strong>gran empresa<\/strong> ou unha <strong>instituci\u00f3n do sector p\u00fablico<\/strong>, non dubides en participar no <strong>proxecto EDIH DATAlife<\/strong>. Descubre os servizos que ofrecemos para co\u00f1ecer cales se adaptan mellor \u00e1s t\u00faas necesidades.<\/p>\n<p>[\/vc_column_text][vc_column_text]<\/p>\n<p style=\"text-align: center;\"><a class=\"btn\" href=\"https:\/\/www.dihdatalife.com\/gl\/servizos-edih-datalife-gal\/\">Descubre os servizos!<\/a><\/p>\n<p>[\/vc_column_text][\/vc_column_inner][\/vc_row_inner][\/vc_column][\/vc_row][vc_row css=&#8221;.vc_custom_1678703665530{margin-top: 40px !important;margin-right: 40px !important;margin-bottom: 40px !important;margin-left: 40px !important;padding-top: 40px !important;padding-right: 40px !important;padding-bottom: 40px !important;padding-left: 40px !important;background-color: #f1f2f2 !important;}&#8221;][vc_column][vc_column_text]<\/p>\n<h2>O proxecto<\/h2>\n<p>[\/vc_column_text][vc_row_inner][vc_column_inner width=&#8221;2\/3&#8243;][vc_column_text]O <strong>proxecto EDIH DATAlife<\/strong> c\u00e9ntrase en implementar tecnolox\u00edas disruptivas en fases de validaci\u00f3n e demostraci\u00f3n con gran potencial para aumentar a competitividade das empresas galegas e da administraci\u00f3n p\u00fablica, pero pouco estendidas na actualidade. Polo tanto, \u00e9 necesario apoiar \u00e1s empresas, especialmente \u00e1s pemes, para facilitar o seu co\u00f1ecemento e adopci\u00f3n.<\/p>\n<p>Os servizos recolleranse nun cat\u00e1logo e de forma gratu\u00edta para as pemes. Estes incluir\u00e1n consellos para implementar novas tecnolox\u00edas e probas de concepto de <strong>Intelixencia Artificial<\/strong> (IA), <strong>Computaci\u00f3n de Altas Prestaci\u00f3ns<\/strong> (HPC) ou <strong>Internet das Cousas<\/strong> (IoT).[\/vc_column_text][\/vc_column_inner][vc_column_inner width=&#8221;1\/3&#8243;][vc_single_image image=&#8221;7390&#8243; img_size=&#8221;medium&#8221;][\/vc_column_inner][\/vc_row_inner][\/vc_column][\/vc_row][vc_row css=&#8221;.vc_custom_1679045730843{margin-top: 40px !important;margin-right: 40px !important;margin-bottom: 40px !important;margin-left: 40px !important;padding-top: 40px !important;padding-right: 40px !important;padding-bottom: 40px !important;padding-left: 40px !important;}&#8221;][vc_column][vc_column_text]<\/p>\n<h2>Obxectivos<\/h2>\n<p>[\/vc_column_text][vc_row_inner equal_height=&#8221;yes&#8221;][vc_column_inner el_class=&#8221;col-retos&#8221; width=&#8221;1\/3&#8243;][vc_column_text]<\/p>\n<p style=\"text-align: justify;\">Aumentar a competitividade das empresas e, especialmente, das <strong>pemes<\/strong>, mediante a adopci\u00f3n de tecnolox\u00edas de <strong>IA<\/strong> e <strong>Big Data<\/strong>, promovendo a creaci\u00f3n de <strong>espazos de datos federados<\/strong> e a s\u00faa explotaci\u00f3n colaborativa.<\/p>\n<p>[\/vc_column_text][vc_single_image image=&#8221;7466&#8243; img_size=&#8221;medium&#8221;][\/vc_column_inner][vc_column_inner el_class=&#8221;col-retos&#8221; width=&#8221;1\/3&#8243;][vc_column_text]<\/p>\n<p style=\"text-align: justify;\">Compartir <strong>boas pr\u00e1cticas<\/strong> con outras rexi\u00f3ns a trav\u00e9s do seu comit\u00e9 de expertos, con embaixadores a nivel nacional e internacional, e con relaci\u00f3ns estrat\u00e9xicas coa participaci\u00f3n en <strong>redes de colaboraci\u00f3n de DIHs<\/strong>.<\/p>\n<p>[\/vc_column_text][vc_single_image image=&#8221;7463&#8243; img_size=&#8221;medium&#8221;][\/vc_column_inner][vc_column_inner el_class=&#8221;col-retos&#8221; width=&#8221;1\/3&#8243;][vc_column_text]<\/p>\n<p style=\"text-align: justify;\">Ser unha <strong>fiestra \u00fanica de servizos<\/strong>, proporcionando \u00e1s empresas acceso a <strong>soluci\u00f3ns dixitais<\/strong> avanzadas a trav\u00e9s de infraestruturas modernas para a experimentaci\u00f3n e validaci\u00f3n tecnol\u00f3xica.<\/p>\n<p>[\/vc_column_text][vc_single_image image=&#8221;7469&#8243; img_size=&#8221;medium&#8221;][\/vc_column_inner][\/vc_row_inner][\/vc_column][\/vc_row][vc_row css=&#8221;.vc_custom_1681720812973{margin-top: 40px !important;margin-right: 40px !important;margin-bottom: 40px !important;margin-left: 40px !important;padding-top: 40px !important;padding-right: 40px !important;padding-bottom: 40px !important;padding-left: 40px !important;background-color: #f1f2f2 !important;}&#8221;][vc_column][vc_column_text]<\/p>\n<h2>Actividades en marcha<\/h2>\n<p>[\/vc_column_text][vc_row_inner equal_height=&#8221;yes&#8221;][vc_column_inner el_class=&#8221;col-retos&#8221; width=&#8221;1\/2&#8243;][vc_single_image image=&#8221;8618&#8243; img_size=&#8221;320&#215;220&#8243; alignment=&#8221;center&#8221;][vc_column_text]<\/p>\n<h3 style=\"text-align: center;\">Mesas sectoriais<\/h3>\n<p style=\"text-align: center;\">Foros de encontro que servir\u00e1n para mapear as necesidades sectoriais existentes.<\/p>\n<p>[\/vc_column_text][vc_column_text]<\/p>\n<p style=\"text-align: center;\"><a class=\"btn\" href=\"https:\/\/www.dihdatalife.com\/mesas-sectoriais\/\">M\u00e1is informaci\u00f3n<\/a><\/p>\n<p>[\/vc_column_text][\/vc_column_inner][vc_column_inner el_class=&#8221;col-retos&#8221; width=&#8221;1\/2&#8243;][vc_single_image image=&#8221;8711&#8243; img_size=&#8221;320&#215;220&#8243; alignment=&#8221;center&#8221;][vc_column_text]<\/p>\n<h3 style=\"text-align: center;\">Convocatorias<\/h3>\n<p style=\"text-align: center;\">Aqu\u00ed poderedes atopar toda a informaci\u00f3n necesaria arredor das convocatorias existentes.<\/p>\n<p>[\/vc_column_text][vc_column_text]<\/p>\n<p style=\"text-align: center;\"><a class=\"btn\" href=\"https:\/\/www.dihdatalife.com\/gl\/convocatorias-abertas\/\">M\u00e1is informaci\u00f3n<\/a><\/p>\n<p>[\/vc_column_text][\/vc_column_inner][\/vc_row_inner][vc_row_inner equal_height=&#8221;yes&#8221;][vc_column_inner el_class=&#8221;col-retos&#8221; width=&#8221;1\/2&#8243;][vc_single_image image=&#8221;9163&#8243; img_size=&#8221;medium&#8221; alignment=&#8221;center&#8221;][vc_column_text]<\/p>\n<h3 style=\"text-align: center;\">Mapa infraestruturas<\/h3>\n<p style=\"text-align: center;\">Mapa orientativo das infraestruturas dispo\u00f1ibles das entidades que forman parte do <strong>proxecto EDIH DATAlife<\/strong>.<\/p>\n<p>[\/vc_column_text][vc_column_text]<\/p>\n<p style=\"text-align: center;\"><a class=\"btn\" href=\"https:\/\/www.dihdatalife.com\/gl\/edih-infraestruturas\/\">M\u00e1is informaci\u00f3n<\/a><\/p>\n<p>[\/vc_column_text][\/vc_column_inner][vc_column_inner el_class=&#8221;col-retos&#8221; width=&#8221;1\/2&#8243;][vc_single_image image=&#8221;10399&#8243; img_size=&#8221;440&#215;290&#8243; alignment=&#8221;center&#8221;][vc_column_text]<\/p>\n<h3 style=\"text-align: center;\">Formaci\u00f3n<\/h3>\n<p style=\"text-align: center;\">Informe detallado do gap existente entre as necesidades formativas e a oferta actual en relaci\u00f3n coas tecnolox\u00edas de vanguardia.<\/p>\n<p>[\/vc_column_text][vc_column_text]<\/p>\n<p style=\"text-align: center;\"><a class=\"btn\" href=\"https:\/\/www.dihdatalife.com\/gl\/formacion-edih\/\">M\u00e1is informaci\u00f3n<\/a><\/p>\n<p>[\/vc_column_text][\/vc_column_inner][\/vc_row_inner][\/vc_column][\/vc_row][vc_row css=&#8221;.vc_custom_1678708112784{margin-top: 40px !important;margin-right: 40px !important;margin-bottom: 40px !important;margin-left: 40px !important;padding-top: 40px !important;padding-right: 40px !important;padding-bottom: 40px !important;padding-left: 40px !important;}&#8221;][vc_column][vc_column_text]<\/p>\n<h2>Actualidade<\/h2>\n<p>[\/vc_column_text][vc_basic_grid post_type=&#8221;post&#8221; max_items=&#8221;3&#8243; item=&#8221;1342&#8243; grid_id=&#8221;vc_gid:1759135554940-ac90f9ab-bfb2-10&#8243; taxonomies=&#8221;185&#8243;][vc_column_text]<\/p>\n<p style=\"text-align: center;\"><a class=\"btn\" href=\"https:\/\/www.dihdatalife.com\/gl\/category\/proxecto-edih-datalife-gal\/\">Ver m\u00e1is<\/a><\/p>\n<p>[\/vc_column_text][\/vc_column][\/vc_row][vc_row css=&#8221;.vc_custom_1686226065804{margin-top: 5px !important;margin-right: 5px !important;margin-bottom: 5px !important;margin-left: 5px !important;padding-top: 5px !important;padding-right: 5px !important;padding-bottom: 5px !important;padding-left: 5px !important;}&#8221;][vc_column][vc_separator][\/vc_column][\/vc_row][vc_row css=&#8221;.vc_custom_1678708112784{margin-top: 40px !important;margin-right: 40px !important;margin-bottom: 40px !important;margin-left: 40px !important;padding-top: 40px !important;padding-right: 40px !important;padding-bottom: 40px !important;padding-left: 40px !important;}&#8221;][vc_column][vc_column_text]<\/p>\n<h2>Consorcio<\/h2>\n<p>[\/vc_column_text][vc_basic_grid post_type=&#8221;team&#8221; max_items=&#8221;50&#8243; show_filter=&#8221;yes&#8221; element_width=&#8221;2&#8243; gap=&#8221;10&#8243; item=&#8221;214&#8243; grid_id=&#8221;vc_gid:1759135554940-65ecb0ae-3838-3&#8243; taxonomies=&#8221;180&#8243; filter_source=&#8221;category&#8221; el_class=&#8221;miembros&#8221;][\/vc_column][\/vc_row][vc_row css=&#8221;.vc_custom_1678710274948{margin-top: 40px !important;margin-right: 40px !important;margin-bottom: 40px !important;margin-left: 40px !important;padding-top: 40px !important;padding-right: 40px !important;padding-bottom: 40px !important;padding-left: 40px !important;background-color: #f1f2f2 !important;}&#8221;][vc_column][vc_column_text]<\/p>\n<h2>Informaci\u00f3n sobre o proxecto<\/h2>\n<p>[\/vc_column_text][vc_row_inner equal_height=&#8221;yes&#8221;][vc_column_inner el_class=&#8221;col-retos&#8221; width=&#8221;1\/2&#8243;][vc_column_text]<strong>Proxecto EDIH DATAlife<\/strong><\/p>\n<p>ID do Acordo de Subvenci\u00f3n: 101083755<\/p>\n<p><strong>Financiado en virtude de<\/strong><\/p>\n<p>DIGITAL-2021-EDIH-01<\/p>\n<p><strong>Coordinador<\/strong><\/p>\n<p>DATAlife<\/p>\n<p><strong>Progreso<\/strong><\/p>\n<p>1 de xaneiro de 2023 &#8211; 31 de decembro de 2025[\/vc_column_text][\/vc_column_inner][vc_column_inner el_class=&#8221;col-retos&#8221; width=&#8221;1\/2&#8243;][vc_column_text][\/vc_column_text][vc_column_text][\/vc_column_text][vc_column_text][\/vc_column_text]<span class=\"counter\">5,494,236<\/span><\/p>\n<h3 style=\"text-align: center;\">Coste total (Euros)<\/h3>\n<p>\n<span class=\"counter\">2,747,118<\/span><\/p>\n<h3 style=\"text-align: center;\">Contribuci\u00f3n da UE (Euros)<\/h3>\n<p>\n[\/vc_column_inner][\/vc_row_inner][vc_progress_bar values=&#8221;%5B%7B%22label%22%3A%22Progreso%22%2C%22value%22%3A%2291.7%22%7D%5D&#8221; bgcolor=&#8221;bar_turquoise&#8221; title=&#8221;progreso do proxecto&#8221; units=&#8221;%&#8221;][vc_column_text]<\/p>\n<p style=\"text-align: center;\"><a class=\"btn\" href=\"https:\/\/www.dihdatalife.com\/plan-de-traballo\/\">Plan de traballo<\/a><\/p>\n<p>[\/vc_column_text][\/vc_column][\/vc_row][vc_row css=&#8221;.vc_custom_1678712293564{margin-top: 40px !important;margin-right: 40px !important;margin-bottom: 40px !important;margin-left: 40px !important;padding-top: 40px !important;padding-right: 40px !important;padding-bottom: 40px !important;padding-left: 40px !important;}&#8221;][vc_column][vc_single_image image=&#8221;17022&#8243; img_size=&#8221;full&#8221;][\/vc_column][\/vc_row]<\/p>\n","protected":false},"excerpt":{"rendered":"<p>[vc_row full_width=&#8221;stretch_row&#8221; full_height=&#8221;yes&#8221; columns_placement=&#8221;top&#8221; foundry_padding=&#8221;pb0&#8243;][vc_column][\/vc_column][\/vc_row][vc_row css=&#8221;.vc_custom_1678703212216{margin-top: 5px !important;margin-right: 5px !important;margin-bottom: 5px !important;margin-left: 5px !important;padding-top: 5px !important;padding-right: 5px !important;padding-bottom: 5px !important;padding-left: 5px&#8230;<\/p>\n","protected":false},"author":6,"featured_media":7543,"parent":0,"menu_order":0,"comment_status":"closed","ping_status":"closed","template":"","meta":{"footnotes":"","_links_to":"","_links_to_target":""},"class_list":["post-8268","page","type-page","status-publish","has-post-thumbnail","hentry"],"yoast_head":"<!-- This site is optimized with the Yoast SEO plugin v21.7 - https:\/\/yoast.com\/wordpress\/plugins\/seo\/ -->\r\n<title>DATAlife &#8212; Proxecto EDIH DATAlife<\/title>\r\n<meta name=\"description\" content=\"DATAlife \u00e9 o Hub de Innovaci\u00f3n Dixital para aplicar intelixencia artificial e big data en pemes dos sectores primario, biotecnol\u00f3xico e sa\u00fade galegos.\" \/>\r\n<meta name=\"robots\" content=\"index, follow, max-snippet:-1, max-image-preview:large, max-video-preview:-1\" \/>\r\n<link rel=\"canonical\" href=\"https:\/\/www.dihdatalife.com\/gl\/edih\/\" \/>\r\n<meta property=\"og:locale\" content=\"gl_ES\" \/>\r\n<meta property=\"og:type\" content=\"article\" \/>\r\n<meta property=\"og:title\" content=\"DATAlife &#8212; Proxecto EDIH DATAlife\" \/>\r\n<meta property=\"og:description\" content=\"DATAlife \u00e9 o Hub de Innovaci\u00f3n Dixital para aplicar intelixencia artificial e big data en pemes dos sectores primario, biotecnol\u00f3xico e sa\u00fade galegos.\" \/>\r\n<meta property=\"og:url\" content=\"https:\/\/www.dihdatalife.com\/gl\/edih\/\" \/>\r\n<meta property=\"og:site_name\" content=\"DATAlife\" \/>\r\n<meta property=\"article:modified_time\" content=\"2025-09-29T08:46:18+00:00\" \/>\r\n<meta name=\"twitter:card\" content=\"summary_large_image\" \/>\r\n<meta name=\"twitter:image\" content=\"https:\/\/www.dihdatalife.com\/wp-content\/uploads\/2022\/12\/EDIH-portada.svg\" \/>\r\n<meta name=\"twitter:site\" content=\"@DATAlife_DIH\" \/>\r\n<meta name=\"twitter:label1\" content=\"Tempo de lectura\" \/>\n\t<meta name=\"twitter:data1\" content=\"4 minutos\" \/>\r\n<script type=\"application\/ld+json\" class=\"yoast-schema-graph\">{\"@context\":\"https:\/\/schema.org\",\"@graph\":[{\"@type\":\"WebPage\",\"@id\":\"https:\/\/www.dihdatalife.com\/gl\/edih\/\",\"url\":\"https:\/\/www.dihdatalife.com\/gl\/edih\/\",\"name\":\"DATAlife &#8212; Proxecto EDIH DATAlife\",\"isPartOf\":{\"@id\":\"https:\/\/www.dihdatalife.com\/#website\"},\"datePublished\":\"2023-04-10T12:22:24+00:00\",\"dateModified\":\"2025-09-29T08:46:18+00:00\",\"description\":\"DATAlife \u00e9 o Hub de Innovaci\u00f3n Dixital para aplicar intelixencia artificial e big data en pemes dos sectores primario, biotecnol\u00f3xico e sa\u00fade galegos.\",\"breadcrumb\":{\"@id\":\"https:\/\/www.dihdatalife.com\/gl\/edih\/#breadcrumb\"},\"inLanguage\":\"gl-ES\",\"potentialAction\":[{\"@type\":\"ReadAction\",\"target\":[\"https:\/\/www.dihdatalife.com\/gl\/edih\/\"]}]},{\"@type\":\"BreadcrumbList\",\"@id\":\"https:\/\/www.dihdatalife.com\/gl\/edih\/#breadcrumb\",\"itemListElement\":[{\"@type\":\"ListItem\",\"position\":1,\"name\":\"Home\",\"item\":\"https:\/\/www.dihdatalife.com\/gl\/\"},{\"@type\":\"ListItem\",\"position\":2,\"name\":\"Proxecto EDIH DATAlife\"}]},{\"@type\":\"WebSite\",\"@id\":\"https:\/\/www.dihdatalife.com\/#website\",\"url\":\"https:\/\/www.dihdatalife.com\/\",\"name\":\"DATAlife\",\"description\":\"\",\"publisher\":{\"@id\":\"https:\/\/www.dihdatalife.com\/#organization\"},\"potentialAction\":[{\"@type\":\"SearchAction\",\"target\":{\"@type\":\"EntryPoint\",\"urlTemplate\":\"https:\/\/www.dihdatalife.com\/?s={search_term_string}\"},\"query-input\":\"required name=search_term_string\"}],\"inLanguage\":\"gl-ES\"},{\"@type\":\"Organization\",\"@id\":\"https:\/\/www.dihdatalife.com\/#organization\",\"name\":\"DATAlife\",\"url\":\"https:\/\/www.dihdatalife.com\/\",\"logo\":{\"@type\":\"ImageObject\",\"inLanguage\":\"gl-ES\",\"@id\":\"https:\/\/www.dihdatalife.com\/#\/schema\/logo\/image\/\",\"url\":\"https:\/\/www.dihdatalife.com\/wp-content\/uploads\/2020\/01\/dihdatalife.png\",\"contentUrl\":\"https:\/\/www.dihdatalife.com\/wp-content\/uploads\/2020\/01\/dihdatalife.png\",\"width\":2000,\"height\":400,\"caption\":\"DATAlife\"},\"image\":{\"@id\":\"https:\/\/www.dihdatalife.com\/#\/schema\/logo\/image\/\"},\"sameAs\":[\"https:\/\/twitter.com\/DATAlife_DIH\",\"https:\/\/es.linkedin.com\/in\/datalife-dih\"]}]}<\/script>\r\n<!-- \/ Yoast SEO plugin. -->","yoast_head_json":{"title":"DATAlife &#8212; Proxecto EDIH DATAlife","description":"DATAlife \u00e9 o Hub de Innovaci\u00f3n Dixital para aplicar intelixencia artificial e big data en pemes dos sectores primario, biotecnol\u00f3xico e sa\u00fade galegos.","robots":{"index":"index","follow":"follow","max-snippet":"max-snippet:-1","max-image-preview":"max-image-preview:large","max-video-preview":"max-video-preview:-1"},"canonical":"https:\/\/www.dihdatalife.com\/gl\/edih\/","og_locale":"gl_ES","og_type":"article","og_title":"DATAlife &#8212; Proxecto EDIH DATAlife","og_description":"DATAlife \u00e9 o Hub de Innovaci\u00f3n Dixital para aplicar intelixencia artificial e big data en pemes dos sectores primario, biotecnol\u00f3xico e sa\u00fade galegos.","og_url":"https:\/\/www.dihdatalife.com\/gl\/edih\/","og_site_name":"DATAlife","article_modified_time":"2025-09-29T08:46:18+00:00","twitter_card":"summary_large_image","twitter_image":"https:\/\/www.dihdatalife.com\/wp-content\/uploads\/2022\/12\/EDIH-portada.svg","twitter_site":"@DATAlife_DIH","twitter_misc":{"Tempo de lectura":"4 minutos"},"schema":{"@context":"https:\/\/schema.org","@graph":[{"@type":"WebPage","@id":"https:\/\/www.dihdatalife.com\/gl\/edih\/","url":"https:\/\/www.dihdatalife.com\/gl\/edih\/","name":"DATAlife &#8212; Proxecto EDIH DATAlife","isPartOf":{"@id":"https:\/\/www.dihdatalife.com\/#website"},"datePublished":"2023-04-10T12:22:24+00:00","dateModified":"2025-09-29T08:46:18+00:00","description":"DATAlife \u00e9 o Hub de Innovaci\u00f3n Dixital para aplicar intelixencia artificial e big data en pemes dos sectores primario, biotecnol\u00f3xico e sa\u00fade galegos.","breadcrumb":{"@id":"https:\/\/www.dihdatalife.com\/gl\/edih\/#breadcrumb"},"inLanguage":"gl-ES","potentialAction":[{"@type":"ReadAction","target":["https:\/\/www.dihdatalife.com\/gl\/edih\/"]}]},{"@type":"BreadcrumbList","@id":"https:\/\/www.dihdatalife.com\/gl\/edih\/#breadcrumb","itemListElement":[{"@type":"ListItem","position":1,"name":"Home","item":"https:\/\/www.dihdatalife.com\/gl\/"},{"@type":"ListItem","position":2,"name":"Proxecto EDIH DATAlife"}]},{"@type":"WebSite","@id":"https:\/\/www.dihdatalife.com\/#website","url":"https:\/\/www.dihdatalife.com\/","name":"DATAlife","description":"","publisher":{"@id":"https:\/\/www.dihdatalife.com\/#organization"},"potentialAction":[{"@type":"SearchAction","target":{"@type":"EntryPoint","urlTemplate":"https:\/\/www.dihdatalife.com\/?s={search_term_string}"},"query-input":"required name=search_term_string"}],"inLanguage":"gl-ES"},{"@type":"Organization","@id":"https:\/\/www.dihdatalife.com\/#organization","name":"DATAlife","url":"https:\/\/www.dihdatalife.com\/","logo":{"@type":"ImageObject","inLanguage":"gl-ES","@id":"https:\/\/www.dihdatalife.com\/#\/schema\/logo\/image\/","url":"https:\/\/www.dihdatalife.com\/wp-content\/uploads\/2020\/01\/dihdatalife.png","contentUrl":"https:\/\/www.dihdatalife.com\/wp-content\/uploads\/2020\/01\/dihdatalife.png","width":2000,"height":400,"caption":"DATAlife"},"image":{"@id":"https:\/\/www.dihdatalife.com\/#\/schema\/logo\/image\/"},"sameAs":["https:\/\/twitter.com\/DATAlife_DIH","https:\/\/es.linkedin.com\/in\/datalife-dih"]}]}},"_links":{"self":[{"href":"https:\/\/www.dihdatalife.com\/gl\/wp-json\/wp\/v2\/pages\/8268","targetHints":{"allow":["GET"]}}],"collection":[{"href":"https:\/\/www.dihdatalife.com\/gl\/wp-json\/wp\/v2\/pages"}],"about":[{"href":"https:\/\/www.dihdatalife.com\/gl\/wp-json\/wp\/v2\/types\/page"}],"author":[{"embeddable":true,"href":"https:\/\/www.dihdatalife.com\/gl\/wp-json\/wp\/v2\/users\/6"}],"replies":[{"embeddable":true,"href":"https:\/\/www.dihdatalife.com\/gl\/wp-json\/wp\/v2\/comments?post=8268"}],"version-history":[{"count":38,"href":"https:\/\/www.dihdatalife.com\/gl\/wp-json\/wp\/v2\/pages\/8268\/revisions"}],"predecessor-version":[{"id":18439,"href":"https:\/\/www.dihdatalife.com\/gl\/wp-json\/wp\/v2\/pages\/8268\/revisions\/18439"}],"wp:featuredmedia":[{"embeddable":true,"href":"https:\/\/www.dihdatalife.com\/gl\/wp-json\/wp\/v2\/media\/7543"}],"wp:attachment":[{"href":"https:\/\/www.dihdatalife.com\/gl\/wp-json\/wp\/v2\/media?parent=8268"}],"curies":[{"name":"wp","href":"https:\/\/api.w.org\/{rel}","templated":true}]}}