{"id":2741,"date":"2021-05-31T11:55:27","date_gmt":"2021-05-31T09:55:27","guid":{"rendered":"https:\/\/www.dihdatalife.com\/casos-de-exito\/"},"modified":"2025-06-12T13:49:58","modified_gmt":"2025-06-12T11:49:58","slug":"casos-de-exito","status":"publish","type":"page","link":"https:\/\/www.dihdatalife.com\/gl\/casos-de-exito\/","title":{"rendered":"Casos de \u00e9xito"},"content":{"rendered":"<p>[vc_row][vc_column][vc_row_inner][vc_column_inner width=&#8221;1\/2&#8243;][vc_column_text]<\/p>\n<h4>Vi\u00f1a Costeira &#8211; Gabriel L\u00f3pez<\/h4>\n<p>[\/vc_column_text][vc_video link=&#8221;https:\/\/www.youtube.com\/watch?v=fFWu-1Wqbsk&amp;t=31s&#8221;][\/vc_column_inner][vc_column_inner width=&#8221;1\/2&#8243;][vc_column_text]<\/p>\n<h4>Medrar &#8211; Hugo Criado<\/h4>\n<p>[\/vc_column_text][vc_video link=&#8221;https:\/\/www.youtube.com\/watch?v=SfcQS7DVCF8&amp;t=2s&#8221;][\/vc_column_inner][\/vc_row_inner][vc_row_inner][vc_column_inner width=&#8221;1\/2&#8243;][vc_column_text]<\/p>\n<h4>Coquus &#8211; Alberto L\u00e1zaro<\/h4>\n<p>[\/vc_column_text][vc_video link=&#8221;https:\/\/www.youtube.com\/watch?v=xspKVTJbzAI&amp;t=29s&#8221;][\/vc_column_inner][vc_column_inner width=&#8221;1\/2&#8243;][vc_column_text]<\/p>\n<h4>Asefor &#8211; Manuel Beiro<\/h4>\n<p>[\/vc_column_text][vc_video link=&#8221;https:\/\/www.youtube.com\/watch?v=8LOkEaeTBHA&#8221;][\/vc_column_inner][\/vc_row_inner][\/vc_column][\/vc_row]<\/p>\n","protected":false},"excerpt":{"rendered":"<p>[vc_row][vc_column][vc_row_inner][vc_column_inner width=&#8221;1\/2&#8243;][vc_column_text] Vi\u00f1a Costeira &#8211; Gabriel L\u00f3pez [\/vc_column_text][vc_video link=&#8221;https:\/\/www.youtube.com\/watch?v=fFWu-1Wqbsk&amp;t=31s&#8221;][\/vc_column_inner][vc_column_inner width=&#8221;1\/2&#8243;][vc_column_text] Medrar &#8211; Hugo Criado [\/vc_column_text][vc_video link=&#8221;https:\/\/www.youtube.com\/watch?v=SfcQS7DVCF8&amp;t=2s&#8221;][\/vc_column_inner][\/vc_row_inner][vc_row_inner][vc_column_inner width=&#8221;1\/2&#8243;][vc_column_text] Coquus &#8211; Alberto L\u00e1zaro&#8230;<\/p>\n","protected":false},"author":1,"featured_media":0,"parent":0,"menu_order":0,"comment_status":"closed","ping_status":"closed","template":"","meta":{"footnotes":"","_links_to":"","_links_to_target":""},"class_list":["post-2741","page","type-page","status-publish","hentry"],"yoast_head":"<!-- This site is optimized with the Yoast SEO plugin v21.7 - https:\/\/yoast.com\/wordpress\/plugins\/seo\/ -->\r\n<title>DATAlife &#8212; Casos de \u00e9xito<\/title>\r\n<meta name=\"description\" content=\"DATAlife es el Hub de Innovaci\u00f3n Digital para aplicar inteligencia artificial y big data en PYMES de los sectores primario, biotecnol\u00f3gico y salud gallegas.\" \/>\r\n<meta name=\"robots\" content=\"index, follow, max-snippet:-1, max-image-preview:large, max-video-preview:-1\" \/>\r\n<link rel=\"canonical\" href=\"https:\/\/www.dihdatalife.com\/gl\/casos-de-exito\/\" \/>\r\n<meta property=\"og:locale\" content=\"gl_ES\" \/>\r\n<meta property=\"og:type\" content=\"article\" \/>\r\n<meta property=\"og:title\" content=\"DATAlife | Casos de \u00e9xito\" \/>\r\n<meta property=\"og:description\" content=\"DATAlife es el Hub de Innovaci\u00f3n Digital para aplicar inteligencia artificial y big data en PYMES de los sectores primario, biotecnol\u00f3gico y salud gallegas.\" \/>\r\n<meta property=\"og:url\" content=\"https:\/\/www.dihdatalife.com\/gl\/casos-de-exito\/\" \/>\r\n<meta property=\"og:site_name\" content=\"DATAlife\" \/>\r\n<meta property=\"article:modified_time\" content=\"2025-06-12T11:49:58+00:00\" \/>\r\n<meta property=\"og:image\" content=\"https:\/\/www.dihdatalife.com\/wp-content\/uploads\/2020\/02\/SEO-FB.png\" \/>\r\n\t<meta property=\"og:image:width\" content=\"2401\" \/>\r\n\t<meta property=\"og:image:height\" content=\"1260\" \/>\r\n\t<meta property=\"og:image:type\" content=\"image\/png\" \/>\r\n<meta name=\"twitter:card\" content=\"summary_large_image\" \/>\r\n<meta name=\"twitter:title\" content=\"DATAlife | Casos de \u00e9xito\" \/>\r\n<meta name=\"twitter:description\" content=\"DATAlife es el Hub de Innovaci\u00f3n Digital para aplicar inteligencia artificial y big data en PYMES de los sectores primario, biotecnol\u00f3gico y salud gallegas.\" \/>\r\n<meta name=\"twitter:image\" content=\"https:\/\/www.dihdatalife.com\/wp-content\/uploads\/2020\/02\/SEO-TW.png\" \/>\r\n<meta name=\"twitter:site\" content=\"@DATAlife_DIH\" \/>\r\n<meta name=\"twitter:label1\" content=\"Tempo de lectura\" \/>\n\t<meta name=\"twitter:data1\" content=\"1 minuto\" \/>\r\n<script type=\"application\/ld+json\" class=\"yoast-schema-graph\">{\"@context\":\"https:\/\/schema.org\",\"@graph\":[{\"@type\":\"WebPage\",\"@id\":\"https:\/\/www.dihdatalife.com\/gl\/casos-de-exito\/\",\"url\":\"https:\/\/www.dihdatalife.com\/gl\/casos-de-exito\/\",\"name\":\"DATAlife &#8212; Casos de \u00e9xito\",\"isPartOf\":{\"@id\":\"https:\/\/www.dihdatalife.com\/#website\"},\"datePublished\":\"2021-05-31T09:55:27+00:00\",\"dateModified\":\"2025-06-12T11:49:58+00:00\",\"description\":\"DATAlife es el Hub de Innovaci\u00f3n Digital para aplicar inteligencia artificial y big data en PYMES de los sectores primario, biotecnol\u00f3gico y salud gallegas.\",\"breadcrumb\":{\"@id\":\"https:\/\/www.dihdatalife.com\/gl\/casos-de-exito\/#breadcrumb\"},\"inLanguage\":\"gl-ES\",\"potentialAction\":[{\"@type\":\"ReadAction\",\"target\":[\"https:\/\/www.dihdatalife.com\/gl\/casos-de-exito\/\"]}]},{\"@type\":\"BreadcrumbList\",\"@id\":\"https:\/\/www.dihdatalife.com\/gl\/casos-de-exito\/#breadcrumb\",\"itemListElement\":[{\"@type\":\"ListItem\",\"position\":1,\"name\":\"Home\",\"item\":\"https:\/\/www.dihdatalife.com\/gl\/\"},{\"@type\":\"ListItem\",\"position\":2,\"name\":\"Casos de \u00e9xito\"}]},{\"@type\":\"WebSite\",\"@id\":\"https:\/\/www.dihdatalife.com\/#website\",\"url\":\"https:\/\/www.dihdatalife.com\/\",\"name\":\"DATAlife\",\"description\":\"\",\"publisher\":{\"@id\":\"https:\/\/www.dihdatalife.com\/#organization\"},\"potentialAction\":[{\"@type\":\"SearchAction\",\"target\":{\"@type\":\"EntryPoint\",\"urlTemplate\":\"https:\/\/www.dihdatalife.com\/?s={search_term_string}\"},\"query-input\":\"required name=search_term_string\"}],\"inLanguage\":\"gl-ES\"},{\"@type\":\"Organization\",\"@id\":\"https:\/\/www.dihdatalife.com\/#organization\",\"name\":\"DATAlife\",\"url\":\"https:\/\/www.dihdatalife.com\/\",\"logo\":{\"@type\":\"ImageObject\",\"inLanguage\":\"gl-ES\",\"@id\":\"https:\/\/www.dihdatalife.com\/#\/schema\/logo\/image\/\",\"url\":\"https:\/\/www.dihdatalife.com\/wp-content\/uploads\/2020\/01\/dihdatalife.png\",\"contentUrl\":\"https:\/\/www.dihdatalife.com\/wp-content\/uploads\/2020\/01\/dihdatalife.png\",\"width\":2000,\"height\":400,\"caption\":\"DATAlife\"},\"image\":{\"@id\":\"https:\/\/www.dihdatalife.com\/#\/schema\/logo\/image\/\"},\"sameAs\":[\"https:\/\/twitter.com\/DATAlife_DIH\",\"https:\/\/es.linkedin.com\/in\/datalife-dih\"]}]}<\/script>\r\n<!-- \/ Yoast SEO plugin. -->","yoast_head_json":{"title":"DATAlife &#8212; Casos de \u00e9xito","description":"DATAlife es el Hub de Innovaci\u00f3n Digital para aplicar inteligencia artificial y big data en PYMES de los sectores primario, biotecnol\u00f3gico y salud gallegas.","robots":{"index":"index","follow":"follow","max-snippet":"max-snippet:-1","max-image-preview":"max-image-preview:large","max-video-preview":"max-video-preview:-1"},"canonical":"https:\/\/www.dihdatalife.com\/gl\/casos-de-exito\/","og_locale":"gl_ES","og_type":"article","og_title":"DATAlife | Casos de \u00e9xito","og_description":"DATAlife es el Hub de Innovaci\u00f3n Digital para aplicar inteligencia artificial y big data en PYMES de los sectores primario, biotecnol\u00f3gico y salud gallegas.","og_url":"https:\/\/www.dihdatalife.com\/gl\/casos-de-exito\/","og_site_name":"DATAlife","article_modified_time":"2025-06-12T11:49:58+00:00","og_image":[{"width":2401,"height":1260,"url":"https:\/\/www.dihdatalife.com\/wp-content\/uploads\/2020\/02\/SEO-FB.png","type":"image\/png"}],"twitter_card":"summary_large_image","twitter_title":"DATAlife | Casos de \u00e9xito","twitter_description":"DATAlife es el Hub de Innovaci\u00f3n Digital para aplicar inteligencia artificial y big data en PYMES de los sectores primario, biotecnol\u00f3gico y salud gallegas.","twitter_image":"https:\/\/www.dihdatalife.com\/wp-content\/uploads\/2020\/02\/SEO-TW.png","twitter_site":"@DATAlife_DIH","twitter_misc":{"Tempo de lectura":"1 minuto"},"schema":{"@context":"https:\/\/schema.org","@graph":[{"@type":"WebPage","@id":"https:\/\/www.dihdatalife.com\/gl\/casos-de-exito\/","url":"https:\/\/www.dihdatalife.com\/gl\/casos-de-exito\/","name":"DATAlife &#8212; Casos de \u00e9xito","isPartOf":{"@id":"https:\/\/www.dihdatalife.com\/#website"},"datePublished":"2021-05-31T09:55:27+00:00","dateModified":"2025-06-12T11:49:58+00:00","description":"DATAlife es el Hub de Innovaci\u00f3n Digital para aplicar inteligencia artificial y big data en PYMES de los sectores primario, biotecnol\u00f3gico y salud gallegas.","breadcrumb":{"@id":"https:\/\/www.dihdatalife.com\/gl\/casos-de-exito\/#breadcrumb"},"inLanguage":"gl-ES","potentialAction":[{"@type":"ReadAction","target":["https:\/\/www.dihdatalife.com\/gl\/casos-de-exito\/"]}]},{"@type":"BreadcrumbList","@id":"https:\/\/www.dihdatalife.com\/gl\/casos-de-exito\/#breadcrumb","itemListElement":[{"@type":"ListItem","position":1,"name":"Home","item":"https:\/\/www.dihdatalife.com\/gl\/"},{"@type":"ListItem","position":2,"name":"Casos de \u00e9xito"}]},{"@type":"WebSite","@id":"https:\/\/www.dihdatalife.com\/#website","url":"https:\/\/www.dihdatalife.com\/","name":"DATAlife","description":"","publisher":{"@id":"https:\/\/www.dihdatalife.com\/#organization"},"potentialAction":[{"@type":"SearchAction","target":{"@type":"EntryPoint","urlTemplate":"https:\/\/www.dihdatalife.com\/?s={search_term_string}"},"query-input":"required name=search_term_string"}],"inLanguage":"gl-ES"},{"@type":"Organization","@id":"https:\/\/www.dihdatalife.com\/#organization","name":"DATAlife","url":"https:\/\/www.dihdatalife.com\/","logo":{"@type":"ImageObject","inLanguage":"gl-ES","@id":"https:\/\/www.dihdatalife.com\/#\/schema\/logo\/image\/","url":"https:\/\/www.dihdatalife.com\/wp-content\/uploads\/2020\/01\/dihdatalife.png","contentUrl":"https:\/\/www.dihdatalife.com\/wp-content\/uploads\/2020\/01\/dihdatalife.png","width":2000,"height":400,"caption":"DATAlife"},"image":{"@id":"https:\/\/www.dihdatalife.com\/#\/schema\/logo\/image\/"},"sameAs":["https:\/\/twitter.com\/DATAlife_DIH","https:\/\/es.linkedin.com\/in\/datalife-dih"]}]}},"_links":{"self":[{"href":"https:\/\/www.dihdatalife.com\/gl\/wp-json\/wp\/v2\/pages\/2741","targetHints":{"allow":["GET"]}}],"collection":[{"href":"https:\/\/www.dihdatalife.com\/gl\/wp-json\/wp\/v2\/pages"}],"about":[{"href":"https:\/\/www.dihdatalife.com\/gl\/wp-json\/wp\/v2\/types\/page"}],"author":[{"embeddable":true,"href":"https:\/\/www.dihdatalife.com\/gl\/wp-json\/wp\/v2\/users\/1"}],"replies":[{"embeddable":true,"href":"https:\/\/www.dihdatalife.com\/gl\/wp-json\/wp\/v2\/comments?post=2741"}],"version-history":[{"count":2,"href":"https:\/\/www.dihdatalife.com\/gl\/wp-json\/wp\/v2\/pages\/2741\/revisions"}],"predecessor-version":[{"id":18061,"href":"https:\/\/www.dihdatalife.com\/gl\/wp-json\/wp\/v2\/pages\/2741\/revisions\/18061"}],"wp:attachment":[{"href":"https:\/\/www.dihdatalife.com\/gl\/wp-json\/wp\/v2\/media?parent=2741"}],"curies":[{"name":"wp","href":"https:\/\/api.w.org\/{rel}","templated":true}]}}