{"id":2697,"date":"2021-05-26T10:52:13","date_gmt":"2021-05-26T08:52:13","guid":{"rendered":"https:\/\/www.dihdatalife.com\/servicios-dih-datalife\/"},"modified":"2021-07-07T09:35:18","modified_gmt":"2021-07-07T07:35:18","slug":"servicios-dih-datalife","status":"publish","type":"page","link":"https:\/\/www.dihdatalife.com\/gl\/servicios-dih-datalife\/","title":{"rendered":"Servizos DiH DATAlife"},"content":{"rendered":"<p>[vc_row][vc_column][vc_row_inner equal_height=&#8221;yes&#8221;][vc_column_inner el_class=&#8221;col-retos&#8221; width=&#8221;1\/3&#8243;][vc_single_image image=&#8221;289&#8243; img_size=&#8221;full&#8221; alignment=&#8221;center&#8221; el_class=&#8221;ico-servicios&#8221;][vc_column_text]<\/p>\n<h3 style=\"text-align: center;\"><strong>Traza o cami\u00f1o<\/strong><\/h3>\n<p style=\"text-align: center;\">Asesoramento para a transformaci\u00f3n dixital.<\/p>\n<p>[\/vc_column_text][vc_column_text]<\/p>\n<p style=\"text-align: center;\"><a class=\"btn\" href=\"https:\/\/www.dihdatalife.com\/gl\/portfolio\/traza-ruta\/\">M\u00e1is informaci\u00f3n<\/a><\/p>\n<p>[\/vc_column_text][\/vc_column_inner][vc_column_inner el_class=&#8221;col-retos&#8221; width=&#8221;1\/3&#8243;][vc_single_image image=&#8221;662&#8243; img_size=&#8221;full&#8221; alignment=&#8221;center&#8221; el_class=&#8221;ico-servicios&#8221;][vc_column_text]<\/p>\n<h3 style=\"text-align: center;\">Conecta<\/h3>\n<p style=\"text-align: center;\">Conexi\u00f3n de oferta e demanda. B\u00fasqueda de socios<\/p>\n<p>[\/vc_column_text][vc_column_text]<\/p>\n<p style=\"text-align: center;\"><a class=\"btn\" href=\"https:\/\/www.dihdatalife.com\/gl\/portfolio\/conecta\/\">M\u00e1is informaci\u00f3n<\/a><\/p>\n<p>[\/vc_column_text][\/vc_column_inner][vc_column_inner el_class=&#8221;col-retos&#8221; width=&#8221;1\/3&#8243;][vc_single_image image=&#8221;282&#8243; img_size=&#8221;full&#8221; alignment=&#8221;center&#8221; el_class=&#8221;ico-servicios&#8221;][vc_column_text]<\/p>\n<h3 style=\"text-align: center;\">Accede<\/h3>\n<p style=\"text-align: center;\">Asesoramento para o acceso a fontes de financiaci\u00f3n p\u00fablicas e privadas<\/p>\n<p>[\/vc_column_text][vc_column_text]<\/p>\n<p style=\"text-align: center;\"><a class=\"btn\" href=\"https:\/\/www.dihdatalife.com\/gl\/portfolio\/accede\/\">M\u00e1is informaci\u00f3n<\/a><\/p>\n<p>[\/vc_column_text][\/vc_column_inner][\/vc_row_inner][vc_row_inner equal_height=&#8221;yes&#8221; content_placement=&#8221;top&#8221;][vc_column_inner el_class=&#8221;col-retos&#8221; width=&#8221;1\/2&#8243;][vc_single_image image=&#8221;290&#8243; img_size=&#8221;full&#8221; alignment=&#8221;center&#8221; el_class=&#8221;ico-servicios&#8221;][vc_column_text]<\/p>\n<h3 style=\"text-align: center;\">Reta<\/h3>\n<p style=\"text-align: center;\">Resoluci\u00f3n de retos tecnol\u00f3xicos mediante modelos de colaboraci\u00f3n e co-creaci\u00f3n entre o ecosistema<\/p>\n<p>[\/vc_column_text][vc_column_text]<\/p>\n<p style=\"text-align: center;\"><a class=\"btn\" href=\"https:\/\/www.dihdatalife.com\/gl\/portfolio\/reta\/\">M\u00e1is informaci\u00f3n<\/a><\/p>\n<p>[\/vc_column_text][\/vc_column_inner][vc_column_inner el_class=&#8221;col-retos&#8221; width=&#8221;1\/2&#8243;][vc_single_image image=&#8221;281&#8243; img_size=&#8221;full&#8221; alignment=&#8221;center&#8221; el_class=&#8221;ico-servicios&#8221;][vc_column_text]<\/p>\n<h3 style=\"text-align: center;\"><strong>Experimenta<\/strong><\/h3>\n<p style=\"text-align: center;\">Planificaci\u00f3n, identificaci\u00f3n e proba de tecnolox\u00edas en entornos reais, para a s\u00faa evaluaci\u00f3n por parte do usuario final<\/p>\n<p>[\/vc_column_text][vc_column_text]<\/p>\n<p style=\"text-align: center;\"><a class=\"btn\" href=\"https:\/\/www.dihdatalife.com\/gl\/portfolio\/experimenta\/\">M\u00e1is informaci\u00f3n<\/a><\/p>\n<p>[\/vc_column_text][\/vc_column_inner][\/vc_row_inner][vc_row_inner equal_height=&#8221;yes&#8221;][vc_column_inner el_class=&#8221;col-retos&#8221; width=&#8221;1\/2&#8243;][vc_single_image image=&#8221;283&#8243; img_size=&#8221;full&#8221; alignment=&#8221;center&#8221; el_class=&#8221;ico-servicios&#8221;][vc_column_text]<\/p>\n<h3 style=\"text-align: center;\">Impulsa<\/h3>\n<p style=\"text-align: center;\">Axud\u00e1mosche a valorizar os datos como base para a toma de decisi\u00f3ns<\/p>\n<p>[\/vc_column_text][vc_column_text]<\/p>\n<p style=\"text-align: center;\"><a class=\"btn\" href=\"https:\/\/www.dihdatalife.com\/gl\/portfolio\/impulsa\/\">M\u00e1is informaci\u00f3n<\/a><\/p>\n<p>[\/vc_column_text][\/vc_column_inner][vc_column_inner el_class=&#8221;col-retos&#8221; width=&#8221;1\/2&#8243;][vc_single_image image=&#8221;287&#8243; img_size=&#8221;full&#8221; alignment=&#8221;center&#8221; el_class=&#8221;ico-servicios&#8221;][vc_column_text]<\/p>\n<h3 style=\"text-align: center;\">Gu\u00eda<\/h3>\n<p style=\"text-align: center;\">Po\u00f1\u00e9moste en contacto con l\u00edderes tecnol\u00f3xicos especializados<\/p>\n<p>[\/vc_column_text][vc_column_text]<\/p>\n<p style=\"text-align: center;\"><a class=\"btn\" href=\"https:\/\/www.dihdatalife.com\/gl\/portfolio\/guia\/\">M\u00e1is informaci\u00f3n<\/a><\/p>\n<p>[\/vc_column_text][\/vc_column_inner][\/vc_row_inner][\/vc_column][\/vc_row]<\/p>\n","protected":false},"excerpt":{"rendered":"<p>[vc_row][vc_column][vc_row_inner equal_height=&#8221;yes&#8221;][vc_column_inner el_class=&#8221;col-retos&#8221; width=&#8221;1\/3&#8243;][vc_single_image image=&#8221;289&#8243; img_size=&#8221;full&#8221; alignment=&#8221;center&#8221; el_class=&#8221;ico-servicios&#8221;][vc_column_text] Traza o cami\u00f1o Asesoramento para a transformaci\u00f3n dixital. [\/vc_column_text][vc_column_text] M\u00e1is informaci\u00f3n [\/vc_column_text][\/vc_column_inner][vc_column_inner el_class=&#8221;col-retos&#8221;&#8230;<\/p>\n","protected":false},"author":1,"featured_media":0,"parent":0,"menu_order":0,"comment_status":"closed","ping_status":"closed","template":"","meta":{"footnotes":"","_links_to":"","_links_to_target":""},"class_list":["post-2697","page","type-page","status-publish","hentry"],"yoast_head":"<!-- This site is optimized with the Yoast SEO plugin v21.7 - https:\/\/yoast.com\/wordpress\/plugins\/seo\/ -->\r\n<title>DATAlife &#8212; Servicios<\/title>\r\n<meta name=\"description\" content=\"Conoce todos los servicios que ofrece DATAlife sobre innovaci\u00f3n tecnol\u00f3gica, formaci\u00f3n, sensibilizaci\u00f3n y desarrollo de negocio.\" \/>\r\n<meta name=\"robots\" content=\"index, follow, max-snippet:-1, max-image-preview:large, max-video-preview:-1\" \/>\r\n<link rel=\"canonical\" href=\"https:\/\/www.dihdatalife.com\/servicios-dih-datalife\/\" \/>\r\n<meta property=\"og:locale\" content=\"gl_ES\" \/>\r\n<meta property=\"og:type\" content=\"article\" \/>\r\n<meta property=\"og:title\" content=\"DATAlife | Servicios\" \/>\r\n<meta property=\"og:description\" content=\"Conoce todos los servicios que ofrece DATAlife sobre innovaci\u00f3n tecnol\u00f3gica, formaci\u00f3n, sensibilizaci\u00f3n y desarrollo de negocio.\" \/>\r\n<meta property=\"og:url\" content=\"https:\/\/www.dihdatalife.com\/servicios-dih-datalife\/\" \/>\r\n<meta property=\"og:site_name\" content=\"DATAlife\" \/>\r\n<meta property=\"article:modified_time\" content=\"2021-07-07T07:35:18+00:00\" \/>\r\n<meta property=\"og:image\" content=\"https:\/\/www.dihdatalife.com\/wp-content\/uploads\/2020\/02\/SEO-FB.png\" \/>\r\n\t<meta property=\"og:image:width\" content=\"2401\" \/>\r\n\t<meta property=\"og:image:height\" content=\"1260\" \/>\r\n\t<meta property=\"og:image:type\" content=\"image\/png\" \/>\r\n<meta name=\"twitter:card\" content=\"summary_large_image\" \/>\r\n<meta name=\"twitter:title\" content=\"DATAlife | Servicios\" \/>\r\n<meta name=\"twitter:description\" content=\"Conoce todos los servicios que ofrece DATAlife sobre innovaci\u00f3n tecnol\u00f3gica, formaci\u00f3n, sensibilizaci\u00f3n y desarrollo de negocio.\" \/>\r\n<meta name=\"twitter:image\" content=\"https:\/\/www.dihdatalife.com\/wp-content\/uploads\/2020\/02\/SEO-TW.png\" \/>\r\n<meta name=\"twitter:site\" content=\"@DATAlife_DIH\" \/>\r\n<meta name=\"twitter:label1\" content=\"Tempo de lectura\" \/>\n\t<meta name=\"twitter:data1\" content=\"1 minuto\" \/>\r\n<script type=\"application\/ld+json\" class=\"yoast-schema-graph\">{\"@context\":\"https:\/\/schema.org\",\"@graph\":[{\"@type\":\"WebPage\",\"@id\":\"https:\/\/www.dihdatalife.com\/servicios-dih-datalife\/\",\"url\":\"https:\/\/www.dihdatalife.com\/servicios-dih-datalife\/\",\"name\":\"DATAlife &#8212; Servicios\",\"isPartOf\":{\"@id\":\"https:\/\/www.dihdatalife.com\/#website\"},\"datePublished\":\"2021-05-26T08:52:13+00:00\",\"dateModified\":\"2021-07-07T07:35:18+00:00\",\"description\":\"Conoce todos los servicios que ofrece DATAlife sobre innovaci\u00f3n tecnol\u00f3gica, formaci\u00f3n, sensibilizaci\u00f3n y desarrollo de negocio.\",\"breadcrumb\":{\"@id\":\"https:\/\/www.dihdatalife.com\/servicios-dih-datalife\/#breadcrumb\"},\"inLanguage\":\"gl-ES\",\"potentialAction\":[{\"@type\":\"ReadAction\",\"target\":[\"https:\/\/www.dihdatalife.com\/servicios-dih-datalife\/\"]}]},{\"@type\":\"BreadcrumbList\",\"@id\":\"https:\/\/www.dihdatalife.com\/servicios-dih-datalife\/#breadcrumb\",\"itemListElement\":[{\"@type\":\"ListItem\",\"position\":1,\"name\":\"Home\",\"item\":\"https:\/\/www.dihdatalife.com\/gl\/\"},{\"@type\":\"ListItem\",\"position\":2,\"name\":\"Servizos DiH DATAlife\"}]},{\"@type\":\"WebSite\",\"@id\":\"https:\/\/www.dihdatalife.com\/#website\",\"url\":\"https:\/\/www.dihdatalife.com\/\",\"name\":\"DATAlife\",\"description\":\"\",\"publisher\":{\"@id\":\"https:\/\/www.dihdatalife.com\/#organization\"},\"potentialAction\":[{\"@type\":\"SearchAction\",\"target\":{\"@type\":\"EntryPoint\",\"urlTemplate\":\"https:\/\/www.dihdatalife.com\/?s={search_term_string}\"},\"query-input\":\"required name=search_term_string\"}],\"inLanguage\":\"gl-ES\"},{\"@type\":\"Organization\",\"@id\":\"https:\/\/www.dihdatalife.com\/#organization\",\"name\":\"DATAlife\",\"url\":\"https:\/\/www.dihdatalife.com\/\",\"logo\":{\"@type\":\"ImageObject\",\"inLanguage\":\"gl-ES\",\"@id\":\"https:\/\/www.dihdatalife.com\/#\/schema\/logo\/image\/\",\"url\":\"https:\/\/www.dihdatalife.com\/wp-content\/uploads\/2020\/01\/dihdatalife.png\",\"contentUrl\":\"https:\/\/www.dihdatalife.com\/wp-content\/uploads\/2020\/01\/dihdatalife.png\",\"width\":2000,\"height\":400,\"caption\":\"DATAlife\"},\"image\":{\"@id\":\"https:\/\/www.dihdatalife.com\/#\/schema\/logo\/image\/\"},\"sameAs\":[\"https:\/\/twitter.com\/DATAlife_DIH\",\"https:\/\/es.linkedin.com\/in\/datalife-dih\"]}]}<\/script>\r\n<!-- \/ Yoast SEO plugin. -->","yoast_head_json":{"title":"DATAlife &#8212; Servicios","description":"Conoce todos los servicios que ofrece DATAlife sobre innovaci\u00f3n tecnol\u00f3gica, formaci\u00f3n, sensibilizaci\u00f3n y desarrollo de negocio.","robots":{"index":"index","follow":"follow","max-snippet":"max-snippet:-1","max-image-preview":"max-image-preview:large","max-video-preview":"max-video-preview:-1"},"canonical":"https:\/\/www.dihdatalife.com\/servicios-dih-datalife\/","og_locale":"gl_ES","og_type":"article","og_title":"DATAlife | Servicios","og_description":"Conoce todos los servicios que ofrece DATAlife sobre innovaci\u00f3n tecnol\u00f3gica, formaci\u00f3n, sensibilizaci\u00f3n y desarrollo de negocio.","og_url":"https:\/\/www.dihdatalife.com\/servicios-dih-datalife\/","og_site_name":"DATAlife","article_modified_time":"2021-07-07T07:35:18+00:00","og_image":[{"width":2401,"height":1260,"url":"https:\/\/www.dihdatalife.com\/wp-content\/uploads\/2020\/02\/SEO-FB.png","type":"image\/png"}],"twitter_card":"summary_large_image","twitter_title":"DATAlife | Servicios","twitter_description":"Conoce todos los servicios que ofrece DATAlife sobre innovaci\u00f3n tecnol\u00f3gica, formaci\u00f3n, sensibilizaci\u00f3n y desarrollo de negocio.","twitter_image":"https:\/\/www.dihdatalife.com\/wp-content\/uploads\/2020\/02\/SEO-TW.png","twitter_site":"@DATAlife_DIH","twitter_misc":{"Tempo de lectura":"1 minuto"},"schema":{"@context":"https:\/\/schema.org","@graph":[{"@type":"WebPage","@id":"https:\/\/www.dihdatalife.com\/servicios-dih-datalife\/","url":"https:\/\/www.dihdatalife.com\/servicios-dih-datalife\/","name":"DATAlife &#8212; Servicios","isPartOf":{"@id":"https:\/\/www.dihdatalife.com\/#website"},"datePublished":"2021-05-26T08:52:13+00:00","dateModified":"2021-07-07T07:35:18+00:00","description":"Conoce todos los servicios que ofrece DATAlife sobre innovaci\u00f3n tecnol\u00f3gica, formaci\u00f3n, sensibilizaci\u00f3n y desarrollo de negocio.","breadcrumb":{"@id":"https:\/\/www.dihdatalife.com\/servicios-dih-datalife\/#breadcrumb"},"inLanguage":"gl-ES","potentialAction":[{"@type":"ReadAction","target":["https:\/\/www.dihdatalife.com\/servicios-dih-datalife\/"]}]},{"@type":"BreadcrumbList","@id":"https:\/\/www.dihdatalife.com\/servicios-dih-datalife\/#breadcrumb","itemListElement":[{"@type":"ListItem","position":1,"name":"Home","item":"https:\/\/www.dihdatalife.com\/gl\/"},{"@type":"ListItem","position":2,"name":"Servizos DiH DATAlife"}]},{"@type":"WebSite","@id":"https:\/\/www.dihdatalife.com\/#website","url":"https:\/\/www.dihdatalife.com\/","name":"DATAlife","description":"","publisher":{"@id":"https:\/\/www.dihdatalife.com\/#organization"},"potentialAction":[{"@type":"SearchAction","target":{"@type":"EntryPoint","urlTemplate":"https:\/\/www.dihdatalife.com\/?s={search_term_string}"},"query-input":"required name=search_term_string"}],"inLanguage":"gl-ES"},{"@type":"Organization","@id":"https:\/\/www.dihdatalife.com\/#organization","name":"DATAlife","url":"https:\/\/www.dihdatalife.com\/","logo":{"@type":"ImageObject","inLanguage":"gl-ES","@id":"https:\/\/www.dihdatalife.com\/#\/schema\/logo\/image\/","url":"https:\/\/www.dihdatalife.com\/wp-content\/uploads\/2020\/01\/dihdatalife.png","contentUrl":"https:\/\/www.dihdatalife.com\/wp-content\/uploads\/2020\/01\/dihdatalife.png","width":2000,"height":400,"caption":"DATAlife"},"image":{"@id":"https:\/\/www.dihdatalife.com\/#\/schema\/logo\/image\/"},"sameAs":["https:\/\/twitter.com\/DATAlife_DIH","https:\/\/es.linkedin.com\/in\/datalife-dih"]}]}},"_links":{"self":[{"href":"https:\/\/www.dihdatalife.com\/gl\/wp-json\/wp\/v2\/pages\/2697","targetHints":{"allow":["GET"]}}],"collection":[{"href":"https:\/\/www.dihdatalife.com\/gl\/wp-json\/wp\/v2\/pages"}],"about":[{"href":"https:\/\/www.dihdatalife.com\/gl\/wp-json\/wp\/v2\/types\/page"}],"author":[{"embeddable":true,"href":"https:\/\/www.dihdatalife.com\/gl\/wp-json\/wp\/v2\/users\/1"}],"replies":[{"embeddable":true,"href":"https:\/\/www.dihdatalife.com\/gl\/wp-json\/wp\/v2\/comments?post=2697"}],"version-history":[{"count":4,"href":"https:\/\/www.dihdatalife.com\/gl\/wp-json\/wp\/v2\/pages\/2697\/revisions"}],"predecessor-version":[{"id":2756,"href":"https:\/\/www.dihdatalife.com\/gl\/wp-json\/wp\/v2\/pages\/2697\/revisions\/2756"}],"wp:attachment":[{"href":"https:\/\/www.dihdatalife.com\/gl\/wp-json\/wp\/v2\/media?parent=2697"}],"curies":[{"name":"wp","href":"https:\/\/api.w.org\/{rel}","templated":true}]}}