{"id":18056,"date":"2025-06-12T12:58:40","date_gmt":"2025-06-12T10:58:40","guid":{"rendered":"https:\/\/www.dihdatalife.com\/?page_id=18056"},"modified":"2025-06-27T12:02:06","modified_gmt":"2025-06-27T10:02:06","slug":"xunta-directiva-e-equipo","status":"publish","type":"page","link":"https:\/\/www.dihdatalife.com\/gl\/xunta-directiva-e-equipo\/","title":{"rendered":"Xunta Directiva e Equipo"},"content":{"rendered":"<p>[vc_row css=&#8221;.vc_custom_1740483359970{margin-top: 1px !important;margin-right: 1px !important;margin-bottom: 1px !important;margin-left: 1px !important;padding-top: 0px !important;padding-right: 0px !important;padding-bottom: 0px !important;padding-left: 0px !important;}&#8221;][vc_column css=&#8221;.vc_custom_1643099577489{border-radius: 1px !important;}&#8221;][vc_empty_space][\/vc_column][\/vc_row][vc_row foundry_background_style=&#8221;bg-secondary&#8221; css=&#8221;.vc_custom_1740480950648{margin-top: 1px !important;margin-right: 1px !important;margin-bottom: 1px !important;margin-left: 1px !important;padding-top: 0px !important;padding-right: 0px !important;padding-bottom: 0px !important;padding-left: 0px !important;}&#8221;][vc_column css=&#8221;.vc_custom_1643099577489{border-radius: 1px !important;}&#8221;][vc_column_text]<\/p>\n<h1 style=\"text-align: center;\">Xunta directiva<\/h1>\n<p>[\/vc_column_text][\/vc_column][\/vc_row][vc_row css=&#8221;.vc_custom_1740483359970{margin-top: 1px !important;margin-right: 1px !important;margin-bottom: 1px !important;margin-left: 1px !important;padding-top: 0px !important;padding-right: 0px !important;padding-bottom: 0px !important;padding-left: 0px !important;}&#8221;][vc_column css=&#8221;.vc_custom_1643099577489{border-radius: 1px !important;}&#8221;][vc_empty_space][\/vc_column][\/vc_row][vc_row css=&#8221;.vc_custom_1644399681976{margin-top: 1px !important;margin-right: 1px !important;margin-bottom: 1px !important;margin-left: 1px !important;padding-top: 1px !important;padding-right: 1px !important;padding-bottom: 3px !important;padding-left: 1px !important;}&#8221;][vc_column width=&#8221;1\/4&#8243;][vc_column_text]<\/p>\n<h2 style=\"text-align: center;\">Sebasti\u00e1n Pantoja<\/h2>\n<h3 style=\"text-align: center;\">Presidencia<\/h3>\n<h3 style=\"text-align: center;\">Televes<\/h3>\n<p>[\/vc_column_text][vc_single_image image=&#8221;17279&#8243; img_size=&#8221;300&#215;300&#8243; alignment=&#8221;center&#8221; onclick=&#8221;custom_link&#8221; img_link_target=&#8221;_blank&#8221; link=&#8221;https:\/\/www.linkedin.com\/in\/sebastian-pantoja-9079a61\/&#8221;][\/vc_column][vc_column width=&#8221;1\/4&#8243;][vc_column_text]<\/p>\n<h2 style=\"text-align: center;\">Andr\u00e9s Fern\u00e1ndez<\/h2>\n<h3 style=\"text-align: center;\">Vicepresidencia<\/h3>\n<h3 style=\"text-align: center;\">Zendal<\/h3>\n<p>[\/vc_column_text][vc_single_image image=&#8221;17282&#8243; img_size=&#8221;300&#215;300&#8243; alignment=&#8221;center&#8221; onclick=&#8221;custom_link&#8221; img_link_target=&#8221;_blank&#8221; link=&#8221;https:\/\/www.linkedin.com\/in\/andr%C3%A9s-fern%C3%A1ndez-664054141\/&#8221;][\/vc_column][vc_column width=&#8221;1\/4&#8243;][vc_column_text]<\/p>\n<h2 style=\"text-align: center;\">Carme Pamp\u00edn<\/h2>\n<h3 style=\"text-align: center;\">Tesourar\u00eda<\/h3>\n<h3 style=\"text-align: center;\">Bioga<\/h3>\n<p>[\/vc_column_text][vc_single_image image=&#8221;17285&#8243; img_size=&#8221;300&#215;300&#8243; alignment=&#8221;center&#8221; onclick=&#8221;custom_link&#8221; img_link_target=&#8221;_blank&#8221; link=&#8221;https:\/\/www.linkedin.com\/in\/carmep\/&#8221;][\/vc_column][vc_column width=&#8221;1\/4&#8243;][vc_column_text]<\/p>\n<h2 style=\"text-align: center;\">Luis P\u00e9rez<\/h2>\n<h3 style=\"text-align: center;\">Secretar\u00eda<\/h3>\n<h3 style=\"text-align: center;\">Gradiant<\/h3>\n<p>[\/vc_column_text][vc_single_image image=&#8221;17288&#8243; img_size=&#8221;300&#215;300&#8243; alignment=&#8221;center&#8221; onclick=&#8221;custom_link&#8221; img_link_target=&#8221;_blank&#8221; link=&#8221;https:\/\/www.linkedin.com\/in\/luis-p%C3%A9rez-freire-1b77822\/&#8221;][\/vc_column][\/vc_row][vc_row css=&#8221;.vc_custom_1644399688743{margin-top: 1px !important;margin-right: 1px !important;margin-bottom: 1px !important;margin-left: 1px !important;padding-top: 1px !important;padding-right: 1px !important;padding-bottom: 3px !important;padding-left: 1px !important;}&#8221;][vc_column width=&#8221;1\/3&#8243;][vc_column_text]<\/p>\n<h2 style=\"text-align: center;\">Roberto C. Alonso<\/h2>\n<h3 style=\"text-align: center;\">Vogal<\/h3>\n<h3 style=\"text-align: center;\">ANFACO-CECOPESCA<\/h3>\n<p>[\/vc_column_text][vc_single_image image=&#8221;17291&#8243; img_size=&#8221;300&#215;300&#8243; alignment=&#8221;center&#8221; onclick=&#8221;custom_link&#8221; img_link_target=&#8221;_blank&#8221; link=&#8221;https:\/\/www.linkedin.com\/in\/robertocarlosalonsob\/&#8221;][\/vc_column][vc_column width=&#8221;1\/3&#8243;][vc_column_text]<\/p>\n<h2 style=\"text-align: center;\">Roc\u00edo Mosquera<\/h2>\n<h3 style=\"text-align: center;\">Vogal<\/h3>\n<h3 style=\"text-align: center;\">CSG<\/h3>\n<p>[\/vc_column_text][vc_single_image image=&#8221;17294&#8243; img_size=&#8221;300&#215;300&#8243; alignment=&#8221;center&#8221; onclick=&#8221;custom_link&#8221; img_link_target=&#8221;_blank&#8221; link=&#8221;https:\/\/www.linkedin.com\/in\/rocio-mosquera-%C3%A1lvarez-0012851ab\/&#8221;][\/vc_column][vc_column width=&#8221;1\/3&#8243;][vc_column_text]<\/p>\n<h2 style=\"text-align: center;\">Gumersindo Feijoo<\/h2>\n<h3 style=\"text-align: center;\">Vogal<\/h3>\n<h3 style=\"text-align: center;\">USC<\/h3>\n<p>[\/vc_column_text][vc_single_image image=&#8221;17297&#8243; img_size=&#8221;300&#215;300&#8243; alignment=&#8221;center&#8221; onclick=&#8221;custom_link&#8221; link=&#8221;https:\/\/www.linkedin.com\/in\/gumersindo-feijoo-95ba7617a\/&#8221;][\/vc_column][\/vc_row][vc_row foundry_background_style=&#8221;bg-secondary&#8221; css=&#8221;.vc_custom_1740480950648{margin-top: 1px !important;margin-right: 1px !important;margin-bottom: 1px !important;margin-left: 1px !important;padding-top: 0px !important;padding-right: 0px !important;padding-bottom: 0px !important;padding-left: 0px !important;}&#8221;][vc_column css=&#8221;.vc_custom_1643099577489{border-radius: 1px !important;}&#8221;][vc_column_text]<\/p>\n<h1 style=\"text-align: center;\">Equipo DATAlife<\/h1>\n<p>[\/vc_column_text][\/vc_column][\/vc_row][vc_row css=&#8221;.vc_custom_1644399681976{margin-top: 1px !important;margin-right: 1px !important;margin-bottom: 1px !important;margin-left: 1px !important;padding-top: 1px !important;padding-right: 1px !important;padding-bottom: 3px !important;padding-left: 1px !important;}&#8221;][vc_column width=&#8221;1\/3&#8243; el_class=&#8221;miembros-hover&#8221;][\/vc_column][vc_column width=&#8221;1\/3&#8243;][vc_empty_space][vc_column_text]<\/p>\n<h2 style=\"text-align: center;\">Luc\u00eda Castro D\u00edaz<\/h2>\n<h3 style=\"text-align: center;\">Xerencia<\/h3>\n<p>[\/vc_column_text][vc_single_image image=&#8221;17252&#8243; img_size=&#8221;300&#215;300&#8243; alignment=&#8221;center&#8221; onclick=&#8221;custom_link&#8221; img_link_target=&#8221;_blank&#8221; link=&#8221;https:\/\/www.linkedin.com\/in\/ACoAAABQ794BJObwXgNBg1mTaqdsE599riNtWNk\/&#8221;][\/vc_column][vc_column width=&#8221;1\/3&#8243;][\/vc_column][\/vc_row][vc_row css=&#8221;.vc_custom_1740478135676{margin-top: 5px !important;margin-right: 5px !important;margin-bottom: 5px !important;margin-left: 5px !important;padding-top: 5px !important;padding-right: 5px !important;padding-bottom: 5px !important;padding-left: 5px !important;}&#8221;][vc_column][vc_separator color=&#8221;turquoise&#8221;][\/vc_column][\/vc_row][vc_row css=&#8221;.vc_custom_1740478079506{margin-top: 1px !important;margin-right: 1px !important;margin-bottom: 1px !important;margin-left: 1px !important;padding-top: 1px !important;padding-right: 1px !important;padding-bottom: 3px !important;padding-left: 1px !important;}&#8221;][vc_column][vc_row_inner][vc_column_inner width=&#8221;1\/6&#8243;][vc_single_image image=&#8221;8561&#8243; img_size=&#8221;100&#215;100&#8243; alignment=&#8221;center&#8221;][\/vc_column_inner][vc_column_inner width=&#8221;2\/3&#8243;][vc_empty_space height=&#8221;37px&#8221;][vc_column_text]<\/p>\n<h2 style=\"text-align: center;\">\u00c1rea de biotecnolox\u00eda e sa\u00fade-coidados<\/h2>\n<p>[\/vc_column_text][\/vc_column_inner][vc_column_inner width=&#8221;1\/6&#8243;][vc_single_image image=&#8221;8549&#8243; img_size=&#8221;100&#215;100&#8243; alignment=&#8221;center&#8221;][\/vc_column_inner][\/vc_row_inner][vc_row_inner][vc_column_inner width=&#8221;1\/6&#8243;][\/vc_column_inner][vc_column_inner width=&#8221;1\/3&#8243;][vc_column_text]<\/p>\n<h2 style=\"text-align: center;\">Patricia Fraga Mar\u00eda<\/h2>\n<p>[\/vc_column_text][vc_column_text]<\/p>\n<h3 style=\"text-align: center;\">Coordinadora de \u00e1rea<\/h3>\n<p>[\/vc_column_text][vc_single_image image=&#8221;17255&#8243; img_size=&#8221;300&#215;300&#8243; alignment=&#8221;center&#8221; onclick=&#8221;custom_link&#8221; img_link_target=&#8221;_blank&#8221; link=&#8221;https:\/\/www.linkedin.com\/in\/patricia-fraga\/&#8221;][\/vc_column_inner][vc_column_inner width=&#8221;1\/3&#8243;][vc_column_text]<\/p>\n<h2 style=\"text-align: center;\">Carmen Pousa Besada<\/h2>\n<p>[\/vc_column_text][vc_column_text]<\/p>\n<h3 style=\"text-align: center;\">Consultora de proxectos<\/h3>\n<p>[\/vc_column_text][vc_single_image image=&#8221;17258&#8243; img_size=&#8221;300&#215;300&#8243; alignment=&#8221;center&#8221; onclick=&#8221;custom_link&#8221; img_link_target=&#8221;_blank&#8221; link=&#8221;https:\/\/www.linkedin.com\/in\/carmen-pousa-besada\/&#8221;][\/vc_column_inner][vc_column_inner width=&#8221;1\/6&#8243;][\/vc_column_inner][\/vc_row_inner][\/vc_column][\/vc_row][vc_row css=&#8221;.vc_custom_1740478135676{margin-top: 5px !important;margin-right: 5px !important;margin-bottom: 5px !important;margin-left: 5px !important;padding-top: 5px !important;padding-right: 5px !important;padding-bottom: 5px !important;padding-left: 5px !important;}&#8221;][vc_column][vc_separator color=&#8221;turquoise&#8221;][\/vc_column][\/vc_row][vc_row css=&#8221;.vc_custom_1740478079506{margin-top: 1px !important;margin-right: 1px !important;margin-bottom: 1px !important;margin-left: 1px !important;padding-top: 1px !important;padding-right: 1px !important;padding-bottom: 3px !important;padding-left: 1px !important;}&#8221;][vc_column][vc_row_inner][vc_column_inner width=&#8221;1\/6&#8243;][vc_single_image image=&#8221;8558&#8243; img_size=&#8221;100&#215;100&#8243; alignment=&#8221;center&#8221;][\/vc_column_inner][vc_column_inner width=&#8221;2\/3&#8243;][vc_empty_space height=&#8221;37px&#8221;][vc_column_text]<\/p>\n<h2 style=\"text-align: center;\">\u00c1rea de agro-mar alimentaci\u00f3n e forestal-madeira<\/h2>\n<p>[\/vc_column_text][\/vc_column_inner][vc_column_inner width=&#8221;1\/6&#8243;][vc_single_image image=&#8221;8555&#8243; img_size=&#8221;100&#215;100&#8243; alignment=&#8221;center&#8221;][\/vc_column_inner][\/vc_row_inner][vc_row_inner][vc_column_inner width=&#8221;1\/3&#8243;][vc_column_text]<\/p>\n<h2 style=\"text-align: center;\">Javier Doval N\u00fa\u00f1ez<\/h2>\n<p>[\/vc_column_text][vc_column_text]<\/p>\n<h3 style=\"text-align: center;\">Coordinador de \u00e1rea<\/h3>\n<p>[\/vc_column_text][vc_single_image image=&#8221;17261&#8243; img_size=&#8221;300&#215;300&#8243; alignment=&#8221;center&#8221; onclick=&#8221;custom_link&#8221; img_link_target=&#8221;_blank&#8221; link=&#8221;https:\/\/www.linkedin.com\/in\/javierdovaln\/&#8221;][\/vc_column_inner][vc_column_inner width=&#8221;1\/3&#8243;][vc_column_text]<\/p>\n<h2 style=\"text-align: center;\">Raffaele Bini<\/h2>\n<p>[\/vc_column_text][vc_column_text]<\/p>\n<h3 style=\"text-align: center;\">Consultor de proxectos<\/h3>\n<p>[\/vc_column_text][vc_single_image image=&#8221;17264&#8243; img_size=&#8221;300&#215;300&#8243; alignment=&#8221;center&#8221; onclick=&#8221;custom_link&#8221; img_link_target=&#8221;_blank&#8221; link=&#8221;https:\/\/www.linkedin.com\/in\/raffaelebini\/&#8221;][\/vc_column_inner][vc_column_inner width=&#8221;1\/3&#8243;][vc_column_text]<\/p>\n<h2 style=\"text-align: center;\">Carlos Castro L\u00f3pez<\/h2>\n<p>[\/vc_column_text][vc_column_text]<\/p>\n<h3 style=\"text-align: center;\">Consultor de proxectos<\/h3>\n<p>[\/vc_column_text][vc_single_image image=&#8221;17267&#8243; img_size=&#8221;300&#215;300&#8243; alignment=&#8221;center&#8221; onclick=&#8221;custom_link&#8221; img_link_target=&#8221;_blank&#8221; link=&#8221;https:\/\/www.linkedin.com\/in\/carlos-castro-lopez-2595b2259\/&#8221;][\/vc_column_inner][\/vc_row_inner][\/vc_column][\/vc_row][vc_row css=&#8221;.vc_custom_1740478135676{margin-top: 5px !important;margin-right: 5px !important;margin-bottom: 5px !important;margin-left: 5px !important;padding-top: 5px !important;padding-right: 5px !important;padding-bottom: 5px !important;padding-left: 5px !important;}&#8221;][vc_column][vc_separator color=&#8221;turquoise&#8221;][\/vc_column][\/vc_row][vc_row css=&#8221;.vc_custom_1644399681976{margin-top: 1px !important;margin-right: 1px !important;margin-bottom: 1px !important;margin-left: 1px !important;padding-top: 1px !important;padding-right: 1px !important;padding-bottom: 3px !important;padding-left: 1px !important;}&#8221;][vc_column width=&#8221;1\/3&#8243;][vc_column_text]<\/p>\n<h2 style=\"text-align: center;\">Joselin Rodr\u00edguez Aldana<\/h2>\n<p>[\/vc_column_text][vc_column_text]<\/p>\n<h3 style=\"text-align: center;\">Administraci\u00f3n<\/h3>\n<p>[\/vc_column_text][vc_single_image image=&#8221;17270&#8243; img_size=&#8221;300&#215;300&#8243; alignment=&#8221;center&#8221; onclick=&#8221;custom_link&#8221; img_link_target=&#8221;_blank&#8221; link=&#8221;https:\/\/www.linkedin.com\/in\/joselin-rodriguez\/&#8221;][\/vc_column][vc_column width=&#8221;1\/3&#8243;][vc_column_text]<\/p>\n<h2 style=\"text-align: center;\">Luc\u00eda G\u00f3mez Fern\u00e1ndez<\/h2>\n<p>[\/vc_column_text][vc_empty_space height=&#8221;35px&#8221;][vc_column_text]<\/p>\n<h3 style=\"text-align: center;\">Comunicaci\u00f3n<\/h3>\n<p>[\/vc_column_text][vc_single_image image=&#8221;17273&#8243; img_size=&#8221;300&#215;300&#8243; alignment=&#8221;center&#8221; onclick=&#8221;custom_link&#8221; img_link_target=&#8221;_blank&#8221; link=&#8221;https:\/\/www.linkedin.com\/in\/luc%C3%ADa-g%C3%B3mez-fern%C3%A1ndez-5a871b180\/&#8221;][\/vc_column][vc_column width=&#8221;1\/3&#8243;][vc_column_text]<\/p>\n<h2 style=\"text-align: center;\">Jose Ernesto Fonseca Tovillas<\/h2>\n<p>[\/vc_column_text][vc_column_text]<\/p>\n<h3 style=\"text-align: center;\">Soporte tecnol\u00f3xico<\/h3>\n<p>[\/vc_column_text][vc_single_image image=&#8221;17276&#8243; img_size=&#8221;300&#215;300&#8243; alignment=&#8221;center&#8221; onclick=&#8221;custom_link&#8221; img_link_target=&#8221;_blank&#8221; link=&#8221;https:\/\/www.linkedin.com\/in\/ernestofonsecatovillas\/&#8221;][\/vc_column][\/vc_row]<\/p>\n","protected":false},"excerpt":{"rendered":"<p>[vc_row css=&#8221;.vc_custom_1740483359970{margin-top: 1px !important;margin-right: 1px !important;margin-bottom: 1px !important;margin-left: 1px !important;padding-top: 0px !important;padding-right: 0px !important;padding-bottom: 0px !important;padding-left: 0px !important;}&#8221;][vc_column css=&#8221;.vc_custom_1643099577489{border-radius: 1px !important;}&#8221;][vc_empty_space][\/vc_column][\/vc_row][vc_row&#8230;<\/p>\n","protected":false},"author":1,"featured_media":0,"parent":0,"menu_order":0,"comment_status":"closed","ping_status":"closed","template":"","meta":{"footnotes":"","_links_to":"","_links_to_target":""},"class_list":["post-18056","page","type-page","status-publish","hentry"],"yoast_head":"<!-- This site is optimized with the Yoast SEO plugin v21.7 - https:\/\/yoast.com\/wordpress\/plugins\/seo\/ -->\r\n<title>DATAlife &#8212; Xunta Directiva e Equipo<\/title>\r\n<meta name=\"description\" content=\"Co\u00f1ece os compo\u00f1entes da Xunta Directiva e do Equipo que forman parte do Hub de Innovaci\u00f3n Dixital DATAlife.\" \/>\r\n<meta name=\"robots\" content=\"index, follow, max-snippet:-1, max-image-preview:large, max-video-preview:-1\" \/>\r\n<link rel=\"canonical\" href=\"https:\/\/www.dihdatalife.com\/gl\/xunta-directiva-e-equipo\/\" \/>\r\n<meta property=\"og:locale\" content=\"gl_ES\" \/>\r\n<meta property=\"og:type\" content=\"article\" \/>\r\n<meta property=\"og:title\" content=\"DATAlife &#8212; Xunta Directiva e Equipo\" \/>\r\n<meta property=\"og:description\" content=\"Co\u00f1ece os compo\u00f1entes da Xunta Directiva e do Equipo que forman parte do Hub de Innovaci\u00f3n Dixital DATAlife.\" \/>\r\n<meta property=\"og:url\" content=\"https:\/\/www.dihdatalife.com\/gl\/xunta-directiva-e-equipo\/\" \/>\r\n<meta property=\"og:site_name\" content=\"DATAlife\" \/>\r\n<meta property=\"article:modified_time\" content=\"2025-06-27T10:02:06+00:00\" \/>\r\n<meta name=\"twitter:card\" content=\"summary_large_image\" \/>\r\n<meta name=\"twitter:site\" content=\"@DATAlife_DIH\" \/>\r\n<meta name=\"twitter:label1\" content=\"Tempo de lectura\" \/>\n\t<meta name=\"twitter:data1\" content=\"3 minutos\" \/>\r\n<script type=\"application\/ld+json\" class=\"yoast-schema-graph\">{\"@context\":\"https:\/\/schema.org\",\"@graph\":[{\"@type\":\"WebPage\",\"@id\":\"https:\/\/www.dihdatalife.com\/gl\/xunta-directiva-e-equipo\/\",\"url\":\"https:\/\/www.dihdatalife.com\/gl\/xunta-directiva-e-equipo\/\",\"name\":\"DATAlife &#8212; Xunta Directiva e Equipo\",\"isPartOf\":{\"@id\":\"https:\/\/www.dihdatalife.com\/#website\"},\"datePublished\":\"2025-06-12T10:58:40+00:00\",\"dateModified\":\"2025-06-27T10:02:06+00:00\",\"description\":\"Co\u00f1ece os compo\u00f1entes da Xunta Directiva e do Equipo que forman parte do Hub de Innovaci\u00f3n Dixital DATAlife.\",\"breadcrumb\":{\"@id\":\"https:\/\/www.dihdatalife.com\/gl\/xunta-directiva-e-equipo\/#breadcrumb\"},\"inLanguage\":\"gl-ES\",\"potentialAction\":[{\"@type\":\"ReadAction\",\"target\":[\"https:\/\/www.dihdatalife.com\/gl\/xunta-directiva-e-equipo\/\"]}]},{\"@type\":\"BreadcrumbList\",\"@id\":\"https:\/\/www.dihdatalife.com\/gl\/xunta-directiva-e-equipo\/#breadcrumb\",\"itemListElement\":[{\"@type\":\"ListItem\",\"position\":1,\"name\":\"Home\",\"item\":\"https:\/\/www.dihdatalife.com\/gl\/\"},{\"@type\":\"ListItem\",\"position\":2,\"name\":\"Xunta Directiva e Equipo\"}]},{\"@type\":\"WebSite\",\"@id\":\"https:\/\/www.dihdatalife.com\/#website\",\"url\":\"https:\/\/www.dihdatalife.com\/\",\"name\":\"DATAlife\",\"description\":\"\",\"publisher\":{\"@id\":\"https:\/\/www.dihdatalife.com\/#organization\"},\"potentialAction\":[{\"@type\":\"SearchAction\",\"target\":{\"@type\":\"EntryPoint\",\"urlTemplate\":\"https:\/\/www.dihdatalife.com\/?s={search_term_string}\"},\"query-input\":\"required name=search_term_string\"}],\"inLanguage\":\"gl-ES\"},{\"@type\":\"Organization\",\"@id\":\"https:\/\/www.dihdatalife.com\/#organization\",\"name\":\"DATAlife\",\"url\":\"https:\/\/www.dihdatalife.com\/\",\"logo\":{\"@type\":\"ImageObject\",\"inLanguage\":\"gl-ES\",\"@id\":\"https:\/\/www.dihdatalife.com\/#\/schema\/logo\/image\/\",\"url\":\"https:\/\/www.dihdatalife.com\/wp-content\/uploads\/2020\/01\/dihdatalife.png\",\"contentUrl\":\"https:\/\/www.dihdatalife.com\/wp-content\/uploads\/2020\/01\/dihdatalife.png\",\"width\":2000,\"height\":400,\"caption\":\"DATAlife\"},\"image\":{\"@id\":\"https:\/\/www.dihdatalife.com\/#\/schema\/logo\/image\/\"},\"sameAs\":[\"https:\/\/twitter.com\/DATAlife_DIH\",\"https:\/\/es.linkedin.com\/in\/datalife-dih\"]}]}<\/script>\r\n<!-- \/ Yoast SEO plugin. -->","yoast_head_json":{"title":"DATAlife &#8212; Xunta Directiva e Equipo","description":"Co\u00f1ece os compo\u00f1entes da Xunta Directiva e do Equipo que forman parte do Hub de Innovaci\u00f3n Dixital DATAlife.","robots":{"index":"index","follow":"follow","max-snippet":"max-snippet:-1","max-image-preview":"max-image-preview:large","max-video-preview":"max-video-preview:-1"},"canonical":"https:\/\/www.dihdatalife.com\/gl\/xunta-directiva-e-equipo\/","og_locale":"gl_ES","og_type":"article","og_title":"DATAlife &#8212; Xunta Directiva e Equipo","og_description":"Co\u00f1ece os compo\u00f1entes da Xunta Directiva e do Equipo que forman parte do Hub de Innovaci\u00f3n Dixital DATAlife.","og_url":"https:\/\/www.dihdatalife.com\/gl\/xunta-directiva-e-equipo\/","og_site_name":"DATAlife","article_modified_time":"2025-06-27T10:02:06+00:00","twitter_card":"summary_large_image","twitter_site":"@DATAlife_DIH","twitter_misc":{"Tempo de lectura":"3 minutos"},"schema":{"@context":"https:\/\/schema.org","@graph":[{"@type":"WebPage","@id":"https:\/\/www.dihdatalife.com\/gl\/xunta-directiva-e-equipo\/","url":"https:\/\/www.dihdatalife.com\/gl\/xunta-directiva-e-equipo\/","name":"DATAlife &#8212; Xunta Directiva e Equipo","isPartOf":{"@id":"https:\/\/www.dihdatalife.com\/#website"},"datePublished":"2025-06-12T10:58:40+00:00","dateModified":"2025-06-27T10:02:06+00:00","description":"Co\u00f1ece os compo\u00f1entes da Xunta Directiva e do Equipo que forman parte do Hub de Innovaci\u00f3n Dixital DATAlife.","breadcrumb":{"@id":"https:\/\/www.dihdatalife.com\/gl\/xunta-directiva-e-equipo\/#breadcrumb"},"inLanguage":"gl-ES","potentialAction":[{"@type":"ReadAction","target":["https:\/\/www.dihdatalife.com\/gl\/xunta-directiva-e-equipo\/"]}]},{"@type":"BreadcrumbList","@id":"https:\/\/www.dihdatalife.com\/gl\/xunta-directiva-e-equipo\/#breadcrumb","itemListElement":[{"@type":"ListItem","position":1,"name":"Home","item":"https:\/\/www.dihdatalife.com\/gl\/"},{"@type":"ListItem","position":2,"name":"Xunta Directiva e Equipo"}]},{"@type":"WebSite","@id":"https:\/\/www.dihdatalife.com\/#website","url":"https:\/\/www.dihdatalife.com\/","name":"DATAlife","description":"","publisher":{"@id":"https:\/\/www.dihdatalife.com\/#organization"},"potentialAction":[{"@type":"SearchAction","target":{"@type":"EntryPoint","urlTemplate":"https:\/\/www.dihdatalife.com\/?s={search_term_string}"},"query-input":"required name=search_term_string"}],"inLanguage":"gl-ES"},{"@type":"Organization","@id":"https:\/\/www.dihdatalife.com\/#organization","name":"DATAlife","url":"https:\/\/www.dihdatalife.com\/","logo":{"@type":"ImageObject","inLanguage":"gl-ES","@id":"https:\/\/www.dihdatalife.com\/#\/schema\/logo\/image\/","url":"https:\/\/www.dihdatalife.com\/wp-content\/uploads\/2020\/01\/dihdatalife.png","contentUrl":"https:\/\/www.dihdatalife.com\/wp-content\/uploads\/2020\/01\/dihdatalife.png","width":2000,"height":400,"caption":"DATAlife"},"image":{"@id":"https:\/\/www.dihdatalife.com\/#\/schema\/logo\/image\/"},"sameAs":["https:\/\/twitter.com\/DATAlife_DIH","https:\/\/es.linkedin.com\/in\/datalife-dih"]}]}},"_links":{"self":[{"href":"https:\/\/www.dihdatalife.com\/gl\/wp-json\/wp\/v2\/pages\/18056","targetHints":{"allow":["GET"]}}],"collection":[{"href":"https:\/\/www.dihdatalife.com\/gl\/wp-json\/wp\/v2\/pages"}],"about":[{"href":"https:\/\/www.dihdatalife.com\/gl\/wp-json\/wp\/v2\/types\/page"}],"author":[{"embeddable":true,"href":"https:\/\/www.dihdatalife.com\/gl\/wp-json\/wp\/v2\/users\/1"}],"replies":[{"embeddable":true,"href":"https:\/\/www.dihdatalife.com\/gl\/wp-json\/wp\/v2\/comments?post=18056"}],"version-history":[{"count":4,"href":"https:\/\/www.dihdatalife.com\/gl\/wp-json\/wp\/v2\/pages\/18056\/revisions"}],"predecessor-version":[{"id":18183,"href":"https:\/\/www.dihdatalife.com\/gl\/wp-json\/wp\/v2\/pages\/18056\/revisions\/18183"}],"wp:attachment":[{"href":"https:\/\/www.dihdatalife.com\/gl\/wp-json\/wp\/v2\/media?parent=18056"}],"curies":[{"name":"wp","href":"https:\/\/api.w.org\/{rel}","templated":true}]}}