{"id":18025,"date":"2020-03-10T13:26:56","date_gmt":"2020-03-10T12:26:56","guid":{"rendered":"https:\/\/www.dihdatalife.com\/actualidad\/"},"modified":"2025-06-09T12:29:24","modified_gmt":"2025-06-09T10:29:24","slug":"actualidade","status":"publish","type":"page","link":"https:\/\/www.dihdatalife.com\/gl\/actualidade\/","title":{"rendered":"Actualidade"},"content":{"rendered":"<p>[vc_row el_class=&#8221;hidden&#8221;][vc_column width=&#8221;2\/3&#8243;][vc_basic_grid post_type=&#8221;post&#8221; max_items=&#8221;11&#8243; element_width=&#8221;6&#8243; item=&#8221;833&#8243; grid_id=&#8221;vc_gid:1725272885341-c9e7d677-18c4-2&#8243; el_class=&#8221;actualidad&#8221;][\/vc_column][vc_column width=&#8221;1\/3&#8243;][vc_widget_sidebar sidebar_id=&#8221;primary&#8221;][\/vc_column][\/vc_row][vc_row][vc_column][vc_basic_grid post_type=&#8221;post&#8221; max_items=&#8221;-1&#8243; show_filter=&#8221;yes&#8221; item=&#8221;833&#8243; grid_id=&#8221;vc_gid:1725272885346-bb7faa09-5ce3-2&#8243; el_class=&#8221;convocatorias&#8221; filter_source=&#8221;category&#8221; exclude_filter=&#8221;40&#8243;][\/vc_column][\/vc_row]<\/p>\n","protected":false},"excerpt":{"rendered":"<p>[vc_row el_class=&#8221;hidden&#8221;][vc_column width=&#8221;2\/3&#8243;][vc_basic_grid post_type=&#8221;post&#8221; max_items=&#8221;11&#8243; element_width=&#8221;6&#8243; item=&#8221;833&#8243; grid_id=&#8221;vc_gid:1725272885341-c9e7d677-18c4-2&#8243; el_class=&#8221;actualidad&#8221;][\/vc_column][vc_column width=&#8221;1\/3&#8243;][vc_widget_sidebar sidebar_id=&#8221;primary&#8221;][\/vc_column][\/vc_row][vc_row][vc_column][vc_basic_grid post_type=&#8221;post&#8221; max_items=&#8221;-1&#8243; show_filter=&#8221;yes&#8221; item=&#8221;833&#8243; grid_id=&#8221;vc_gid:1725272885346-bb7faa09-5ce3-2&#8243; el_class=&#8221;convocatorias&#8221; filter_source=&#8221;category&#8221; exclude_filter=&#8221;40&#8243;][\/vc_column][\/vc_row]<\/p>\n","protected":false},"author":1,"featured_media":0,"parent":0,"menu_order":0,"comment_status":"closed","ping_status":"closed","template":"","meta":{"footnotes":"","_links_to":"","_links_to_target":""},"class_list":["post-18025","page","type-page","status-publish","hentry"],"yoast_head":"<!-- This site is optimized with the Yoast SEO plugin v21.7 - https:\/\/yoast.com\/wordpress\/plugins\/seo\/ -->\r\n<title>DATAlife &#8212; Actualidade<\/title>\r\n<meta name=\"description\" content=\"DATAlife \u00e9 o Hub de Innovaci\u00f3n Dixital para aplicar intelixencia artificial e big data en pemes dos sectores primario, biotecnol\u00f3xico e sa\u00fade galegas.\" \/>\r\n<meta name=\"robots\" content=\"index, follow, max-snippet:-1, max-image-preview:large, max-video-preview:-1\" \/>\r\n<link rel=\"canonical\" href=\"https:\/\/www.dihdatalife.com\/gl\/actualidade\/\" \/>\r\n<meta property=\"og:locale\" content=\"gl_ES\" \/>\r\n<meta property=\"og:type\" content=\"article\" \/>\r\n<meta property=\"og:title\" content=\"DATAlife | Actualidad\" \/>\r\n<meta property=\"og:description\" content=\"DATAlife es el Hub de Innovaci\u00f3n Digital para aplicar inteligencia artificial y big data en PYMES de los sectores primario, biotecnol\u00f3gico y salud gallegas.\" \/>\r\n<meta property=\"og:url\" content=\"https:\/\/www.dihdatalife.com\/gl\/actualidade\/\" \/>\r\n<meta property=\"og:site_name\" content=\"DATAlife\" \/>\r\n<meta property=\"article:modified_time\" content=\"2025-06-09T10:29:24+00:00\" \/>\r\n<meta property=\"og:image\" content=\"https:\/\/www.dihdatalife.com\/wp-content\/uploads\/2020\/02\/SEO-FB.png\" \/>\r\n\t<meta property=\"og:image:width\" content=\"2401\" \/>\r\n\t<meta property=\"og:image:height\" content=\"1260\" \/>\r\n\t<meta property=\"og:image:type\" content=\"image\/png\" \/>\r\n<meta name=\"twitter:card\" content=\"summary_large_image\" \/>\r\n<meta name=\"twitter:title\" content=\"DATAlife | Actualidad\" \/>\r\n<meta name=\"twitter:description\" content=\"DATAlife es el Hub de Innovaci\u00f3n Digital para aplicar inteligencia artificial y big data en PYMES de los sectores primario, biotecnol\u00f3gico y salud gallegas.\" \/>\r\n<meta name=\"twitter:image\" content=\"https:\/\/www.dihdatalife.com\/wp-content\/uploads\/2020\/02\/SEO-TW.png\" \/>\r\n<meta name=\"twitter:site\" content=\"@DATAlife_DIH\" \/>\r\n<meta name=\"twitter:label1\" content=\"Tempo de lectura\" \/>\n\t<meta name=\"twitter:data1\" content=\"1 minuto\" \/>\r\n<script type=\"application\/ld+json\" class=\"yoast-schema-graph\">{\"@context\":\"https:\/\/schema.org\",\"@graph\":[{\"@type\":\"WebPage\",\"@id\":\"https:\/\/www.dihdatalife.com\/gl\/actualidade\/\",\"url\":\"https:\/\/www.dihdatalife.com\/gl\/actualidade\/\",\"name\":\"DATAlife &#8212; Actualidade\",\"isPartOf\":{\"@id\":\"https:\/\/www.dihdatalife.com\/#website\"},\"datePublished\":\"2020-03-10T12:26:56+00:00\",\"dateModified\":\"2025-06-09T10:29:24+00:00\",\"description\":\"DATAlife \u00e9 o Hub de Innovaci\u00f3n Dixital para aplicar intelixencia artificial e big data en pemes dos sectores primario, biotecnol\u00f3xico e sa\u00fade galegas.\",\"breadcrumb\":{\"@id\":\"https:\/\/www.dihdatalife.com\/gl\/actualidade\/#breadcrumb\"},\"inLanguage\":\"gl-ES\",\"potentialAction\":[{\"@type\":\"ReadAction\",\"target\":[\"https:\/\/www.dihdatalife.com\/gl\/actualidade\/\"]}]},{\"@type\":\"BreadcrumbList\",\"@id\":\"https:\/\/www.dihdatalife.com\/gl\/actualidade\/#breadcrumb\",\"itemListElement\":[{\"@type\":\"ListItem\",\"position\":1,\"name\":\"Home\",\"item\":\"https:\/\/www.dihdatalife.com\/gl\/\"},{\"@type\":\"ListItem\",\"position\":2,\"name\":\"Actualidade\"}]},{\"@type\":\"WebSite\",\"@id\":\"https:\/\/www.dihdatalife.com\/#website\",\"url\":\"https:\/\/www.dihdatalife.com\/\",\"name\":\"DATAlife\",\"description\":\"\",\"publisher\":{\"@id\":\"https:\/\/www.dihdatalife.com\/#organization\"},\"potentialAction\":[{\"@type\":\"SearchAction\",\"target\":{\"@type\":\"EntryPoint\",\"urlTemplate\":\"https:\/\/www.dihdatalife.com\/?s={search_term_string}\"},\"query-input\":\"required name=search_term_string\"}],\"inLanguage\":\"gl-ES\"},{\"@type\":\"Organization\",\"@id\":\"https:\/\/www.dihdatalife.com\/#organization\",\"name\":\"DATAlife\",\"url\":\"https:\/\/www.dihdatalife.com\/\",\"logo\":{\"@type\":\"ImageObject\",\"inLanguage\":\"gl-ES\",\"@id\":\"https:\/\/www.dihdatalife.com\/#\/schema\/logo\/image\/\",\"url\":\"https:\/\/www.dihdatalife.com\/wp-content\/uploads\/2020\/01\/dihdatalife.png\",\"contentUrl\":\"https:\/\/www.dihdatalife.com\/wp-content\/uploads\/2020\/01\/dihdatalife.png\",\"width\":2000,\"height\":400,\"caption\":\"DATAlife\"},\"image\":{\"@id\":\"https:\/\/www.dihdatalife.com\/#\/schema\/logo\/image\/\"},\"sameAs\":[\"https:\/\/twitter.com\/DATAlife_DIH\",\"https:\/\/es.linkedin.com\/in\/datalife-dih\"]}]}<\/script>\r\n<!-- \/ Yoast SEO plugin. -->","yoast_head_json":{"title":"DATAlife &#8212; Actualidade","description":"DATAlife \u00e9 o Hub de Innovaci\u00f3n Dixital para aplicar intelixencia artificial e big data en pemes dos sectores primario, biotecnol\u00f3xico e sa\u00fade galegas.","robots":{"index":"index","follow":"follow","max-snippet":"max-snippet:-1","max-image-preview":"max-image-preview:large","max-video-preview":"max-video-preview:-1"},"canonical":"https:\/\/www.dihdatalife.com\/gl\/actualidade\/","og_locale":"gl_ES","og_type":"article","og_title":"DATAlife | Actualidad","og_description":"DATAlife es el Hub de Innovaci\u00f3n Digital para aplicar inteligencia artificial y big data en PYMES de los sectores primario, biotecnol\u00f3gico y salud gallegas.","og_url":"https:\/\/www.dihdatalife.com\/gl\/actualidade\/","og_site_name":"DATAlife","article_modified_time":"2025-06-09T10:29:24+00:00","og_image":[{"width":2401,"height":1260,"url":"https:\/\/www.dihdatalife.com\/wp-content\/uploads\/2020\/02\/SEO-FB.png","type":"image\/png"}],"twitter_card":"summary_large_image","twitter_title":"DATAlife | Actualidad","twitter_description":"DATAlife es el Hub de Innovaci\u00f3n Digital para aplicar inteligencia artificial y big data en PYMES de los sectores primario, biotecnol\u00f3gico y salud gallegas.","twitter_image":"https:\/\/www.dihdatalife.com\/wp-content\/uploads\/2020\/02\/SEO-TW.png","twitter_site":"@DATAlife_DIH","twitter_misc":{"Tempo de lectura":"1 minuto"},"schema":{"@context":"https:\/\/schema.org","@graph":[{"@type":"WebPage","@id":"https:\/\/www.dihdatalife.com\/gl\/actualidade\/","url":"https:\/\/www.dihdatalife.com\/gl\/actualidade\/","name":"DATAlife &#8212; Actualidade","isPartOf":{"@id":"https:\/\/www.dihdatalife.com\/#website"},"datePublished":"2020-03-10T12:26:56+00:00","dateModified":"2025-06-09T10:29:24+00:00","description":"DATAlife \u00e9 o Hub de Innovaci\u00f3n Dixital para aplicar intelixencia artificial e big data en pemes dos sectores primario, biotecnol\u00f3xico e sa\u00fade galegas.","breadcrumb":{"@id":"https:\/\/www.dihdatalife.com\/gl\/actualidade\/#breadcrumb"},"inLanguage":"gl-ES","potentialAction":[{"@type":"ReadAction","target":["https:\/\/www.dihdatalife.com\/gl\/actualidade\/"]}]},{"@type":"BreadcrumbList","@id":"https:\/\/www.dihdatalife.com\/gl\/actualidade\/#breadcrumb","itemListElement":[{"@type":"ListItem","position":1,"name":"Home","item":"https:\/\/www.dihdatalife.com\/gl\/"},{"@type":"ListItem","position":2,"name":"Actualidade"}]},{"@type":"WebSite","@id":"https:\/\/www.dihdatalife.com\/#website","url":"https:\/\/www.dihdatalife.com\/","name":"DATAlife","description":"","publisher":{"@id":"https:\/\/www.dihdatalife.com\/#organization"},"potentialAction":[{"@type":"SearchAction","target":{"@type":"EntryPoint","urlTemplate":"https:\/\/www.dihdatalife.com\/?s={search_term_string}"},"query-input":"required name=search_term_string"}],"inLanguage":"gl-ES"},{"@type":"Organization","@id":"https:\/\/www.dihdatalife.com\/#organization","name":"DATAlife","url":"https:\/\/www.dihdatalife.com\/","logo":{"@type":"ImageObject","inLanguage":"gl-ES","@id":"https:\/\/www.dihdatalife.com\/#\/schema\/logo\/image\/","url":"https:\/\/www.dihdatalife.com\/wp-content\/uploads\/2020\/01\/dihdatalife.png","contentUrl":"https:\/\/www.dihdatalife.com\/wp-content\/uploads\/2020\/01\/dihdatalife.png","width":2000,"height":400,"caption":"DATAlife"},"image":{"@id":"https:\/\/www.dihdatalife.com\/#\/schema\/logo\/image\/"},"sameAs":["https:\/\/twitter.com\/DATAlife_DIH","https:\/\/es.linkedin.com\/in\/datalife-dih"]}]}},"_links":{"self":[{"href":"https:\/\/www.dihdatalife.com\/gl\/wp-json\/wp\/v2\/pages\/18025","targetHints":{"allow":["GET"]}}],"collection":[{"href":"https:\/\/www.dihdatalife.com\/gl\/wp-json\/wp\/v2\/pages"}],"about":[{"href":"https:\/\/www.dihdatalife.com\/gl\/wp-json\/wp\/v2\/types\/page"}],"author":[{"embeddable":true,"href":"https:\/\/www.dihdatalife.com\/gl\/wp-json\/wp\/v2\/users\/1"}],"replies":[{"embeddable":true,"href":"https:\/\/www.dihdatalife.com\/gl\/wp-json\/wp\/v2\/comments?post=18025"}],"version-history":[{"count":2,"href":"https:\/\/www.dihdatalife.com\/gl\/wp-json\/wp\/v2\/pages\/18025\/revisions"}],"predecessor-version":[{"id":18027,"href":"https:\/\/www.dihdatalife.com\/gl\/wp-json\/wp\/v2\/pages\/18025\/revisions\/18027"}],"wp:attachment":[{"href":"https:\/\/www.dihdatalife.com\/gl\/wp-json\/wp\/v2\/media?parent=18025"}],"curies":[{"name":"wp","href":"https:\/\/api.w.org\/{rel}","templated":true}]}}