{"id":17852,"date":"2025-06-25T09:54:16","date_gmt":"2025-06-25T07:54:16","guid":{"rendered":"https:\/\/www.dihdatalife.com\/?page_id=17852"},"modified":"2025-06-25T09:54:16","modified_gmt":"2025-06-25T07:54:16","slug":"formacion-transversal-intelixencia-artificial-mellora-eficiencia-enerxetica-sostibilidade","status":"publish","type":"page","link":"https:\/\/www.dihdatalife.com\/gl\/formacion-transversal-intelixencia-artificial-mellora-eficiencia-enerxetica-sostibilidade\/","title":{"rendered":"Formaci\u00f3n transversal | Intelixencia Artificial para a mellora da eficiencia enerx\u00e9tica e a sostibilidade"},"content":{"rendered":"<p>[vc_row css=&#8221;.vc_custom_1713425271764{margin-top: 40px !important;margin-right: 40px !important;margin-bottom: 5px !important;margin-left: 40px !important;padding-top: 40px !important;padding-right: 40px !important;padding-bottom: 5px !important;padding-left: 40px !important;}&#8221;][vc_column][vc_single_image image=&#8221;17855&#8243; img_size=&#8221;600&#215;300&#8243; alignment=&#8221;center&#8221; onclick=&#8221;img_link_large&#8221;][\/vc_column][\/vc_row][vc_row equal_height=&#8221;yes&#8221; css=&#8221;.vc_custom_1714041155137{margin-top: 5px !important;margin-right: 5px !important;margin-bottom: 5px !important;margin-left: 5px !important;padding-top: 5px !important;padding-right: 5px !important;padding-bottom: 5px !important;padding-left: 5px !important;}&#8221;][vc_column width=&#8221;1\/2&#8243; el_class=&#8221;col-retos&#8221;][vc_column_text]A formaci\u00f3n proporcionou \u00e1s persoas asistentes co\u00f1ecementos necesarios para identificar medidas de mellora, implementar soluci\u00f3ns baseadas en IA e tomar decisi\u00f3ns estrat\u00e9xicas para reducir custos operativos, contribu\u00edr \u00e1 sostibilidade e afrontar os desaf\u00edos actuais do sector. Abord\u00e1ronse os seguintes temas:<\/p>\n<ul>\n<li>Xesti\u00f3n enerx\u00e9tica e introduci\u00f3n \u00e1 Intelixencia Artificial<\/li>\n<li>A Intelixencia Artificial e o seu impacto na eficiencia enerx\u00e9tica<\/li>\n<li>Aplicaci\u00f3ns pr\u00e1cticas (madeira, mar-industria, sa\u00fade-coidados e agro-biotecnolox\u00eda)<\/li>\n<\/ul>\n<p>A formaci\u00f3n foi impartida por <strong>Rub\u00e9n S\u00e1nchez Mu\u00f1oz<\/strong>, Investigador da \u00e1rea de Ecosistemas Urbanos e Industria de <a href=\"https:\/\/energylab.es\/\" target=\"_blank\" rel=\"noopener\">EnergyLab<\/a>, e <strong>Eduardo Rodr\u00edguez Fern\u00e1ndez-Arroyo<\/strong>, Responsable da \u00e1rea de Ecosistemas Urbanos e Industria de EnergyLab.[\/vc_column_text][\/vc_column][vc_column width=&#8221;1\/2&#8243; el_class=&#8221;col-retos&#8221;][vc_empty_space height=&#8221;123px&#8221;][vc_column_text]<\/p>\n<p style=\"text-align: center;\">\ud83d\udcc5 11 e 25 de xu\u00f1o<\/p>\n<p style=\"text-align: center;\">\ud83d\udd59 9:30 &#8211; 17:00<\/p>\n<p style=\"text-align: center;\">\ud83d\udccd Instalaci\u00f3ns EnergyLab (<a href=\"https:\/\/energylab.es\/contacta-energylab\/\" target=\"_blank\" rel=\"noopener\">Vigo<\/a>)<\/p>\n<p>[\/vc_column_text][vc_empty_space height=&#8221;123px&#8221;][\/vc_column][\/vc_row][vc_row css=&#8221;.vc_custom_1713425296872{margin-top: 5px !important;margin-right: 5px !important;margin-bottom: 5px !important;margin-left: 5px !important;padding-top: 5px !important;padding-right: 5px !important;padding-bottom: 5px !important;padding-left: 5px !important;}&#8221;][vc_column][vc_column_text]<div class=\"_df_book df-lite\" id=\"df_17856\"  _slug=\"formacion-transversal-iv\" data-title=\"formacion-transversal-iv\" wpoptions=\"true\" thumbtype=\"\" ><\/div><script class=\"df-shortcode-script\" nowprocket type=\"application\/javascript\">window.option_df_17856 = {\"outline\":[],\"autoEnableOutline\":\"false\",\"autoEnableThumbnail\":\"false\",\"overwritePDFOutline\":\"false\",\"direction\":\"1\",\"pageSize\":\"0\",\"source\":\"https:\\\/\\\/www.dihdatalife.com\\\/wp-content\\\/uploads\\\/2025\\\/05\\\/Programa_EnergylabV5.pdf\",\"wpOptions\":\"true\"}; if(window.DFLIP && window.DFLIP.parseBooks){window.DFLIP.parseBooks();}<\/script>[\/vc_column_text][\/vc_column][\/vc_row][vc_row css=&#8221;.vc_custom_1713425305063{margin-top: 5px !important;margin-right: 5px !important;margin-bottom: 5px !important;margin-left: 5px !important;padding-top: 5px !important;padding-right: 5px !important;padding-bottom: 5px !important;padding-left: 5px !important;}&#8221;][vc_column][vc_single_image image=&#8221;17022&#8243; img_size=&#8221;full&#8221;][\/vc_column][\/vc_row]<\/p>\n","protected":false},"excerpt":{"rendered":"<p>[vc_row css=&#8221;.vc_custom_1713425271764{margin-top: 40px !important;margin-right: 40px !important;margin-bottom: 5px !important;margin-left: 40px !important;padding-top: 40px !important;padding-right: 40px !important;padding-bottom: 5px !important;padding-left: 40px !important;}&#8221;][vc_column][vc_single_image image=&#8221;17855&#8243; img_size=&#8221;600&#215;300&#8243; alignment=&#8221;center&#8221;&#8230;<\/p>\n","protected":false},"author":6,"featured_media":17855,"parent":0,"menu_order":0,"comment_status":"closed","ping_status":"closed","template":"","meta":{"footnotes":"","_links_to":"","_links_to_target":""},"class_list":["post-17852","page","type-page","status-publish","has-post-thumbnail","hentry"],"yoast_head":"<!-- This site is optimized with the Yoast SEO plugin v21.7 - https:\/\/yoast.com\/wordpress\/plugins\/seo\/ -->\r\n<title>DATAlife &#8212; Formaci\u00f3n transversal | Intelixencia Artificial para a mellora da eficiencia enerx\u00e9tica e a sostibilidade<\/title>\r\n<meta name=\"description\" content=\"Formaci\u00f3n transversal | Intelixencia Artificial para a mellora da eficiencia enerx\u00e9tica e a sostibilidade. Creada no proxecto EDIH DATAlife.\" \/>\r\n<meta name=\"robots\" content=\"index, follow, max-snippet:-1, max-image-preview:large, max-video-preview:-1\" \/>\r\n<link rel=\"canonical\" href=\"https:\/\/www.dihdatalife.com\/gl\/formacion-transversal-intelixencia-artificial-mellora-eficiencia-enerxetica-sostibilidade\/\" \/>\r\n<meta property=\"og:locale\" content=\"gl_ES\" \/>\r\n<meta property=\"og:type\" content=\"article\" \/>\r\n<meta property=\"og:title\" content=\"DATAlife &#8212; Formaci\u00f3n transversal | Intelixencia Artificial para a mellora da eficiencia enerx\u00e9tica e a sostibilidade\" \/>\r\n<meta property=\"og:description\" content=\"Formaci\u00f3n transversal | Intelixencia Artificial para a mellora da eficiencia enerx\u00e9tica e a sostibilidade. Creada no proxecto EDIH DATAlife.\" \/>\r\n<meta property=\"og:url\" content=\"https:\/\/www.dihdatalife.com\/gl\/formacion-transversal-intelixencia-artificial-mellora-eficiencia-enerxetica-sostibilidade\/\" \/>\r\n<meta property=\"og:site_name\" content=\"DATAlife\" \/>\r\n<meta property=\"og:image\" content=\"https:\/\/www.dihdatalife.com\/wp-content\/uploads\/2025\/05\/Cartel-digital_EnergylabV5.png\" \/>\r\n\t<meta property=\"og:image:width\" content=\"1920\" \/>\r\n\t<meta property=\"og:image:height\" content=\"1080\" \/>\r\n\t<meta property=\"og:image:type\" content=\"image\/png\" \/>\r\n<meta name=\"twitter:card\" content=\"summary_large_image\" \/>\r\n<meta name=\"twitter:site\" content=\"@DATAlife_DIH\" \/>\r\n<meta name=\"twitter:label1\" content=\"Tempo de lectura\" \/>\n\t<meta name=\"twitter:data1\" content=\"2 minutos\" \/>\r\n<script type=\"application\/ld+json\" class=\"yoast-schema-graph\">{\"@context\":\"https:\/\/schema.org\",\"@graph\":[{\"@type\":\"WebPage\",\"@id\":\"https:\/\/www.dihdatalife.com\/gl\/formacion-transversal-intelixencia-artificial-mellora-eficiencia-enerxetica-sostibilidade\/\",\"url\":\"https:\/\/www.dihdatalife.com\/gl\/formacion-transversal-intelixencia-artificial-mellora-eficiencia-enerxetica-sostibilidade\/\",\"name\":\"DATAlife &#8212; Formaci\u00f3n transversal | Intelixencia Artificial para a mellora da eficiencia enerx\u00e9tica e a sostibilidade\",\"isPartOf\":{\"@id\":\"https:\/\/www.dihdatalife.com\/#website\"},\"datePublished\":\"2025-06-25T07:54:16+00:00\",\"dateModified\":\"2025-06-25T07:54:16+00:00\",\"description\":\"Formaci\u00f3n transversal | Intelixencia Artificial para a mellora da eficiencia enerx\u00e9tica e a sostibilidade. Creada no proxecto EDIH DATAlife.\",\"breadcrumb\":{\"@id\":\"https:\/\/www.dihdatalife.com\/gl\/formacion-transversal-intelixencia-artificial-mellora-eficiencia-enerxetica-sostibilidade\/#breadcrumb\"},\"inLanguage\":\"gl-ES\",\"potentialAction\":[{\"@type\":\"ReadAction\",\"target\":[\"https:\/\/www.dihdatalife.com\/gl\/formacion-transversal-intelixencia-artificial-mellora-eficiencia-enerxetica-sostibilidade\/\"]}]},{\"@type\":\"BreadcrumbList\",\"@id\":\"https:\/\/www.dihdatalife.com\/gl\/formacion-transversal-intelixencia-artificial-mellora-eficiencia-enerxetica-sostibilidade\/#breadcrumb\",\"itemListElement\":[{\"@type\":\"ListItem\",\"position\":1,\"name\":\"Home\",\"item\":\"https:\/\/www.dihdatalife.com\/gl\/\"},{\"@type\":\"ListItem\",\"position\":2,\"name\":\"Formaci\u00f3n transversal | Intelixencia Artificial para a mellora da eficiencia enerx\u00e9tica e a sostibilidade\"}]},{\"@type\":\"WebSite\",\"@id\":\"https:\/\/www.dihdatalife.com\/#website\",\"url\":\"https:\/\/www.dihdatalife.com\/\",\"name\":\"DATAlife\",\"description\":\"\",\"publisher\":{\"@id\":\"https:\/\/www.dihdatalife.com\/#organization\"},\"potentialAction\":[{\"@type\":\"SearchAction\",\"target\":{\"@type\":\"EntryPoint\",\"urlTemplate\":\"https:\/\/www.dihdatalife.com\/?s={search_term_string}\"},\"query-input\":\"required name=search_term_string\"}],\"inLanguage\":\"gl-ES\"},{\"@type\":\"Organization\",\"@id\":\"https:\/\/www.dihdatalife.com\/#organization\",\"name\":\"DATAlife\",\"url\":\"https:\/\/www.dihdatalife.com\/\",\"logo\":{\"@type\":\"ImageObject\",\"inLanguage\":\"gl-ES\",\"@id\":\"https:\/\/www.dihdatalife.com\/#\/schema\/logo\/image\/\",\"url\":\"https:\/\/www.dihdatalife.com\/wp-content\/uploads\/2020\/01\/dihdatalife.png\",\"contentUrl\":\"https:\/\/www.dihdatalife.com\/wp-content\/uploads\/2020\/01\/dihdatalife.png\",\"width\":2000,\"height\":400,\"caption\":\"DATAlife\"},\"image\":{\"@id\":\"https:\/\/www.dihdatalife.com\/#\/schema\/logo\/image\/\"},\"sameAs\":[\"https:\/\/twitter.com\/DATAlife_DIH\",\"https:\/\/es.linkedin.com\/in\/datalife-dih\"]}]}<\/script>\r\n<!-- \/ Yoast SEO plugin. -->","yoast_head_json":{"title":"DATAlife &#8212; Formaci\u00f3n transversal | Intelixencia Artificial para a mellora da eficiencia enerx\u00e9tica e a sostibilidade","description":"Formaci\u00f3n transversal | Intelixencia Artificial para a mellora da eficiencia enerx\u00e9tica e a sostibilidade. Creada no proxecto EDIH DATAlife.","robots":{"index":"index","follow":"follow","max-snippet":"max-snippet:-1","max-image-preview":"max-image-preview:large","max-video-preview":"max-video-preview:-1"},"canonical":"https:\/\/www.dihdatalife.com\/gl\/formacion-transversal-intelixencia-artificial-mellora-eficiencia-enerxetica-sostibilidade\/","og_locale":"gl_ES","og_type":"article","og_title":"DATAlife &#8212; Formaci\u00f3n transversal | Intelixencia Artificial para a mellora da eficiencia enerx\u00e9tica e a sostibilidade","og_description":"Formaci\u00f3n transversal | Intelixencia Artificial para a mellora da eficiencia enerx\u00e9tica e a sostibilidade. Creada no proxecto EDIH DATAlife.","og_url":"https:\/\/www.dihdatalife.com\/gl\/formacion-transversal-intelixencia-artificial-mellora-eficiencia-enerxetica-sostibilidade\/","og_site_name":"DATAlife","og_image":[{"width":1920,"height":1080,"url":"https:\/\/www.dihdatalife.com\/wp-content\/uploads\/2025\/05\/Cartel-digital_EnergylabV5.png","type":"image\/png"}],"twitter_card":"summary_large_image","twitter_site":"@DATAlife_DIH","twitter_misc":{"Tempo de lectura":"2 minutos"},"schema":{"@context":"https:\/\/schema.org","@graph":[{"@type":"WebPage","@id":"https:\/\/www.dihdatalife.com\/gl\/formacion-transversal-intelixencia-artificial-mellora-eficiencia-enerxetica-sostibilidade\/","url":"https:\/\/www.dihdatalife.com\/gl\/formacion-transversal-intelixencia-artificial-mellora-eficiencia-enerxetica-sostibilidade\/","name":"DATAlife &#8212; Formaci\u00f3n transversal | Intelixencia Artificial para a mellora da eficiencia enerx\u00e9tica e a sostibilidade","isPartOf":{"@id":"https:\/\/www.dihdatalife.com\/#website"},"datePublished":"2025-06-25T07:54:16+00:00","dateModified":"2025-06-25T07:54:16+00:00","description":"Formaci\u00f3n transversal | Intelixencia Artificial para a mellora da eficiencia enerx\u00e9tica e a sostibilidade. Creada no proxecto EDIH DATAlife.","breadcrumb":{"@id":"https:\/\/www.dihdatalife.com\/gl\/formacion-transversal-intelixencia-artificial-mellora-eficiencia-enerxetica-sostibilidade\/#breadcrumb"},"inLanguage":"gl-ES","potentialAction":[{"@type":"ReadAction","target":["https:\/\/www.dihdatalife.com\/gl\/formacion-transversal-intelixencia-artificial-mellora-eficiencia-enerxetica-sostibilidade\/"]}]},{"@type":"BreadcrumbList","@id":"https:\/\/www.dihdatalife.com\/gl\/formacion-transversal-intelixencia-artificial-mellora-eficiencia-enerxetica-sostibilidade\/#breadcrumb","itemListElement":[{"@type":"ListItem","position":1,"name":"Home","item":"https:\/\/www.dihdatalife.com\/gl\/"},{"@type":"ListItem","position":2,"name":"Formaci\u00f3n transversal | Intelixencia Artificial para a mellora da eficiencia enerx\u00e9tica e a sostibilidade"}]},{"@type":"WebSite","@id":"https:\/\/www.dihdatalife.com\/#website","url":"https:\/\/www.dihdatalife.com\/","name":"DATAlife","description":"","publisher":{"@id":"https:\/\/www.dihdatalife.com\/#organization"},"potentialAction":[{"@type":"SearchAction","target":{"@type":"EntryPoint","urlTemplate":"https:\/\/www.dihdatalife.com\/?s={search_term_string}"},"query-input":"required name=search_term_string"}],"inLanguage":"gl-ES"},{"@type":"Organization","@id":"https:\/\/www.dihdatalife.com\/#organization","name":"DATAlife","url":"https:\/\/www.dihdatalife.com\/","logo":{"@type":"ImageObject","inLanguage":"gl-ES","@id":"https:\/\/www.dihdatalife.com\/#\/schema\/logo\/image\/","url":"https:\/\/www.dihdatalife.com\/wp-content\/uploads\/2020\/01\/dihdatalife.png","contentUrl":"https:\/\/www.dihdatalife.com\/wp-content\/uploads\/2020\/01\/dihdatalife.png","width":2000,"height":400,"caption":"DATAlife"},"image":{"@id":"https:\/\/www.dihdatalife.com\/#\/schema\/logo\/image\/"},"sameAs":["https:\/\/twitter.com\/DATAlife_DIH","https:\/\/es.linkedin.com\/in\/datalife-dih"]}]}},"_links":{"self":[{"href":"https:\/\/www.dihdatalife.com\/gl\/wp-json\/wp\/v2\/pages\/17852","targetHints":{"allow":["GET"]}}],"collection":[{"href":"https:\/\/www.dihdatalife.com\/gl\/wp-json\/wp\/v2\/pages"}],"about":[{"href":"https:\/\/www.dihdatalife.com\/gl\/wp-json\/wp\/v2\/types\/page"}],"author":[{"embeddable":true,"href":"https:\/\/www.dihdatalife.com\/gl\/wp-json\/wp\/v2\/users\/6"}],"replies":[{"embeddable":true,"href":"https:\/\/www.dihdatalife.com\/gl\/wp-json\/wp\/v2\/comments?post=17852"}],"version-history":[{"count":4,"href":"https:\/\/www.dihdatalife.com\/gl\/wp-json\/wp\/v2\/pages\/17852\/revisions"}],"predecessor-version":[{"id":18155,"href":"https:\/\/www.dihdatalife.com\/gl\/wp-json\/wp\/v2\/pages\/17852\/revisions\/18155"}],"wp:featuredmedia":[{"embeddable":true,"href":"https:\/\/www.dihdatalife.com\/gl\/wp-json\/wp\/v2\/media\/17855"}],"wp:attachment":[{"href":"https:\/\/www.dihdatalife.com\/gl\/wp-json\/wp\/v2\/media?parent=17852"}],"curies":[{"name":"wp","href":"https:\/\/api.w.org\/{rel}","templated":true}]}}