{"id":17581,"date":"2025-06-16T13:01:41","date_gmt":"2025-06-16T11:01:41","guid":{"rendered":"https:\/\/www.dihdatalife.com\/?page_id=17581"},"modified":"2025-06-16T13:01:41","modified_gmt":"2025-06-16T11:01:41","slug":"formacion-biotecnoloxia-saude-coidados-recopilacion-integracion-datos-sectores-saude-biotecnoloxia","status":"publish","type":"page","link":"https:\/\/www.dihdatalife.com\/gl\/formacion-biotecnoloxia-saude-coidados-recopilacion-integracion-datos-sectores-saude-biotecnoloxia\/","title":{"rendered":"Formaci\u00f3n biotecnolox\u00eda e sa\u00fade-coidados | Recopilaci\u00f3n e integraci\u00f3n de datos nos sectores sa\u00fade e biotecnolox\u00eda"},"content":{"rendered":"<p>[vc_row css=&#8221;.vc_custom_1713425271764{margin-top: 40px !important;margin-right: 40px !important;margin-bottom: 5px !important;margin-left: 40px !important;padding-top: 40px !important;padding-right: 40px !important;padding-bottom: 5px !important;padding-left: 40px !important;}&#8221;][vc_column][vc_single_image image=&#8221;17584&#8243; img_size=&#8221;600&#215;300&#8243; alignment=&#8221;center&#8221; onclick=&#8221;img_link_large&#8221;][\/vc_column][\/vc_row][vc_row equal_height=&#8221;yes&#8221; css=&#8221;.vc_custom_1714041155137{margin-top: 5px !important;margin-right: 5px !important;margin-bottom: 5px !important;margin-left: 5px !important;padding-top: 5px !important;padding-right: 5px !important;padding-bottom: 5px !important;padding-left: 5px !important;}&#8221;][vc_column width=&#8221;1\/2&#8243; el_class=&#8221;col-retos&#8221;][vc_column_text]A formaci\u00f3n abordou a captura de datos dende diferentes perspectivas e a integraci\u00f3n dos mesmos cos datos das empresas, adapt\u00e1ndose \u00e1s particularidades dos sectores, proporcionando as habilidades necesarias para aproveitar ao m\u00e1ximo estas tecnolox\u00edas. Abord\u00e1ronse os seguintes temas:<\/p>\n<ul>\n<li>Evoluci\u00f3n dixital en sa\u00fade<\/li>\n<li>Integraci\u00f3n de datos nos sector sa\u00fade e biotech<\/li>\n<li>Gobernanza e seguridade<\/li>\n<li>Exemplos pr\u00e1cticos<\/li>\n<li>Recomendaci\u00f3ns e boas pr\u00e1cticas<\/li>\n<\/ul>\n<p>A formaci\u00f3n foi impartida por <strong>Shaila Calvo Almeida<\/strong>, Investigadora da li\u00f1a de eSa\u00fade de <a href=\"https:\/\/gradiant.org\/\" target=\"_blank\" rel=\"noopener\">Gradiant<\/a>, e <strong>Diego Reiriz Cores<\/strong>, Responsable T\u00e9cnico de AI &amp; Data Ops en Gradiant.[\/vc_column_text][\/vc_column][vc_column width=&#8221;1\/2&#8243; el_class=&#8221;col-retos&#8221;][vc_empty_space height=&#8221;42px&#8221;][vc_column_text]<\/p>\n<p style=\"text-align: center;\">Xa est\u00e1 <strong>dispo\u00f1ible<\/strong> a gravaci\u00f3n do curso e as presentaci\u00f3ns na nosa <strong>aula virtual<\/strong>.<\/p>\n<p style=\"text-align: center;\"><a class=\"btn\" href=\"https:\/\/aula.cesga.es\/main\/lp\/lp_controller.php?action=view&amp;lp_id=12220&amp;id_session=0&amp;cidReq=FORMACIONPROYECTOEDIHDATALIFE&amp;id_session=0&amp;gradebook=0&amp;origin=&amp;gidReq=0#\">Accede!<\/a><\/p>\n<p>[\/vc_column_text][vc_empty_space][vc_column_text]<\/p>\n<p style=\"text-align: center;\">Se \u00e9 a primeira vez que accedes \u00e1 plataforma&#8230;<\/p>\n<p style=\"text-align: center;\"><a class=\"btn\" href=\"https:\/\/aula.cesga.es\/main\/auth\/inscription.php?c=FORMACIONPROYECTOEDIHDATALIFE\">Rex\u00edstrate!<\/a><\/p>\n<p>[\/vc_column_text][vc_empty_space height=&#8221;42px&#8221;][\/vc_column][\/vc_row][vc_row css=&#8221;.vc_custom_1713425296872{margin-top: 5px !important;margin-right: 5px !important;margin-bottom: 5px !important;margin-left: 5px !important;padding-top: 5px !important;padding-right: 5px !important;padding-bottom: 5px !important;padding-left: 5px !important;}&#8221;][vc_column][vc_column_text]<div class=\"_df_book df-lite\" id=\"df_17585\"  _slug=\"formacion-biotecnologia-y-salud-cuidados-i-2025\" data-title=\"formacion-biotecnologia-y-salud-cuidados-i-2025\" wpoptions=\"true\" thumbtype=\"\" ><\/div><script class=\"df-shortcode-script\" nowprocket type=\"application\/javascript\">window.option_df_17585 = {\"outline\":[],\"autoEnableOutline\":\"false\",\"autoEnableThumbnail\":\"false\",\"overwritePDFOutline\":\"false\",\"direction\":\"1\",\"pageSize\":\"0\",\"source\":\"https:\\\/\\\/www.dihdatalife.com\\\/wp-content\\\/uploads\\\/2025\\\/04\\\/Programa_8mayo.pdf\",\"wpOptions\":\"true\"}; if(window.DFLIP && window.DFLIP.parseBooks){window.DFLIP.parseBooks();}<\/script>[\/vc_column_text][\/vc_column][\/vc_row][vc_row css=&#8221;.vc_custom_1713425305063{margin-top: 5px !important;margin-right: 5px !important;margin-bottom: 5px !important;margin-left: 5px !important;padding-top: 5px !important;padding-right: 5px !important;padding-bottom: 5px !important;padding-left: 5px !important;}&#8221;][vc_column][vc_single_image image=&#8221;17022&#8243; img_size=&#8221;full&#8221;][\/vc_column][\/vc_row]<\/p>\n","protected":false},"excerpt":{"rendered":"<p>[vc_row css=&#8221;.vc_custom_1713425271764{margin-top: 40px !important;margin-right: 40px !important;margin-bottom: 5px !important;margin-left: 40px !important;padding-top: 40px !important;padding-right: 40px !important;padding-bottom: 5px !important;padding-left: 40px !important;}&#8221;][vc_column][vc_single_image image=&#8221;17584&#8243; img_size=&#8221;600&#215;300&#8243; alignment=&#8221;center&#8221;&#8230;<\/p>\n","protected":false},"author":6,"featured_media":17584,"parent":0,"menu_order":0,"comment_status":"closed","ping_status":"closed","template":"","meta":{"footnotes":"","_links_to":"","_links_to_target":""},"class_list":["post-17581","page","type-page","status-publish","has-post-thumbnail","hentry"],"yoast_head":"<!-- This site is optimized with the Yoast SEO plugin v21.7 - https:\/\/yoast.com\/wordpress\/plugins\/seo\/ -->\r\n<title>DATAlife &#8212; Formaci\u00f3n biotecnolox\u00eda e sa\u00fade-coidados | Recopilaci\u00f3n e integraci\u00f3n de datos nos sectores sa\u00fade e biotecnolox\u00eda<\/title>\r\n<meta name=\"description\" content=\"Formaci\u00f3n biotecnolox\u00eda e sa\u00fade-coidados | Recopilaci\u00f3n e integraci\u00f3n de datos nos sectores sa\u00fade e biotecnolox\u00eda.\" \/>\r\n<meta name=\"robots\" content=\"index, follow, max-snippet:-1, max-image-preview:large, max-video-preview:-1\" \/>\r\n<link rel=\"canonical\" href=\"https:\/\/www.dihdatalife.com\/gl\/formacion-biotecnoloxia-saude-coidados-recopilacion-integracion-datos-sectores-saude-biotecnoloxia\/\" \/>\r\n<meta property=\"og:locale\" content=\"gl_ES\" \/>\r\n<meta property=\"og:type\" content=\"article\" \/>\r\n<meta property=\"og:title\" content=\"DATAlife &#8212; Formaci\u00f3n biotecnolox\u00eda e sa\u00fade-coidados | Recopilaci\u00f3n e integraci\u00f3n de datos nos sectores sa\u00fade e biotecnolox\u00eda\" \/>\r\n<meta property=\"og:description\" content=\"Formaci\u00f3n biotecnolox\u00eda e sa\u00fade-coidados | Recopilaci\u00f3n e integraci\u00f3n de datos nos sectores sa\u00fade e biotecnolox\u00eda.\" \/>\r\n<meta property=\"og:url\" content=\"https:\/\/www.dihdatalife.com\/gl\/formacion-biotecnoloxia-saude-coidados-recopilacion-integracion-datos-sectores-saude-biotecnoloxia\/\" \/>\r\n<meta property=\"og:site_name\" content=\"DATAlife\" \/>\r\n<meta property=\"og:image\" content=\"https:\/\/www.dihdatalife.com\/wp-content\/uploads\/2025\/04\/3_horizontal.png\" \/>\r\n\t<meta property=\"og:image:width\" content=\"1920\" \/>\r\n\t<meta property=\"og:image:height\" content=\"1080\" \/>\r\n\t<meta property=\"og:image:type\" content=\"image\/png\" \/>\r\n<meta name=\"twitter:card\" content=\"summary_large_image\" \/>\r\n<meta name=\"twitter:site\" content=\"@DATAlife_DIH\" \/>\r\n<meta name=\"twitter:label1\" content=\"Tempo de lectura\" \/>\n\t<meta name=\"twitter:data1\" content=\"2 minutos\" \/>\r\n<script type=\"application\/ld+json\" class=\"yoast-schema-graph\">{\"@context\":\"https:\/\/schema.org\",\"@graph\":[{\"@type\":\"WebPage\",\"@id\":\"https:\/\/www.dihdatalife.com\/gl\/formacion-biotecnoloxia-saude-coidados-recopilacion-integracion-datos-sectores-saude-biotecnoloxia\/\",\"url\":\"https:\/\/www.dihdatalife.com\/gl\/formacion-biotecnoloxia-saude-coidados-recopilacion-integracion-datos-sectores-saude-biotecnoloxia\/\",\"name\":\"DATAlife &#8212; Formaci\u00f3n biotecnolox\u00eda e sa\u00fade-coidados | Recopilaci\u00f3n e integraci\u00f3n de datos nos sectores sa\u00fade e biotecnolox\u00eda\",\"isPartOf\":{\"@id\":\"https:\/\/www.dihdatalife.com\/#website\"},\"datePublished\":\"2025-06-16T11:01:41+00:00\",\"dateModified\":\"2025-06-16T11:01:41+00:00\",\"description\":\"Formaci\u00f3n biotecnolox\u00eda e sa\u00fade-coidados | Recopilaci\u00f3n e integraci\u00f3n de datos nos sectores sa\u00fade e biotecnolox\u00eda.\",\"breadcrumb\":{\"@id\":\"https:\/\/www.dihdatalife.com\/gl\/formacion-biotecnoloxia-saude-coidados-recopilacion-integracion-datos-sectores-saude-biotecnoloxia\/#breadcrumb\"},\"inLanguage\":\"gl-ES\",\"potentialAction\":[{\"@type\":\"ReadAction\",\"target\":[\"https:\/\/www.dihdatalife.com\/gl\/formacion-biotecnoloxia-saude-coidados-recopilacion-integracion-datos-sectores-saude-biotecnoloxia\/\"]}]},{\"@type\":\"BreadcrumbList\",\"@id\":\"https:\/\/www.dihdatalife.com\/gl\/formacion-biotecnoloxia-saude-coidados-recopilacion-integracion-datos-sectores-saude-biotecnoloxia\/#breadcrumb\",\"itemListElement\":[{\"@type\":\"ListItem\",\"position\":1,\"name\":\"Home\",\"item\":\"https:\/\/www.dihdatalife.com\/gl\/\"},{\"@type\":\"ListItem\",\"position\":2,\"name\":\"Formaci\u00f3n biotecnolox\u00eda e sa\u00fade-coidados | Recopilaci\u00f3n e integraci\u00f3n de datos nos sectores sa\u00fade e biotecnolox\u00eda\"}]},{\"@type\":\"WebSite\",\"@id\":\"https:\/\/www.dihdatalife.com\/#website\",\"url\":\"https:\/\/www.dihdatalife.com\/\",\"name\":\"DATAlife\",\"description\":\"\",\"publisher\":{\"@id\":\"https:\/\/www.dihdatalife.com\/#organization\"},\"potentialAction\":[{\"@type\":\"SearchAction\",\"target\":{\"@type\":\"EntryPoint\",\"urlTemplate\":\"https:\/\/www.dihdatalife.com\/?s={search_term_string}\"},\"query-input\":\"required name=search_term_string\"}],\"inLanguage\":\"gl-ES\"},{\"@type\":\"Organization\",\"@id\":\"https:\/\/www.dihdatalife.com\/#organization\",\"name\":\"DATAlife\",\"url\":\"https:\/\/www.dihdatalife.com\/\",\"logo\":{\"@type\":\"ImageObject\",\"inLanguage\":\"gl-ES\",\"@id\":\"https:\/\/www.dihdatalife.com\/#\/schema\/logo\/image\/\",\"url\":\"https:\/\/www.dihdatalife.com\/wp-content\/uploads\/2020\/01\/dihdatalife.png\",\"contentUrl\":\"https:\/\/www.dihdatalife.com\/wp-content\/uploads\/2020\/01\/dihdatalife.png\",\"width\":2000,\"height\":400,\"caption\":\"DATAlife\"},\"image\":{\"@id\":\"https:\/\/www.dihdatalife.com\/#\/schema\/logo\/image\/\"},\"sameAs\":[\"https:\/\/twitter.com\/DATAlife_DIH\",\"https:\/\/es.linkedin.com\/in\/datalife-dih\"]}]}<\/script>\r\n<!-- \/ Yoast SEO plugin. -->","yoast_head_json":{"title":"DATAlife &#8212; Formaci\u00f3n biotecnolox\u00eda e sa\u00fade-coidados | Recopilaci\u00f3n e integraci\u00f3n de datos nos sectores sa\u00fade e biotecnolox\u00eda","description":"Formaci\u00f3n biotecnolox\u00eda e sa\u00fade-coidados | Recopilaci\u00f3n e integraci\u00f3n de datos nos sectores sa\u00fade e biotecnolox\u00eda.","robots":{"index":"index","follow":"follow","max-snippet":"max-snippet:-1","max-image-preview":"max-image-preview:large","max-video-preview":"max-video-preview:-1"},"canonical":"https:\/\/www.dihdatalife.com\/gl\/formacion-biotecnoloxia-saude-coidados-recopilacion-integracion-datos-sectores-saude-biotecnoloxia\/","og_locale":"gl_ES","og_type":"article","og_title":"DATAlife &#8212; Formaci\u00f3n biotecnolox\u00eda e sa\u00fade-coidados | Recopilaci\u00f3n e integraci\u00f3n de datos nos sectores sa\u00fade e biotecnolox\u00eda","og_description":"Formaci\u00f3n biotecnolox\u00eda e sa\u00fade-coidados | Recopilaci\u00f3n e integraci\u00f3n de datos nos sectores sa\u00fade e biotecnolox\u00eda.","og_url":"https:\/\/www.dihdatalife.com\/gl\/formacion-biotecnoloxia-saude-coidados-recopilacion-integracion-datos-sectores-saude-biotecnoloxia\/","og_site_name":"DATAlife","og_image":[{"width":1920,"height":1080,"url":"https:\/\/www.dihdatalife.com\/wp-content\/uploads\/2025\/04\/3_horizontal.png","type":"image\/png"}],"twitter_card":"summary_large_image","twitter_site":"@DATAlife_DIH","twitter_misc":{"Tempo de lectura":"2 minutos"},"schema":{"@context":"https:\/\/schema.org","@graph":[{"@type":"WebPage","@id":"https:\/\/www.dihdatalife.com\/gl\/formacion-biotecnoloxia-saude-coidados-recopilacion-integracion-datos-sectores-saude-biotecnoloxia\/","url":"https:\/\/www.dihdatalife.com\/gl\/formacion-biotecnoloxia-saude-coidados-recopilacion-integracion-datos-sectores-saude-biotecnoloxia\/","name":"DATAlife &#8212; Formaci\u00f3n biotecnolox\u00eda e sa\u00fade-coidados | Recopilaci\u00f3n e integraci\u00f3n de datos nos sectores sa\u00fade e biotecnolox\u00eda","isPartOf":{"@id":"https:\/\/www.dihdatalife.com\/#website"},"datePublished":"2025-06-16T11:01:41+00:00","dateModified":"2025-06-16T11:01:41+00:00","description":"Formaci\u00f3n biotecnolox\u00eda e sa\u00fade-coidados | Recopilaci\u00f3n e integraci\u00f3n de datos nos sectores sa\u00fade e biotecnolox\u00eda.","breadcrumb":{"@id":"https:\/\/www.dihdatalife.com\/gl\/formacion-biotecnoloxia-saude-coidados-recopilacion-integracion-datos-sectores-saude-biotecnoloxia\/#breadcrumb"},"inLanguage":"gl-ES","potentialAction":[{"@type":"ReadAction","target":["https:\/\/www.dihdatalife.com\/gl\/formacion-biotecnoloxia-saude-coidados-recopilacion-integracion-datos-sectores-saude-biotecnoloxia\/"]}]},{"@type":"BreadcrumbList","@id":"https:\/\/www.dihdatalife.com\/gl\/formacion-biotecnoloxia-saude-coidados-recopilacion-integracion-datos-sectores-saude-biotecnoloxia\/#breadcrumb","itemListElement":[{"@type":"ListItem","position":1,"name":"Home","item":"https:\/\/www.dihdatalife.com\/gl\/"},{"@type":"ListItem","position":2,"name":"Formaci\u00f3n biotecnolox\u00eda e sa\u00fade-coidados | Recopilaci\u00f3n e integraci\u00f3n de datos nos sectores sa\u00fade e biotecnolox\u00eda"}]},{"@type":"WebSite","@id":"https:\/\/www.dihdatalife.com\/#website","url":"https:\/\/www.dihdatalife.com\/","name":"DATAlife","description":"","publisher":{"@id":"https:\/\/www.dihdatalife.com\/#organization"},"potentialAction":[{"@type":"SearchAction","target":{"@type":"EntryPoint","urlTemplate":"https:\/\/www.dihdatalife.com\/?s={search_term_string}"},"query-input":"required name=search_term_string"}],"inLanguage":"gl-ES"},{"@type":"Organization","@id":"https:\/\/www.dihdatalife.com\/#organization","name":"DATAlife","url":"https:\/\/www.dihdatalife.com\/","logo":{"@type":"ImageObject","inLanguage":"gl-ES","@id":"https:\/\/www.dihdatalife.com\/#\/schema\/logo\/image\/","url":"https:\/\/www.dihdatalife.com\/wp-content\/uploads\/2020\/01\/dihdatalife.png","contentUrl":"https:\/\/www.dihdatalife.com\/wp-content\/uploads\/2020\/01\/dihdatalife.png","width":2000,"height":400,"caption":"DATAlife"},"image":{"@id":"https:\/\/www.dihdatalife.com\/#\/schema\/logo\/image\/"},"sameAs":["https:\/\/twitter.com\/DATAlife_DIH","https:\/\/es.linkedin.com\/in\/datalife-dih"]}]}},"_links":{"self":[{"href":"https:\/\/www.dihdatalife.com\/gl\/wp-json\/wp\/v2\/pages\/17581","targetHints":{"allow":["GET"]}}],"collection":[{"href":"https:\/\/www.dihdatalife.com\/gl\/wp-json\/wp\/v2\/pages"}],"about":[{"href":"https:\/\/www.dihdatalife.com\/gl\/wp-json\/wp\/v2\/types\/page"}],"author":[{"embeddable":true,"href":"https:\/\/www.dihdatalife.com\/gl\/wp-json\/wp\/v2\/users\/6"}],"replies":[{"embeddable":true,"href":"https:\/\/www.dihdatalife.com\/gl\/wp-json\/wp\/v2\/comments?post=17581"}],"version-history":[{"count":2,"href":"https:\/\/www.dihdatalife.com\/gl\/wp-json\/wp\/v2\/pages\/17581\/revisions"}],"predecessor-version":[{"id":18101,"href":"https:\/\/www.dihdatalife.com\/gl\/wp-json\/wp\/v2\/pages\/17581\/revisions\/18101"}],"wp:featuredmedia":[{"embeddable":true,"href":"https:\/\/www.dihdatalife.com\/gl\/wp-json\/wp\/v2\/media\/17584"}],"wp:attachment":[{"href":"https:\/\/www.dihdatalife.com\/gl\/wp-json\/wp\/v2\/media?parent=17581"}],"curies":[{"name":"wp","href":"https:\/\/api.w.org\/{rel}","templated":true}]}}