{"id":17530,"date":"2025-04-08T12:27:03","date_gmt":"2025-04-08T10:27:03","guid":{"rendered":"https:\/\/www.dihdatalife.com\/?page_id=17530"},"modified":"2025-04-08T12:27:03","modified_gmt":"2025-04-08T10:27:03","slug":"calendario-formacions-2024","status":"publish","type":"page","link":"https:\/\/www.dihdatalife.com\/gl\/calendario-formacions-2024\/","title":{"rendered":"Calendario formaci\u00f3ns 2024"},"content":{"rendered":"<p>[vc_row css=&#8221;.vc_custom_1744107906626{margin-top: 40px !important;margin-right: 5px !important;margin-bottom: 5px !important;margin-left: 5px !important;padding-top: 40px !important;padding-right: 5px !important;padding-bottom: 5px !important;padding-left: 5px !important;}&#8221;][vc_column][vc_column_text]<\/p>\n<h1 style=\"text-align: center;\">Calendario formaci\u00f3ns 2024<\/h1>\n<p>[\/vc_column_text][vc_single_image image=&#8221;16225&#8243; img_size=&#8221;full&#8221; alignment=&#8221;center&#8221;][vc_single_image image=&#8221;17022&#8243; img_size=&#8221;full&#8221; alignment=&#8221;center&#8221;][\/vc_column][\/vc_row]<\/p>\n","protected":false},"excerpt":{"rendered":"<p>[vc_row css=&#8221;.vc_custom_1744107906626{margin-top: 40px !important;margin-right: 5px !important;margin-bottom: 5px !important;margin-left: 5px !important;padding-top: 40px !important;padding-right: 5px !important;padding-bottom: 5px !important;padding-left: 5px !important;}&#8221;][vc_column][vc_column_text] Calendario formaci\u00f3ns 2024&#8230;<\/p>\n","protected":false},"author":6,"featured_media":16225,"parent":0,"menu_order":0,"comment_status":"closed","ping_status":"closed","template":"","meta":{"footnotes":"","_links_to":"","_links_to_target":""},"class_list":["post-17530","page","type-page","status-publish","has-post-thumbnail","hentry"],"yoast_head":"<!-- This site is optimized with the Yoast SEO plugin v21.7 - https:\/\/yoast.com\/wordpress\/plugins\/seo\/ -->\r\n<title>DATAlife &#8212; Calendario formaci\u00f3ns 2024<\/title>\r\n<meta name=\"description\" content=\"Consulta aqu\u00ed o calendario de formaci\u00f3ns realizadas no marco do proxecto EDIH DATAlife ao longo do ano 2024.\" \/>\r\n<meta name=\"robots\" content=\"index, follow, max-snippet:-1, max-image-preview:large, max-video-preview:-1\" \/>\r\n<link rel=\"canonical\" href=\"https:\/\/www.dihdatalife.com\/gl\/calendario-formacions-2024\/\" \/>\r\n<meta property=\"og:locale\" content=\"gl_ES\" \/>\r\n<meta property=\"og:type\" content=\"article\" \/>\r\n<meta property=\"og:title\" content=\"DATAlife &#8212; Calendario formaci\u00f3ns 2024\" \/>\r\n<meta property=\"og:description\" content=\"Consulta aqu\u00ed o calendario de formaci\u00f3ns realizadas no marco do proxecto EDIH DATAlife ao longo do ano 2024.\" \/>\r\n<meta property=\"og:url\" content=\"https:\/\/www.dihdatalife.com\/gl\/calendario-formacions-2024\/\" \/>\r\n<meta property=\"og:site_name\" content=\"DATAlife\" \/>\r\n<meta property=\"og:image\" content=\"https:\/\/www.dihdatalife.com\/wp-content\/uploads\/2024\/10\/Calendario-formaciones-2024-v3.png\" \/>\r\n\t<meta property=\"og:image:width\" content=\"1580\" \/>\r\n\t<meta property=\"og:image:height\" content=\"987\" \/>\r\n\t<meta property=\"og:image:type\" content=\"image\/png\" \/>\r\n<meta name=\"twitter:card\" content=\"summary_large_image\" \/>\r\n<meta name=\"twitter:site\" content=\"@DATAlife_DIH\" \/>\r\n<meta name=\"twitter:label1\" content=\"Tempo de lectura\" \/>\n\t<meta name=\"twitter:data1\" content=\"1 minuto\" \/>\r\n<script type=\"application\/ld+json\" class=\"yoast-schema-graph\">{\"@context\":\"https:\/\/schema.org\",\"@graph\":[{\"@type\":\"WebPage\",\"@id\":\"https:\/\/www.dihdatalife.com\/gl\/calendario-formacions-2024\/\",\"url\":\"https:\/\/www.dihdatalife.com\/gl\/calendario-formacions-2024\/\",\"name\":\"DATAlife &#8212; Calendario formaci\u00f3ns 2024\",\"isPartOf\":{\"@id\":\"https:\/\/www.dihdatalife.com\/#website\"},\"datePublished\":\"2025-04-08T10:27:03+00:00\",\"dateModified\":\"2025-04-08T10:27:03+00:00\",\"description\":\"Consulta aqu\u00ed o calendario de formaci\u00f3ns realizadas no marco do proxecto EDIH DATAlife ao longo do ano 2024.\",\"breadcrumb\":{\"@id\":\"https:\/\/www.dihdatalife.com\/gl\/calendario-formacions-2024\/#breadcrumb\"},\"inLanguage\":\"gl-ES\",\"potentialAction\":[{\"@type\":\"ReadAction\",\"target\":[\"https:\/\/www.dihdatalife.com\/gl\/calendario-formacions-2024\/\"]}]},{\"@type\":\"BreadcrumbList\",\"@id\":\"https:\/\/www.dihdatalife.com\/gl\/calendario-formacions-2024\/#breadcrumb\",\"itemListElement\":[{\"@type\":\"ListItem\",\"position\":1,\"name\":\"Home\",\"item\":\"https:\/\/www.dihdatalife.com\/gl\/\"},{\"@type\":\"ListItem\",\"position\":2,\"name\":\"Calendario formaci\u00f3ns 2024\"}]},{\"@type\":\"WebSite\",\"@id\":\"https:\/\/www.dihdatalife.com\/#website\",\"url\":\"https:\/\/www.dihdatalife.com\/\",\"name\":\"DATAlife\",\"description\":\"\",\"publisher\":{\"@id\":\"https:\/\/www.dihdatalife.com\/#organization\"},\"potentialAction\":[{\"@type\":\"SearchAction\",\"target\":{\"@type\":\"EntryPoint\",\"urlTemplate\":\"https:\/\/www.dihdatalife.com\/?s={search_term_string}\"},\"query-input\":\"required name=search_term_string\"}],\"inLanguage\":\"gl-ES\"},{\"@type\":\"Organization\",\"@id\":\"https:\/\/www.dihdatalife.com\/#organization\",\"name\":\"DATAlife\",\"url\":\"https:\/\/www.dihdatalife.com\/\",\"logo\":{\"@type\":\"ImageObject\",\"inLanguage\":\"gl-ES\",\"@id\":\"https:\/\/www.dihdatalife.com\/#\/schema\/logo\/image\/\",\"url\":\"https:\/\/www.dihdatalife.com\/wp-content\/uploads\/2020\/01\/dihdatalife.png\",\"contentUrl\":\"https:\/\/www.dihdatalife.com\/wp-content\/uploads\/2020\/01\/dihdatalife.png\",\"width\":2000,\"height\":400,\"caption\":\"DATAlife\"},\"image\":{\"@id\":\"https:\/\/www.dihdatalife.com\/#\/schema\/logo\/image\/\"},\"sameAs\":[\"https:\/\/twitter.com\/DATAlife_DIH\",\"https:\/\/es.linkedin.com\/in\/datalife-dih\"]}]}<\/script>\r\n<!-- \/ Yoast SEO plugin. -->","yoast_head_json":{"title":"DATAlife &#8212; Calendario formaci\u00f3ns 2024","description":"Consulta aqu\u00ed o calendario de formaci\u00f3ns realizadas no marco do proxecto EDIH DATAlife ao longo do ano 2024.","robots":{"index":"index","follow":"follow","max-snippet":"max-snippet:-1","max-image-preview":"max-image-preview:large","max-video-preview":"max-video-preview:-1"},"canonical":"https:\/\/www.dihdatalife.com\/gl\/calendario-formacions-2024\/","og_locale":"gl_ES","og_type":"article","og_title":"DATAlife &#8212; Calendario formaci\u00f3ns 2024","og_description":"Consulta aqu\u00ed o calendario de formaci\u00f3ns realizadas no marco do proxecto EDIH DATAlife ao longo do ano 2024.","og_url":"https:\/\/www.dihdatalife.com\/gl\/calendario-formacions-2024\/","og_site_name":"DATAlife","og_image":[{"width":1580,"height":987,"url":"https:\/\/www.dihdatalife.com\/wp-content\/uploads\/2024\/10\/Calendario-formaciones-2024-v3.png","type":"image\/png"}],"twitter_card":"summary_large_image","twitter_site":"@DATAlife_DIH","twitter_misc":{"Tempo de lectura":"1 minuto"},"schema":{"@context":"https:\/\/schema.org","@graph":[{"@type":"WebPage","@id":"https:\/\/www.dihdatalife.com\/gl\/calendario-formacions-2024\/","url":"https:\/\/www.dihdatalife.com\/gl\/calendario-formacions-2024\/","name":"DATAlife &#8212; Calendario formaci\u00f3ns 2024","isPartOf":{"@id":"https:\/\/www.dihdatalife.com\/#website"},"datePublished":"2025-04-08T10:27:03+00:00","dateModified":"2025-04-08T10:27:03+00:00","description":"Consulta aqu\u00ed o calendario de formaci\u00f3ns realizadas no marco do proxecto EDIH DATAlife ao longo do ano 2024.","breadcrumb":{"@id":"https:\/\/www.dihdatalife.com\/gl\/calendario-formacions-2024\/#breadcrumb"},"inLanguage":"gl-ES","potentialAction":[{"@type":"ReadAction","target":["https:\/\/www.dihdatalife.com\/gl\/calendario-formacions-2024\/"]}]},{"@type":"BreadcrumbList","@id":"https:\/\/www.dihdatalife.com\/gl\/calendario-formacions-2024\/#breadcrumb","itemListElement":[{"@type":"ListItem","position":1,"name":"Home","item":"https:\/\/www.dihdatalife.com\/gl\/"},{"@type":"ListItem","position":2,"name":"Calendario formaci\u00f3ns 2024"}]},{"@type":"WebSite","@id":"https:\/\/www.dihdatalife.com\/#website","url":"https:\/\/www.dihdatalife.com\/","name":"DATAlife","description":"","publisher":{"@id":"https:\/\/www.dihdatalife.com\/#organization"},"potentialAction":[{"@type":"SearchAction","target":{"@type":"EntryPoint","urlTemplate":"https:\/\/www.dihdatalife.com\/?s={search_term_string}"},"query-input":"required name=search_term_string"}],"inLanguage":"gl-ES"},{"@type":"Organization","@id":"https:\/\/www.dihdatalife.com\/#organization","name":"DATAlife","url":"https:\/\/www.dihdatalife.com\/","logo":{"@type":"ImageObject","inLanguage":"gl-ES","@id":"https:\/\/www.dihdatalife.com\/#\/schema\/logo\/image\/","url":"https:\/\/www.dihdatalife.com\/wp-content\/uploads\/2020\/01\/dihdatalife.png","contentUrl":"https:\/\/www.dihdatalife.com\/wp-content\/uploads\/2020\/01\/dihdatalife.png","width":2000,"height":400,"caption":"DATAlife"},"image":{"@id":"https:\/\/www.dihdatalife.com\/#\/schema\/logo\/image\/"},"sameAs":["https:\/\/twitter.com\/DATAlife_DIH","https:\/\/es.linkedin.com\/in\/datalife-dih"]}]}},"_links":{"self":[{"href":"https:\/\/www.dihdatalife.com\/gl\/wp-json\/wp\/v2\/pages\/17530","targetHints":{"allow":["GET"]}}],"collection":[{"href":"https:\/\/www.dihdatalife.com\/gl\/wp-json\/wp\/v2\/pages"}],"about":[{"href":"https:\/\/www.dihdatalife.com\/gl\/wp-json\/wp\/v2\/types\/page"}],"author":[{"embeddable":true,"href":"https:\/\/www.dihdatalife.com\/gl\/wp-json\/wp\/v2\/users\/6"}],"replies":[{"embeddable":true,"href":"https:\/\/www.dihdatalife.com\/gl\/wp-json\/wp\/v2\/comments?post=17530"}],"version-history":[{"count":1,"href":"https:\/\/www.dihdatalife.com\/gl\/wp-json\/wp\/v2\/pages\/17530\/revisions"}],"predecessor-version":[{"id":17531,"href":"https:\/\/www.dihdatalife.com\/gl\/wp-json\/wp\/v2\/pages\/17530\/revisions\/17531"}],"wp:featuredmedia":[{"embeddable":true,"href":"https:\/\/www.dihdatalife.com\/gl\/wp-json\/wp\/v2\/media\/16225"}],"wp:attachment":[{"href":"https:\/\/www.dihdatalife.com\/gl\/wp-json\/wp\/v2\/media?parent=17530"}],"curies":[{"name":"wp","href":"https:\/\/api.w.org\/{rel}","templated":true}]}}