{"id":17338,"date":"2025-04-07T13:14:05","date_gmt":"2025-04-07T11:14:05","guid":{"rendered":"https:\/\/www.dihdatalife.com\/?page_id=17338"},"modified":"2025-10-09T09:24:04","modified_gmt":"2025-10-09T07:24:04","slug":"formacion-agroalimentacion-aplicacion-iot-sector-acuicultura","status":"publish","type":"page","link":"https:\/\/www.dihdatalife.com\/gl\/formacion-agroalimentacion-aplicacion-iot-sector-acuicultura\/","title":{"rendered":"Formaci\u00f3n agroalimentaci\u00f3n | Aplicaci\u00f3n de IoT ao sector da acuicultura"},"content":{"rendered":"<p>[vc_row css=&#8221;.vc_custom_1713425271764{margin-top: 40px !important;margin-right: 40px !important;margin-bottom: 5px !important;margin-left: 40px !important;padding-top: 40px !important;padding-right: 40px !important;padding-bottom: 5px !important;padding-left: 40px !important;}&#8221;][vc_column][vc_single_image image=&#8221;17341&#8243; img_size=&#8221;600&#215;300&#8243; alignment=&#8221;center&#8221; onclick=&#8221;img_link_large&#8221;][\/vc_column][\/vc_row][vc_row equal_height=&#8221;yes&#8221; css=&#8221;.vc_custom_1714041155137{margin-top: 5px !important;margin-right: 5px !important;margin-bottom: 5px !important;margin-left: 5px !important;padding-top: 5px !important;padding-right: 5px !important;padding-bottom: 5px !important;padding-left: 5px !important;}&#8221;][vc_column width=&#8221;1\/2&#8243; el_class=&#8221;col-retos&#8221;][vc_column_text]A formaci\u00f3n proporcionar\u00e1 \u00e1s persoas asistentes co\u00f1ecementos sobre como obter e xestionar datos de forma clara e precisa, permitindo a toma de decisi\u00f3ns informadas que melloren a eficiencia e calidade dos procesos produtivos. Abordaranse os seguintes temas:<\/p>\n<ul>\n<li>Introduci\u00f3n ao IoT e a s\u00faa relevancia na Industria 4.0<\/li>\n<li>Oportunidades e vantaxes do IoT na acuicultura<\/li>\n<li>Fundamentos de monitorizaci\u00f3n e xesti\u00f3n de datos con IoT<\/li>\n<li>Sensorizaci\u00f3n e transmisi\u00f3n de datos en acuicultura<\/li>\n<li>Prototipado r\u00e1pido con dispositivos IoT<\/li>\n<li>Aplicaci\u00f3n de visi\u00f3n artificial e redes neuronais<\/li>\n<\/ul>\n<p>A formaci\u00f3n ser\u00e1 impartida por <strong>Pedro Orgeira Crespo<\/strong>, Doutor Enxe\u00f1eiro Industrial e Enxe\u00f1eiro Aeroespacial. Docente na Universidade de Vigo (<a href=\"https:\/\/www.uvigo.gal\/\" target=\"_blank\" rel=\"noopener\">UVigo<\/a>) e investigador do centro de investigaci\u00f3n <a href=\"https:\/\/atlanttic.uvigo.es\/es\/\" target=\"_blank\" rel=\"noopener\">atlanTTic<\/a>.[\/vc_column_text][\/vc_column][vc_column width=&#8221;1\/2&#8243; el_class=&#8221;col-retos&#8221;][vc_empty_space][vc_column_text]<\/p>\n<p style=\"text-align: center;\">Xa est\u00e1 <strong>dispo\u00f1ible<\/strong> a gravaci\u00f3n do curso e as presentaci\u00f3ns na nosa<strong> aula virtual<\/strong>.<\/p>\n<p style=\"text-align: center;\"><a class=\"btn\" href=\"https:\/\/aula.cesga.es\/main\/lp\/lp_controller.php?action=view&amp;lp_id=12214&amp;id_session=0&amp;cidReq=FORMACIONPROYECTOEDIHDATALIFE&amp;id_session=0&amp;gradebook=0&amp;origin=&amp;gidReq=0\">Accede!<\/a><\/p>\n<p>[\/vc_column_text][vc_empty_space height=&#8221;98px&#8221;][vc_column_text]<\/p>\n<p style=\"text-align: center;\">Se \u00e9 a primeira vez que accedes \u00e1 plataforma&#8230;<\/p>\n<p style=\"text-align: center;\"><a class=\"btn\" href=\"https:\/\/aula.cesga.es\/main\/auth\/inscription.php?c=FORMACIONPROYECTOEDIHDATALIFE\">Rex\u00edstrate!<\/a><\/p>\n<p>[\/vc_column_text][vc_empty_space][\/vc_column][\/vc_row][vc_row css=&#8221;.vc_custom_1713425296872{margin-top: 5px !important;margin-right: 5px !important;margin-bottom: 5px !important;margin-left: 5px !important;padding-top: 5px !important;padding-right: 5px !important;padding-bottom: 5px !important;padding-left: 5px !important;}&#8221;][vc_column][vc_column_text]<div class=\"_df_book df-lite\" id=\"df_17342\"  _slug=\"formacion-agroalimentacion-ii-2025\" data-title=\"formacion-agroalimentacion-ii-2025\" wpoptions=\"true\" thumbtype=\"\" ><\/div><script class=\"df-shortcode-script\" nowprocket type=\"application\/javascript\">window.option_df_17342 = {\"outline\":[],\"autoEnableOutline\":\"false\",\"autoEnableThumbnail\":\"false\",\"overwritePDFOutline\":\"false\",\"direction\":\"1\",\"pageSize\":\"0\",\"source\":\"https:\\\/\\\/www.dihdatalife.com\\\/wp-content\\\/uploads\\\/2025\\\/03\\\/Formaciones-acuicultura-programa-2.pdf\",\"wpOptions\":\"true\"}; if(window.DFLIP && window.DFLIP.parseBooks){window.DFLIP.parseBooks();}<\/script>[\/vc_column_text][\/vc_column][\/vc_row][vc_row css=&#8221;.vc_custom_1713425305063{margin-top: 5px !important;margin-right: 5px !important;margin-bottom: 5px !important;margin-left: 5px !important;padding-top: 5px !important;padding-right: 5px !important;padding-bottom: 5px !important;padding-left: 5px !important;}&#8221;][vc_column][vc_single_image image=&#8221;17022&#8243; img_size=&#8221;full&#8221;][\/vc_column][\/vc_row]<\/p>\n","protected":false},"excerpt":{"rendered":"<p>[vc_row css=&#8221;.vc_custom_1713425271764{margin-top: 40px !important;margin-right: 40px !important;margin-bottom: 5px !important;margin-left: 40px !important;padding-top: 40px !important;padding-right: 40px !important;padding-bottom: 5px !important;padding-left: 40px !important;}&#8221;][vc_column][vc_single_image image=&#8221;17341&#8243; img_size=&#8221;600&#215;300&#8243; alignment=&#8221;center&#8221;&#8230;<\/p>\n","protected":false},"author":6,"featured_media":17341,"parent":0,"menu_order":0,"comment_status":"closed","ping_status":"closed","template":"","meta":{"footnotes":"","_links_to":"","_links_to_target":""},"class_list":["post-17338","page","type-page","status-publish","has-post-thumbnail","hentry"],"yoast_head":"<!-- This site is optimized with the Yoast SEO plugin v21.7 - https:\/\/yoast.com\/wordpress\/plugins\/seo\/ -->\r\n<title>DATAlife &#8212; Formaci\u00f3n agroalimentaci\u00f3n | Aplicaci\u00f3n de IoT ao sector da acuicultura<\/title>\r\n<meta name=\"description\" content=\"Formaci\u00f3n agroalimentaci\u00f3n | Aplicaci\u00f3n de IoT ao sector da acuicultura. Creada por CETGA e FEUGA no marco do proxecto EDIH DATAlife.\" \/>\r\n<meta name=\"robots\" content=\"index, follow, max-snippet:-1, max-image-preview:large, max-video-preview:-1\" \/>\r\n<link rel=\"canonical\" href=\"https:\/\/www.dihdatalife.com\/gl\/formacion-agroalimentacion-aplicacion-iot-sector-acuicultura\/\" \/>\r\n<meta property=\"og:locale\" content=\"gl_ES\" \/>\r\n<meta property=\"og:type\" content=\"article\" \/>\r\n<meta property=\"og:title\" content=\"DATAlife &#8212; Formaci\u00f3n agroalimentaci\u00f3n | Aplicaci\u00f3n de IoT ao sector da acuicultura\" \/>\r\n<meta property=\"og:description\" content=\"Formaci\u00f3n agroalimentaci\u00f3n | Aplicaci\u00f3n de IoT ao sector da acuicultura. Creada por CETGA e FEUGA no marco do proxecto EDIH DATAlife.\" \/>\r\n<meta property=\"og:url\" content=\"https:\/\/www.dihdatalife.com\/gl\/formacion-agroalimentacion-aplicacion-iot-sector-acuicultura\/\" \/>\r\n<meta property=\"og:site_name\" content=\"DATAlife\" \/>\r\n<meta property=\"article:modified_time\" content=\"2025-10-09T07:24:04+00:00\" \/>\r\n<meta property=\"og:image\" content=\"https:\/\/www.dihdatalife.com\/wp-content\/uploads\/2025\/03\/Formacion-acuicultura-cartel-horizontal-2-scaled.jpg\" \/>\r\n\t<meta property=\"og:image:width\" content=\"2560\" \/>\r\n\t<meta property=\"og:image:height\" content=\"1440\" \/>\r\n\t<meta property=\"og:image:type\" content=\"image\/jpeg\" \/>\r\n<meta name=\"twitter:card\" content=\"summary_large_image\" \/>\r\n<meta name=\"twitter:site\" content=\"@DATAlife_DIH\" \/>\r\n<meta name=\"twitter:label1\" content=\"Tempo de lectura\" \/>\n\t<meta name=\"twitter:data1\" content=\"2 minutos\" \/>\r\n<script type=\"application\/ld+json\" class=\"yoast-schema-graph\">{\"@context\":\"https:\/\/schema.org\",\"@graph\":[{\"@type\":\"WebPage\",\"@id\":\"https:\/\/www.dihdatalife.com\/gl\/formacion-agroalimentacion-aplicacion-iot-sector-acuicultura\/\",\"url\":\"https:\/\/www.dihdatalife.com\/gl\/formacion-agroalimentacion-aplicacion-iot-sector-acuicultura\/\",\"name\":\"DATAlife &#8212; Formaci\u00f3n agroalimentaci\u00f3n | Aplicaci\u00f3n de IoT ao sector da acuicultura\",\"isPartOf\":{\"@id\":\"https:\/\/www.dihdatalife.com\/#website\"},\"datePublished\":\"2025-04-07T11:14:05+00:00\",\"dateModified\":\"2025-10-09T07:24:04+00:00\",\"description\":\"Formaci\u00f3n agroalimentaci\u00f3n | Aplicaci\u00f3n de IoT ao sector da acuicultura. Creada por CETGA e FEUGA no marco do proxecto EDIH DATAlife.\",\"breadcrumb\":{\"@id\":\"https:\/\/www.dihdatalife.com\/gl\/formacion-agroalimentacion-aplicacion-iot-sector-acuicultura\/#breadcrumb\"},\"inLanguage\":\"gl-ES\",\"potentialAction\":[{\"@type\":\"ReadAction\",\"target\":[\"https:\/\/www.dihdatalife.com\/gl\/formacion-agroalimentacion-aplicacion-iot-sector-acuicultura\/\"]}]},{\"@type\":\"BreadcrumbList\",\"@id\":\"https:\/\/www.dihdatalife.com\/gl\/formacion-agroalimentacion-aplicacion-iot-sector-acuicultura\/#breadcrumb\",\"itemListElement\":[{\"@type\":\"ListItem\",\"position\":1,\"name\":\"Home\",\"item\":\"https:\/\/www.dihdatalife.com\/gl\/\"},{\"@type\":\"ListItem\",\"position\":2,\"name\":\"Formaci\u00f3n agroalimentaci\u00f3n | Aplicaci\u00f3n de IoT ao sector da acuicultura\"}]},{\"@type\":\"WebSite\",\"@id\":\"https:\/\/www.dihdatalife.com\/#website\",\"url\":\"https:\/\/www.dihdatalife.com\/\",\"name\":\"DATAlife\",\"description\":\"\",\"publisher\":{\"@id\":\"https:\/\/www.dihdatalife.com\/#organization\"},\"potentialAction\":[{\"@type\":\"SearchAction\",\"target\":{\"@type\":\"EntryPoint\",\"urlTemplate\":\"https:\/\/www.dihdatalife.com\/?s={search_term_string}\"},\"query-input\":\"required name=search_term_string\"}],\"inLanguage\":\"gl-ES\"},{\"@type\":\"Organization\",\"@id\":\"https:\/\/www.dihdatalife.com\/#organization\",\"name\":\"DATAlife\",\"url\":\"https:\/\/www.dihdatalife.com\/\",\"logo\":{\"@type\":\"ImageObject\",\"inLanguage\":\"gl-ES\",\"@id\":\"https:\/\/www.dihdatalife.com\/#\/schema\/logo\/image\/\",\"url\":\"https:\/\/www.dihdatalife.com\/wp-content\/uploads\/2020\/01\/dihdatalife.png\",\"contentUrl\":\"https:\/\/www.dihdatalife.com\/wp-content\/uploads\/2020\/01\/dihdatalife.png\",\"width\":2000,\"height\":400,\"caption\":\"DATAlife\"},\"image\":{\"@id\":\"https:\/\/www.dihdatalife.com\/#\/schema\/logo\/image\/\"},\"sameAs\":[\"https:\/\/twitter.com\/DATAlife_DIH\",\"https:\/\/es.linkedin.com\/in\/datalife-dih\"]}]}<\/script>\r\n<!-- \/ Yoast SEO plugin. -->","yoast_head_json":{"title":"DATAlife &#8212; Formaci\u00f3n agroalimentaci\u00f3n | Aplicaci\u00f3n de IoT ao sector da acuicultura","description":"Formaci\u00f3n agroalimentaci\u00f3n | Aplicaci\u00f3n de IoT ao sector da acuicultura. Creada por CETGA e FEUGA no marco do proxecto EDIH DATAlife.","robots":{"index":"index","follow":"follow","max-snippet":"max-snippet:-1","max-image-preview":"max-image-preview:large","max-video-preview":"max-video-preview:-1"},"canonical":"https:\/\/www.dihdatalife.com\/gl\/formacion-agroalimentacion-aplicacion-iot-sector-acuicultura\/","og_locale":"gl_ES","og_type":"article","og_title":"DATAlife &#8212; Formaci\u00f3n agroalimentaci\u00f3n | Aplicaci\u00f3n de IoT ao sector da acuicultura","og_description":"Formaci\u00f3n agroalimentaci\u00f3n | Aplicaci\u00f3n de IoT ao sector da acuicultura. Creada por CETGA e FEUGA no marco do proxecto EDIH DATAlife.","og_url":"https:\/\/www.dihdatalife.com\/gl\/formacion-agroalimentacion-aplicacion-iot-sector-acuicultura\/","og_site_name":"DATAlife","article_modified_time":"2025-10-09T07:24:04+00:00","og_image":[{"width":2560,"height":1440,"url":"https:\/\/www.dihdatalife.com\/wp-content\/uploads\/2025\/03\/Formacion-acuicultura-cartel-horizontal-2-scaled.jpg","type":"image\/jpeg"}],"twitter_card":"summary_large_image","twitter_site":"@DATAlife_DIH","twitter_misc":{"Tempo de lectura":"2 minutos"},"schema":{"@context":"https:\/\/schema.org","@graph":[{"@type":"WebPage","@id":"https:\/\/www.dihdatalife.com\/gl\/formacion-agroalimentacion-aplicacion-iot-sector-acuicultura\/","url":"https:\/\/www.dihdatalife.com\/gl\/formacion-agroalimentacion-aplicacion-iot-sector-acuicultura\/","name":"DATAlife &#8212; Formaci\u00f3n agroalimentaci\u00f3n | Aplicaci\u00f3n de IoT ao sector da acuicultura","isPartOf":{"@id":"https:\/\/www.dihdatalife.com\/#website"},"datePublished":"2025-04-07T11:14:05+00:00","dateModified":"2025-10-09T07:24:04+00:00","description":"Formaci\u00f3n agroalimentaci\u00f3n | Aplicaci\u00f3n de IoT ao sector da acuicultura. Creada por CETGA e FEUGA no marco do proxecto EDIH DATAlife.","breadcrumb":{"@id":"https:\/\/www.dihdatalife.com\/gl\/formacion-agroalimentacion-aplicacion-iot-sector-acuicultura\/#breadcrumb"},"inLanguage":"gl-ES","potentialAction":[{"@type":"ReadAction","target":["https:\/\/www.dihdatalife.com\/gl\/formacion-agroalimentacion-aplicacion-iot-sector-acuicultura\/"]}]},{"@type":"BreadcrumbList","@id":"https:\/\/www.dihdatalife.com\/gl\/formacion-agroalimentacion-aplicacion-iot-sector-acuicultura\/#breadcrumb","itemListElement":[{"@type":"ListItem","position":1,"name":"Home","item":"https:\/\/www.dihdatalife.com\/gl\/"},{"@type":"ListItem","position":2,"name":"Formaci\u00f3n agroalimentaci\u00f3n | Aplicaci\u00f3n de IoT ao sector da acuicultura"}]},{"@type":"WebSite","@id":"https:\/\/www.dihdatalife.com\/#website","url":"https:\/\/www.dihdatalife.com\/","name":"DATAlife","description":"","publisher":{"@id":"https:\/\/www.dihdatalife.com\/#organization"},"potentialAction":[{"@type":"SearchAction","target":{"@type":"EntryPoint","urlTemplate":"https:\/\/www.dihdatalife.com\/?s={search_term_string}"},"query-input":"required name=search_term_string"}],"inLanguage":"gl-ES"},{"@type":"Organization","@id":"https:\/\/www.dihdatalife.com\/#organization","name":"DATAlife","url":"https:\/\/www.dihdatalife.com\/","logo":{"@type":"ImageObject","inLanguage":"gl-ES","@id":"https:\/\/www.dihdatalife.com\/#\/schema\/logo\/image\/","url":"https:\/\/www.dihdatalife.com\/wp-content\/uploads\/2020\/01\/dihdatalife.png","contentUrl":"https:\/\/www.dihdatalife.com\/wp-content\/uploads\/2020\/01\/dihdatalife.png","width":2000,"height":400,"caption":"DATAlife"},"image":{"@id":"https:\/\/www.dihdatalife.com\/#\/schema\/logo\/image\/"},"sameAs":["https:\/\/twitter.com\/DATAlife_DIH","https:\/\/es.linkedin.com\/in\/datalife-dih"]}]}},"_links":{"self":[{"href":"https:\/\/www.dihdatalife.com\/gl\/wp-json\/wp\/v2\/pages\/17338","targetHints":{"allow":["GET"]}}],"collection":[{"href":"https:\/\/www.dihdatalife.com\/gl\/wp-json\/wp\/v2\/pages"}],"about":[{"href":"https:\/\/www.dihdatalife.com\/gl\/wp-json\/wp\/v2\/types\/page"}],"author":[{"embeddable":true,"href":"https:\/\/www.dihdatalife.com\/gl\/wp-json\/wp\/v2\/users\/6"}],"replies":[{"embeddable":true,"href":"https:\/\/www.dihdatalife.com\/gl\/wp-json\/wp\/v2\/comments?post=17338"}],"version-history":[{"count":5,"href":"https:\/\/www.dihdatalife.com\/gl\/wp-json\/wp\/v2\/pages\/17338\/revisions"}],"predecessor-version":[{"id":18528,"href":"https:\/\/www.dihdatalife.com\/gl\/wp-json\/wp\/v2\/pages\/17338\/revisions\/18528"}],"wp:featuredmedia":[{"embeddable":true,"href":"https:\/\/www.dihdatalife.com\/gl\/wp-json\/wp\/v2\/media\/17341"}],"wp:attachment":[{"href":"https:\/\/www.dihdatalife.com\/gl\/wp-json\/wp\/v2\/media?parent=17338"}],"curies":[{"name":"wp","href":"https:\/\/api.w.org\/{rel}","templated":true}]}}