{"id":14184,"date":"2024-03-01T13:46:00","date_gmt":"2024-03-01T12:46:00","guid":{"rendered":"https:\/\/www.dihdatalife.com\/?page_id=14184"},"modified":"2025-06-16T13:08:26","modified_gmt":"2025-06-16T11:08:26","slug":"xornadas-formacion-biotecnoloxia","status":"publish","type":"page","link":"https:\/\/www.dihdatalife.com\/gl\/xornadas-formacion-biotecnoloxia\/","title":{"rendered":"Xornadas formaci\u00f3n &#8211; biotecnolox\u00eda"},"content":{"rendered":"<p>[vc_row css=&#8221;.vc_custom_1709296666269{margin-top: 40px !important;margin-right: 5px !important;margin-bottom: 5px !important;margin-left: 5px !important;padding-top: 40px !important;padding-right: 5px !important;padding-bottom: 5px !important;padding-left: 5px !important;}&#8221;][vc_column][vc_row_inner][vc_column_inner width=&#8221;2\/3&#8243;][vc_empty_space][vc_empty_space][vc_empty_space height=&#8221;22px&#8221;][vc_column_text]<\/p>\n<h1>Xornadas de formaci\u00f3n<\/h1>\n<p>[\/vc_column_text][vc_empty_space][vc_column_text]<\/p>\n<h1>Sector biotecnol\u00f3xico<\/h1>\n<p>[\/vc_column_text][\/vc_column_inner][vc_column_inner width=&#8221;1\/3&#8243;][vc_single_image image=&#8221;13879&#8243; img_size=&#8221;full&#8221;][\/vc_column_inner][\/vc_row_inner][\/vc_column][\/vc_row][vc_row foundry_background_style=&#8221;bg-secondary&#8221; css=&#8221;.vc_custom_1750071815331{margin-top: 5px !important;margin-right: 5px !important;margin-bottom: 5px !important;margin-left: 5px !important;padding-top: 5px !important;padding-right: 5px !important;padding-bottom: 5px !important;padding-left: 5px !important;}&#8221;][vc_column][vc_empty_space][vc_column_text]<\/p>\n<h1>2025<\/h1>\n<p>[\/vc_column_text][\/vc_column][\/vc_row][vc_row css=&#8221;.vc_custom_1750071858689{margin-top: 5px !important;margin-right: 5px !important;margin-bottom: 5px !important;margin-left: 5px !important;padding-top: 5px !important;padding-right: 5px !important;padding-bottom: 5px !important;padding-left: 5px !important;}&#8221;][vc_column][vc_empty_space][\/vc_column][\/vc_row][vc_row css=&#8221;.vc_custom_1714040661330{margin-top: 5px !important;margin-right: 5px !important;margin-bottom: 5px !important;margin-left: 5px !important;padding-top: 5px !important;padding-right: 5px !important;padding-bottom: 5px !important;padding-left: 5px !important;}&#8221;][vc_column width=&#8221;1\/4&#8243;][\/vc_column][vc_column width=&#8221;1\/2&#8243; el_class=&#8221;col-retos&#8221;][vc_single_image image=&#8221;17584&#8243; img_size=&#8221;full&#8221;][vc_column_text]<\/p>\n<h3 style=\"text-align: center;\">Recopilaci\u00f3n e integraci\u00f3n de datos nos sectores sa\u00fade e biotecnolox\u00eda<\/h3>\n<p>[\/vc_column_text][vc_column_text]<\/p>\n<p style=\"text-align: center;\"><a class=\"btn\" href=\"https:\/\/www.dihdatalife.com\/gl\/formacion-biotecnoloxia-saude-coidados-recopilacion-integracion-datos-sectores-saude-biotecnoloxia\/\">M\u00e1is informaci\u00f3n<\/a><\/p>\n<p>[\/vc_column_text][\/vc_column][vc_column width=&#8221;1\/4&#8243;][\/vc_column][\/vc_row][vc_row foundry_background_style=&#8221;bg-secondary&#8221; css=&#8221;.vc_custom_1750071815331{margin-top: 5px !important;margin-right: 5px !important;margin-bottom: 5px !important;margin-left: 5px !important;padding-top: 5px !important;padding-right: 5px !important;padding-bottom: 5px !important;padding-left: 5px !important;}&#8221;][vc_column][vc_empty_space][vc_column_text]<\/p>\n<h1>2024<\/h1>\n<p>[\/vc_column_text][\/vc_column][\/vc_row][vc_row css=&#8221;.vc_custom_1750071858689{margin-top: 5px !important;margin-right: 5px !important;margin-bottom: 5px !important;margin-left: 5px !important;padding-top: 5px !important;padding-right: 5px !important;padding-bottom: 5px !important;padding-left: 5px !important;}&#8221;][vc_column][vc_empty_space][\/vc_column][\/vc_row][vc_row css=&#8221;.vc_custom_1714040640437{margin-top: 5px !important;margin-right: 5px !important;margin-bottom: 5px !important;margin-left: 5px !important;padding-top: 5px !important;padding-right: 5px !important;padding-bottom: 5px !important;padding-left: 5px !important;}&#8221;][vc_column width=&#8221;1\/2&#8243; el_class=&#8221;col-retos&#8221;][vc_single_image image=&#8221;14838&#8243; img_size=&#8221;full&#8221;][vc_column_text]<\/p>\n<h3 style=\"text-align: center;\">Protocolos Dixitais Optimizados no Laboratorio<\/h3>\n<p>[\/vc_column_text][vc_column_text]<\/p>\n<p style=\"text-align: center;\"><a class=\"btn\" href=\"https:\/\/www.dihdatalife.com\/gl\/formacion-biotecnoloxia-protocolos-dixitais-optimizados-no-laboratorio\/\" rel=\"noopener\">M\u00e1is informaci\u00f3n<\/a><\/p>\n<p>[\/vc_column_text][\/vc_column][vc_column width=&#8221;1\/2&#8243; el_class=&#8221;col-retos&#8221;][vc_single_image image=&#8221;14853&#8243; img_size=&#8221;full&#8221;][vc_column_text]<\/p>\n<h3 style=\"text-align: center;\">Ciberseguridade<\/h3>\n<p>[\/vc_column_text][vc_column_text]<\/p>\n<p style=\"text-align: center;\"><a class=\"btn\" href=\"https:\/\/www.dihdatalife.com\/gl\/formacion-biotecnoloxia-ciberseguridade\/\" rel=\"noopener\">M\u00e1is informaci\u00f3n<\/a><\/p>\n<p>[\/vc_column_text][\/vc_column][\/vc_row][vc_row css=&#8221;.vc_custom_1714040661330{margin-top: 5px !important;margin-right: 5px !important;margin-bottom: 5px !important;margin-left: 5px !important;padding-top: 5px !important;padding-right: 5px !important;padding-bottom: 5px !important;padding-left: 5px !important;}&#8221;][vc_column width=&#8221;1\/4&#8243;][\/vc_column][vc_column width=&#8221;1\/2&#8243; el_class=&#8221;col-retos&#8221;][vc_single_image image=&#8221;14844&#8243; img_size=&#8221;full&#8221;][vc_column_text]<\/p>\n<h3 style=\"text-align: center;\">Aplicaci\u00f3ns baseadas en Intelixencia Artificial para a An\u00e1lise de Datos e Optimizaci\u00f3n de Procesos Biotecnol\u00f3xicos<\/h3>\n<p>[\/vc_column_text][vc_column_text]<\/p>\n<p style=\"text-align: center;\"><a class=\"btn\" href=\"https:\/\/www.dihdatalife.com\/gl\/formacion-biotecnoloxia-aplicacions-baseadas-en-intelixencia-artificial\/\" rel=\"noopener\">M\u00e1is informaci\u00f3n<\/a><\/p>\n<p>[\/vc_column_text][\/vc_column][vc_column width=&#8221;1\/4&#8243;][\/vc_column][\/vc_row][vc_row css=&#8221;.vc_custom_1714040684829{margin-top: 5px !important;margin-right: 5px !important;margin-bottom: 5px !important;margin-left: 5px !important;padding-top: 5px !important;padding-right: 5px !important;padding-bottom: 5px !important;padding-left: 5px !important;}&#8221;][vc_column][vc_single_image image=&#8221;17022&#8243; img_size=&#8221;full&#8221;][\/vc_column][\/vc_row]<\/p>\n","protected":false},"excerpt":{"rendered":"<p>[vc_row css=&#8221;.vc_custom_1709296666269{margin-top: 40px !important;margin-right: 5px !important;margin-bottom: 5px !important;margin-left: 5px !important;padding-top: 40px !important;padding-right: 5px !important;padding-bottom: 5px !important;padding-left: 5px !important;}&#8221;][vc_column][vc_row_inner][vc_column_inner width=&#8221;2\/3&#8243;][vc_empty_space][vc_empty_space][vc_empty_space height=&#8221;22px&#8221;][vc_column_text] Xornadas&#8230;<\/p>\n","protected":false},"author":6,"featured_media":13879,"parent":0,"menu_order":0,"comment_status":"closed","ping_status":"closed","template":"","meta":{"footnotes":"","_links_to":"","_links_to_target":""},"class_list":["post-14184","page","type-page","status-publish","has-post-thumbnail","hentry"],"yoast_head":"<!-- This site is optimized with the Yoast SEO plugin v21.7 - https:\/\/yoast.com\/wordpress\/plugins\/seo\/ -->\r\n<title>DATAlife &#8212; Xornadas formaci\u00f3n - biotecnolox\u00eda<\/title>\r\n<meta name=\"description\" content=\"Dentro do proxecto EDIH DATAlife organizamos xornadas de formaci\u00f3n sobre tecnolox\u00edas dixitais aplicadas no sector biotecnol\u00f3xico.\" \/>\r\n<meta name=\"robots\" content=\"index, follow, max-snippet:-1, max-image-preview:large, max-video-preview:-1\" \/>\r\n<link rel=\"canonical\" href=\"https:\/\/www.dihdatalife.com\/gl\/xornadas-formacion-biotecnoloxia\/\" \/>\r\n<meta property=\"og:locale\" content=\"gl_ES\" \/>\r\n<meta property=\"og:type\" content=\"article\" \/>\r\n<meta property=\"og:title\" content=\"DATAlife &#8212; Xornadas formaci\u00f3n - biotecnolox\u00eda\" \/>\r\n<meta property=\"og:description\" content=\"Dentro do proxecto EDIH DATAlife organizamos xornadas de formaci\u00f3n sobre tecnolox\u00edas dixitais aplicadas no sector biotecnol\u00f3xico.\" \/>\r\n<meta property=\"og:url\" content=\"https:\/\/www.dihdatalife.com\/gl\/xornadas-formacion-biotecnoloxia\/\" \/>\r\n<meta property=\"og:site_name\" content=\"DATAlife\" \/>\r\n<meta property=\"article:modified_time\" content=\"2025-06-16T11:08:26+00:00\" \/>\r\n<meta property=\"og:image\" content=\"https:\/\/www.dihdatalife.com\/wp-content\/uploads\/2024\/02\/Formacion-biotech.png\" \/>\r\n\t<meta property=\"og:image:width\" content=\"2318\" \/>\r\n\t<meta property=\"og:image:height\" content=\"1917\" \/>\r\n\t<meta property=\"og:image:type\" content=\"image\/png\" \/>\r\n<meta name=\"twitter:card\" content=\"summary_large_image\" \/>\r\n<meta name=\"twitter:site\" content=\"@DATAlife_DIH\" \/>\r\n<meta name=\"twitter:label1\" content=\"Tempo de lectura\" \/>\n\t<meta name=\"twitter:data1\" content=\"3 minutos\" \/>\r\n<script type=\"application\/ld+json\" class=\"yoast-schema-graph\">{\"@context\":\"https:\/\/schema.org\",\"@graph\":[{\"@type\":\"WebPage\",\"@id\":\"https:\/\/www.dihdatalife.com\/gl\/xornadas-formacion-biotecnoloxia\/\",\"url\":\"https:\/\/www.dihdatalife.com\/gl\/xornadas-formacion-biotecnoloxia\/\",\"name\":\"DATAlife &#8212; Xornadas formaci\u00f3n - biotecnolox\u00eda\",\"isPartOf\":{\"@id\":\"https:\/\/www.dihdatalife.com\/#website\"},\"datePublished\":\"2024-03-01T12:46:00+00:00\",\"dateModified\":\"2025-06-16T11:08:26+00:00\",\"description\":\"Dentro do proxecto EDIH DATAlife organizamos xornadas de formaci\u00f3n sobre tecnolox\u00edas dixitais aplicadas no sector biotecnol\u00f3xico.\",\"breadcrumb\":{\"@id\":\"https:\/\/www.dihdatalife.com\/gl\/xornadas-formacion-biotecnoloxia\/#breadcrumb\"},\"inLanguage\":\"gl-ES\",\"potentialAction\":[{\"@type\":\"ReadAction\",\"target\":[\"https:\/\/www.dihdatalife.com\/gl\/xornadas-formacion-biotecnoloxia\/\"]}]},{\"@type\":\"BreadcrumbList\",\"@id\":\"https:\/\/www.dihdatalife.com\/gl\/xornadas-formacion-biotecnoloxia\/#breadcrumb\",\"itemListElement\":[{\"@type\":\"ListItem\",\"position\":1,\"name\":\"Home\",\"item\":\"https:\/\/www.dihdatalife.com\/gl\/\"},{\"@type\":\"ListItem\",\"position\":2,\"name\":\"Xornadas formaci\u00f3n &#8211; biotecnolox\u00eda\"}]},{\"@type\":\"WebSite\",\"@id\":\"https:\/\/www.dihdatalife.com\/#website\",\"url\":\"https:\/\/www.dihdatalife.com\/\",\"name\":\"DATAlife\",\"description\":\"\",\"publisher\":{\"@id\":\"https:\/\/www.dihdatalife.com\/#organization\"},\"potentialAction\":[{\"@type\":\"SearchAction\",\"target\":{\"@type\":\"EntryPoint\",\"urlTemplate\":\"https:\/\/www.dihdatalife.com\/?s={search_term_string}\"},\"query-input\":\"required name=search_term_string\"}],\"inLanguage\":\"gl-ES\"},{\"@type\":\"Organization\",\"@id\":\"https:\/\/www.dihdatalife.com\/#organization\",\"name\":\"DATAlife\",\"url\":\"https:\/\/www.dihdatalife.com\/\",\"logo\":{\"@type\":\"ImageObject\",\"inLanguage\":\"gl-ES\",\"@id\":\"https:\/\/www.dihdatalife.com\/#\/schema\/logo\/image\/\",\"url\":\"https:\/\/www.dihdatalife.com\/wp-content\/uploads\/2020\/01\/dihdatalife.png\",\"contentUrl\":\"https:\/\/www.dihdatalife.com\/wp-content\/uploads\/2020\/01\/dihdatalife.png\",\"width\":2000,\"height\":400,\"caption\":\"DATAlife\"},\"image\":{\"@id\":\"https:\/\/www.dihdatalife.com\/#\/schema\/logo\/image\/\"},\"sameAs\":[\"https:\/\/twitter.com\/DATAlife_DIH\",\"https:\/\/es.linkedin.com\/in\/datalife-dih\"]}]}<\/script>\r\n<!-- \/ Yoast SEO plugin. -->","yoast_head_json":{"title":"DATAlife &#8212; Xornadas formaci\u00f3n - biotecnolox\u00eda","description":"Dentro do proxecto EDIH DATAlife organizamos xornadas de formaci\u00f3n sobre tecnolox\u00edas dixitais aplicadas no sector biotecnol\u00f3xico.","robots":{"index":"index","follow":"follow","max-snippet":"max-snippet:-1","max-image-preview":"max-image-preview:large","max-video-preview":"max-video-preview:-1"},"canonical":"https:\/\/www.dihdatalife.com\/gl\/xornadas-formacion-biotecnoloxia\/","og_locale":"gl_ES","og_type":"article","og_title":"DATAlife &#8212; Xornadas formaci\u00f3n - biotecnolox\u00eda","og_description":"Dentro do proxecto EDIH DATAlife organizamos xornadas de formaci\u00f3n sobre tecnolox\u00edas dixitais aplicadas no sector biotecnol\u00f3xico.","og_url":"https:\/\/www.dihdatalife.com\/gl\/xornadas-formacion-biotecnoloxia\/","og_site_name":"DATAlife","article_modified_time":"2025-06-16T11:08:26+00:00","og_image":[{"width":2318,"height":1917,"url":"https:\/\/www.dihdatalife.com\/wp-content\/uploads\/2024\/02\/Formacion-biotech.png","type":"image\/png"}],"twitter_card":"summary_large_image","twitter_site":"@DATAlife_DIH","twitter_misc":{"Tempo de lectura":"3 minutos"},"schema":{"@context":"https:\/\/schema.org","@graph":[{"@type":"WebPage","@id":"https:\/\/www.dihdatalife.com\/gl\/xornadas-formacion-biotecnoloxia\/","url":"https:\/\/www.dihdatalife.com\/gl\/xornadas-formacion-biotecnoloxia\/","name":"DATAlife &#8212; Xornadas formaci\u00f3n - biotecnolox\u00eda","isPartOf":{"@id":"https:\/\/www.dihdatalife.com\/#website"},"datePublished":"2024-03-01T12:46:00+00:00","dateModified":"2025-06-16T11:08:26+00:00","description":"Dentro do proxecto EDIH DATAlife organizamos xornadas de formaci\u00f3n sobre tecnolox\u00edas dixitais aplicadas no sector biotecnol\u00f3xico.","breadcrumb":{"@id":"https:\/\/www.dihdatalife.com\/gl\/xornadas-formacion-biotecnoloxia\/#breadcrumb"},"inLanguage":"gl-ES","potentialAction":[{"@type":"ReadAction","target":["https:\/\/www.dihdatalife.com\/gl\/xornadas-formacion-biotecnoloxia\/"]}]},{"@type":"BreadcrumbList","@id":"https:\/\/www.dihdatalife.com\/gl\/xornadas-formacion-biotecnoloxia\/#breadcrumb","itemListElement":[{"@type":"ListItem","position":1,"name":"Home","item":"https:\/\/www.dihdatalife.com\/gl\/"},{"@type":"ListItem","position":2,"name":"Xornadas formaci\u00f3n &#8211; biotecnolox\u00eda"}]},{"@type":"WebSite","@id":"https:\/\/www.dihdatalife.com\/#website","url":"https:\/\/www.dihdatalife.com\/","name":"DATAlife","description":"","publisher":{"@id":"https:\/\/www.dihdatalife.com\/#organization"},"potentialAction":[{"@type":"SearchAction","target":{"@type":"EntryPoint","urlTemplate":"https:\/\/www.dihdatalife.com\/?s={search_term_string}"},"query-input":"required name=search_term_string"}],"inLanguage":"gl-ES"},{"@type":"Organization","@id":"https:\/\/www.dihdatalife.com\/#organization","name":"DATAlife","url":"https:\/\/www.dihdatalife.com\/","logo":{"@type":"ImageObject","inLanguage":"gl-ES","@id":"https:\/\/www.dihdatalife.com\/#\/schema\/logo\/image\/","url":"https:\/\/www.dihdatalife.com\/wp-content\/uploads\/2020\/01\/dihdatalife.png","contentUrl":"https:\/\/www.dihdatalife.com\/wp-content\/uploads\/2020\/01\/dihdatalife.png","width":2000,"height":400,"caption":"DATAlife"},"image":{"@id":"https:\/\/www.dihdatalife.com\/#\/schema\/logo\/image\/"},"sameAs":["https:\/\/twitter.com\/DATAlife_DIH","https:\/\/es.linkedin.com\/in\/datalife-dih"]}]}},"_links":{"self":[{"href":"https:\/\/www.dihdatalife.com\/gl\/wp-json\/wp\/v2\/pages\/14184","targetHints":{"allow":["GET"]}}],"collection":[{"href":"https:\/\/www.dihdatalife.com\/gl\/wp-json\/wp\/v2\/pages"}],"about":[{"href":"https:\/\/www.dihdatalife.com\/gl\/wp-json\/wp\/v2\/types\/page"}],"author":[{"embeddable":true,"href":"https:\/\/www.dihdatalife.com\/gl\/wp-json\/wp\/v2\/users\/6"}],"replies":[{"embeddable":true,"href":"https:\/\/www.dihdatalife.com\/gl\/wp-json\/wp\/v2\/comments?post=14184"}],"version-history":[{"count":10,"href":"https:\/\/www.dihdatalife.com\/gl\/wp-json\/wp\/v2\/pages\/14184\/revisions"}],"predecessor-version":[{"id":14698,"href":"https:\/\/www.dihdatalife.com\/gl\/wp-json\/wp\/v2\/pages\/14184\/revisions\/14698"}],"wp:featuredmedia":[{"embeddable":true,"href":"https:\/\/www.dihdatalife.com\/gl\/wp-json\/wp\/v2\/media\/13879"}],"wp:attachment":[{"href":"https:\/\/www.dihdatalife.com\/gl\/wp-json\/wp\/v2\/media?parent=14184"}],"curies":[{"name":"wp","href":"https:\/\/api.w.org\/{rel}","templated":true}]}}