{"id":1413,"date":"2020-09-14T11:47:11","date_gmt":"2020-09-14T09:47:11","guid":{"rendered":"https:\/\/www.dihdatalife.com\/?page_id=1413"},"modified":"2021-06-15T12:50:35","modified_gmt":"2021-06-15T10:50:35","slug":"imaxe-corporativa","status":"publish","type":"page","link":"https:\/\/www.dihdatalife.com\/gl\/imaxe-corporativa\/","title":{"rendered":"Imaxe corporativa"},"content":{"rendered":"<p>[vc_row][vc_column width=&#8221;1\/3&#8243; offset=&#8221;vc_col-lg-offset-2&#8243;][vc_column_text]<\/p>\n<h2 style=\"text-align: center;\">Recursos gr\u00e1ficos<\/h2>\n<p>Aqu\u00ed poder\u00e1s atopar os recursos relacionados coa imaxe corporativa de DATAlife.[\/vc_column_text][\/vc_column][vc_column width=&#8221;1\/3&#8243;][vc_row_inner equal_height=&#8221;yes&#8221; content_placement=&#8221;middle&#8221;][vc_column_inner width=&#8221;1\/4&#8243;][vc_single_image image=&#8221;1418&#8243; img_size=&#8221;full&#8221; alignment=&#8221;center&#8221; onclick=&#8221;custom_link&#8221; img_link_target=&#8221;_blank&#8221; el_class=&#8221;ico&#8221; link=&#8221;\/wp-content\/uploads\/2020\/07\/DATAlife-logotipos.zip&#8221;][\/vc_column_inner][vc_column_inner width=&#8221;3\/4&#8243;][vc_column_text]<a href=\"\/wp-content\/uploads\/2020\/07\/DATAlife-logotipos.zip\" target=\"_blank\" rel=\"noopener noreferrer\">Logotipos corporativos<\/a>[\/vc_column_text][\/vc_column_inner][\/vc_row_inner][vc_row_inner equal_height=&#8221;yes&#8221; content_placement=&#8221;middle&#8221;][vc_column_inner width=&#8221;1\/4&#8243;][vc_single_image image=&#8221;1421&#8243; img_size=&#8221;full&#8221; alignment=&#8221;center&#8221; onclick=&#8221;custom_link&#8221; img_link_target=&#8221;_blank&#8221; el_class=&#8221;ico&#8221; link=&#8221;\/wp-content\/uploads\/2020\/07\/DATAlife-manualcorporativo.pdf&#8221;][\/vc_column_inner][vc_column_inner width=&#8221;3\/4&#8243;][vc_column_text]<a href=\"\/wp-content\/uploads\/2020\/07\/DATAlife-manualcorporativo.pdf\" target=\"_blank\" rel=\"noopener noreferrer\">Manual corporativo<\/a>[\/vc_column_text][\/vc_column_inner][\/vc_row_inner][vc_row_inner equal_height=&#8221;yes&#8221; content_placement=&#8221;middle&#8221;][vc_column_inner width=&#8221;1\/4&#8243;][vc_single_image image=&#8221;1415&#8243; img_size=&#8221;full&#8221; alignment=&#8221;center&#8221; onclick=&#8221;custom_link&#8221; img_link_target=&#8221;_blank&#8221; el_class=&#8221;ico&#8221; link=&#8221;\/wp-content\/uploads\/2020\/07\/DATAlife-imagenes-2.zip&#8221;][\/vc_column_inner][vc_column_inner width=&#8221;3\/4&#8243;][vc_column_text]<a href=\"\/wp-content\/uploads\/2020\/07\/DATAlife-imagenes-2.zip\" target=\"_blank\" rel=\"noopener noreferrer\">Imaxes para medios<\/a>[\/vc_column_text][\/vc_column_inner][\/vc_row_inner][\/vc_column][\/vc_row]<\/p>\n","protected":false},"excerpt":{"rendered":"<p>[vc_row][vc_column width=&#8221;1\/3&#8243; offset=&#8221;vc_col-lg-offset-2&#8243;][vc_column_text] Recursos gr\u00e1ficos Aqu\u00ed poder\u00e1s atopar os recursos relacionados coa imaxe corporativa de DATAlife.[\/vc_column_text][\/vc_column][vc_column width=&#8221;1\/3&#8243;][vc_row_inner equal_height=&#8221;yes&#8221; content_placement=&#8221;middle&#8221;][vc_column_inner width=&#8221;1\/4&#8243;][vc_single_image image=&#8221;1418&#8243;&#8230;<\/p>\n","protected":false},"author":1,"featured_media":0,"parent":0,"menu_order":0,"comment_status":"closed","ping_status":"closed","template":"","meta":{"footnotes":"","_links_to":"","_links_to_target":""},"class_list":["post-1413","page","type-page","status-publish","hentry"],"yoast_head":"<!-- This site is optimized with the Yoast SEO plugin v21.7 - https:\/\/yoast.com\/wordpress\/plugins\/seo\/ -->\r\n<title>DATAlife &#8212; Imaxe corporativa<\/title>\r\n<meta name=\"description\" content=\"DATAlife \u00e9 o Hub de Innovaci\u00f3n Dixital para aplicar intelixencia artificial e big data en PYMES dos sectores primario, biotecnol\u00f3xico e sa\u00fade galegas.\" \/>\r\n<meta name=\"robots\" content=\"index, follow, max-snippet:-1, max-image-preview:large, max-video-preview:-1\" \/>\r\n<link rel=\"canonical\" href=\"https:\/\/www.dihdatalife.com\/imagen-corporativa\/\" \/>\r\n<meta property=\"og:locale\" content=\"gl_ES\" \/>\r\n<meta property=\"og:type\" content=\"article\" \/>\r\n<meta property=\"og:title\" content=\"DATAlife | Imaxe corporativa\" \/>\r\n<meta property=\"og:description\" content=\"DATAlife \u00e9 o Hub de Innovaci\u00f3n Dixital para aplicar intelixencia artificial e big data en PYMES dos sectores primario, biotecnol\u00f3xico e sa\u00fade galegas.\" \/>\r\n<meta property=\"og:url\" content=\"https:\/\/www.dihdatalife.com\/imagen-corporativa\/\" \/>\r\n<meta property=\"og:site_name\" content=\"DATAlife\" \/>\r\n<meta property=\"article:modified_time\" content=\"2021-06-15T10:50:35+00:00\" \/>\r\n<meta property=\"og:image\" content=\"https:\/\/www.dihdatalife.com\/wp-content\/uploads\/2020\/02\/SEO-FB.png\" \/>\r\n\t<meta property=\"og:image:width\" content=\"2401\" \/>\r\n\t<meta property=\"og:image:height\" content=\"1260\" \/>\r\n\t<meta property=\"og:image:type\" content=\"image\/png\" \/>\r\n<meta name=\"twitter:card\" content=\"summary_large_image\" \/>\r\n<meta name=\"twitter:title\" content=\"DATAlife | Imaxe corporativa\" \/>\r\n<meta name=\"twitter:description\" content=\"DATAlife \u00e9 o Hub de Innovaci\u00f3n Dixital para aplicar intelixencia artificial e big data en PYMES dos sectores primario, biotecnol\u00f3xico e sa\u00fade galegas.\" \/>\r\n<meta name=\"twitter:image\" content=\"https:\/\/www.dihdatalife.com\/wp-content\/uploads\/2020\/02\/SEO-TW.png\" \/>\r\n<meta name=\"twitter:site\" content=\"@DATAlife_DIH\" \/>\r\n<meta name=\"twitter:label1\" content=\"Tempo de lectura\" \/>\n\t<meta name=\"twitter:data1\" content=\"1 minuto\" \/>\r\n<script type=\"application\/ld+json\" class=\"yoast-schema-graph\">{\"@context\":\"https:\/\/schema.org\",\"@graph\":[{\"@type\":\"WebPage\",\"@id\":\"https:\/\/www.dihdatalife.com\/imagen-corporativa\/\",\"url\":\"https:\/\/www.dihdatalife.com\/imagen-corporativa\/\",\"name\":\"DATAlife &#8212; Imaxe corporativa\",\"isPartOf\":{\"@id\":\"https:\/\/www.dihdatalife.com\/#website\"},\"datePublished\":\"2020-09-14T09:47:11+00:00\",\"dateModified\":\"2021-06-15T10:50:35+00:00\",\"description\":\"DATAlife \u00e9 o Hub de Innovaci\u00f3n Dixital para aplicar intelixencia artificial e big data en PYMES dos sectores primario, biotecnol\u00f3xico e sa\u00fade galegas.\",\"breadcrumb\":{\"@id\":\"https:\/\/www.dihdatalife.com\/imagen-corporativa\/#breadcrumb\"},\"inLanguage\":\"gl-ES\",\"potentialAction\":[{\"@type\":\"ReadAction\",\"target\":[\"https:\/\/www.dihdatalife.com\/imagen-corporativa\/\"]}]},{\"@type\":\"BreadcrumbList\",\"@id\":\"https:\/\/www.dihdatalife.com\/imagen-corporativa\/#breadcrumb\",\"itemListElement\":[{\"@type\":\"ListItem\",\"position\":1,\"name\":\"Home\",\"item\":\"https:\/\/www.dihdatalife.com\/gl\/\"},{\"@type\":\"ListItem\",\"position\":2,\"name\":\"Imaxe corporativa\"}]},{\"@type\":\"WebSite\",\"@id\":\"https:\/\/www.dihdatalife.com\/#website\",\"url\":\"https:\/\/www.dihdatalife.com\/\",\"name\":\"DATAlife\",\"description\":\"\",\"publisher\":{\"@id\":\"https:\/\/www.dihdatalife.com\/#organization\"},\"potentialAction\":[{\"@type\":\"SearchAction\",\"target\":{\"@type\":\"EntryPoint\",\"urlTemplate\":\"https:\/\/www.dihdatalife.com\/?s={search_term_string}\"},\"query-input\":\"required name=search_term_string\"}],\"inLanguage\":\"gl-ES\"},{\"@type\":\"Organization\",\"@id\":\"https:\/\/www.dihdatalife.com\/#organization\",\"name\":\"DATAlife\",\"url\":\"https:\/\/www.dihdatalife.com\/\",\"logo\":{\"@type\":\"ImageObject\",\"inLanguage\":\"gl-ES\",\"@id\":\"https:\/\/www.dihdatalife.com\/#\/schema\/logo\/image\/\",\"url\":\"https:\/\/www.dihdatalife.com\/wp-content\/uploads\/2020\/01\/dihdatalife.png\",\"contentUrl\":\"https:\/\/www.dihdatalife.com\/wp-content\/uploads\/2020\/01\/dihdatalife.png\",\"width\":2000,\"height\":400,\"caption\":\"DATAlife\"},\"image\":{\"@id\":\"https:\/\/www.dihdatalife.com\/#\/schema\/logo\/image\/\"},\"sameAs\":[\"https:\/\/twitter.com\/DATAlife_DIH\",\"https:\/\/es.linkedin.com\/in\/datalife-dih\"]}]}<\/script>\r\n<!-- \/ Yoast SEO plugin. -->","yoast_head_json":{"title":"DATAlife &#8212; Imaxe corporativa","description":"DATAlife \u00e9 o Hub de Innovaci\u00f3n Dixital para aplicar intelixencia artificial e big data en PYMES dos sectores primario, biotecnol\u00f3xico e sa\u00fade galegas.","robots":{"index":"index","follow":"follow","max-snippet":"max-snippet:-1","max-image-preview":"max-image-preview:large","max-video-preview":"max-video-preview:-1"},"canonical":"https:\/\/www.dihdatalife.com\/imagen-corporativa\/","og_locale":"gl_ES","og_type":"article","og_title":"DATAlife | Imaxe corporativa","og_description":"DATAlife \u00e9 o Hub de Innovaci\u00f3n Dixital para aplicar intelixencia artificial e big data en PYMES dos sectores primario, biotecnol\u00f3xico e sa\u00fade galegas.","og_url":"https:\/\/www.dihdatalife.com\/imagen-corporativa\/","og_site_name":"DATAlife","article_modified_time":"2021-06-15T10:50:35+00:00","og_image":[{"width":2401,"height":1260,"url":"https:\/\/www.dihdatalife.com\/wp-content\/uploads\/2020\/02\/SEO-FB.png","type":"image\/png"}],"twitter_card":"summary_large_image","twitter_title":"DATAlife | Imaxe corporativa","twitter_description":"DATAlife \u00e9 o Hub de Innovaci\u00f3n Dixital para aplicar intelixencia artificial e big data en PYMES dos sectores primario, biotecnol\u00f3xico e sa\u00fade galegas.","twitter_image":"https:\/\/www.dihdatalife.com\/wp-content\/uploads\/2020\/02\/SEO-TW.png","twitter_site":"@DATAlife_DIH","twitter_misc":{"Tempo de lectura":"1 minuto"},"schema":{"@context":"https:\/\/schema.org","@graph":[{"@type":"WebPage","@id":"https:\/\/www.dihdatalife.com\/imagen-corporativa\/","url":"https:\/\/www.dihdatalife.com\/imagen-corporativa\/","name":"DATAlife &#8212; Imaxe corporativa","isPartOf":{"@id":"https:\/\/www.dihdatalife.com\/#website"},"datePublished":"2020-09-14T09:47:11+00:00","dateModified":"2021-06-15T10:50:35+00:00","description":"DATAlife \u00e9 o Hub de Innovaci\u00f3n Dixital para aplicar intelixencia artificial e big data en PYMES dos sectores primario, biotecnol\u00f3xico e sa\u00fade galegas.","breadcrumb":{"@id":"https:\/\/www.dihdatalife.com\/imagen-corporativa\/#breadcrumb"},"inLanguage":"gl-ES","potentialAction":[{"@type":"ReadAction","target":["https:\/\/www.dihdatalife.com\/imagen-corporativa\/"]}]},{"@type":"BreadcrumbList","@id":"https:\/\/www.dihdatalife.com\/imagen-corporativa\/#breadcrumb","itemListElement":[{"@type":"ListItem","position":1,"name":"Home","item":"https:\/\/www.dihdatalife.com\/gl\/"},{"@type":"ListItem","position":2,"name":"Imaxe corporativa"}]},{"@type":"WebSite","@id":"https:\/\/www.dihdatalife.com\/#website","url":"https:\/\/www.dihdatalife.com\/","name":"DATAlife","description":"","publisher":{"@id":"https:\/\/www.dihdatalife.com\/#organization"},"potentialAction":[{"@type":"SearchAction","target":{"@type":"EntryPoint","urlTemplate":"https:\/\/www.dihdatalife.com\/?s={search_term_string}"},"query-input":"required name=search_term_string"}],"inLanguage":"gl-ES"},{"@type":"Organization","@id":"https:\/\/www.dihdatalife.com\/#organization","name":"DATAlife","url":"https:\/\/www.dihdatalife.com\/","logo":{"@type":"ImageObject","inLanguage":"gl-ES","@id":"https:\/\/www.dihdatalife.com\/#\/schema\/logo\/image\/","url":"https:\/\/www.dihdatalife.com\/wp-content\/uploads\/2020\/01\/dihdatalife.png","contentUrl":"https:\/\/www.dihdatalife.com\/wp-content\/uploads\/2020\/01\/dihdatalife.png","width":2000,"height":400,"caption":"DATAlife"},"image":{"@id":"https:\/\/www.dihdatalife.com\/#\/schema\/logo\/image\/"},"sameAs":["https:\/\/twitter.com\/DATAlife_DIH","https:\/\/es.linkedin.com\/in\/datalife-dih"]}]}},"_links":{"self":[{"href":"https:\/\/www.dihdatalife.com\/gl\/wp-json\/wp\/v2\/pages\/1413","targetHints":{"allow":["GET"]}}],"collection":[{"href":"https:\/\/www.dihdatalife.com\/gl\/wp-json\/wp\/v2\/pages"}],"about":[{"href":"https:\/\/www.dihdatalife.com\/gl\/wp-json\/wp\/v2\/types\/page"}],"author":[{"embeddable":true,"href":"https:\/\/www.dihdatalife.com\/gl\/wp-json\/wp\/v2\/users\/1"}],"replies":[{"embeddable":true,"href":"https:\/\/www.dihdatalife.com\/gl\/wp-json\/wp\/v2\/comments?post=1413"}],"version-history":[{"count":2,"href":"https:\/\/www.dihdatalife.com\/gl\/wp-json\/wp\/v2\/pages\/1413\/revisions"}],"predecessor-version":[{"id":1559,"href":"https:\/\/www.dihdatalife.com\/gl\/wp-json\/wp\/v2\/pages\/1413\/revisions\/1559"}],"wp:attachment":[{"href":"https:\/\/www.dihdatalife.com\/gl\/wp-json\/wp\/v2\/media?parent=1413"}],"curies":[{"name":"wp","href":"https:\/\/api.w.org\/{rel}","templated":true}]}}