{"id":12762,"date":"2024-01-22T13:22:14","date_gmt":"2024-01-22T12:22:14","guid":{"rendered":"https:\/\/www.dihdatalife.com\/?page_id=12762"},"modified":"2024-04-25T12:37:14","modified_gmt":"2024-04-25T10:37:14","slug":"servizos-tecnoloxicos-socios-proxecto-edih-datalife","status":"publish","type":"page","link":"https:\/\/www.dihdatalife.com\/gl\/servizos-tecnoloxicos-socios-proxecto-edih-datalife\/","title":{"rendered":"Servizos tecnol\u00f3xicos socios"},"content":{"rendered":"<p>[vc_row css=&#8221;.vc_custom_1705925334251{margin-top: 40px !important;margin-right: 40px !important;margin-bottom: 40px !important;margin-left: 40px !important;padding-top: 40px !important;padding-right: 40px !important;padding-bottom: 40px !important;padding-left: 40px !important;}&#8221;][vc_column width=&#8221;2\/3&#8243;][vc_column_text]<\/p>\n<h1>Servizos tecnol\u00f3xicos<\/h1>\n<p>[\/vc_column_text][vc_column_text]A trav\u00e9s desta recopilaci\u00f3n de v\u00eddeos, poderedes co\u00f1ecer alg\u00fans dos <strong>servizos<\/strong> que ofrecen os socios que forman parte do consorcio do <strong>proxecto EDIH DATAlife<\/strong>.<\/p>\n<p>Se cres que alg\u00fan pode ser de utilidade para axudarche no teu proceso de dixitalizaci\u00f3n, non dubides en <a href=\"https:\/\/www.dihdatalife.com\/gl\/formulario-servizos-edih-datalife\/\" target=\"_blank\" rel=\"noopener\">cubrir o formulario<\/a> e o equipo porase en contacto contigo.[\/vc_column_text][vc_column_text]<\/p>\n<p style=\"text-align: center;\"><a class=\"btn\" href=\"https:\/\/www.dihdatalife.com\/gl\/edih-servizos\/\">Listado de servizos completo<\/a><\/p>\n<p>[\/vc_column_text][\/vc_column][vc_column width=&#8221;1\/3&#8243;][vc_single_image image=&#8221;11292&#8243; img_size=&#8221;full&#8221;][\/vc_column][\/vc_row][vc_row foundry_background_style=&#8221;bg-primary&#8221; css=&#8221;.vc_custom_1705925994281{margin-top: 40px !important;margin-right: 40px !important;margin-bottom: 40px !important;margin-left: 40px !important;padding-top: 40px !important;padding-right: 40px !important;padding-bottom: 40px !important;padding-left: 40px !important;}&#8221;][vc_column][vc_row_inner equal_height=&#8221;yes&#8221;][vc_column_inner el_class=&#8221;col-retos&#8221; width=&#8221;1\/3&#8243;][vc_column_text]<\/p>\n<h3 style=\"text-align: center;\">ANFACO-CECOPESCA<\/h3>\n<p>[\/vc_column_text][vc_video link=&#8221;https:\/\/www.youtube.com\/watch?v=yIpnW6l0-j4&amp;t=104s&#8221;][vc_column_text]<\/p>\n<p style=\"text-align: center;\"><strong>Sens\u00f3rica<\/strong> baseada en visi\u00f3n hiperespectral ou NIR e <strong>software de modelado matem\u00e1tico<\/strong> con desenvolvemento de modelos preditivos e posibilidade de integrar en cloud.<\/p>\n<p>[\/vc_column_text][\/vc_column_inner][vc_column_inner el_class=&#8221;col-retos&#8221; width=&#8221;1\/3&#8243;][vc_column_text]<\/p>\n<h3 style=\"text-align: center;\">CESGA<\/h3>\n<p>[\/vc_column_text][vc_video link=&#8221;https:\/\/www.youtube.com\/watch?v=ijd9TgNybhA&#8221;][vc_empty_space height=&#8221;20px&#8221;][vc_column_text]<\/p>\n<p style=\"text-align: center;\">Grandes <strong>capacidades de computaci\u00f3n e soporte<\/strong> especializado e de novas infraestruturas hardware (GPUs).<\/p>\n<p>[\/vc_column_text][\/vc_column_inner][vc_column_inner el_class=&#8221;col-retos&#8221; width=&#8221;1\/3&#8243;][vc_column_text]<\/p>\n<h3 style=\"text-align: center;\">CETGA<\/h3>\n<p>[\/vc_column_text][vc_video link=&#8221;https:\/\/www.youtube.com\/watch?v=w5Lf4wu4wsQ&#8221;][vc_column_text]<\/p>\n<p style=\"text-align: center;\">Implantaci\u00f3n de c\u00e1maras para toma de <strong>imaxes RGB<\/strong> que pode combinarse con informaci\u00f3n procedente de <strong>hidr\u00f3fonos<\/strong> ou con estimaci\u00f3n de volumen mediante <strong>LiDAR<\/strong>.<\/p>\n<p>[\/vc_column_text][\/vc_column_inner][\/vc_row_inner][vc_row_inner equal_height=&#8221;yes&#8221;][vc_column_inner el_class=&#8221;col-retos&#8221; width=&#8221;1\/3&#8243;][vc_column_text]<\/p>\n<h3 style=\"text-align: center;\">CETIM<\/h3>\n<p>[\/vc_column_text][vc_video link=&#8221;https:\/\/www.youtube.com\/watch?v=PXxpmK4Cnss&#8221;][vc_column_text]<\/p>\n<p style=\"text-align: center;\"><strong>Desenvolvementos de IoT<\/strong>, investigaci\u00f3n en <strong>redes de sensores<\/strong>, li\u00f1a espec\u00edfica de <strong>fot\u00f3nica<\/strong> para investigaci\u00f3n en aplicaci\u00f3ns de t\u00e9cnicas de \u00f3ptica e visi\u00f3n artificial e <strong>dese\u00f1o de prototipos<\/strong> a medida de cada proyecto.<\/p>\n<p>[\/vc_column_text][\/vc_column_inner][vc_column_inner el_class=&#8221;col-retos&#8221; width=&#8221;1\/3&#8243;][vc_column_text]<\/p>\n<h3 style=\"text-align: center;\">EnergyLab<\/h3>\n<p>[\/vc_column_text][vc_video link=&#8221;https:\/\/www.youtube.com\/watch?v=J2kJOxxPUV4&#8243;][vc_empty_space height=&#8221;15px&#8221;][vc_column_text]<\/p>\n<p style=\"text-align: center;\">Medici\u00f3n da pegada ambiental e de carbono baseado en <strong>captura de datos a trav\u00e9s de IoT<\/strong> e <strong>monitorizaci\u00f3n<\/strong> dos consumos nas diferentes fases de produci\u00f3n.<\/p>\n<p>[\/vc_column_text][\/vc_column_inner][vc_column_inner el_class=&#8221;col-retos&#8221; width=&#8221;1\/3&#8243;][vc_column_text]<\/p>\n<h3 style=\"text-align: center;\">Gradiant<\/h3>\n<p>[\/vc_column_text][vc_video link=&#8221;https:\/\/www.youtube.com\/watch?v=e2ujmMOfn3o&#8221;][vc_empty_space height=&#8221;20px&#8221;][vc_column_text]<\/p>\n<p style=\"text-align: center;\">Creaci\u00f3n dun <strong>modem Narrowband-IoT<\/strong> para unha boa <strong>conectividade<\/strong> en medios rurais para recolecci\u00f3n de datos.<\/p>\n<p>[\/vc_column_text][\/vc_column_inner][\/vc_row_inner][vc_row_inner equal_height=&#8221;yes&#8221;][vc_column_inner width=&#8221;1\/6&#8243;][\/vc_column_inner][vc_column_inner el_class=&#8221;col-retos&#8221; width=&#8221;1\/3&#8243;][vc_column_text]<\/p>\n<h3 style=\"text-align: center;\">Televes<\/h3>\n<p>[\/vc_column_text][vc_video link=&#8221;https:\/\/www.youtube.com\/watch?v=XoNM9y98HAM&amp;t=12s&#8221;][vc_empty_space height=&#8221;15px&#8221;][vc_column_text]<\/p>\n<p style=\"text-align: center;\">Creaci\u00f3n de espazos para o <strong>desenvolvemento e a validaci\u00f3n de soluci\u00f3ns IoT<\/strong> na \u00e1rea de sa\u00fade e coidados.<\/p>\n<p>[\/vc_column_text][\/vc_column_inner][vc_column_inner el_class=&#8221;col-retos&#8221; width=&#8221;1\/3&#8243;][vc_column_text]<\/p>\n<h3 style=\"text-align: center;\">USC &#8211; CiTIUS<\/h3>\n<p>[\/vc_column_text][vc_video link=&#8221;https:\/\/www.youtube.com\/watch?v=a7Lky-YASSI&#8221;][vc_column_text]<\/p>\n<p style=\"text-align: center;\">Desenvolvemento de algoritmos baseados en IA e machine learning para a <strong>predici\u00f3n de par\u00e1metros<\/strong> de calidade do produto e a <strong>optimizaci\u00f3n dos procesos<\/strong> de elaboraci\u00f3n e fabricaci\u00f3n.<\/p>\n<p>[\/vc_column_text][\/vc_column_inner][vc_column_inner width=&#8221;1\/6&#8243;][\/vc_column_inner][\/vc_row_inner][\/vc_column][\/vc_row][vc_row][vc_column][vc_single_image image=&#8221;15059&#8243; img_size=&#8221;full&#8221;][\/vc_column][\/vc_row]<\/p>\n","protected":false},"excerpt":{"rendered":"<p>[vc_row css=&#8221;.vc_custom_1705925334251{margin-top: 40px !important;margin-right: 40px !important;margin-bottom: 40px !important;margin-left: 40px !important;padding-top: 40px !important;padding-right: 40px !important;padding-bottom: 40px !important;padding-left: 40px !important;}&#8221;][vc_column width=&#8221;2\/3&#8243;][vc_column_text] Servizos tecnol\u00f3xicos&#8230;<\/p>\n","protected":false},"author":6,"featured_media":11292,"parent":0,"menu_order":0,"comment_status":"closed","ping_status":"closed","template":"","meta":{"footnotes":"","_links_to":"","_links_to_target":""},"class_list":["post-12762","page","type-page","status-publish","has-post-thumbnail","hentry"],"yoast_head":"<!-- This site is optimized with the Yoast SEO plugin v21.7 - https:\/\/yoast.com\/wordpress\/plugins\/seo\/ -->\r\n<title>DATAlife &#8212; Servizos tecnol\u00f3xicos socios<\/title>\r\n<meta name=\"description\" content=\"Recopilaci\u00f3n de v\u00eddeos para co\u00f1ecer alg\u00fans dos servizos que ofrecen os socios que forman parte do consorcio do proxecto EDIH DATAlife.\" \/>\r\n<meta name=\"robots\" content=\"index, follow, max-snippet:-1, max-image-preview:large, max-video-preview:-1\" \/>\r\n<link rel=\"canonical\" href=\"https:\/\/www.dihdatalife.com\/gl\/servizos-tecnoloxicos-socios-proxecto-edih-datalife\/\" \/>\r\n<meta property=\"og:locale\" content=\"gl_ES\" \/>\r\n<meta property=\"og:type\" content=\"article\" \/>\r\n<meta property=\"og:title\" content=\"DATAlife &#8212; Servizos tecnol\u00f3xicos socios\" \/>\r\n<meta property=\"og:description\" content=\"Recopilaci\u00f3n de v\u00eddeos para co\u00f1ecer alg\u00fans dos servizos que ofrecen os socios que forman parte do consorcio do proxecto EDIH DATAlife.\" \/>\r\n<meta property=\"og:url\" content=\"https:\/\/www.dihdatalife.com\/gl\/servizos-tecnoloxicos-socios-proxecto-edih-datalife\/\" \/>\r\n<meta property=\"og:site_name\" content=\"DATAlife\" \/>\r\n<meta property=\"article:modified_time\" content=\"2024-04-25T10:37:14+00:00\" \/>\r\n<meta property=\"og:image\" content=\"https:\/\/www.dihdatalife.com\/wp-content\/uploads\/2023\/11\/Servicios.png\" \/>\r\n\t<meta property=\"og:image:width\" content=\"1607\" \/>\r\n\t<meta property=\"og:image:height\" content=\"1003\" \/>\r\n\t<meta property=\"og:image:type\" content=\"image\/png\" \/>\r\n<meta name=\"twitter:card\" content=\"summary_large_image\" \/>\r\n<meta name=\"twitter:site\" content=\"@DATAlife_DIH\" \/>\r\n<meta name=\"twitter:label1\" content=\"Tempo de lectura\" \/>\n\t<meta name=\"twitter:data1\" content=\"2 minutos\" \/>\r\n<script type=\"application\/ld+json\" class=\"yoast-schema-graph\">{\"@context\":\"https:\/\/schema.org\",\"@graph\":[{\"@type\":\"WebPage\",\"@id\":\"https:\/\/www.dihdatalife.com\/gl\/servizos-tecnoloxicos-socios-proxecto-edih-datalife\/\",\"url\":\"https:\/\/www.dihdatalife.com\/gl\/servizos-tecnoloxicos-socios-proxecto-edih-datalife\/\",\"name\":\"DATAlife &#8212; Servizos tecnol\u00f3xicos socios\",\"isPartOf\":{\"@id\":\"https:\/\/www.dihdatalife.com\/#website\"},\"datePublished\":\"2024-01-22T12:22:14+00:00\",\"dateModified\":\"2024-04-25T10:37:14+00:00\",\"description\":\"Recopilaci\u00f3n de v\u00eddeos para co\u00f1ecer alg\u00fans dos servizos que ofrecen os socios que forman parte do consorcio do proxecto EDIH DATAlife.\",\"breadcrumb\":{\"@id\":\"https:\/\/www.dihdatalife.com\/gl\/servizos-tecnoloxicos-socios-proxecto-edih-datalife\/#breadcrumb\"},\"inLanguage\":\"gl-ES\",\"potentialAction\":[{\"@type\":\"ReadAction\",\"target\":[\"https:\/\/www.dihdatalife.com\/gl\/servizos-tecnoloxicos-socios-proxecto-edih-datalife\/\"]}]},{\"@type\":\"BreadcrumbList\",\"@id\":\"https:\/\/www.dihdatalife.com\/gl\/servizos-tecnoloxicos-socios-proxecto-edih-datalife\/#breadcrumb\",\"itemListElement\":[{\"@type\":\"ListItem\",\"position\":1,\"name\":\"Home\",\"item\":\"https:\/\/www.dihdatalife.com\/gl\/\"},{\"@type\":\"ListItem\",\"position\":2,\"name\":\"Servizos tecnol\u00f3xicos socios\"}]},{\"@type\":\"WebSite\",\"@id\":\"https:\/\/www.dihdatalife.com\/#website\",\"url\":\"https:\/\/www.dihdatalife.com\/\",\"name\":\"DATAlife\",\"description\":\"\",\"publisher\":{\"@id\":\"https:\/\/www.dihdatalife.com\/#organization\"},\"potentialAction\":[{\"@type\":\"SearchAction\",\"target\":{\"@type\":\"EntryPoint\",\"urlTemplate\":\"https:\/\/www.dihdatalife.com\/?s={search_term_string}\"},\"query-input\":\"required name=search_term_string\"}],\"inLanguage\":\"gl-ES\"},{\"@type\":\"Organization\",\"@id\":\"https:\/\/www.dihdatalife.com\/#organization\",\"name\":\"DATAlife\",\"url\":\"https:\/\/www.dihdatalife.com\/\",\"logo\":{\"@type\":\"ImageObject\",\"inLanguage\":\"gl-ES\",\"@id\":\"https:\/\/www.dihdatalife.com\/#\/schema\/logo\/image\/\",\"url\":\"https:\/\/www.dihdatalife.com\/wp-content\/uploads\/2020\/01\/dihdatalife.png\",\"contentUrl\":\"https:\/\/www.dihdatalife.com\/wp-content\/uploads\/2020\/01\/dihdatalife.png\",\"width\":2000,\"height\":400,\"caption\":\"DATAlife\"},\"image\":{\"@id\":\"https:\/\/www.dihdatalife.com\/#\/schema\/logo\/image\/\"},\"sameAs\":[\"https:\/\/twitter.com\/DATAlife_DIH\",\"https:\/\/es.linkedin.com\/in\/datalife-dih\"]}]}<\/script>\r\n<!-- \/ Yoast SEO plugin. -->","yoast_head_json":{"title":"DATAlife &#8212; Servizos tecnol\u00f3xicos socios","description":"Recopilaci\u00f3n de v\u00eddeos para co\u00f1ecer alg\u00fans dos servizos que ofrecen os socios que forman parte do consorcio do proxecto EDIH DATAlife.","robots":{"index":"index","follow":"follow","max-snippet":"max-snippet:-1","max-image-preview":"max-image-preview:large","max-video-preview":"max-video-preview:-1"},"canonical":"https:\/\/www.dihdatalife.com\/gl\/servizos-tecnoloxicos-socios-proxecto-edih-datalife\/","og_locale":"gl_ES","og_type":"article","og_title":"DATAlife &#8212; Servizos tecnol\u00f3xicos socios","og_description":"Recopilaci\u00f3n de v\u00eddeos para co\u00f1ecer alg\u00fans dos servizos que ofrecen os socios que forman parte do consorcio do proxecto EDIH DATAlife.","og_url":"https:\/\/www.dihdatalife.com\/gl\/servizos-tecnoloxicos-socios-proxecto-edih-datalife\/","og_site_name":"DATAlife","article_modified_time":"2024-04-25T10:37:14+00:00","og_image":[{"width":1607,"height":1003,"url":"https:\/\/www.dihdatalife.com\/wp-content\/uploads\/2023\/11\/Servicios.png","type":"image\/png"}],"twitter_card":"summary_large_image","twitter_site":"@DATAlife_DIH","twitter_misc":{"Tempo de lectura":"2 minutos"},"schema":{"@context":"https:\/\/schema.org","@graph":[{"@type":"WebPage","@id":"https:\/\/www.dihdatalife.com\/gl\/servizos-tecnoloxicos-socios-proxecto-edih-datalife\/","url":"https:\/\/www.dihdatalife.com\/gl\/servizos-tecnoloxicos-socios-proxecto-edih-datalife\/","name":"DATAlife &#8212; Servizos tecnol\u00f3xicos socios","isPartOf":{"@id":"https:\/\/www.dihdatalife.com\/#website"},"datePublished":"2024-01-22T12:22:14+00:00","dateModified":"2024-04-25T10:37:14+00:00","description":"Recopilaci\u00f3n de v\u00eddeos para co\u00f1ecer alg\u00fans dos servizos que ofrecen os socios que forman parte do consorcio do proxecto EDIH DATAlife.","breadcrumb":{"@id":"https:\/\/www.dihdatalife.com\/gl\/servizos-tecnoloxicos-socios-proxecto-edih-datalife\/#breadcrumb"},"inLanguage":"gl-ES","potentialAction":[{"@type":"ReadAction","target":["https:\/\/www.dihdatalife.com\/gl\/servizos-tecnoloxicos-socios-proxecto-edih-datalife\/"]}]},{"@type":"BreadcrumbList","@id":"https:\/\/www.dihdatalife.com\/gl\/servizos-tecnoloxicos-socios-proxecto-edih-datalife\/#breadcrumb","itemListElement":[{"@type":"ListItem","position":1,"name":"Home","item":"https:\/\/www.dihdatalife.com\/gl\/"},{"@type":"ListItem","position":2,"name":"Servizos tecnol\u00f3xicos socios"}]},{"@type":"WebSite","@id":"https:\/\/www.dihdatalife.com\/#website","url":"https:\/\/www.dihdatalife.com\/","name":"DATAlife","description":"","publisher":{"@id":"https:\/\/www.dihdatalife.com\/#organization"},"potentialAction":[{"@type":"SearchAction","target":{"@type":"EntryPoint","urlTemplate":"https:\/\/www.dihdatalife.com\/?s={search_term_string}"},"query-input":"required name=search_term_string"}],"inLanguage":"gl-ES"},{"@type":"Organization","@id":"https:\/\/www.dihdatalife.com\/#organization","name":"DATAlife","url":"https:\/\/www.dihdatalife.com\/","logo":{"@type":"ImageObject","inLanguage":"gl-ES","@id":"https:\/\/www.dihdatalife.com\/#\/schema\/logo\/image\/","url":"https:\/\/www.dihdatalife.com\/wp-content\/uploads\/2020\/01\/dihdatalife.png","contentUrl":"https:\/\/www.dihdatalife.com\/wp-content\/uploads\/2020\/01\/dihdatalife.png","width":2000,"height":400,"caption":"DATAlife"},"image":{"@id":"https:\/\/www.dihdatalife.com\/#\/schema\/logo\/image\/"},"sameAs":["https:\/\/twitter.com\/DATAlife_DIH","https:\/\/es.linkedin.com\/in\/datalife-dih"]}]}},"_links":{"self":[{"href":"https:\/\/www.dihdatalife.com\/gl\/wp-json\/wp\/v2\/pages\/12762","targetHints":{"allow":["GET"]}}],"collection":[{"href":"https:\/\/www.dihdatalife.com\/gl\/wp-json\/wp\/v2\/pages"}],"about":[{"href":"https:\/\/www.dihdatalife.com\/gl\/wp-json\/wp\/v2\/types\/page"}],"author":[{"embeddable":true,"href":"https:\/\/www.dihdatalife.com\/gl\/wp-json\/wp\/v2\/users\/6"}],"replies":[{"embeddable":true,"href":"https:\/\/www.dihdatalife.com\/gl\/wp-json\/wp\/v2\/comments?post=12762"}],"version-history":[{"count":7,"href":"https:\/\/www.dihdatalife.com\/gl\/wp-json\/wp\/v2\/pages\/12762\/revisions"}],"predecessor-version":[{"id":15113,"href":"https:\/\/www.dihdatalife.com\/gl\/wp-json\/wp\/v2\/pages\/12762\/revisions\/15113"}],"wp:featuredmedia":[{"embeddable":true,"href":"https:\/\/www.dihdatalife.com\/gl\/wp-json\/wp\/v2\/media\/11292"}],"wp:attachment":[{"href":"https:\/\/www.dihdatalife.com\/gl\/wp-json\/wp\/v2\/media?parent=12762"}],"curies":[{"name":"wp","href":"https:\/\/api.w.org\/{rel}","templated":true}]}}