{"id":1008,"date":"2020-01-17T17:23:31","date_gmt":"2020-01-17T16:23:31","guid":{"rendered":"https:\/\/www.dihdatalife.com\/politica-cookies\/"},"modified":"2020-05-08T18:34:45","modified_gmt":"2020-05-08T16:34:45","slug":"politica-cookies","status":"publish","type":"page","link":"https:\/\/www.dihdatalife.com\/gl\/politica-cookies\/","title":{"rendered":"Pol\u00edtica de cookies"},"content":{"rendered":"<p>[vc_row][vc_column][vc_column_text]Dende a nosa entidade queremos informarlle de maneira clara e precisa sobre as cookies que utilizamos no noso Sitio Web, cumprindo co previsto pola Lei 34\/2002, de Servizos da Sociedade da Informaci\u00f3n e de Comercio Electr\u00f3nico (LSSI), as\u00ed como co Regulamento (UE) 2016\/679 do Parlamento Europeo e do Consello de 27 de abril de 2016 (Regulamento Xeral de Protecci\u00f3n de Datos) e Lei Org\u00e1nica de Protecci\u00f3n de Datos e Garant\u00eda de Dereitos Dixitais (LOPDGDD, Lei 3\/2018 de 5 de decembro).<\/p>\n<h3>\u00bfQu\u00e9 \u00e9 unha cookie?<\/h3>\n<p>Unha cookie \u00e9 un peque\u00f1o arquivo que se descarga no ordenador, tablet ou smartphone do usuario, coa finalidade de almacenar datos e informaci\u00f3n que poder\u00e1n ser actualizados e recuperados pola entidade responsable da s\u00faa instalaci\u00f3n.<\/p>\n<p>A informaci\u00f3n recabada a trav\u00e9s das cookies pode incluir a data e hora de visitas \u00f3 sitio web, as distintas pestanas que vostede visionou ou o tiempo que permaneceu no mesmo, entre outros detalles.<\/p>\n<p>Esta informaci\u00f3n poder\u00e1 ser utilizada polo titular do Sitio Web para xestionar as sesi\u00f3ns dos susuarios, mellorar os seus contidos, facer m\u00e1is atractivo o Sitio Web e colocar correctamente os contidos que m\u00e1is interesan \u00f3s visitantes.<\/p>\n<p>Segundo <strong> a entidade que as xestione<\/strong>, as cookies poden ser:<\/p>\n<ul>\n<li><strong>Cookies propias<\/strong>:\u00a0Son aquelas que se env\u00edan \u00f3 equipo terminal do interesado dende un equipo ou dominio xestionado polo propio responsable do Sitio Web dende o que se presta o servizo solicitado polo usuario.<\/li>\n<li><strong>Cookies de terceiros<\/strong>:\u00a0Son aquelas que se env\u00edan \u00f3 equipo terminal do usuario dende un equipo ou dominio que non \u00e9 gestionado polo responsable do Sitio Web, sen\u00f3n por outra entidade que trata os datos obtidos a trav\u00e9s das cookies. Tal \u00e9 o caso, por exemplo, das cookies anal\u00edticas utilizadas por Google, ou as utilizadas polas redes sociais para ofrecer \u00f3 usuario a posibilidad de compartir ou recomendar contidos da nosa p\u00e1xina web nas mesmas.<\/li>\n<\/ul>\n<p>Segundo o <strong>prazo de tempo que permanecen activadas<\/strong>:<\/p>\n<ul>\n<li><strong>Cookies de sesi\u00f3n<\/strong>:\u00a0Son un tipo de cookies dise\u00f1adas para recabar e almacenar datos mentres o usuario accede a unha p\u00e1xina web. Empr\u00e9ganse para almacenar informaci\u00f3n que so interesa conservar para a prestaci\u00f3n do servizo solicitado polo usuario nunha soa ocasi\u00f3n (por exemplo, unha lista de produtos adquiridos nunha tienda on-line).<\/li>\n<li><strong>Cookies persistentes<\/strong>:\u00a0Son un tipo de cookies nas que os datos siguen almacenados no terminal e poden ser accedidos e tratados durante un periodo definido polo responsable da cookie, e que pode ir duns minutos a varios anos.<\/li>\n<\/ul>\n<p>Segundo <strong>a finalidade perseguida<\/strong>, as cookies p\u00f3dense clasificar nos seguintes tipos:<\/p>\n<ul>\n<li><strong>Cookies t\u00e9cnicas<\/strong>: Son aquelas que permiten \u00f3 usuario a navegaci\u00f3n a trav\u00e9s dunha p\u00e1xina web, plataforma o aplicaci\u00f3n e a utilizaci\u00f3n das diferentes opci\u00f3ns o servizos que nela existan como, por exemplo, controlar o tr\u00e1fico e a comunicaci\u00f3n de datos, identificar a sesi\u00f3n, acceder a partes de acceso restrinxido, recordar os elementos que integran un pedido, realizar o proceso de compra dun pedido, realizar a solicitude de inscripci\u00f3n ou participaci\u00f3n nun evento, utilizar elementos de seguridade durante a navegaci\u00f3n, almacenar contidos para a difusi\u00f3n de videos ou son ou compartir contidos a trav\u00e9s de redes sociais.<\/li>\n<li><strong>Cookies de personalizaci\u00f3n<\/strong>: Son aquelas que permiten \u00f3 usuario acceder \u00f3 servizo con algunhas caracter\u00edsticas de car\u00e1cter xeral predefinidas en funci\u00f3n dunha serie de criterios no terminal do usuario como por exemplo serian o idioma, o tipo de navegador a trav\u00e9s do cal accede \u00f3 servizo, a configuraci\u00f3n rexional dende donde accede \u00f3 servizo, etc.<\/li>\n<li><strong>Cookies de rendemento<\/strong>: Permiten axustar a s\u00faa navegaci\u00f3n en virtude das preferencias asociadas \u00f3 dispositivo nas s\u00faas visitas xeradas.<\/li>\n<li><strong>Cookies de xeolocalizaci\u00f3n<\/strong>: A s\u00faa finalidade principal \u00e9 axustar o contido \u00e1 localizaci\u00f3n do dispositivo de conexi\u00f3n.<\/li>\n<li><strong>Cookies de conexi\u00f3n con medios sociais<\/strong>: Recopilan a informaci\u00f3n de sesi\u00f3n de perfil de conexi\u00f3n a trav\u00e9s da rede social escollida, podendo revocar a mesma, baixo las preferencias establecidas nos seus propios perf\u00eds. Ditas cookies son configuradas polos proveedores de servizos das redes sociais dispo\u00f1endo aqueles as s\u00faas propias pol\u00edticas de privacidade \u00f3 efecto.<\/li>\n<li><strong>Cookies de anal\u00edtica<\/strong>: Son cookies propias ou de terceiros que permiten identificar o dispositivo de conexi\u00f3n coa finalidade de medir o tempo de conexi\u00f3n e os contidos visitados, coa finalidade principal de medir o rendemento e co\u00f1ecer os h\u00e1bitos de navegaci\u00f3n pola estructura do Sitio Web para poder optimizar o seu dese\u00f1o.<\/li>\n<li><strong>Cookies publicitarias<\/strong>. Son aquellas que permiten xestionar da forma m\u00e1is eficaz posible a oferta dos espacios publicitarios que se mostran nunha p\u00e1xina web, adecuando o contido do anuncio \u00f3 contido do servizo solicitado \u00f3 uso que realice de dita p\u00e1xina web.<\/li>\n<li><strong>Cookies de publicidade comportamental<\/strong>: Son aquelas que permiten a xesti\u00f3n, da forma m\u00e1is eficaz posible, dos espacios publicitarios que se mostran nunha p\u00e1xina web. Estas cookies almacenan informaci\u00f3n do comportamiento dos usuarios obtida a trav\u00e9s da observaci\u00f3n continuada dos seus h\u00e1bitos de navegaci\u00f3n, o que permite desenvolver un perfil espec\u00edfico para mostrar publicidade en funci\u00f3n do mesmo.<\/li>\n<\/ul>\n<h3>\u00bfQue tipos de cookies utiliza este sitio web?<\/h3>\n<p>Este Sitio Web utiliza cookies propias e de terceiros para mellorar os nosos servizos, e ofrecerlle unha experiencia de navegaci\u00f3n relacionada coas su\u00e1s preferencias.<\/p>\n<p><strong>Se contin\u00faa navegando por este sitio web, consideramos que acepta o seu uso, se ben poder\u00e1 revocar en calquer momento o seu consentimento a trav\u00e9s das opci\u00f3ns de configuraci\u00f3n do seu navegador<\/strong>, tal e como se explica nun apartado posterior.<\/p>\n<p>A nosa entidade non trata informaci\u00f3n persoal que pudiera revelar orientaci\u00f3n sexual; crenzas pol\u00edticas o religiosas; informaci\u00f3n de sa\u00fade; ou informaci\u00f3n considerada sensible (categor\u00edas especiais de datos, tal e como as define o Regulamento Xeneral de Protecci\u00f3n de Datos da Uni\u00f3n Europea).<\/p>\n<h3>Cookies propias<\/h3>\n<p>Este tipo de cookies son enviadas \u00f3 seu dispositivo e xestionadas exclusivamente por nos para o mellor funcionamento do Sitio Web. \u00c9stas te\u00f1en como finalidade determinados aspectos t\u00e9cnicos e de persoalizaci\u00f3n, tales como: recordar identificaci\u00f3ns de rexistros de usuarios; preferencias de ferramentas na utilizaci\u00f3n de contidos; interacci\u00f3n cos contidos; localizaci\u00f3n de acceso \u00f3s contidos; an\u00e1lise dos datos con a finalidade de mellorar o rendemento; an\u00e1lise de usuarios en virtude de determinados par\u00e1metros de navegaci\u00f3n; elaboraci\u00f3n de perf\u00eds de navegaci\u00f3n dos usuarios e estad\u00edsticas, coa fin de introducir melloras en funci\u00f3n da an\u00e1lise dos datos. Este tipo de cookies poden tener unha duraci\u00f3n determinada: caducidade inminente; caducidade \u00f3 finalizar sesi\u00f3n; caducidade temporal.<\/p>\n<h3>Cookies de terceros<\/h3>\n<p>Son aquelas que se env\u00edan \u00f3 seu dispositivo dende un equipo ou dominio que non \u00e9 xestionado pola nosa entidade, sen\u00f3n por outra entidade colaboradora.<\/p>\n<p>A continuaci\u00f3n, det\u00e1llanse todas as cookies de terceiros utilizadas por este Sitio Web, as\u00ed como as s\u00faas caracter\u00edsticas e finalidades:<\/p>\n<table style=\"height: 366px;\" width=\"769\">\n<tbody>\n<tr>\n<td width=\"53\"><strong>Cookies<\/strong><\/td>\n<td width=\"114\"><strong>Dominio\/Entidade<\/strong><\/td>\n<td width=\"87\"><strong>Finalidade<\/strong><\/td>\n<td width=\"79\"><strong>Persistencia<\/strong><\/td>\n<td width=\"82\"><strong>Tipo de cookie<\/strong><\/td>\n<\/tr>\n<tr>\n<td width=\"53\">_ga<\/td>\n<td width=\"114\">analytics.google.com<\/td>\n<td width=\"87\">Identifica de forma \u00fanica \u00f3 usuario para co\u00f1ecer a s\u00faa actividade<\/td>\n<td width=\"79\">2 anos<\/td>\n<td width=\"82\">\u00a0Terceiros &#8211; An\u00e1lisis<\/td>\n<\/tr>\n<tr>\n<td width=\"53\">_gat_gtag_UA_157831770_1<\/td>\n<td width=\"114\">analytics.google.com<\/td>\n<td width=\"87\">Distinguir aos usuarios e limitar a porcentaxe de solicitudes<\/td>\n<td width=\"79\">1 d\u00eda<\/td>\n<td width=\"82\">\u00a0Terceiros &#8211; An\u00e1lisis<\/td>\n<\/tr>\n<tr>\n<td width=\"53\">_gid<\/td>\n<td width=\"114\">analytics.google.com<\/td>\n<td width=\"87\">Identifica de forma \u00fanica \u00f3 usuario para co\u00f1ecer a s\u00faa actividade<\/td>\n<td width=\"79\">1 d\u00eda<\/td>\n<td width=\"82\">Terceiros &#8211; An\u00e1lisis<\/td>\n<\/tr>\n<tr>\n<td width=\"53\">cookielawinfo-checkbox-necessary<\/td>\n<td width=\"114\">datalife.com<\/td>\n<td width=\"87\">Utilizado para a aceptaci\u00f3n de cookies anal\u00edticas<\/td>\n<td width=\"79\">30 minutos<\/td>\n<td width=\"82\">T\u00e9cnica<\/td>\n<\/tr>\n<tr>\n<td width=\"53\">cookielawinfo-checkbox-non-necessary<\/td>\n<td width=\"114\">datalife.com<\/td>\n<td width=\"87\">Utilizado para a aceptaci\u00f3n de cookies anal\u00edticas<\/td>\n<td width=\"79\">30 minutos<\/td>\n<td width=\"82\">T\u00e9cnica<\/td>\n<\/tr>\n<\/tbody>\n<\/table>\n<p>&nbsp;<\/p>\n<h3>\u00bfCal \u00e9 a lexitimaci\u00f3n para o uso das cookies no noso Sitio Web?<\/h3>\n<p>No caso das cookies t\u00e9cnicas, \u00e9 dicir, aquelas que resultan imprescindibles para navegar por este Sitio Web e recibir o servizo ofrecido a trav\u00e9s dela, a base legal do seu uso \u00e9 o acordo a trav\u00e9s do cal o usuario decide visitar esta p\u00e1xina web e utilizar os seus servizos.<\/p>\n<p>A base legal do uso do resto de cookies \u00e9 o consentimento do usuario, que se lle solicita no momento de acceder a este Sitio Web, puidendo revocalo en calquer momento a trav\u00e9s da configuraci\u00f3n do seu navegador. A retirada de dito consentimento non afectar\u00e1 \u00e1 posibilidade de navegar por esta web e utilizar os seus servizos, pero os tratamentos de datos efectuados con anterioridad non perder\u00e1n a s\u00faa licitude polo feito de que o consentimento fora revocado.<\/p>\n<h3>\u00bfA qu\u00e9 destinatarios se lles comunicar\u00e1n as cookies ou quen poder\u00e1 acceder a ellas?<\/h3>\n<p>Non se van comunicar os datos obtidos a trav\u00e9s das cookies a outras entidades alleas a nosa organizaci\u00f3n.<\/p>\n<p>Non obstante, cando existan cookies de terceiros, conforme \u00f3 indicado anteriormente, ditos terceiros poder\u00e1n acceder \u00e1s cookies e utilizalas na forma descrita.<\/p>\n<h3>\u00bfComo podo configurar ou deshabilitar as cookies que utiliza este sitio web?<\/h3>\n<p>O usuario poder\u00e1 retirar en calquer momento o seu consentimento relacionado coa Pol\u00edtica de Cookies, e poder\u00e1 eliminar as cookies almacenadas no seu equipo a trav\u00e9s dos axustes e configuraci\u00f3ns do seu navegador de Internet.<\/p>\n<p>Para restrinxir ou bloquear as cookies, con car\u00e1cter xeral os navegadores ofrecen as seguintes opci\u00f3ns de configuraci\u00f3n en relaci\u00f3n \u00e1 instalaci\u00f3n de cookies:<\/p>\n<ul>\n<li>Chrome: <a href=\"https:\/\/support.google.com\/chrome\/?hl=es&amp;answer=95647\">https:\/\/support.google.com\/chrome\/?hl=es&amp;answer=95647<\/a><\/li>\n<li>Microsoft Explorer: <a href=\"https:\/\/support.microsoft.com\/es-es\/help\/17442\/windows-internet-explorer-delete-manage-cookies\">https:\/\/support.microsoft.com\/es-es\/help\/17442\/windows-internet-explorer-delete-manage-cookies<\/a><\/li>\n<li>Microsoft Edge: <a href=\"https:\/\/support.microsoft.com\/es-es\/help\/4468242\/microsoft-edge-browsing-data-and-privacy-microsoft-privacy\">https:\/\/support.microsoft.com\/es-es\/help\/4468242\/microsoft-edge-browsing-data-and-privacy-microsoft-privacy<\/a><\/li>\n<li>Firefox: <a href=\"https:\/\/support.mozilla.org\/es\/kb\/habilitar-y-deshabilitar-cookies-sitios-web-rastrear-preferencias\">https:\/\/support.mozilla.org\/es\/kb\/habilitar-y-deshabilitar-cookies-sitios-web-rastrear-preferencias<\/a><\/li>\n<li>Safari: <a href=\"https:\/\/support.apple.com\/kb\/ph5042\">https:\/\/support.apple.com\/kb\/ph5042<\/a><\/li>\n<\/ul>\n<p>En relaci\u00f3n \u00f3s dispositivos m\u00f3viles, incl\u00faese a seguinte informaci\u00f3n respecto \u00f3s ajustes ou \u00e1 documental acerca da mesma:<\/p>\n<ul>\n<li>Para Android: <a href=\"https:\/\/support.google.com\/chrome\/answer\/95647?co=GENIE.Platform%3DAndroid&amp;hl=es-419\">https:\/\/support.google.com\/chrome\/answer\/95647?co=GENIE.Platform%3DAndroid&amp;hl=es-419<\/a><\/li>\n<li>Para Safari (IOS): <a href=\"https:\/\/support.apple.com\/en-us\/HT201265\">https:\/\/support.apple.com\/en-us\/HT201265<\/a><\/li>\n<\/ul>\n<p>Se se impide a instalaci\u00f3n de todas as cookies da p\u00e1xina web, algunhas funcionalidades da mesma, as\u00ed como alg\u00fans contidos poden verse afectados.<\/p>\n<h3>Marco Xur\u00eddico de Referencia<\/h3>\n<p>O marco jur\u00eddico para o uso das cookies ven definido en Espa\u00f1a pola Lei 34\/2002, de Servizos da Sociedad da Informaci\u00f3n e de Comercio Electr\u00f3nico (LSSI), as\u00ed como polo Regulamento (UE) 2016\/679 do Parlamento Europeo e do Consello de 27 de abril de 2016 (Regulamento Xeral de Protecci\u00f3n de Datos) e a Lei Org\u00e1nica de Protecci\u00f3n de Datos e Garant\u00eda de Dereitos Dixitais (LOPDGDD, Lei 3\/2018 de 5 de decembro).<\/p>\n<p>En relaci\u00f3n co uso das cookies, o apartado segundo do <strong>art\u00edculo 22 da LSSI<\/strong> establece o seguinte:<\/p>\n<p>\u201c<em>2. Os prestadores de servizos poder\u00e1n utilizar dispositivos de almacenamento e recuperaci\u00f3n de datos en equipos terminais dos destinatarios, a condici\u00f3n de que os mesmos deran o seu consentimento despois de que se lles facilitase a informaci\u00f3n clara e completa sobre a s\u00faa utilizaci\u00f3n, en particular, sobre os fins do tratamento dos datos, con arreglo \u00f3 disposto na Lei Org\u00e1nica 15\/1999, de 13 de decembro, de Protecci\u00f3n de Datos de Car\u00e1cter Persoal.<\/em><\/p>\n<p><em>Cando sexa t\u00e9cnicamente posible e eficaz, o consentimento do destinatario para aceptar o tratamento dos datos poder\u00e1 facilitarse mediante o uso dos par\u00e1metros adecuados do navegador ou doutras aplicaci\u00f3ns, sempre que aquel deba proceder \u00e1 s\u00faa configuraci\u00f3n durante \u00e1 s\u00faa instalaci\u00f3n ou actualizaci\u00f3n mediante unha acci\u00f3n expresa a tal efecto.<\/em><\/p>\n<p><em>O anterior non impedir\u00e1 o posible almacenamento ou acceso de \u00edndole t\u00e9cnica \u00f3 so fin de efectuar a transmisi\u00f3n dunha comunicaci\u00f3n por unha rede de comunicaci\u00f3ns electr\u00f3nicas ou, na medida que resulte estrictamente necesario, para a prestaci\u00f3n dun servizo da sociedade da informaci\u00f3n expresamente solicitado polo destinatario.<\/em>\u201d<\/p>\n<p>No RGPD menci\u00f3nanse as cookies no considerando 30, previo \u00f3s artigos do citado Regulamento:<\/p>\n<p>(30): \u201c<em>As persoas f\u00edsicas poden ser asociadas a identificadores en li\u00f1a facilitados polos seus dispositivos, aplicaci\u00f3ns, ferramientas e protocolos, como direcci\u00f3ns dos protocolos de internet, identificadores de sesi\u00f3n en forma de \u00abcookies\u00bb ou outros identificadores, como etiquetas de identificaci\u00f3n por radiofrecuencia. Esto pode deixar pegadas que, en particular, \u00f3 ser combinadas con identificadores \u00fanicos e outros datos recibidos polos servidores, poden ser utilizadas para elaborar perf\u00eds das persoas f\u00edsicas e identificalas.<\/em>\u201d<\/p>\n<p>Deste modo, cando as cookies poden identificar a un individuo, se lles considera datos persoais, \u00f3 igual que unha direcci\u00f3n IP.<\/p>\n<p>A LOPD establece no seu artigo 6.1, en relaci\u00f3n co consentimento para o tratamento dos datos persoais:<\/p>\n<p>\u201c<em>1. De conformidad co dispuesto no art\u00edculo 4.11 do Regulamento (UE) 2016\/679, ent\u00e9ndese por consentimento do afectado toda manifestaci\u00f3n de vontade libre, espec\u00edfica, informada e inequ\u00edvoca pola que este acepta, xa sexa mediante unha declaraci\u00f3n o unha clara acci\u00f3n afirmativa, o tratamento de datos persoais que lle conciernen.<\/em>\u201d<\/p>\n<h3>Cambios na Pol\u00edtica de cookies<\/h3>\n<p>\u00c9 posible que actualicemos a pol\u00edtica de cookies do noso sitio web. Por este motivo, lle recomendamos revisar esta pol\u00edtica cada vez que acceda \u00f3 noso sitio web co obxectivo de estar adecuadamente informado sobre c\u00f3mo e para qu\u00e9 usamos as cookies.<\/p>\n<p>A pol\u00edtica de cookies de nosa entidade actualizouse por \u00faltima vez a 30 de decembro de 2019.[\/vc_column_text][\/vc_column][\/vc_row]<\/p>\n","protected":false},"excerpt":{"rendered":"<p>[vc_row][vc_column][vc_column_text]Dende a nosa entidade queremos informarlle de maneira clara e precisa sobre as cookies que utilizamos no noso Sitio Web, cumprindo&#8230;<\/p>\n","protected":false},"author":1,"featured_media":0,"parent":0,"menu_order":0,"comment_status":"closed","ping_status":"closed","template":"","meta":{"footnotes":"","_links_to":"","_links_to_target":""},"class_list":["post-1008","page","type-page","status-publish","hentry"],"yoast_head":"<!-- This site is optimized with the Yoast SEO plugin v21.7 - https:\/\/yoast.com\/wordpress\/plugins\/seo\/ -->\r\n<title>DATAlife &#8212; Pol\u00edtica de cookies<\/title>\r\n<meta name=\"description\" content=\"DATAlife es el Hub de Innovaci\u00f3n Digital para aplicar inteligencia artificial y big data en PYMES de los sectores primario, biotecnol\u00f3gico y salud gallegas.\" \/>\r\n<meta name=\"robots\" content=\"noindex, nofollow\" \/>\r\n<meta property=\"og:locale\" content=\"gl_ES\" \/>\r\n<meta property=\"og:type\" content=\"article\" \/>\r\n<meta property=\"og:title\" content=\"DATAlife &#8212; Pol\u00edtica de cookies\" \/>\r\n<meta property=\"og:description\" content=\"DATAlife es el Hub de Innovaci\u00f3n Digital para aplicar inteligencia artificial y big data en PYMES de los sectores primario, biotecnol\u00f3gico y salud gallegas.\" \/>\r\n<meta property=\"og:url\" content=\"https:\/\/www.dihdatalife.com\/politica-cookies\/\" \/>\r\n<meta property=\"og:site_name\" content=\"DATAlife\" \/>\r\n<meta property=\"article:modified_time\" content=\"2020-05-08T16:34:45+00:00\" \/>\r\n<meta name=\"twitter:card\" content=\"summary_large_image\" \/>\r\n<meta name=\"twitter:site\" content=\"@DATAlife_DIH\" \/>\r\n<meta name=\"twitter:label1\" content=\"Tempo de lectura\" \/>\n\t<meta name=\"twitter:data1\" content=\"11 minutos\" \/>\r\n<script type=\"application\/ld+json\" class=\"yoast-schema-graph\">{\"@context\":\"https:\/\/schema.org\",\"@graph\":[{\"@type\":\"WebPage\",\"@id\":\"https:\/\/www.dihdatalife.com\/politica-cookies\/\",\"url\":\"https:\/\/www.dihdatalife.com\/politica-cookies\/\",\"name\":\"DATAlife &#8212; Pol\u00edtica de cookies\",\"isPartOf\":{\"@id\":\"https:\/\/www.dihdatalife.com\/#website\"},\"datePublished\":\"2020-01-17T16:23:31+00:00\",\"dateModified\":\"2020-05-08T16:34:45+00:00\",\"description\":\"DATAlife es el Hub de Innovaci\u00f3n Digital para aplicar inteligencia artificial y big data en PYMES de los sectores primario, biotecnol\u00f3gico y salud gallegas.\",\"breadcrumb\":{\"@id\":\"https:\/\/www.dihdatalife.com\/politica-cookies\/#breadcrumb\"},\"inLanguage\":\"gl-ES\",\"potentialAction\":[{\"@type\":\"ReadAction\",\"target\":[\"https:\/\/www.dihdatalife.com\/politica-cookies\/\"]}]},{\"@type\":\"BreadcrumbList\",\"@id\":\"https:\/\/www.dihdatalife.com\/politica-cookies\/#breadcrumb\",\"itemListElement\":[{\"@type\":\"ListItem\",\"position\":1,\"name\":\"Home\",\"item\":\"https:\/\/www.dihdatalife.com\/gl\/\"},{\"@type\":\"ListItem\",\"position\":2,\"name\":\"Pol\u00edtica de cookies\"}]},{\"@type\":\"WebSite\",\"@id\":\"https:\/\/www.dihdatalife.com\/#website\",\"url\":\"https:\/\/www.dihdatalife.com\/\",\"name\":\"DATAlife\",\"description\":\"\",\"publisher\":{\"@id\":\"https:\/\/www.dihdatalife.com\/#organization\"},\"potentialAction\":[{\"@type\":\"SearchAction\",\"target\":{\"@type\":\"EntryPoint\",\"urlTemplate\":\"https:\/\/www.dihdatalife.com\/?s={search_term_string}\"},\"query-input\":\"required name=search_term_string\"}],\"inLanguage\":\"gl-ES\"},{\"@type\":\"Organization\",\"@id\":\"https:\/\/www.dihdatalife.com\/#organization\",\"name\":\"DATAlife\",\"url\":\"https:\/\/www.dihdatalife.com\/\",\"logo\":{\"@type\":\"ImageObject\",\"inLanguage\":\"gl-ES\",\"@id\":\"https:\/\/www.dihdatalife.com\/#\/schema\/logo\/image\/\",\"url\":\"https:\/\/www.dihdatalife.com\/wp-content\/uploads\/2020\/01\/dihdatalife.png\",\"contentUrl\":\"https:\/\/www.dihdatalife.com\/wp-content\/uploads\/2020\/01\/dihdatalife.png\",\"width\":2000,\"height\":400,\"caption\":\"DATAlife\"},\"image\":{\"@id\":\"https:\/\/www.dihdatalife.com\/#\/schema\/logo\/image\/\"},\"sameAs\":[\"https:\/\/twitter.com\/DATAlife_DIH\",\"https:\/\/es.linkedin.com\/in\/datalife-dih\"]}]}<\/script>\r\n<!-- \/ Yoast SEO plugin. -->","yoast_head_json":{"title":"DATAlife &#8212; Pol\u00edtica de cookies","description":"DATAlife es el Hub de Innovaci\u00f3n Digital para aplicar inteligencia artificial y big data en PYMES de los sectores primario, biotecnol\u00f3gico y salud gallegas.","robots":{"index":"noindex","follow":"nofollow"},"og_locale":"gl_ES","og_type":"article","og_title":"DATAlife &#8212; Pol\u00edtica de cookies","og_description":"DATAlife es el Hub de Innovaci\u00f3n Digital para aplicar inteligencia artificial y big data en PYMES de los sectores primario, biotecnol\u00f3gico y salud gallegas.","og_url":"https:\/\/www.dihdatalife.com\/politica-cookies\/","og_site_name":"DATAlife","article_modified_time":"2020-05-08T16:34:45+00:00","twitter_card":"summary_large_image","twitter_site":"@DATAlife_DIH","twitter_misc":{"Tempo de lectura":"11 minutos"},"schema":{"@context":"https:\/\/schema.org","@graph":[{"@type":"WebPage","@id":"https:\/\/www.dihdatalife.com\/politica-cookies\/","url":"https:\/\/www.dihdatalife.com\/politica-cookies\/","name":"DATAlife &#8212; Pol\u00edtica de cookies","isPartOf":{"@id":"https:\/\/www.dihdatalife.com\/#website"},"datePublished":"2020-01-17T16:23:31+00:00","dateModified":"2020-05-08T16:34:45+00:00","description":"DATAlife es el Hub de Innovaci\u00f3n Digital para aplicar inteligencia artificial y big data en PYMES de los sectores primario, biotecnol\u00f3gico y salud gallegas.","breadcrumb":{"@id":"https:\/\/www.dihdatalife.com\/politica-cookies\/#breadcrumb"},"inLanguage":"gl-ES","potentialAction":[{"@type":"ReadAction","target":["https:\/\/www.dihdatalife.com\/politica-cookies\/"]}]},{"@type":"BreadcrumbList","@id":"https:\/\/www.dihdatalife.com\/politica-cookies\/#breadcrumb","itemListElement":[{"@type":"ListItem","position":1,"name":"Home","item":"https:\/\/www.dihdatalife.com\/gl\/"},{"@type":"ListItem","position":2,"name":"Pol\u00edtica de cookies"}]},{"@type":"WebSite","@id":"https:\/\/www.dihdatalife.com\/#website","url":"https:\/\/www.dihdatalife.com\/","name":"DATAlife","description":"","publisher":{"@id":"https:\/\/www.dihdatalife.com\/#organization"},"potentialAction":[{"@type":"SearchAction","target":{"@type":"EntryPoint","urlTemplate":"https:\/\/www.dihdatalife.com\/?s={search_term_string}"},"query-input":"required name=search_term_string"}],"inLanguage":"gl-ES"},{"@type":"Organization","@id":"https:\/\/www.dihdatalife.com\/#organization","name":"DATAlife","url":"https:\/\/www.dihdatalife.com\/","logo":{"@type":"ImageObject","inLanguage":"gl-ES","@id":"https:\/\/www.dihdatalife.com\/#\/schema\/logo\/image\/","url":"https:\/\/www.dihdatalife.com\/wp-content\/uploads\/2020\/01\/dihdatalife.png","contentUrl":"https:\/\/www.dihdatalife.com\/wp-content\/uploads\/2020\/01\/dihdatalife.png","width":2000,"height":400,"caption":"DATAlife"},"image":{"@id":"https:\/\/www.dihdatalife.com\/#\/schema\/logo\/image\/"},"sameAs":["https:\/\/twitter.com\/DATAlife_DIH","https:\/\/es.linkedin.com\/in\/datalife-dih"]}]}},"_links":{"self":[{"href":"https:\/\/www.dihdatalife.com\/gl\/wp-json\/wp\/v2\/pages\/1008","targetHints":{"allow":["GET"]}}],"collection":[{"href":"https:\/\/www.dihdatalife.com\/gl\/wp-json\/wp\/v2\/pages"}],"about":[{"href":"https:\/\/www.dihdatalife.com\/gl\/wp-json\/wp\/v2\/types\/page"}],"author":[{"embeddable":true,"href":"https:\/\/www.dihdatalife.com\/gl\/wp-json\/wp\/v2\/users\/1"}],"replies":[{"embeddable":true,"href":"https:\/\/www.dihdatalife.com\/gl\/wp-json\/wp\/v2\/comments?post=1008"}],"version-history":[{"count":6,"href":"https:\/\/www.dihdatalife.com\/gl\/wp-json\/wp\/v2\/pages\/1008\/revisions"}],"predecessor-version":[{"id":1132,"href":"https:\/\/www.dihdatalife.com\/gl\/wp-json\/wp\/v2\/pages\/1008\/revisions\/1132"}],"wp:attachment":[{"href":"https:\/\/www.dihdatalife.com\/gl\/wp-json\/wp\/v2\/media?parent=1008"}],"curies":[{"name":"wp","href":"https:\/\/api.w.org\/{rel}","templated":true}]}}