{"id":1007,"date":"2020-01-17T17:22:52","date_gmt":"2020-01-17T16:22:52","guid":{"rendered":"https:\/\/www.dihdatalife.com\/aviso-legal\/"},"modified":"2020-04-16T13:50:29","modified_gmt":"2020-04-16T11:50:29","slug":"aviso-legal","status":"publish","type":"page","link":"https:\/\/www.dihdatalife.com\/gl\/aviso-legal\/","title":{"rendered":"Aviso legal"},"content":{"rendered":"<p>[vc_row][vc_column][vc_column_text]<\/p>\n<h3>Informaci\u00f3n sobre o Titular do Sitio Web<\/h3>\n<p>Este Sitio Web \u00e9 propiedade da Asociacio\u0301n DIH DATALIFE \u2013 HUB DE INNOVACIO\u0301N DIXITAL DATALIFE, con NIF: G70603063 e domicilio social en Santiago de Compostela, na Avenida do Mestre Mateo, 2, Edificio EMPRENDIA, sito no Campus Vida (A Corun\u0303a).<\/p>\n<p>DIH DATALIFE constituiuse o 31 de outubro de 2019, e esta\u0301 inscrita no Rexistro Central de Asociaci\u00f3ns da Administracio\u0301n Xeneral da Comunidade Auto\u0301noma de Galicia co nu\u0301mero 2020-23933-1, dende o 22 de xaneiro de 2020.<\/p>\n<p>Dentro da expresio\u0301n \u201cSitio Web\u201d compr\u00e9ndense -con cara\u0301cter delimitativo pero non limitativo- os datos, textos, gra\u0301ficos, imaxes, animaci\u00f3ns, creaci\u00f3ns musicais, vi\u0301deos, sons, debuxos, fotografi\u0301as e outros incluidos no mesmo, e, en xeral, todas as creaci\u00f3ns expresadas por calquer medio ou soporte, tanxible o intanxible con independencia de que sexan susceptibles ou non de propiedade intelectual dacordo \u00f3 Texto Refundido da Lei de Propiedade Intelectual.<\/p>\n<h3>Condici\u00f3ns de Acceso e Utilizaci\u00f3n do Sitio Web<\/h3>\n<p>O acceso a este Sitio Web \u00e9 responsabilidade exclusiva do usuario, e sup\u00f3n aceptar e co\u00f1ecer as advertencias legais, condici\u00f3ns e t\u00e9rmos de uso contidos nela. O usuario garante a autenticidade e veracidade de todos aqueles datos que comunique tanto na cumplimentaci\u00f3n dos formularios de rexistro como en calquer outro momento posterior, sendo da s\u00faa responsabilidade o actualizar a informaci\u00f3n suministrada, de tal forma que reflexe a s\u00faa situaci\u00f3n real. O usuario ser\u00e1 responsable da inexactitude ou falta de veracidade da informaci\u00f3n aportada.<\/p>\n<p>O usuario comprom\u00e9tese \u00e1 correcta utilizaci\u00f3n do Sitio Web, os seus contidos e utilidades que se lle proporcionen conforme \u00e1 lei e \u00f3 presente aviso legal, quedando obrigado \u00f3 uso de todos os seus contidos para fins l\u00edcitos e non prohibidos, que non infrinxan a legalidade vixente e\/ou poidan resultar lesivos dos dereitos lex\u00edtimos dos titulares do Sitio Web o de calquer terceiro, e\/ou que poidan causar calquer dano ou perxuicio de forma directa o indirecta.<\/p>\n<h3>Dereitos de Propiedade Intelectual<\/h3>\n<p>O usuario obr\u00edgase a respetar os dereitos de propiedade intelectual da DIH DATALIFE. O uso o a concesi\u00f3n de acceso a este Sitio Web non comportan o outorgamiento de dereito alg\u00fan sobre as marcas, nomes comerciais ou calquer outro signo distintivo que se utilicen na mesma.<\/p>\n<p>Quedan prohibidas as descargas deste Sitio Web para fins comerciais, polo que o usuario non poder\u00e1 explotar, reproducir, distribuir, modificar, comunicar p\u00fablicamente, ceder, transformar ou usar o contido deste Sitio Web con fins comerciales.<\/p>\n<p>Asimesmo, en virtude do establecido neste Aviso Legal, queda prohibida a reproducci\u00f3n total ou parcial dos contidos deste Sitio Web sen autorizaci\u00f3n expresa do autor e sen que poidan entenderse cedidos \u00f3 usuario polo acceso \u00e1 mesma.<\/p>\n<h3>Protecci\u00f3n de Datos de Car\u00e1cter Persoal<\/h3>\n<p>DIH DATALIFE obr\u00edgase a cumplir a lexislaci\u00f3n vixente en materia de protecci\u00f3n de datos persoais contida na Lei Org\u00e1nica de Protecci\u00f3n de Datos e Garant\u00eda de Dereitos Dixitales (LOPDGDD, Lei 3\/2018 de 5 de decembro), e dem\u00e1s normas que a complementen e desenvolvan, as\u00ed coma no Regulamento (UE) 2016\/679 do Parlamento Europeo e do Consello de 27 de abril de 2016 (GDPR).<\/p>\n<p>Os datos de car\u00e1cter persoal suministrados polo usuario nos formularios que cumplimente ser\u00e1n tratados de forma automatizada e incorporados a ficheiros de datos persoais da DIH DATALIFE. Os datos persoais ser\u00e1n exclusivamente utilizados para o fin exposto no formulario de recollida de datos.<\/p>\n<p>En todo momento o usuario poder\u00e1 exercitar os seus dereitos de acceso, oposici\u00f3n, rectificaci\u00f3n e cancelaci\u00f3n de conformidade co establecido na normativa de protecci\u00f3n de datos, a trav\u00e9s da direcci\u00f3n: info@dihdatalife.com. Pode consultar a nosa poli\u0301tica de privacidade <a href=\"https:\/\/www.dihdatalife.com\/gl\/politica-privacidade\/\">aqui\u0301<\/a>.<\/p>\n<h3>Utilizaci\u00f3n de cookies<\/h3>\n<p>DIH DATALIFE se reserva o dereito de utilizar \u201ccookies\u201d (peque\u00f1os arquivos de texto almacenados no navegador do usuario) u outras t\u00e9cnicas similares cando un usuario navega polas p\u00e1xinas do Sitio Web. Tales cookies ser\u00e1n usadas por DIH DATALIFE \u00fanicamente para asegurar que o Sitio Web est\u00e1 siendo bien administrado e facilitar unha mellor navegaci\u00f3n dentro do mesmo \u00f3s usuarios.<\/p>\n<p>En ning\u00fan caso se utilizar\u00e1n cookies de terceiros para rastrexar os h\u00e1bitos de navegaci\u00f3n do usuario.<\/p>\n<p>Pode consultar a nosa pol\u00edtica de cookies <a href=\"https:\/\/www.dihdatalife.com\/gl\/politica-cookies\/\"><strong>aqu\u00ed<\/strong><\/a>.<\/p>\n<h3>Exenci\u00f3n e limitaci\u00f3n de responsabilidade da DIH DATALIFE<\/h3>\n<p>DIH DATALIFE queda exenta de calquer tipo de responsabilidade por danos e perxuizos de toda natureza nos seguintes casos:<\/p>\n<ul>\n<li>Pola imposibilidade ou dificultade de conexi\u00f3n \u00e1 rede de comunicaci\u00f3ns a trav\u00e9s da que resulta accesible este Sitio Web, independentemente da clase de conexi\u00f3n utilizada polo usuario.<\/li>\n<li>Pola interrupci\u00f3n, suspensi\u00f3n ou cancelaci\u00f3n do acceso \u00f3 Sitio Web, as\u00ed como por dispo\u00f1ibilidade e continuidade do funcionamento do sitio ou dos servizos e\/ou contidos no mesmo, cando elo se deba (i) ben a interrupci\u00f3n do servizo por mantemento t\u00e9cnico da web, (ii) ben a unha causa allea \u00f3 \u00e1mbito de control da DIH DATALIFE xa prove\u00f1a directa o indirectamente de esta.<\/li>\n<li>Da calidad e velocidade de acceso \u00f3 sitio e das condici\u00f3ns t\u00e9cnicas que debe reunir o usuario co fin de poder acceder \u00f3 sitio e \u00f3s seus servizos e\/ou contidos.<\/li>\n<\/ul>\n<h3>Lexislaci\u00f3n Aplicable e Xurisdicci\u00f3n<\/h3>\n<p>Estas Condici\u00f3ns Xerais de Uso do Sitio Web r\u00edxense pola lexislaci\u00f3n espa\u00f1ola.<\/p>\n<p>As partes, con expresa renuncia \u00f3 seu propio foro, som\u00e9tense para a resoluci\u00f3n de cantos litixios puideran derivarse \u00f3s Juzgados e Tribunais de Santiago de Compostela.[\/vc_column_text][\/vc_column][\/vc_row]<\/p>\n","protected":false},"excerpt":{"rendered":"<p>[vc_row][vc_column][vc_column_text] Informaci\u00f3n sobre o Titular do Sitio Web Este Sitio Web \u00e9 propiedade da Asociacio\u0301n DIH DATALIFE \u2013 HUB DE INNOVACIO\u0301N&#8230;<\/p>\n","protected":false},"author":1,"featured_media":0,"parent":0,"menu_order":0,"comment_status":"closed","ping_status":"closed","template":"","meta":{"footnotes":"","_links_to":"","_links_to_target":""},"class_list":["post-1007","page","type-page","status-publish","hentry"],"yoast_head":"<!-- This site is optimized with the Yoast SEO plugin v21.7 - https:\/\/yoast.com\/wordpress\/plugins\/seo\/ -->\r\n<title>DATAlife &#8212; Aviso legal<\/title>\r\n<meta name=\"description\" content=\"DATAlife es el Hub de Innovaci\u00f3n Digital para aplicar inteligencia artificial y big data en PYMES de los sectores primario, biotecnol\u00f3gico y salud gallegas.\" \/>\r\n<meta name=\"robots\" content=\"noindex, nofollow\" \/>\r\n<meta property=\"og:locale\" content=\"gl_ES\" \/>\r\n<meta property=\"og:type\" content=\"article\" \/>\r\n<meta property=\"og:title\" content=\"DATAlife &#8212; Aviso legal\" \/>\r\n<meta property=\"og:description\" content=\"DATAlife es el Hub de Innovaci\u00f3n Digital para aplicar inteligencia artificial y big data en PYMES de los sectores primario, biotecnol\u00f3gico y salud gallegas.\" \/>\r\n<meta property=\"og:url\" content=\"https:\/\/www.dihdatalife.com\/aviso-legal\/\" \/>\r\n<meta property=\"og:site_name\" content=\"DATAlife\" \/>\r\n<meta property=\"article:modified_time\" content=\"2020-04-16T11:50:29+00:00\" \/>\r\n<meta name=\"twitter:card\" content=\"summary_large_image\" \/>\r\n<meta name=\"twitter:site\" content=\"@DATAlife_DIH\" \/>\r\n<meta name=\"twitter:label1\" content=\"Tempo de lectura\" \/>\n\t<meta name=\"twitter:data1\" content=\"5 minutos\" \/>\r\n<script type=\"application\/ld+json\" class=\"yoast-schema-graph\">{\"@context\":\"https:\/\/schema.org\",\"@graph\":[{\"@type\":\"WebPage\",\"@id\":\"https:\/\/www.dihdatalife.com\/aviso-legal\/\",\"url\":\"https:\/\/www.dihdatalife.com\/aviso-legal\/\",\"name\":\"DATAlife &#8212; Aviso legal\",\"isPartOf\":{\"@id\":\"https:\/\/www.dihdatalife.com\/#website\"},\"datePublished\":\"2020-01-17T16:22:52+00:00\",\"dateModified\":\"2020-04-16T11:50:29+00:00\",\"description\":\"DATAlife es el Hub de Innovaci\u00f3n Digital para aplicar inteligencia artificial y big data en PYMES de los sectores primario, biotecnol\u00f3gico y salud gallegas.\",\"breadcrumb\":{\"@id\":\"https:\/\/www.dihdatalife.com\/aviso-legal\/#breadcrumb\"},\"inLanguage\":\"gl-ES\",\"potentialAction\":[{\"@type\":\"ReadAction\",\"target\":[\"https:\/\/www.dihdatalife.com\/aviso-legal\/\"]}]},{\"@type\":\"BreadcrumbList\",\"@id\":\"https:\/\/www.dihdatalife.com\/aviso-legal\/#breadcrumb\",\"itemListElement\":[{\"@type\":\"ListItem\",\"position\":1,\"name\":\"Home\",\"item\":\"https:\/\/www.dihdatalife.com\/gl\/\"},{\"@type\":\"ListItem\",\"position\":2,\"name\":\"Aviso legal\"}]},{\"@type\":\"WebSite\",\"@id\":\"https:\/\/www.dihdatalife.com\/#website\",\"url\":\"https:\/\/www.dihdatalife.com\/\",\"name\":\"DATAlife\",\"description\":\"\",\"publisher\":{\"@id\":\"https:\/\/www.dihdatalife.com\/#organization\"},\"potentialAction\":[{\"@type\":\"SearchAction\",\"target\":{\"@type\":\"EntryPoint\",\"urlTemplate\":\"https:\/\/www.dihdatalife.com\/?s={search_term_string}\"},\"query-input\":\"required name=search_term_string\"}],\"inLanguage\":\"gl-ES\"},{\"@type\":\"Organization\",\"@id\":\"https:\/\/www.dihdatalife.com\/#organization\",\"name\":\"DATAlife\",\"url\":\"https:\/\/www.dihdatalife.com\/\",\"logo\":{\"@type\":\"ImageObject\",\"inLanguage\":\"gl-ES\",\"@id\":\"https:\/\/www.dihdatalife.com\/#\/schema\/logo\/image\/\",\"url\":\"https:\/\/www.dihdatalife.com\/wp-content\/uploads\/2020\/01\/dihdatalife.png\",\"contentUrl\":\"https:\/\/www.dihdatalife.com\/wp-content\/uploads\/2020\/01\/dihdatalife.png\",\"width\":2000,\"height\":400,\"caption\":\"DATAlife\"},\"image\":{\"@id\":\"https:\/\/www.dihdatalife.com\/#\/schema\/logo\/image\/\"},\"sameAs\":[\"https:\/\/twitter.com\/DATAlife_DIH\",\"https:\/\/es.linkedin.com\/in\/datalife-dih\"]}]}<\/script>\r\n<!-- \/ Yoast SEO plugin. -->","yoast_head_json":{"title":"DATAlife &#8212; Aviso legal","description":"DATAlife es el Hub de Innovaci\u00f3n Digital para aplicar inteligencia artificial y big data en PYMES de los sectores primario, biotecnol\u00f3gico y salud gallegas.","robots":{"index":"noindex","follow":"nofollow"},"og_locale":"gl_ES","og_type":"article","og_title":"DATAlife &#8212; Aviso legal","og_description":"DATAlife es el Hub de Innovaci\u00f3n Digital para aplicar inteligencia artificial y big data en PYMES de los sectores primario, biotecnol\u00f3gico y salud gallegas.","og_url":"https:\/\/www.dihdatalife.com\/aviso-legal\/","og_site_name":"DATAlife","article_modified_time":"2020-04-16T11:50:29+00:00","twitter_card":"summary_large_image","twitter_site":"@DATAlife_DIH","twitter_misc":{"Tempo de lectura":"5 minutos"},"schema":{"@context":"https:\/\/schema.org","@graph":[{"@type":"WebPage","@id":"https:\/\/www.dihdatalife.com\/aviso-legal\/","url":"https:\/\/www.dihdatalife.com\/aviso-legal\/","name":"DATAlife &#8212; Aviso legal","isPartOf":{"@id":"https:\/\/www.dihdatalife.com\/#website"},"datePublished":"2020-01-17T16:22:52+00:00","dateModified":"2020-04-16T11:50:29+00:00","description":"DATAlife es el Hub de Innovaci\u00f3n Digital para aplicar inteligencia artificial y big data en PYMES de los sectores primario, biotecnol\u00f3gico y salud gallegas.","breadcrumb":{"@id":"https:\/\/www.dihdatalife.com\/aviso-legal\/#breadcrumb"},"inLanguage":"gl-ES","potentialAction":[{"@type":"ReadAction","target":["https:\/\/www.dihdatalife.com\/aviso-legal\/"]}]},{"@type":"BreadcrumbList","@id":"https:\/\/www.dihdatalife.com\/aviso-legal\/#breadcrumb","itemListElement":[{"@type":"ListItem","position":1,"name":"Home","item":"https:\/\/www.dihdatalife.com\/gl\/"},{"@type":"ListItem","position":2,"name":"Aviso legal"}]},{"@type":"WebSite","@id":"https:\/\/www.dihdatalife.com\/#website","url":"https:\/\/www.dihdatalife.com\/","name":"DATAlife","description":"","publisher":{"@id":"https:\/\/www.dihdatalife.com\/#organization"},"potentialAction":[{"@type":"SearchAction","target":{"@type":"EntryPoint","urlTemplate":"https:\/\/www.dihdatalife.com\/?s={search_term_string}"},"query-input":"required name=search_term_string"}],"inLanguage":"gl-ES"},{"@type":"Organization","@id":"https:\/\/www.dihdatalife.com\/#organization","name":"DATAlife","url":"https:\/\/www.dihdatalife.com\/","logo":{"@type":"ImageObject","inLanguage":"gl-ES","@id":"https:\/\/www.dihdatalife.com\/#\/schema\/logo\/image\/","url":"https:\/\/www.dihdatalife.com\/wp-content\/uploads\/2020\/01\/dihdatalife.png","contentUrl":"https:\/\/www.dihdatalife.com\/wp-content\/uploads\/2020\/01\/dihdatalife.png","width":2000,"height":400,"caption":"DATAlife"},"image":{"@id":"https:\/\/www.dihdatalife.com\/#\/schema\/logo\/image\/"},"sameAs":["https:\/\/twitter.com\/DATAlife_DIH","https:\/\/es.linkedin.com\/in\/datalife-dih"]}]}},"_links":{"self":[{"href":"https:\/\/www.dihdatalife.com\/gl\/wp-json\/wp\/v2\/pages\/1007","targetHints":{"allow":["GET"]}}],"collection":[{"href":"https:\/\/www.dihdatalife.com\/gl\/wp-json\/wp\/v2\/pages"}],"about":[{"href":"https:\/\/www.dihdatalife.com\/gl\/wp-json\/wp\/v2\/types\/page"}],"author":[{"embeddable":true,"href":"https:\/\/www.dihdatalife.com\/gl\/wp-json\/wp\/v2\/users\/1"}],"replies":[{"embeddable":true,"href":"https:\/\/www.dihdatalife.com\/gl\/wp-json\/wp\/v2\/comments?post=1007"}],"version-history":[{"count":3,"href":"https:\/\/www.dihdatalife.com\/gl\/wp-json\/wp\/v2\/pages\/1007\/revisions"}],"predecessor-version":[{"id":1081,"href":"https:\/\/www.dihdatalife.com\/gl\/wp-json\/wp\/v2\/pages\/1007\/revisions\/1081"}],"wp:attachment":[{"href":"https:\/\/www.dihdatalife.com\/gl\/wp-json\/wp\/v2\/media?parent=1007"}],"curies":[{"name":"wp","href":"https:\/\/api.w.org\/{rel}","templated":true}]}}