{"id":1002,"date":"2020-02-05T10:20:57","date_gmt":"2020-02-05T09:20:57","guid":{"rendered":"https:\/\/www.dihdatalife.com\/contacto\/"},"modified":"2024-07-01T13:58:34","modified_gmt":"2024-07-01T11:58:34","slug":"contacto","status":"publish","type":"page","link":"https:\/\/www.dihdatalife.com\/gl\/contacto\/","title":{"rendered":"Contacto"},"content":{"rendered":"<p>[vc_row gap=&#8221;30&#8243; foundry_padding=&#8221;pt64 pb64&#8243; el_class=&#8221;bg-light contact&#8221;][vc_column width=&#8221;2\/3&#8243; el_class=&#8221;bg-primary contact-block&#8221;][vc_column_text]<\/p>\n<h1>Contacto<\/h1>\n<p>[\/vc_column_text][vc_column_text el_class=&#8221;contact-txt&#8221;]<a href=\"mailto:info@dihdatalife.com\">info@dihdatalife.com<\/a><br \/>\n<a href=\"https:\/\/maps.app.goo.gl\/kfx65UhojcJfA33m6\" target=\"_blank\" rel=\"noopener\">R\u00faa G\u00f3mez Ulla, 18, 3\u00ba IZDA, 15702, Santiago de Compostela<\/a>[\/vc_column_text]<div class=\"wpforms-container wpforms-container-full\" id=\"wpforms-1000\"><form id=\"wpforms-form-1000\" class=\"wpforms-validate wpforms-form\" data-formid=\"1000\" method=\"post\" enctype=\"multipart\/form-data\" action=\"\/gl\/wp-json\/wp\/v2\/pages\/1002\" data-token=\"d01b6247b647d69ea17c900f49bca9cc\" data-token-time=\"1777459283\"><noscript class=\"wpforms-error-noscript\">Por favor, activa JavaScript no teu navegador para completar este formulario.<\/noscript><div class=\"wpforms-field-container\"><div id=\"wpforms-1000-field_0-container\" class=\"wpforms-field wpforms-field-name\" data-field-id=\"0\"><label class=\"wpforms-field-label\" for=\"wpforms-1000-field_0\">Nome <span class=\"wpforms-required-label\">*<\/span><\/label><input type=\"text\" id=\"wpforms-1000-field_0\" class=\"wpforms-field-large wpforms-field-required\" name=\"wpforms[fields][0]\" placeholder=\"Nome Apelido\" required><\/div><div id=\"wpforms-1000-field_1-container\" class=\"wpforms-field wpforms-field-email\" data-field-id=\"1\"><label class=\"wpforms-field-label\" for=\"wpforms-1000-field_1\">Email <span class=\"wpforms-required-label\">*<\/span><\/label><input type=\"email\" id=\"wpforms-1000-field_1\" class=\"wpforms-field-large wpforms-field-required\" name=\"wpforms[fields][1]\" placeholder=\"nome@email.es\" spellcheck=\"false\" required><\/div><div id=\"wpforms-1000-field_2-container\" class=\"wpforms-field wpforms-field-textarea\" data-field-id=\"2\"><label class=\"wpforms-field-label\" for=\"wpforms-1000-field_2\">Mensaxe <span class=\"wpforms-required-label\">*<\/span><\/label><textarea id=\"wpforms-1000-field_2\" class=\"wpforms-field-small wpforms-field-required\" name=\"wpforms[fields][2]\" placeholder=\"A s\u00faa Mensaxe\" required><\/textarea><\/div><div id=\"wpforms-1000-field_4-container\" class=\"wpforms-field wpforms-field-checkbox wpforms-list-inline\" data-field-id=\"4\"><ul id=\"wpforms-1000-field_4\" class=\"wpforms-field-required\"><li class=\"choice-1 depth-1\"><input type=\"checkbox\" id=\"wpforms-1000-field_4_1\" name=\"wpforms[fields][4][]\" value=\"O\/A interesado\/a declara ser maior de 16 anos e presta o seu consentimento para o tratamento dos datos de car\u00e1cter persoal, dacordo coa informaci\u00f3n facilitada e as condici\u00f3ns expostas na &lt;a href=&quot;\/politica-privacidade&quot;&gt;Pol\u00edtica de Protecci\u00f3n de Datos.&lt;\/a&gt;\" required ><label class=\"wpforms-field-label-inline\" for=\"wpforms-1000-field_4_1\">O\/A interesado\/a declara ser maior de 16 anos e presta o seu consentimento para o tratamento dos datos de car\u00e1cter persoal, dacordo coa informaci\u00f3n facilitada e as condici\u00f3ns expostas na <a href=\"\/politica-privacidade\">Pol\u00edtica de Protecci\u00f3n de Datos.<\/a><\/label><\/li><\/ul><div class=\"wpforms-field-description wpforms-disclaimer-description\">En cumplimento da nova normative en materia de protecci\u00f3n de datos, Reglamento General de Protecci\u00f3n de Datos da UE (Reglamento UE 2016\/679), Ley Org\u00e1nica de Protecci\u00f3n de Datos y Garant\u00eda de Derechos Digitales (LOPDGDD, Ley 3\/2018 de 5 de decembro), e da Ley 34\/2002, de 11 de xullo, de Servicios de la Sociedad de la Informaci\u00f3n y de Correo Electr\u00f3nico (LSSICE), facilit\u00e1moslle a seguinte informaci\u00f3n que debe ler antes de outorgar o consentimento para manterlle como contacto da nosa asociaci\u00f3n:<table><tbody><tr><th>RESPONSABLE DO TRATAMENTO<\/th><td>Asociaci\u00f3n DIH DATALIFE -  HUB DE INNOVACI\u00d3N DIXITAL DATALIFE (G70603063) info@dihdatalife.com<\/td><\/tr><tr><th>FINALIDADE<\/th><td>Resposta das s\u00faas consultas, informaci\u00f3n e env\u00edo de propostas.<\/td><\/tr><tr><th>LEXITIMACI\u00d3N<\/th><td>Consentimento do interesado.<\/td><\/tr><tr><th>DESTINATARIOS<\/th><td>Non se ceder\u00e1n datos a terceiros, salvo autorizaci\u00f3n expresa ou obriga legal.<\/td><\/tr><tr><th>DEREITOS DOS TITULARES<\/th><td>Acceder, rectificar, suprimir os datos, portabilidade dos datos, limitaci\u00f3n ou oposici\u00f3n \u00f3 seu tratamento e outros dereitos.<\/td><\/tr><tr><th>INFORMACI\u00d3N ADICIONAL<\/th><td>Pode consultar a informaci\u00f3n adicional e detallada sobre a nosa Pol\u00edtica de Privacidade na p\u00e1xina web:<a href=\"\/politica-privacidad\/\" rel=\"nofollow\">https:\/\/datalife.com\/politica-privacidad\/<\/a><\/td><\/tr><\/tbody><\/table><\/div><\/div><\/div><!-- .wpforms-field-container --><div class=\"wpforms-field wpforms-field-hp\"><label for=\"wpforms-1000-field-hp\" class=\"wpforms-field-label\">Phone<\/label><input type=\"text\" name=\"wpforms[hp]\" id=\"wpforms-1000-field-hp\" class=\"wpforms-field-medium\"><\/div><div class=\"wpforms-recaptcha-container wpforms-is-recaptcha wpforms-is-recaptcha-type-v3\" ><input type=\"hidden\" name=\"wpforms[recaptcha]\" value=\"\"><\/div><div class=\"wpforms-submit-container\" ><input type=\"hidden\" name=\"wpforms[id]\" value=\"1000\"><input type=\"hidden\" name=\"page_title\" value=\"\"><input type=\"hidden\" name=\"page_url\" value=\"https:\/\/www.dihdatalife.com\/gl\/wp-json\/wp\/v2\/pages\/1002\"><input type=\"hidden\" name=\"url_referer\" value=\"\"><button type=\"submit\" name=\"wpforms[submit]\" id=\"wpforms-submit-1000\" class=\"wpforms-submit btn\" data-alt-text=\"Enviando...\" data-submit-text=\"Enviar\" aria-live=\"assertive\" value=\"wpforms-submit\">Enviar<\/button><\/div><\/form><\/div>  <!-- .wpforms-container -->[\/vc_column][vc_column width=&#8221;1\/3&#8243;][vc_gmaps link=&#8221;#E-8_JTNDaWZyYW1lJTIwc3JjJTNEJTIyaHR0cHMlM0ElMkYlMkZ3d3cuZ29vZ2xlLmNvbSUyRm1hcHMlMkZlbWJlZCUzRnBiJTNEJTIxMW0xOCUyMTFtMTIlMjExbTMlMjExZDI5MjMuOTE1MzU5NzY3OTk0NyUyMTJkLTguNTQzMTkwNSUyMTNkNDIuODc0NjMwNTk5OTk5OTk2JTIxMm0zJTIxMWYwJTIxMmYwJTIxM2YwJTIxM20yJTIxMWkxMDI0JTIxMmk3NjglMjE0ZjEzLjElMjEzbTMlMjExbTIlMjExczB4ZDJlZmUzODk4MTdkOThmJTI1M0EweDY4YjkzMjVmOTk3ZmY4YzUlMjEyc1IlMjVDMyUyNUJBYSUyNTIwZGUlMjUyMEclMjVDMyUyNUIzbWV6JTI1MjBVbGxhJTI1MkMlMjUyMDE4JTI1MkMlMjUyMDE1NzAyJTI1MjBTYW50aWFnbyUyNTIwZGUlMjUyMENvbXBvc3RlbGElMjUyQyUyNTIwQSUyNTIwQ29ydSUyNUMzJTI1QjFhJTIxNWUwJTIxM20yJTIxMXNlcyUyMTJzZXMlMjE0djE3MTk4MzUwNzY2NzMlMjE1bTIlMjExc2VzJTIxMnNlcyUyMiUyMHdpZHRoJTNEJTIyNjAwJTIyJTIwaGVpZ2h0JTNEJTIyNDUwJTIyJTIwc3R5bGUlM0QlMjJib3JkZXIlM0EwJTNCJTIyJTIwYWxsb3dmdWxsc2NyZWVuJTNEJTIyJTIyJTIwbG9hZGluZyUzRCUyMmxhenklMjIlMjByZWZlcnJlcnBvbGljeSUzRCUyMm5vLXJlZmVycmVyLXdoZW4tZG93bmdyYWRlJTIyJTNFJTNDJTJGaWZyYW1lJTNF&#8221; size=&#8221;&#8221; el_class=&#8221;contact-map&#8221;][\/vc_column][\/vc_row]<\/p>\n","protected":false},"excerpt":{"rendered":"<p>[vc_row gap=&#8221;30&#8243; foundry_padding=&#8221;pt64 pb64&#8243; el_class=&#8221;bg-light contact&#8221;][vc_column width=&#8221;2\/3&#8243; el_class=&#8221;bg-primary contact-block&#8221;][vc_column_text] Contacto [\/vc_column_text][vc_column_text el_class=&#8221;contact-txt&#8221;]info@dihdatalife.com R\u00faa G\u00f3mez Ulla, 18, 3\u00ba IZDA, 15702, Santiago de&#8230;<\/p>\n","protected":false},"author":1,"featured_media":0,"parent":0,"menu_order":0,"comment_status":"closed","ping_status":"closed","template":"","meta":{"footnotes":"","_links_to":"","_links_to_target":""},"class_list":["post-1002","page","type-page","status-publish","hentry"],"yoast_head":"<!-- This site is optimized with the Yoast SEO plugin v21.7 - https:\/\/yoast.com\/wordpress\/plugins\/seo\/ -->\r\n<title>DATAlife &#8212; Contacto<\/title>\r\n<meta name=\"description\" content=\"Contacta con DIH DATAlife chamando ao 881 120 459, escribindo un email a info@dihdatalife.com ou cubrindo o formulario que encontrar\u00e1s aqu\u00ed.\" \/>\r\n<meta name=\"robots\" content=\"index, follow, max-snippet:-1, max-image-preview:large, max-video-preview:-1\" \/>\r\n<link rel=\"canonical\" href=\"https:\/\/www.dihdatalife.com\/gl\/contacto\/\" \/>\r\n<meta property=\"og:locale\" content=\"gl_ES\" \/>\r\n<meta property=\"og:type\" content=\"article\" \/>\r\n<meta property=\"og:title\" content=\"DATAlife | Contacto\" \/>\r\n<meta property=\"og:description\" content=\"Contacta con DIH DATAlife chamando ao 881 120 459, escribindo un email a info@dihdatalife.com ou cubrindo o formulario que encontrar\u00e1s aqu\u00ed.\" \/>\r\n<meta property=\"og:url\" content=\"https:\/\/www.dihdatalife.com\/gl\/contacto\/\" \/>\r\n<meta property=\"og:site_name\" content=\"DATAlife\" \/>\r\n<meta property=\"article:modified_time\" content=\"2024-07-01T11:58:34+00:00\" \/>\r\n<meta property=\"og:image\" content=\"https:\/\/www.dihdatalife.com\/wp-content\/uploads\/2020\/02\/SEO-FB.png\" \/>\r\n\t<meta property=\"og:image:width\" content=\"2401\" \/>\r\n\t<meta property=\"og:image:height\" content=\"1260\" \/>\r\n\t<meta property=\"og:image:type\" content=\"image\/png\" \/>\r\n<meta name=\"twitter:card\" content=\"summary_large_image\" \/>\r\n<meta name=\"twitter:title\" content=\"DATAlife | Contacto\" \/>\r\n<meta name=\"twitter:description\" content=\"Contacta con DIH DATAlife chamando ao 881 120 459, escribindo un email a info@dihdatalife.com ou cubrindo o formulario que encontrar\u00e1s aqu\u00ed.\" \/>\r\n<meta name=\"twitter:image\" content=\"https:\/\/www.dihdatalife.com\/wp-content\/uploads\/2020\/02\/SEO-TW.png\" \/>\r\n<meta name=\"twitter:site\" content=\"@DATAlife_DIH\" \/>\r\n<meta name=\"twitter:label1\" content=\"Tempo de lectura\" \/>\n\t<meta name=\"twitter:data1\" content=\"1 minuto\" \/>\r\n<script type=\"application\/ld+json\" class=\"yoast-schema-graph\">{\"@context\":\"https:\/\/schema.org\",\"@graph\":[{\"@type\":\"WebPage\",\"@id\":\"https:\/\/www.dihdatalife.com\/gl\/contacto\/\",\"url\":\"https:\/\/www.dihdatalife.com\/gl\/contacto\/\",\"name\":\"DATAlife &#8212; Contacto\",\"isPartOf\":{\"@id\":\"https:\/\/www.dihdatalife.com\/#website\"},\"datePublished\":\"2020-02-05T09:20:57+00:00\",\"dateModified\":\"2024-07-01T11:58:34+00:00\",\"description\":\"Contacta con DIH DATAlife chamando ao 881 120 459, escribindo un email a info@dihdatalife.com ou cubrindo o formulario que encontrar\u00e1s aqu\u00ed.\",\"breadcrumb\":{\"@id\":\"https:\/\/www.dihdatalife.com\/gl\/contacto\/#breadcrumb\"},\"inLanguage\":\"gl-ES\",\"potentialAction\":[{\"@type\":\"ReadAction\",\"target\":[\"https:\/\/www.dihdatalife.com\/gl\/contacto\/\"]}]},{\"@type\":\"BreadcrumbList\",\"@id\":\"https:\/\/www.dihdatalife.com\/gl\/contacto\/#breadcrumb\",\"itemListElement\":[{\"@type\":\"ListItem\",\"position\":1,\"name\":\"Home\",\"item\":\"https:\/\/www.dihdatalife.com\/gl\/\"},{\"@type\":\"ListItem\",\"position\":2,\"name\":\"Contacto\"}]},{\"@type\":\"WebSite\",\"@id\":\"https:\/\/www.dihdatalife.com\/#website\",\"url\":\"https:\/\/www.dihdatalife.com\/\",\"name\":\"DATAlife\",\"description\":\"\",\"publisher\":{\"@id\":\"https:\/\/www.dihdatalife.com\/#organization\"},\"potentialAction\":[{\"@type\":\"SearchAction\",\"target\":{\"@type\":\"EntryPoint\",\"urlTemplate\":\"https:\/\/www.dihdatalife.com\/?s={search_term_string}\"},\"query-input\":\"required name=search_term_string\"}],\"inLanguage\":\"gl-ES\"},{\"@type\":\"Organization\",\"@id\":\"https:\/\/www.dihdatalife.com\/#organization\",\"name\":\"DATAlife\",\"url\":\"https:\/\/www.dihdatalife.com\/\",\"logo\":{\"@type\":\"ImageObject\",\"inLanguage\":\"gl-ES\",\"@id\":\"https:\/\/www.dihdatalife.com\/#\/schema\/logo\/image\/\",\"url\":\"https:\/\/www.dihdatalife.com\/wp-content\/uploads\/2020\/01\/dihdatalife.png\",\"contentUrl\":\"https:\/\/www.dihdatalife.com\/wp-content\/uploads\/2020\/01\/dihdatalife.png\",\"width\":2000,\"height\":400,\"caption\":\"DATAlife\"},\"image\":{\"@id\":\"https:\/\/www.dihdatalife.com\/#\/schema\/logo\/image\/\"},\"sameAs\":[\"https:\/\/twitter.com\/DATAlife_DIH\",\"https:\/\/es.linkedin.com\/in\/datalife-dih\"]}]}<\/script>\r\n<!-- \/ Yoast SEO plugin. -->","yoast_head_json":{"title":"DATAlife &#8212; Contacto","description":"Contacta con DIH DATAlife chamando ao 881 120 459, escribindo un email a info@dihdatalife.com ou cubrindo o formulario que encontrar\u00e1s aqu\u00ed.","robots":{"index":"index","follow":"follow","max-snippet":"max-snippet:-1","max-image-preview":"max-image-preview:large","max-video-preview":"max-video-preview:-1"},"canonical":"https:\/\/www.dihdatalife.com\/gl\/contacto\/","og_locale":"gl_ES","og_type":"article","og_title":"DATAlife | Contacto","og_description":"Contacta con DIH DATAlife chamando ao 881 120 459, escribindo un email a info@dihdatalife.com ou cubrindo o formulario que encontrar\u00e1s aqu\u00ed.","og_url":"https:\/\/www.dihdatalife.com\/gl\/contacto\/","og_site_name":"DATAlife","article_modified_time":"2024-07-01T11:58:34+00:00","og_image":[{"width":2401,"height":1260,"url":"https:\/\/www.dihdatalife.com\/wp-content\/uploads\/2020\/02\/SEO-FB.png","type":"image\/png"}],"twitter_card":"summary_large_image","twitter_title":"DATAlife | Contacto","twitter_description":"Contacta con DIH DATAlife chamando ao 881 120 459, escribindo un email a info@dihdatalife.com ou cubrindo o formulario que encontrar\u00e1s aqu\u00ed.","twitter_image":"https:\/\/www.dihdatalife.com\/wp-content\/uploads\/2020\/02\/SEO-TW.png","twitter_site":"@DATAlife_DIH","twitter_misc":{"Tempo de lectura":"1 minuto"},"schema":{"@context":"https:\/\/schema.org","@graph":[{"@type":"WebPage","@id":"https:\/\/www.dihdatalife.com\/gl\/contacto\/","url":"https:\/\/www.dihdatalife.com\/gl\/contacto\/","name":"DATAlife &#8212; Contacto","isPartOf":{"@id":"https:\/\/www.dihdatalife.com\/#website"},"datePublished":"2020-02-05T09:20:57+00:00","dateModified":"2024-07-01T11:58:34+00:00","description":"Contacta con DIH DATAlife chamando ao 881 120 459, escribindo un email a info@dihdatalife.com ou cubrindo o formulario que encontrar\u00e1s aqu\u00ed.","breadcrumb":{"@id":"https:\/\/www.dihdatalife.com\/gl\/contacto\/#breadcrumb"},"inLanguage":"gl-ES","potentialAction":[{"@type":"ReadAction","target":["https:\/\/www.dihdatalife.com\/gl\/contacto\/"]}]},{"@type":"BreadcrumbList","@id":"https:\/\/www.dihdatalife.com\/gl\/contacto\/#breadcrumb","itemListElement":[{"@type":"ListItem","position":1,"name":"Home","item":"https:\/\/www.dihdatalife.com\/gl\/"},{"@type":"ListItem","position":2,"name":"Contacto"}]},{"@type":"WebSite","@id":"https:\/\/www.dihdatalife.com\/#website","url":"https:\/\/www.dihdatalife.com\/","name":"DATAlife","description":"","publisher":{"@id":"https:\/\/www.dihdatalife.com\/#organization"},"potentialAction":[{"@type":"SearchAction","target":{"@type":"EntryPoint","urlTemplate":"https:\/\/www.dihdatalife.com\/?s={search_term_string}"},"query-input":"required name=search_term_string"}],"inLanguage":"gl-ES"},{"@type":"Organization","@id":"https:\/\/www.dihdatalife.com\/#organization","name":"DATAlife","url":"https:\/\/www.dihdatalife.com\/","logo":{"@type":"ImageObject","inLanguage":"gl-ES","@id":"https:\/\/www.dihdatalife.com\/#\/schema\/logo\/image\/","url":"https:\/\/www.dihdatalife.com\/wp-content\/uploads\/2020\/01\/dihdatalife.png","contentUrl":"https:\/\/www.dihdatalife.com\/wp-content\/uploads\/2020\/01\/dihdatalife.png","width":2000,"height":400,"caption":"DATAlife"},"image":{"@id":"https:\/\/www.dihdatalife.com\/#\/schema\/logo\/image\/"},"sameAs":["https:\/\/twitter.com\/DATAlife_DIH","https:\/\/es.linkedin.com\/in\/datalife-dih"]}]}},"_links":{"self":[{"href":"https:\/\/www.dihdatalife.com\/gl\/wp-json\/wp\/v2\/pages\/1002","targetHints":{"allow":["GET"]}}],"collection":[{"href":"https:\/\/www.dihdatalife.com\/gl\/wp-json\/wp\/v2\/pages"}],"about":[{"href":"https:\/\/www.dihdatalife.com\/gl\/wp-json\/wp\/v2\/types\/page"}],"author":[{"embeddable":true,"href":"https:\/\/www.dihdatalife.com\/gl\/wp-json\/wp\/v2\/users\/1"}],"replies":[{"embeddable":true,"href":"https:\/\/www.dihdatalife.com\/gl\/wp-json\/wp\/v2\/comments?post=1002"}],"version-history":[{"count":5,"href":"https:\/\/www.dihdatalife.com\/gl\/wp-json\/wp\/v2\/pages\/1002\/revisions"}],"predecessor-version":[{"id":15356,"href":"https:\/\/www.dihdatalife.com\/gl\/wp-json\/wp\/v2\/pages\/1002\/revisions\/15356"}],"wp:attachment":[{"href":"https:\/\/www.dihdatalife.com\/gl\/wp-json\/wp\/v2\/media?parent=1002"}],"curies":[{"name":"wp","href":"https:\/\/api.w.org\/{rel}","templated":true}]}}